{"id":49403,"date":"2018-03-24T15:01:14","date_gmt":"2018-03-24T14:01:14","guid":{"rendered":"http:\/\/boto.home.pl\/boto_www\/?page_id=49403"},"modified":"2021-01-16T01:17:46","modified_gmt":"2021-01-16T00:17:46","slug":"caloczerwone","status":"publish","type":"page","link":"https:\/\/boto.art.pl\/index.php\/caloczerwone\/","title":{"rendered":"CA\u0141OCZERWONE"},"content":{"rendered":"<p>[et_pb_section bb_built=&#8221;1&#8243; _builder_version=&#8221;3.0.106&#8243; background_image=&#8221;http:\/\/boto.home.pl\/boto_www\/wp-content\/uploads\/2018\/03\/caloczerwone_duze.jpg&#8221; parallax=&#8221;on&#8221; custom_padding=&#8221;150px|0px|71px|0px&#8221; next_background_color=&#8221;#ffffff&#8221;][et_pb_row custom_padding=&#8221;3px|0px|27px|0px&#8221; _builder_version=&#8221;3.0.106&#8243; background_size=&#8221;initial&#8221; background_position=&#8221;top_left&#8221; background_repeat=&#8221;repeat&#8221;][et_pb_column type=&#8221;2_3&#8243;][et_pb_text background_layout=&#8221;dark&#8221; _builder_version=&#8221;3.0.106&#8243; text_font=&#8221;|700||on|||||&#8221; text_font_size=&#8221;33px&#8221; text_text_shadow_style=&#8221;preset5&#8243; text_text_shadow_color=&#8221;rgba(0,0,0,0.79)&#8221;]<\/p>\n<p>CA\u0141OCZERWONE<\/p>\n<p>[\/et_pb_text][et_pb_text background_layout=&#8221;dark&#8221; _builder_version=&#8221;3.0.106&#8243; text_text_shadow_style=&#8221;preset5&#8243; text_text_shadow_horizontal_length=&#8221;0.07em&#8221; text_text_shadow_color=&#8221;rgba(0,0,0,0.83)&#8221;]<\/p>\n<p>Scenariusz: Ma\u0142gorzata Szczerbowska<br \/>\nRe\u017cyseria: Adam Nalepa<br \/>\nObsada: Sylwia G\u00f3ra Weber, Ma\u0142gorzata Szczerbowska<br \/>\nMultimedia: Tomasz Weber<br \/>\nCzas trwania: ok 60 min<br \/>\nPremiera: 21 wrze\u015bnia 2013, godz. 18:00 (Teatr na Pla\u017cy w Sopocie)<\/p>\n<p>[\/et_pb_text][\/et_pb_column][et_pb_column type=&#8221;1_3&#8243;][\/et_pb_column][\/et_pb_row][\/et_pb_section][et_pb_section bb_built=&#8221;1&#8243; specialty=&#8221;on&#8221; _builder_version=&#8221;3.0.47&#8243; custom_padding=&#8221;0|0px|54px|0px&#8221; prev_background_color=&#8221;#000000&#8243;][et_pb_column type=&#8221;3_4&#8243; specialty_columns=&#8221;3&#8243;][et_pb_row_inner admin_label=&#8221;Wiersz&#8221; custom_padding=&#8221;29.6833px|0px|0|0px&#8221; _builder_version=&#8221;3.0.47&#8243;][et_pb_column_inner type=&#8221;4_4&#8243; saved_specialty_column_type=&#8221;3_4&#8243;][et_pb_text _builder_version=&#8221;3.0.106&#8243;]<\/p>\n<p>Kobieta, lat 35, wykszta\u0142cenie wy\u017csze, stan maj\u0105tkowy satysfakcjonuj\u0105cy. M\u0105\u017c i dziecko pocz\u0119ci z mi\u0142o\u015bci. P\u0142e\u0107. Narodowo\u015b\u0107. Rasa. Wyznanie. Lat 35, wykszta\u0142cenie wy\u017csze, stan maj\u0105tkowy satysfakcjonuj\u0105cy. Kobieta. M\u0105\u017c. Dziecko. Pocz\u0119ci z mi\u0142o\u015bci. Lat 35. Status maj\u0105tkowy satysfakcjonuj\u0105cy. Otwieram okno. Przez g\u0142ow\u0119 biegn\u0105 miliony czerwonych \u015bwiate\u0142. P\u0142e\u0107. Narodowo\u015b\u0107. Rasa. Wszystko ok. Jeszcze oddycham. Jest mgli\u015bcie, jest ciemno i zdaje mi si\u0119, \u017ce pochowa\u0142am tu kogo\u015b. Zamykam okno. Lat 35. Wykszta\u0142cenie wy\u017csze. Stan maj\u0105tkowy satysfakcjonuj\u0105cy. Kobieta. Posz\u0142abym na kolanach i b\u0142aga\u0142abym. Otwieram okno, zamykam, otwieram, zamykam. \u201eCa\u0142oczerwone\u201d to opowie\u015b\u0107 o pewnej kobiecie i jej podr\u00f3\u017cy do \u015brodka siebie.<\/p>\n<p>Scenariusz spektaklu opiera si\u0119 na tekstach zapisanych przez Rut\u0119 Erde w dziennikach i stanowi ich sceniczn\u0105 adaptacj\u0119. Ruta Erde to kobieta zwyczajna. Nieistotny jest czas, w kt\u00f3rym \u017cyje, ani B\u00f3g, w kt\u00f3rego wierzy. To ka\u017cda, kt\u00f3ra m\u00f3wi i milczy; ka\u017cda, kt\u00f3ra \u015bpiewa i p\u0142acze; ka\u017cda, kt\u00f3ra w\u0142ada ogniem, a mimo to marznie. Ruta Erde to kobieta, kt\u00f3ra bardzo na siebie liczy\u0142a i bardzo si\u0119 na sobie zawiod\u0142a. Spektakl to niecodziennie emocjonalny strumie\u0144: wyzwa\u0144, kt\u00f3re przed sob\u0105 stawia, pora\u017cek, kt\u00f3re z sob\u0105 godzi, k\u0142\u00f3tni, kt\u00f3rych jest pe\u0142na, pyta\u0144, kt\u00f3re tajemniczo pozostawia bez odpowiedzi. To zap\u0119tlony dialog z \u017cyciem i ze \u015bmierci\u0105. \u201eCa\u0142oczerwone\u201d to pr\u00f3ba dorastania do rzeczywisto\u015bci. <strong>Ruta Erde to kobieta, kt\u00f3ra wygra\u0142a z Nic.<\/strong><\/p>\n<p>[\/et_pb_text][et_pb_testimonial author=&#8221;Fragment z dziennika Ruty&#8221; job_title=&#8221;Czwartek 13.13.13&#8243; quote_icon=&#8221;off&#8221; background_layout=&#8221;light&#8221; _builder_version=&#8221;3.0.106&#8243; border_radii=&#8221;on|10px|10px|10px|10px&#8221;]<\/p>\n<p>Mam 25, 50, 100 a\u00a0mo\u017ce 5 lat? A\u00a0mo\u017ce nie \u017cyj\u0119 ju\u017c od\u00a0dawna? Na\u00a0pewno odegra\u0142am wa\u017cn\u0105 rol\u0119 w\u00a0historii \u015bwiata, ale\u00a0nikt o\u00a0mnie nie napisa\u0142. A\u00a0mo\u017ce przede mn\u0105 dopiero pocz\u0105tek; pierwszy oddech, pierwszy klaps, pierwsze s\u0142owo. Kt\u00f3rego\u015b dnia na\u00a0pewno si\u0119 naucz\u0119. Kiedy\u015b przejd\u0119 kawa\u0142ek drogi i\u00a0po raz pierwszy si\u0119 przewr\u00f3c\u0119. Po\u00a0raz pierwszy kto\u015b mnie utuli, a\u00a0ja zrozumiem, co to\u00a0znaczy. P\u00f3\u017aniej kto\u015b mnie skarci, a\u00a0ja, po\u00a0raz pierwszy, widelcem wyd\u0142ubi\u0119 ci prawe oko. Potem kolejno \u2013 zdepcz\u0119, obra\u017c\u0119, poni\u017c\u0119, zdepcz\u0119, obra\u017c\u0119, poni\u017c\u0119\u2026<\/p>\n<p>[\/et_pb_testimonial][\/et_pb_column_inner][\/et_pb_row_inner][et_pb_row_inner admin_label=&#8221;Wiersz&#8221; _builder_version=&#8221;3.0.47&#8243;][et_pb_column_inner type=&#8221;1_3&#8243; saved_specialty_column_type=&#8221;3_4&#8243;][et_pb_blurb title=&#8221;Nagrody i wyr\u00f3\u017cnienia&#8221; use_icon=&#8221;on&#8221; font_icon=&#8221;%%43%%&#8221; icon_color=&#8221;#a0a0a0&#8243; _builder_version=&#8221;3.0.106&#8243; header_font=&#8221;||||||||&#8221; header_font_size=&#8221;21px&#8221; text_orientation=&#8221;center&#8221;]<\/p>\n<p>Nagroda Gda\u0144skiego Archipelagu Kultury dla Najlepszego Aktora\/Aktorki Festiwalu<span class=\"style_1\">: <\/span>Sylwia G\u00f3ra Weber <span class=\"style_1\">za\u00a0rol\u0119 w\u00a0spektaklu \u201e<\/span><span class=\"style_2\">Ca\u0142oczerwone<\/span><span class=\"style_1\">\u201d Teatru BOTO (XV Og\u00f3lnopolskiego Festiwalu Sztuk Autorskich i\u00a0Adaptacji Windowisko 2013)<\/span><\/p>\n<p>[\/et_pb_blurb][\/et_pb_column_inner][et_pb_column_inner type=&#8221;1_3&#8243; saved_specialty_column_type=&#8221;3_4&#8243;][et_pb_blurb title=&#8221;Nagrody i wyr\u00f3\u017cnienia&#8221; use_icon=&#8221;on&#8221; font_icon=&#8221;%%43%%&#8221; icon_color=&#8221;#a0a0a0&#8243; _builder_version=&#8221;3.0.106&#8243; header_font=&#8221;||||||||&#8221; header_font_size=&#8221;21px&#8221; text_orientation=&#8221;center&#8221;]<\/p>\n<p>Nagroda Gda\u0144skiego Archipelagu Kultury dla Tw\u00f3rcy Najlepszego Scenariusza Festiwalu<span class=\"style_1\">: <\/span>Ma\u0142gorzata Szczerbowska<span class=\"style_1\"> za\u00a0scenariusz do\u00a0spektaklu<\/span> <span class=\"style_1\">\u201e<\/span><span class=\"style_2\">Ca\u0142oczerwone<\/span><span class=\"style_1\">\u201d\u00a0Teatru BOTO (XV Og\u00f3lnopolskiego Festiwalu Sztuk Autorskich i\u00a0Adaptacji Windowisko 2013) <\/span><\/p>\n<p>[\/et_pb_blurb][\/et_pb_column_inner][et_pb_column_inner type=&#8221;1_3&#8243; saved_specialty_column_type=&#8221;3_4&#8243;][\/et_pb_column_inner][\/et_pb_row_inner][et_pb_row_inner admin_label=&#8221;Wiersz&#8221;][et_pb_column_inner type=&#8221;4_4&#8243; saved_specialty_column_type=&#8221;3_4&#8243;][et_pb_text _builder_version=&#8221;3.20.2&#8243;]<\/p>\n<p><iframe loading=\"lazy\" title=\"&quot;Ca\u0142oczerwone&quot; Teatru BOTO: fragmenty premiery\" width=\"1080\" height=\"608\" src=\"https:\/\/www.youtube.com\/embed\/VB3DkWfC5fI?feature=oembed\" frameborder=\"0\" allow=\"accelerometer; autoplay; clipboard-write; encrypted-media; gyroscope; picture-in-picture\" allowfullscreen><\/iframe><\/p>\n<p>[\/et_pb_text][\/et_pb_column_inner][\/et_pb_row_inner][\/et_pb_column][et_pb_column type=&#8221;1_4&#8243;][et_pb_gallery gallery_ids=&#8221;49405&#8243; gallery_captions=&#8221;plakat spektaklowy&#8221; posts_number=&#8221;4&#8243; show_pagination=&#8221;off&#8221; hover_overlay_color=&#8221;rgba(255,255,255,0.52)&#8221; hover_icon=&#8221;%%16%%&#8221; _builder_version=&#8221;3.0.106&#8243; title_font_size=&#8221;23px&#8221; pagination_font_size_tablet=&#8221;51&#8243; pagination_line_height_tablet=&#8221;2&#8243;]<\/p>\n<p><\/p>\n<p>[\/et_pb_gallery][\/et_pb_column][\/et_pb_section]<\/p>\n","protected":false},"excerpt":{"rendered":"<p>CA\u0141OCZERWONE Scenariusz: Ma\u0142gorzata Szczerbowska Re\u017cyseria: Adam Nalepa Obsada: Sylwia G\u00f3ra Weber, Ma\u0142gorzata Szczerbowska Multimedia: Tomasz Weber Czas trwania: ok 60 min Premiera: 21 wrze\u015bnia 2013, godz. 18:00 (Teatr na Pla\u017cy w Sopocie) Kobieta, lat 35, wykszta\u0142cenie wy\u017csze, stan maj\u0105tkowy satysfakcjonuj\u0105cy. M\u0105\u017c i dziecko pocz\u0119ci z mi\u0142o\u015bci. P\u0142e\u0107. Narodowo\u015b\u0107. Rasa. Wyznanie. Lat 35, wykszta\u0142cenie wy\u017csze, stan [&hellip;]<\/p>\n","protected":false},"author":1,"featured_media":0,"parent":0,"menu_order":0,"comment_status":"closed","ping_status":"closed","template":"","meta":{"_et_pb_use_builder":"on","_et_pb_old_content":"","_et_gb_content_width":"","inline_featured_image":false,"footnotes":""},"class_list":["post-49403","page","type-page","status-publish","hentry"],"yoast_head":"<!-- This site is optimized with the Yoast SEO plugin v27.6 - https:\/\/yoast.com\/product\/yoast-seo-wordpress\/ -->\n<title>CA\u0141OCZERWONE &#8212; Teatr Boto<\/title>\n<meta name=\"robots\" content=\"index, follow, max-snippet:-1, max-image-preview:large, max-video-preview:-1\" \/>\n<link rel=\"canonical\" href=\"https:\/\/boto.art.pl\/index.php\/caloczerwone\/\" \/>\n<meta property=\"og:locale\" content=\"pl_PL\" \/>\n<meta property=\"og:type\" content=\"article\" \/>\n<meta property=\"og:title\" content=\"CA\u0141OCZERWONE &#8212; Teatr Boto\" \/>\n<meta property=\"og:description\" content=\"CA\u0141OCZERWONE Scenariusz: Ma\u0142gorzata Szczerbowska Re\u017cyseria: Adam Nalepa Obsada: Sylwia G\u00f3ra Weber, Ma\u0142gorzata Szczerbowska Multimedia: Tomasz Weber Czas trwania: ok 60 min Premiera: 21 wrze\u015bnia 2013, godz. 18:00 (Teatr na Pla\u017cy w Sopocie) Kobieta, lat 35, wykszta\u0142cenie wy\u017csze, stan maj\u0105tkowy satysfakcjonuj\u0105cy. M\u0105\u017c i dziecko pocz\u0119ci z mi\u0142o\u015bci. P\u0142e\u0107. Narodowo\u015b\u0107. Rasa. Wyznanie. Lat 35, wykszta\u0142cenie wy\u017csze, stan [&hellip;]\" \/>\n<meta property=\"og:url\" content=\"https:\/\/boto.art.pl\/index.php\/caloczerwone\/\" \/>\n<meta property=\"og:site_name\" content=\"Teatr Boto\" \/>\n<meta property=\"article:publisher\" content=\"https:\/\/www.facebook.com\/teatrboto\" \/>\n<meta property=\"article:modified_time\" content=\"2021-01-16T00:17:46+00:00\" \/>\n<meta name=\"twitter:card\" content=\"summary_large_image\" \/>\n<meta name=\"twitter:label1\" content=\"Szacowany czas czytania\" \/>\n\t<meta name=\"twitter:data1\" content=\"4 minuty\" \/>\n<script type=\"application\/ld+json\" class=\"yoast-schema-graph\">{\"@context\":\"https:\\\/\\\/schema.org\",\"@graph\":[{\"@type\":\"WebPage\",\"@id\":\"https:\\\/\\\/boto.art.pl\\\/index.php\\\/caloczerwone\\\/\",\"url\":\"https:\\\/\\\/boto.art.pl\\\/index.php\\\/caloczerwone\\\/\",\"name\":\"CA\u0141OCZERWONE &#8212; Teatr Boto\",\"isPartOf\":{\"@id\":\"https:\\\/\\\/boto.art.pl\\\/#website\"},\"datePublished\":\"2018-03-24T14:01:14+00:00\",\"dateModified\":\"2021-01-16T00:17:46+00:00\",\"breadcrumb\":{\"@id\":\"https:\\\/\\\/boto.art.pl\\\/index.php\\\/caloczerwone\\\/#breadcrumb\"},\"inLanguage\":\"pl-PL\",\"potentialAction\":[{\"@type\":\"ReadAction\",\"target\":[\"https:\\\/\\\/boto.art.pl\\\/index.php\\\/caloczerwone\\\/\"]}]},{\"@type\":\"BreadcrumbList\",\"@id\":\"https:\\\/\\\/boto.art.pl\\\/index.php\\\/caloczerwone\\\/#breadcrumb\",\"itemListElement\":[{\"@type\":\"ListItem\",\"position\":1,\"name\":\"Strona g\u0142\u00f3wna\",\"item\":\"https:\\\/\\\/boto.art.pl\\\/\"},{\"@type\":\"ListItem\",\"position\":2,\"name\":\"CA\u0141OCZERWONE\"}]},{\"@type\":\"WebSite\",\"@id\":\"https:\\\/\\\/boto.art.pl\\\/#website\",\"url\":\"https:\\\/\\\/boto.art.pl\\\/\",\"name\":\"Teatr Boto\",\"description\":\"\",\"publisher\":{\"@id\":\"https:\\\/\\\/boto.art.pl\\\/#organization\"},\"potentialAction\":[{\"@type\":\"SearchAction\",\"target\":{\"@type\":\"EntryPoint\",\"urlTemplate\":\"https:\\\/\\\/boto.art.pl\\\/?s={search_term_string}\"},\"query-input\":{\"@type\":\"PropertyValueSpecification\",\"valueRequired\":true,\"valueName\":\"search_term_string\"}}],\"inLanguage\":\"pl-PL\"},{\"@type\":\"Organization\",\"@id\":\"https:\\\/\\\/boto.art.pl\\\/#organization\",\"name\":\"Teatr Boto\",\"url\":\"https:\\\/\\\/boto.art.pl\\\/\",\"logo\":{\"@type\":\"ImageObject\",\"inLanguage\":\"pl-PL\",\"@id\":\"https:\\\/\\\/boto.art.pl\\\/#\\\/schema\\\/logo\\\/image\\\/\",\"url\":\"https:\\\/\\\/boto.art.pl\\\/wp-content\\\/uploads\\\/2018\\\/03\\\/logotyp.svg\",\"contentUrl\":\"https:\\\/\\\/boto.art.pl\\\/wp-content\\\/uploads\\\/2018\\\/03\\\/logotyp.svg\",\"width\":1,\"height\":1,\"caption\":\"Teatr Boto\"},\"image\":{\"@id\":\"https:\\\/\\\/boto.art.pl\\\/#\\\/schema\\\/logo\\\/image\\\/\"},\"sameAs\":[\"https:\\\/\\\/www.facebook.com\\\/teatrboto\",\"https:\\\/\\\/www.instagram.com\\\/teatr_boto\\\/\"]}]}<\/script>\n<!-- \/ Yoast SEO plugin. -->","yoast_head_json":{"title":"CA\u0141OCZERWONE &#8212; Teatr Boto","robots":{"index":"index","follow":"follow","max-snippet":"max-snippet:-1","max-image-preview":"max-image-preview:large","max-video-preview":"max-video-preview:-1"},"canonical":"https:\/\/boto.art.pl\/index.php\/caloczerwone\/","og_locale":"pl_PL","og_type":"article","og_title":"CA\u0141OCZERWONE &#8212; Teatr Boto","og_description":"CA\u0141OCZERWONE Scenariusz: Ma\u0142gorzata Szczerbowska Re\u017cyseria: Adam Nalepa Obsada: Sylwia G\u00f3ra Weber, Ma\u0142gorzata Szczerbowska Multimedia: Tomasz Weber Czas trwania: ok 60 min Premiera: 21 wrze\u015bnia 2013, godz. 18:00 (Teatr na Pla\u017cy w Sopocie) Kobieta, lat 35, wykszta\u0142cenie wy\u017csze, stan maj\u0105tkowy satysfakcjonuj\u0105cy. M\u0105\u017c i dziecko pocz\u0119ci z mi\u0142o\u015bci. P\u0142e\u0107. Narodowo\u015b\u0107. Rasa. Wyznanie. Lat 35, wykszta\u0142cenie wy\u017csze, stan [&hellip;]","og_url":"https:\/\/boto.art.pl\/index.php\/caloczerwone\/","og_site_name":"Teatr Boto","article_publisher":"https:\/\/www.facebook.com\/teatrboto","article_modified_time":"2021-01-16T00:17:46+00:00","twitter_card":"summary_large_image","twitter_misc":{"Szacowany czas czytania":"4 minuty"},"schema":{"@context":"https:\/\/schema.org","@graph":[{"@type":"WebPage","@id":"https:\/\/boto.art.pl\/index.php\/caloczerwone\/","url":"https:\/\/boto.art.pl\/index.php\/caloczerwone\/","name":"CA\u0141OCZERWONE &#8212; Teatr Boto","isPartOf":{"@id":"https:\/\/boto.art.pl\/#website"},"datePublished":"2018-03-24T14:01:14+00:00","dateModified":"2021-01-16T00:17:46+00:00","breadcrumb":{"@id":"https:\/\/boto.art.pl\/index.php\/caloczerwone\/#breadcrumb"},"inLanguage":"pl-PL","potentialAction":[{"@type":"ReadAction","target":["https:\/\/boto.art.pl\/index.php\/caloczerwone\/"]}]},{"@type":"BreadcrumbList","@id":"https:\/\/boto.art.pl\/index.php\/caloczerwone\/#breadcrumb","itemListElement":[{"@type":"ListItem","position":1,"name":"Strona g\u0142\u00f3wna","item":"https:\/\/boto.art.pl\/"},{"@type":"ListItem","position":2,"name":"CA\u0141OCZERWONE"}]},{"@type":"WebSite","@id":"https:\/\/boto.art.pl\/#website","url":"https:\/\/boto.art.pl\/","name":"Teatr Boto","description":"","publisher":{"@id":"https:\/\/boto.art.pl\/#organization"},"potentialAction":[{"@type":"SearchAction","target":{"@type":"EntryPoint","urlTemplate":"https:\/\/boto.art.pl\/?s={search_term_string}"},"query-input":{"@type":"PropertyValueSpecification","valueRequired":true,"valueName":"search_term_string"}}],"inLanguage":"pl-PL"},{"@type":"Organization","@id":"https:\/\/boto.art.pl\/#organization","name":"Teatr Boto","url":"https:\/\/boto.art.pl\/","logo":{"@type":"ImageObject","inLanguage":"pl-PL","@id":"https:\/\/boto.art.pl\/#\/schema\/logo\/image\/","url":"https:\/\/boto.art.pl\/wp-content\/uploads\/2018\/03\/logotyp.svg","contentUrl":"https:\/\/boto.art.pl\/wp-content\/uploads\/2018\/03\/logotyp.svg","width":1,"height":1,"caption":"Teatr Boto"},"image":{"@id":"https:\/\/boto.art.pl\/#\/schema\/logo\/image\/"},"sameAs":["https:\/\/www.facebook.com\/teatrboto","https:\/\/www.instagram.com\/teatr_boto\/"]}]}},"_links":{"self":[{"href":"https:\/\/boto.art.pl\/index.php\/wp-json\/wp\/v2\/pages\/49403","targetHints":{"allow":["GET"]}}],"collection":[{"href":"https:\/\/boto.art.pl\/index.php\/wp-json\/wp\/v2\/pages"}],"about":[{"href":"https:\/\/boto.art.pl\/index.php\/wp-json\/wp\/v2\/types\/page"}],"author":[{"embeddable":true,"href":"https:\/\/boto.art.pl\/index.php\/wp-json\/wp\/v2\/users\/1"}],"replies":[{"embeddable":true,"href":"https:\/\/boto.art.pl\/index.php\/wp-json\/wp\/v2\/comments?post=49403"}],"version-history":[{"count":8,"href":"https:\/\/boto.art.pl\/index.php\/wp-json\/wp\/v2\/pages\/49403\/revisions"}],"predecessor-version":[{"id":58145,"href":"https:\/\/boto.art.pl\/index.php\/wp-json\/wp\/v2\/pages\/49403\/revisions\/58145"}],"wp:attachment":[{"href":"https:\/\/boto.art.pl\/index.php\/wp-json\/wp\/v2\/media?parent=49403"}],"curies":[{"name":"wp","href":"https:\/\/api.w.org\/{rel}","templated":true}]}}