{"id":49435,"date":"2018-03-24T16:02:15","date_gmt":"2018-03-24T15:02:15","guid":{"rendered":"http:\/\/boto.home.pl\/boto_www\/?page_id=49435"},"modified":"2019-05-17T16:53:43","modified_gmt":"2019-05-17T14:53:43","slug":"zielony-mezczyzna","status":"publish","type":"page","link":"https:\/\/boto.art.pl\/index.php\/zielony-mezczyzna\/","title":{"rendered":"ZIELONY M\u0118\u017bCZYZNA"},"content":{"rendered":"<p>[et_pb_section bb_built=&#8221;1&#8243; _builder_version=&#8221;3.0.106&#8243; background_image=&#8221;http:\/\/boto.home.pl\/boto_www\/wp-content\/uploads\/2018\/03\/zielony_duzy.jpg&#8221; parallax=&#8221;on&#8221; custom_padding=&#8221;150px|0px|70px|0px&#8221; next_background_color=&#8221;#ffffff&#8221;][et_pb_row custom_padding=&#8221;3px|0px|27px|0px&#8221; _builder_version=&#8221;3.0.47&#8243; background_size=&#8221;initial&#8221; background_position=&#8221;top_left&#8221; background_repeat=&#8221;repeat&#8221;][et_pb_column type=&#8221;1_3&#8243;][et_pb_text _builder_version=&#8221;3.0.106&#8243; text_font=&#8221;|700||on|||||&#8221; text_font_size=&#8221;33px&#8221; text_text_shadow_style=&#8221;preset5&#8243; text_text_shadow_color=&#8221;#f5f5f7&#8243;]<\/p>\n<p>ZIELONY M\u0118\u017bCZYZNA<\/p>\n<p>[\/et_pb_text][et_pb_text _builder_version=&#8221;3.0.106&#8243; text_font=&#8221;||||||||&#8221; text_text_shadow_style=&#8221;preset5&#8243; text_text_shadow_horizontal_length=&#8221;0.07em&#8221; text_text_shadow_color=&#8221;#f5f5f7&#8243;]<\/p>\n<p>Scenariusz: Jakub Roszkowski<br \/>\nRe\u017cyseria: Adam Nalepa<br \/>\nObsada: Sylwia G\u00f3ra Weber, Grzegorz Sierzputowski<br \/>\nKostiumy: Agnieszka Kaczy\u0144ska<br \/>\nStylizacja: Jaga Hupa\u0142o<br \/>\nMuzyka: Marcin Mirowski<br \/>\nScenografia: Tomasz Weber<br \/>\nCzas trwania: ok. 70 min<br \/>\nPremiera: 17 czerwca 2011, godz. 19:00 (Dworek Sierakowskich w Sopocie)<\/p>\n<p>[\/et_pb_text][\/et_pb_column][et_pb_column type=&#8221;1_3&#8243;][\/et_pb_column][et_pb_column type=&#8221;1_3&#8243;][\/et_pb_column][\/et_pb_row][\/et_pb_section][et_pb_section bb_built=&#8221;1&#8243; _builder_version=&#8221;3.0.47&#8243; prev_background_color=&#8221;#000000&#8243;][et_pb_row _builder_version=&#8221;3.0.47&#8243; background_size=&#8221;initial&#8221; background_position=&#8221;top_left&#8221; background_repeat=&#8221;repeat&#8221;][et_pb_column type=&#8221;2_3&#8243;][et_pb_text _builder_version=&#8221;3.0.106&#8243;]<\/p>\n<p>\u201eDawno, dawno temu, za g\u00f3rami, za lasami, w krainie wiecznych lod\u00f3w, \u017cy\u0142 sobie w drewnianej chatce dojrza\u0142y m\u0119\u017cczyzna. Niekt\u00f3rzy m\u00f3wili, \u017ce stary nawet. Pustelnik. Jego \u017cycie by\u0142o proste i monotonne. Wiatr i ci\u0105gle padaj\u0105cy \u015bnieg powoli sprawi\u0142y, \u017ce przesta\u0142 si\u0119 w og\u00f3le u\u015bmiecha\u0107, a mr\u00f3z sklei\u0142 jego wargi, \u017ce prawie w og\u00f3le si\u0119 nie odzywa\u0142, a je\u015bli nawet, to bardzo cicho. Pono\u0107 a\u017c zzielenia\u0142 i zgni\u0142 od tego zgorzknienia i samotno\u015bci, tak \u017ce ba\u0142y si\u0119 go nawet dzikie zwierz\u0119ta. Tylko jego rudy kocur si\u0119 go nie ba\u0142. Ale nie by\u0142o to takie dziwne. Rudy kot by\u0142 olbrzymi i polowa\u0142 nawet na psy. Pewnego razu, do chatki pustelnika zapuka\u0142a m\u0142oda, pi\u0119kna dziewczyna. Ubrana ca\u0142a na bia\u0142o, z ksi\u0105\u017c\u0119cym diademem na czole. Niewinna taka. Prawdziwa bia\u0142a ksi\u0119\u017cniczka. Wysz\u0142a ona na chwil\u0119 ze swojego pi\u0119knego zamku z alabastru, \u017ceby troch\u0119 poodkrywa\u0107 \u015bwiat, ale zgubi\u0142a drog\u0119 i strasznie zmarz\u0142a na \u015bniegu. Na widok cz\u0142owieka i ciep\u0142ego przytulnego domu, u\u015bmiechn\u0119\u0142a si\u0119 tak gor\u0105co, \u017ce jego zamarzni\u0119te serce zmi\u0119k\u0142o i zakochali si\u0119 w sobie od pierwszego wejrzenia. Kupili sobie firanki i dywan i od tej pory \u017cyli razem d\u0142ugo i szcz\u0119\u015bliwie\u2026\u201d.<\/p>\n<p>\u201eZielony m\u0119\u017cczyzna\u201d to druga, po zaskakuj\u0105cym debiucie \u201eMorze otwarte\u201d, sztuka m\u0142odego gda\u0144skiego dramaturga Jakuba Roszkowskiego utrzymana w bajkowym klimacie. M\u0119\u017cczyzna \u2013 samotnik, melancholik i pesymista, kobieta \u2013 pi\u0119kna, dobra i niewinna to reprezentanci dw\u00f3ch przeciwstawnych \u015bwiat\u00f3w. Lecz happy end wydaje si\u0119 mo\u017cliwy, bo przecie\u017c dobro zawsze wygrywa, a prawdziwa mi\u0142o\u015b\u0107 pokona ka\u017cd\u0105 przeszkod\u0119. Bo tak to ju\u017c w bajkach jest. Zar\u00f3wno tych opowiadanych na dobranoc, autorstwa Hansa Christiana Andersena, jak i tych \u201emade in Hollywood\u201d. Lecz nie tym razem. Bo nic nie jest tylko dobre lub tylko z\u0142e, bia\u0142e lub czarne. Wszystko tonie w r\u00f3\u017cnych odcieniach szaro\u015bci, szaro\u015bci codzienno\u015bci. W miar\u0119 rozwoju akcji, ba\u015bniowa po\u015bwiata znika jak r\u00f3\u017cd\u017ck\u0105 odj\u0105\u0107 i okazuje si\u0119 jedynie przykrywk\u0105 do opowiedzenia historii bardzo realnej, bardzo wsp\u00f3\u0142czesnej. Historii dwojga ludzi poszukuj\u0105cych mi\u0142o\u015bci, zrozumienia, ciep\u0142a i blisko\u015bci. A jak to w relacjach mi\u0119dzy lud\u017ami bywa, nie zawsze jest jednoznacznie i wprost.<\/p>\n<p>zdj\u0119cia: Jerzy Bartkowski<\/p>\n<p>[\/et_pb_text][et_pb_video src=&#8221;https:\/\/youtu.be\/uh4Hze1IvW8&#8243; _builder_version=&#8221;3.0.106&#8243;]<\/p>\n<p><\/p>\n<p>[\/et_pb_video][et_pb_gallery gallery_ids=&#8221;50098,50099,50100,50101,50102,50103,50104,50105,50106,50107,50108,50109,50110,50111,50112,50113,412&#8243; fullwidth=&#8221;on&#8221; _builder_version=&#8221;3.20.2&#8243; title_font=&#8221;||||||||&#8221; pagination_font_size_tablet=&#8221;51&#8243; pagination_line_height_tablet=&#8221;2&#8243;]<\/p>\n<p><\/p>\n<p>[\/et_pb_gallery][\/et_pb_column][et_pb_column type=&#8221;1_3&#8243;][et_pb_text _builder_version=&#8221;3.0.106&#8243; text_font=&#8221;|||on|||||&#8221; text_font_size=&#8221;18px&#8221; text_orientation=&#8221;center&#8221;]<\/p>\n<p>nadchodz\u0105ce prezentacje<\/p>\n<p>[\/et_pb_text][et_pb_blog_extras posts_number=&#8221;2&#8243; include_categories=&#8221;24&#8243; excerpt_length=&#8221;30&#8243; read_more_text=&#8221;czytaj wi\u0119cej&#8221; show_author=&#8221;off&#8221; show_date=&#8221;off&#8221; show_categories=&#8221;off&#8221; show_comments=&#8221;off&#8221; animation=&#8221;off&#8221; _builder_version=&#8221;3.0.106&#8243; header_font=&#8221;|||on|||||&#8221; header_font_size=&#8221;22&#8243;]<\/p>\n<p>&lt;div class=&#8221;et_pb_posts et_pb_module et_pb_bg_layout_light et_pb_blog_extras_1&#8243;&gt;<br \/>\n&lt;div class=&#8221;el-dbe-blog-extra classic&#8221;&gt;&lt;article id=&#8221;post-49301&#8243; class=&#8221;et_pb_post et_pb_post_extra et_pb_text_align_left et-waypoint et_pb_animation_top el_dbe_classic post-49301 type-post status-publish format-standard has-post-thumbnail hentry category-boto-wild-jam category-kwiecien-2018 category-wydarzenia&#8221;&gt;<br \/>\n&lt;h2 class=&#8221;entry-title&#8221;&gt;&lt;a href=&#8221;http:\/\/boto.home.pl\/boto_www\/index.php\/2018\/03\/23\/boto-wild-jam-ilona-damiecka-goscie-2\/&#8221;&gt;BOTO WILD JAM: Ilona Dami\u0119cka &amp; go\u015bcie&lt;\/a&gt;&lt;\/h2&gt;<br \/>\n&lt;div class=&#8221;post-media&#8221;&gt;&lt;a class=&#8221;entry-featured-image-url&#8221; href=&#8221;http:\/\/boto.home.pl\/boto_www\/index.php\/2018\/03\/23\/boto-wild-jam-ilona-damiecka-goscie-2\/&#8221;&gt;<br \/>\n&lt;img src=&#8221;http:\/\/boto.home.pl\/boto_www\/wp-content\/uploads\/2018\/03\/26952284_800005670209842_5238418800935847844_o.jpg&#8221; alt=&#8221;BOTO WILD JAM: Ilona Dami\u0119cka &amp; go\u015bcie&#8221; \/&gt;<br \/>\n&lt;\/a&gt;&lt;\/div&gt;<br \/>\n&lt;div class=&#8221;post-content&#8221;&gt;<br \/>\n&lt;div class=&#8221;post-data&#8221;&gt;<br \/>\n&lt;blockquote&gt;19 kwietnia, 21.00&lt;\/blockquote&gt;<br \/>\nTradycyjny czwartkowy jam jazzowy w Sopocie. W tym tygodniu gospodyni\u0105 BOTO Wild Jam b\u0119dzie Ilona Dami\u0119cka.<\/p>\n<p>&lt;\/div&gt;<br \/>\n&lt;a class=&#8221;more-link&#8221; href=&#8221;http:\/\/boto.home.pl\/boto_www\/index.php\/2018\/03\/23\/boto-wild-jam-ilona-damiecka-goscie-2\/&#8221;&gt;czytaj wi\u0119cej&lt;\/a&gt;<\/p>\n<p>&lt;\/div&gt;<br \/>\n&nbsp;<\/p>\n<p>&lt;\/article&gt;&lt;!&#8211; .et_pb_post_extra &#8211;&gt;<\/p>\n<p>&lt;article id=&#8221;post-49284&#8243; class=&#8221;et_pb_post et_pb_post_extra et_pb_text_align_left et-waypoint et_pb_animation_top el_dbe_classic post-49284 type-post status-publish format-standard has-post-thumbnail hentry category-boto-wild-jam category-kwiecien-2018 category-wydarzenia&#8221;&gt;<br \/>\n&lt;h2 class=&#8221;entry-title&#8221;&gt;&lt;a href=&#8221;http:\/\/boto.home.pl\/boto_www\/index.php\/2018\/03\/23\/boto-wild-jam-tomasz-chyla-goscie\/&#8221;&gt;BOTO WILD JAM: Tomasz Chy\u0142a &amp; go\u015bcie&lt;\/a&gt;&lt;\/h2&gt;<br \/>\n&lt;div class=&#8221;post-media&#8221;&gt;&lt;a class=&#8221;entry-featured-image-url&#8221; href=&#8221;http:\/\/boto.home.pl\/boto_www\/index.php\/2018\/03\/23\/boto-wild-jam-tomasz-chyla-goscie\/&#8221;&gt;<br \/>\n&lt;img src=&#8221;http:\/\/boto.home.pl\/boto_www\/wp-content\/uploads\/2018\/03\/skrzypek.jpg&#8221; alt=&#8221;BOTO WILD JAM: Tomasz Chy\u0142a &amp; go\u015bcie&#8221; \/&gt;<br \/>\n&lt;\/a&gt;&lt;\/div&gt;<br \/>\n&lt;div class=&#8221;post-content&#8221;&gt;<br \/>\n&lt;div class=&#8221;post-data&#8221;&gt;<br \/>\n&lt;blockquote&gt;5 kwietnia, 21.00&lt;\/blockquote&gt;<br \/>\nKolejna ods\u0142ona BOTO Wild Jam. Tym razem gospodarzem b\u0119dzie Tomasz Chy\u0142a.<\/p>\n<p>&lt;\/div&gt;<br \/>\n&lt;a class=&#8221;more-link&#8221; href=&#8221;http:\/\/boto.home.pl\/boto_www\/index.php\/2018\/03\/23\/boto-wild-jam-tomasz-chyla-goscie\/&#8221;&gt;czytaj wi\u0119cej&lt;\/a&gt;<\/p>\n<p>&lt;\/div&gt;<br \/>\n&nbsp;<\/p>\n<p>&lt;\/article&gt;&lt;!&#8211; .et_pb_post_extra &#8211;&gt;<\/p>\n<p>&lt;\/div&gt;<br \/>\n&lt;\/div&gt;<br \/>\n&lt;!&#8211; .et_pb_posts &#8211;&gt;<\/p>\n<p>[\/et_pb_blog_extras][et_pb_testimonial admin_label=&#8221;Bilety &#8211; informacja&#8221; author=&#8221;Bilety online &#8211; przejd\u017a&#8221; url=&#8221;http:\/\/teatrboto.bilety.interticket.pl\/&#8221; url_new_window=&#8221;on&#8221; quote_icon=&#8221;off&#8221; _builder_version=&#8221;3.20.2&#8243; saved_tabs=&#8221;all&#8221;]<\/p>\n<p><strong><span class=\"text_exposed_show\">Bilety: 35 z\u0142 (normalny), 30 z\u0142 (studenci, uczniowie, emeryci, karta sopocka, Karta do\u00a0Kultury), 20 z\u0142 (studenci kierunk\u00f3w zwi\u0105zanych z\u00a0teatrem)<\/span><\/strong><\/p>\n<p>[\/et_pb_testimonial][\/et_pb_column][\/et_pb_row][et_pb_row][et_pb_column type=&#8221;1_5&#8243;][et_pb_text _builder_version=&#8221;3.20.2&#8243;]<\/p>\n<p>wi\u0119cej zdj\u0119\u0107 ze spektaklu:<\/p>\n<p>[\/et_pb_text][et_pb_button _builder_version=&#8221;3.20.2&#8243; button_text=&#8221;11 maja 2019&#8243; button_url=&#8221;http:\/\/boto.art.pl\/index.php\/project\/11-05-2019-zielony-mezczyzna\/&#8221; url_new_window=&#8221;on&#8221; button_alignment=&#8221;left&#8221; custom_button=&#8221;on&#8221; button_text_color=&#8221;#037509&#8243; \/][\/et_pb_column][et_pb_column type=&#8221;1_5&#8243;][\/et_pb_column][et_pb_column type=&#8221;1_5&#8243;][\/et_pb_column][et_pb_column type=&#8221;1_5&#8243;][\/et_pb_column][et_pb_column type=&#8221;1_5&#8243;][\/et_pb_column][\/et_pb_row][\/et_pb_section]<\/p>\n","protected":false},"excerpt":{"rendered":"<p>ZIELONY M\u0118\u017bCZYZNA Scenariusz: Jakub Roszkowski Re\u017cyseria: Adam Nalepa Obsada: Sylwia G\u00f3ra Weber, Grzegorz Sierzputowski Kostiumy: Agnieszka Kaczy\u0144ska Stylizacja: Jaga Hupa\u0142o Muzyka: Marcin Mirowski Scenografia: Tomasz Weber Czas trwania: ok. 70 min Premiera: 17 czerwca 2011, godz. 19:00 (Dworek Sierakowskich w Sopocie) \u201eDawno, dawno temu, za g\u00f3rami, za lasami, w krainie wiecznych lod\u00f3w, \u017cy\u0142 sobie w [&hellip;]<\/p>\n","protected":false},"author":1,"featured_media":0,"parent":0,"menu_order":0,"comment_status":"closed","ping_status":"closed","template":"","meta":{"_et_pb_use_builder":"on","_et_pb_old_content":"","_et_gb_content_width":"","inline_featured_image":false,"footnotes":""},"class_list":["post-49435","page","type-page","status-publish","hentry"],"yoast_head":"<!-- This site is optimized with the Yoast SEO plugin v27.4 - https:\/\/yoast.com\/product\/yoast-seo-wordpress\/ -->\n<title>ZIELONY M\u0118\u017bCZYZNA &#8212; Teatr Boto<\/title>\n<meta name=\"robots\" content=\"index, follow, max-snippet:-1, max-image-preview:large, max-video-preview:-1\" \/>\n<link rel=\"canonical\" href=\"https:\/\/boto.art.pl\/index.php\/zielony-mezczyzna\/\" \/>\n<meta property=\"og:locale\" content=\"pl_PL\" \/>\n<meta property=\"og:type\" content=\"article\" \/>\n<meta property=\"og:title\" content=\"ZIELONY M\u0118\u017bCZYZNA &#8212; Teatr Boto\" \/>\n<meta property=\"og:description\" content=\"ZIELONY M\u0118\u017bCZYZNA Scenariusz: Jakub Roszkowski Re\u017cyseria: Adam Nalepa Obsada: Sylwia G\u00f3ra Weber, Grzegorz Sierzputowski Kostiumy: Agnieszka Kaczy\u0144ska Stylizacja: Jaga Hupa\u0142o Muzyka: Marcin Mirowski Scenografia: Tomasz Weber Czas trwania: ok. 70 min Premiera: 17 czerwca 2011, godz. 19:00 (Dworek Sierakowskich w Sopocie) \u201eDawno, dawno temu, za g\u00f3rami, za lasami, w krainie wiecznych lod\u00f3w, \u017cy\u0142 sobie w [&hellip;]\" \/>\n<meta property=\"og:url\" content=\"https:\/\/boto.art.pl\/index.php\/zielony-mezczyzna\/\" \/>\n<meta property=\"og:site_name\" content=\"Teatr Boto\" \/>\n<meta property=\"article:publisher\" content=\"https:\/\/www.facebook.com\/teatrboto\" \/>\n<meta property=\"article:modified_time\" content=\"2019-05-17T14:53:43+00:00\" \/>\n<meta name=\"twitter:card\" content=\"summary_large_image\" \/>\n<meta name=\"twitter:label1\" content=\"Szacowany czas czytania\" \/>\n\t<meta name=\"twitter:data1\" content=\"6 minut\" \/>\n<script type=\"application\/ld+json\" class=\"yoast-schema-graph\">{\"@context\":\"https:\\\/\\\/schema.org\",\"@graph\":[{\"@type\":\"WebPage\",\"@id\":\"https:\\\/\\\/boto.art.pl\\\/index.php\\\/zielony-mezczyzna\\\/\",\"url\":\"https:\\\/\\\/boto.art.pl\\\/index.php\\\/zielony-mezczyzna\\\/\",\"name\":\"ZIELONY M\u0118\u017bCZYZNA &#8212; Teatr Boto\",\"isPartOf\":{\"@id\":\"https:\\\/\\\/boto.art.pl\\\/#website\"},\"datePublished\":\"2018-03-24T15:02:15+00:00\",\"dateModified\":\"2019-05-17T14:53:43+00:00\",\"breadcrumb\":{\"@id\":\"https:\\\/\\\/boto.art.pl\\\/index.php\\\/zielony-mezczyzna\\\/#breadcrumb\"},\"inLanguage\":\"pl-PL\",\"potentialAction\":[{\"@type\":\"ReadAction\",\"target\":[\"https:\\\/\\\/boto.art.pl\\\/index.php\\\/zielony-mezczyzna\\\/\"]}]},{\"@type\":\"BreadcrumbList\",\"@id\":\"https:\\\/\\\/boto.art.pl\\\/index.php\\\/zielony-mezczyzna\\\/#breadcrumb\",\"itemListElement\":[{\"@type\":\"ListItem\",\"position\":1,\"name\":\"Strona g\u0142\u00f3wna\",\"item\":\"https:\\\/\\\/boto.art.pl\\\/\"},{\"@type\":\"ListItem\",\"position\":2,\"name\":\"ZIELONY M\u0118\u017bCZYZNA\"}]},{\"@type\":\"WebSite\",\"@id\":\"https:\\\/\\\/boto.art.pl\\\/#website\",\"url\":\"https:\\\/\\\/boto.art.pl\\\/\",\"name\":\"Teatr Boto\",\"description\":\"\",\"publisher\":{\"@id\":\"https:\\\/\\\/boto.art.pl\\\/#organization\"},\"potentialAction\":[{\"@type\":\"SearchAction\",\"target\":{\"@type\":\"EntryPoint\",\"urlTemplate\":\"https:\\\/\\\/boto.art.pl\\\/?s={search_term_string}\"},\"query-input\":{\"@type\":\"PropertyValueSpecification\",\"valueRequired\":true,\"valueName\":\"search_term_string\"}}],\"inLanguage\":\"pl-PL\"},{\"@type\":\"Organization\",\"@id\":\"https:\\\/\\\/boto.art.pl\\\/#organization\",\"name\":\"Teatr Boto\",\"url\":\"https:\\\/\\\/boto.art.pl\\\/\",\"logo\":{\"@type\":\"ImageObject\",\"inLanguage\":\"pl-PL\",\"@id\":\"https:\\\/\\\/boto.art.pl\\\/#\\\/schema\\\/logo\\\/image\\\/\",\"url\":\"https:\\\/\\\/boto.art.pl\\\/wp-content\\\/uploads\\\/2018\\\/03\\\/logotyp.svg\",\"contentUrl\":\"https:\\\/\\\/boto.art.pl\\\/wp-content\\\/uploads\\\/2018\\\/03\\\/logotyp.svg\",\"width\":1,\"height\":1,\"caption\":\"Teatr Boto\"},\"image\":{\"@id\":\"https:\\\/\\\/boto.art.pl\\\/#\\\/schema\\\/logo\\\/image\\\/\"},\"sameAs\":[\"https:\\\/\\\/www.facebook.com\\\/teatrboto\",\"https:\\\/\\\/www.instagram.com\\\/teatr_boto\\\/\"]}]}<\/script>\n<!-- \/ Yoast SEO plugin. -->","yoast_head_json":{"title":"ZIELONY M\u0118\u017bCZYZNA &#8212; Teatr Boto","robots":{"index":"index","follow":"follow","max-snippet":"max-snippet:-1","max-image-preview":"max-image-preview:large","max-video-preview":"max-video-preview:-1"},"canonical":"https:\/\/boto.art.pl\/index.php\/zielony-mezczyzna\/","og_locale":"pl_PL","og_type":"article","og_title":"ZIELONY M\u0118\u017bCZYZNA &#8212; Teatr Boto","og_description":"ZIELONY M\u0118\u017bCZYZNA Scenariusz: Jakub Roszkowski Re\u017cyseria: Adam Nalepa Obsada: Sylwia G\u00f3ra Weber, Grzegorz Sierzputowski Kostiumy: Agnieszka Kaczy\u0144ska Stylizacja: Jaga Hupa\u0142o Muzyka: Marcin Mirowski Scenografia: Tomasz Weber Czas trwania: ok. 70 min Premiera: 17 czerwca 2011, godz. 19:00 (Dworek Sierakowskich w Sopocie) \u201eDawno, dawno temu, za g\u00f3rami, za lasami, w krainie wiecznych lod\u00f3w, \u017cy\u0142 sobie w [&hellip;]","og_url":"https:\/\/boto.art.pl\/index.php\/zielony-mezczyzna\/","og_site_name":"Teatr Boto","article_publisher":"https:\/\/www.facebook.com\/teatrboto","article_modified_time":"2019-05-17T14:53:43+00:00","twitter_card":"summary_large_image","twitter_misc":{"Szacowany czas czytania":"6 minut"},"schema":{"@context":"https:\/\/schema.org","@graph":[{"@type":"WebPage","@id":"https:\/\/boto.art.pl\/index.php\/zielony-mezczyzna\/","url":"https:\/\/boto.art.pl\/index.php\/zielony-mezczyzna\/","name":"ZIELONY M\u0118\u017bCZYZNA &#8212; Teatr Boto","isPartOf":{"@id":"https:\/\/boto.art.pl\/#website"},"datePublished":"2018-03-24T15:02:15+00:00","dateModified":"2019-05-17T14:53:43+00:00","breadcrumb":{"@id":"https:\/\/boto.art.pl\/index.php\/zielony-mezczyzna\/#breadcrumb"},"inLanguage":"pl-PL","potentialAction":[{"@type":"ReadAction","target":["https:\/\/boto.art.pl\/index.php\/zielony-mezczyzna\/"]}]},{"@type":"BreadcrumbList","@id":"https:\/\/boto.art.pl\/index.php\/zielony-mezczyzna\/#breadcrumb","itemListElement":[{"@type":"ListItem","position":1,"name":"Strona g\u0142\u00f3wna","item":"https:\/\/boto.art.pl\/"},{"@type":"ListItem","position":2,"name":"ZIELONY M\u0118\u017bCZYZNA"}]},{"@type":"WebSite","@id":"https:\/\/boto.art.pl\/#website","url":"https:\/\/boto.art.pl\/","name":"Teatr Boto","description":"","publisher":{"@id":"https:\/\/boto.art.pl\/#organization"},"potentialAction":[{"@type":"SearchAction","target":{"@type":"EntryPoint","urlTemplate":"https:\/\/boto.art.pl\/?s={search_term_string}"},"query-input":{"@type":"PropertyValueSpecification","valueRequired":true,"valueName":"search_term_string"}}],"inLanguage":"pl-PL"},{"@type":"Organization","@id":"https:\/\/boto.art.pl\/#organization","name":"Teatr Boto","url":"https:\/\/boto.art.pl\/","logo":{"@type":"ImageObject","inLanguage":"pl-PL","@id":"https:\/\/boto.art.pl\/#\/schema\/logo\/image\/","url":"https:\/\/boto.art.pl\/wp-content\/uploads\/2018\/03\/logotyp.svg","contentUrl":"https:\/\/boto.art.pl\/wp-content\/uploads\/2018\/03\/logotyp.svg","width":1,"height":1,"caption":"Teatr Boto"},"image":{"@id":"https:\/\/boto.art.pl\/#\/schema\/logo\/image\/"},"sameAs":["https:\/\/www.facebook.com\/teatrboto","https:\/\/www.instagram.com\/teatr_boto\/"]}]}},"_links":{"self":[{"href":"https:\/\/boto.art.pl\/index.php\/wp-json\/wp\/v2\/pages\/49435","targetHints":{"allow":["GET"]}}],"collection":[{"href":"https:\/\/boto.art.pl\/index.php\/wp-json\/wp\/v2\/pages"}],"about":[{"href":"https:\/\/boto.art.pl\/index.php\/wp-json\/wp\/v2\/types\/page"}],"author":[{"embeddable":true,"href":"https:\/\/boto.art.pl\/index.php\/wp-json\/wp\/v2\/users\/1"}],"replies":[{"embeddable":true,"href":"https:\/\/boto.art.pl\/index.php\/wp-json\/wp\/v2\/comments?post=49435"}],"version-history":[{"count":9,"href":"https:\/\/boto.art.pl\/index.php\/wp-json\/wp\/v2\/pages\/49435\/revisions"}],"predecessor-version":[{"id":55127,"href":"https:\/\/boto.art.pl\/index.php\/wp-json\/wp\/v2\/pages\/49435\/revisions\/55127"}],"wp:attachment":[{"href":"https:\/\/boto.art.pl\/index.php\/wp-json\/wp\/v2\/media?parent=49435"}],"curies":[{"name":"wp","href":"https:\/\/api.w.org\/{rel}","templated":true}]}}