{"id":49505,"date":"2018-03-24T18:08:42","date_gmt":"2018-03-24T17:08:42","guid":{"rendered":"http:\/\/boto.home.pl\/boto_www\/?page_id=49505"},"modified":"2018-08-24T16:41:31","modified_gmt":"2018-08-24T14:41:31","slug":"sopockie-konsekwencje-teatralne-2017","status":"publish","type":"page","link":"https:\/\/boto.art.pl\/index.php\/sopockie-konsekwencje-teatralne-2017\/","title":{"rendered":"Sopockie Konsekwencje Teatralne 2017"},"content":{"rendered":"<p>[et_pb_section bb_built=&#8221;1&#8243; _builder_version=&#8221;3.0.106&#8243; background_image=&#8221;http:\/\/boto.home.pl\/boto_www\/wp-content\/uploads\/2018\/03\/sopockie_2017-1.jpg&#8221; parallax=&#8221;on&#8221; custom_padding=&#8221;150px|0px|179px|0px&#8221; next_background_color=&#8221;#000000&#8243;][et_pb_row custom_padding=&#8221;3px|0px|27px|0px&#8221; _builder_version=&#8221;3.0.106&#8243; background_size=&#8221;initial&#8221; background_position=&#8221;top_left&#8221; background_repeat=&#8221;repeat&#8221;][et_pb_column type=&#8221;1_3&#8243;][et_pb_text background_layout=&#8221;dark&#8221; _builder_version=&#8221;3.0.106&#8243; text_font=&#8221;|700||on|||||&#8221; text_font_size=&#8221;33px&#8221; text_line_height=&#8221;1em&#8221; text_text_shadow_style=&#8221;preset5&#8243; text_text_shadow_color=&#8221;rgba(0,0,0,0.79)&#8221;]<\/p>\n<p>Sopockie Konsekwencje Teatralne 2017<\/p>\n<p>[\/et_pb_text][et_pb_text background_layout=&#8221;dark&#8221; _builder_version=&#8221;3.0.106&#8243; text_font=&#8221;||||||||&#8221; text_font_size=&#8221;22px&#8221; text_text_shadow_style=&#8221;preset5&#8243; text_text_shadow_horizontal_length=&#8221;0.07em&#8221; text_text_shadow_color=&#8221;rgba(0,0,0,0.83)&#8221;]<\/p>\n<p>10 wrze\u015bnia do 17 grudnia<\/p>\n<p>[\/et_pb_text][\/et_pb_column][et_pb_column type=&#8221;1_3&#8243;][\/et_pb_column][et_pb_column type=&#8221;1_3&#8243;][\/et_pb_column][\/et_pb_row][\/et_pb_section][et_pb_section bb_built=&#8221;1&#8243; specialty=&#8221;on&#8221; _builder_version=&#8221;3.0.47&#8243; custom_padding=&#8221;20px|0px|54px|0px&#8221; prev_background_color=&#8221;#000000&#8243;][et_pb_column type=&#8221;3_4&#8243; specialty_columns=&#8221;3&#8243;][et_pb_row_inner admin_label=&#8221;Wiersz&#8221; custom_padding=&#8221;3px|0px|20px|0px&#8221; _builder_version=&#8221;3.0.47&#8243;][et_pb_column_inner type=&#8221;4_4&#8243; saved_specialty_column_type=&#8221;3_4&#8243;][et_pb_text _builder_version=&#8221;3.0.106&#8243; background_layout=&#8221;light&#8221; link_text_color=&#8221;#dd8100&#8243;]<\/p>\n<p>Zaprezentowane zosta\u0142y nast\u0119puj\u0105ce spektakle:<\/p>\n<p>10 wrze\u015bnia |18:00| <a href=\"http:\/\/boto.art.pl\/index.php\/2017\/09\/11\/novy-ruch-teatr-macht-mir-spass-rez-piotr-soroka\/\">\u201eMacht mir Spass\u201d,\u00a0Novy Ruch Teatr, Wroc\u0142aw<\/a><br \/>\n11 wrze\u015bnia |18:00| <a href=\"http:\/\/boto.art.pl\/index.php\/2017\/09\/11\/jutro-bedzie-za-pozno-rez-agnieszka-ploszajska\/\">\u201eJutro b\u0119dzie za p\u00f3\u017ano\u201d, Teatr Muzyczny w Toruniu<\/a><br \/>\n1 pa\u017adziernika |18:00|<a href=\"http:\/\/boto.art.pl\/index.php\/2017\/10\/01\/teatr-rawa-salieri-rez-maciej-dziaczko\/\"> \u201eSalieri\u201d, Teatr Rawa<\/a><br \/>\n8 pa\u017adziernika |18:00| <a href=\"http:\/\/boto.art.pl\/index.php\/2017\/10\/08\/milka-rez-krzysztof-grabowski\/\">\u201emi\u0142ka\u201d, Krzysztof Grabowski<\/a><br \/>\n15 pa\u017adziernika |18:00|<a href=\"http:\/\/boto.art.pl\/index.php\/2017\/10\/15\/nina-i-paul-rez-laura-sonik\/\"> \u201eNina i Paul\u201d, Teatr Maska z Rzeszowa<\/a><br \/>\n22 pa\u017adziernika |18:00| <a href=\"http:\/\/boto.art.pl\/index.php\/2017\/10\/22\/sam-przemyslaw-wasilkowski\/\">\u201eSam\u201d, Przemys\u0142aw Wasilkowski<\/a><br \/>\n5 listopada |18:00|<a href=\"http:\/\/boto.art.pl\/index.php\/2017\/11\/05\/co-pan-na-to-panie-freud-rez-marek-brand\/\"> \u201eCo pan na to, panie Freud?\u201d, Teatr Zielony Wiatrak<\/a><br \/>\n19 listopada |18:00| <a href=\"http:\/\/boto.art.pl\/index.php\/2017\/11\/19\/grubaska-rez-blazej-baraniak-elzbieta-zajacowna\/\">\u201eGrubaska\u201d, Teatr Miejski w Lesznie<\/a><br \/>\n26 listopada |18:00| <a href=\"http:\/\/boto.art.pl\/index.php\/2017\/11\/26\/studio-czyczkowy-dziennocdzien-rez-jerzy-welter\/\">\u201edzie\u0144:noc:DZIE\u0143\u201d, Studio Czyczkowy<\/a><br \/>\n3 grudnia |18:00|<a href=\"http:\/\/boto.art.pl\/index.php\/2017\/12\/03\/helena-ganjalyan-melt\/\"> \u201eMELT\u201d, Helena Ganjalyan<\/a><br \/>\n4 grudnia |18:00| <a href=\"http:\/\/boto.art.pl\/index.php\/2017\/12\/04\/kolektyw-tworczy-b-sides-jestesmy-przyneta-kochanie\/\">\u201eJeste\u015bmy przyn\u0119t\u0105, kochanie\u201d, Kolektyw Tw\u00f3rczy b-sides<\/a><br \/>\n10 grudnia |18:00| <a href=\"http:\/\/boto.art.pl\/index.php\/2017\/12\/10\/lamentacje-teatr-politechniki-warszawskiej\/\">\u201eLamentacje\u201d, Teatr Politechniki Warszawskiej<\/a><br \/>\n17 grudnia |18:00|<a href=\"http:\/\/boto.art.pl\/index.php\/2017\/12\/17\/potok-grupa-a-tak\/\"> \u201ePotok\u201d, grupa A.TAK!<\/a><\/p>\n<p>&nbsp;<\/p>\n<p>[\/et_pb_text][et_pb_post_slider _builder_version=&#8221;3.0.106&#8243; show_image=&#8221;on&#8221; image_placement=&#8221;background&#8221; show_arrows=&#8221;on&#8221; show_pagination=&#8221;on&#8221; show_more_button=&#8221;on&#8221; show_meta=&#8221;off&#8221; posts_number=&#8221;13&#8243; include_categories=&#8221;72&#8243; orderby=&#8221;date_asc&#8221; content_source=&#8221;off&#8221; use_manual_excerpt=&#8221;on&#8221; use_bg_overlay=&#8221;on&#8221; use_text_overlay=&#8221;off&#8221; background_layout=&#8221;dark&#8221; custom_button=&#8221;off&#8221; button_icon_placement=&#8221;right&#8221; show_content_on_mobile=&#8221;on&#8221; show_cta_on_mobile=&#8221;on&#8221; show_image_video_mobile=&#8221;off&#8221; \/][et_pb_text _builder_version=&#8221;3.0.106&#8243; background_layout=&#8221;light&#8221;]<\/p>\n<p><strong>Jury w sk\u0142adzie: Alicja Fortenbach, Bo\u017cena Habasi\u0144ska, Paulina P\u0142omi\u0144ska, Dariusz Rodzik, Mariusz Sucharzewski, Barbara Swadzyniak po obejrzeniu wszystkich spektakli i obradach w dniach 17 i 28 grudnia 2017 oraz po uwzgl\u0119dnieniu g\u0142os\u00f3w publiczno\u015bci postanowi\u0142o przyzna\u0107 nast\u0119puj\u0105ce nagrody:<\/strong><\/p>\n<p>[\/et_pb_text][\/et_pb_column_inner][\/et_pb_row_inner][et_pb_row_inner admin_label=&#8221;Wiersz&#8221; custom_padding=&#8221;0|0px|29.6833px|0px&#8221; _builder_version=&#8221;3.0.47&#8243;][et_pb_column_inner type=&#8221;1_3&#8243; saved_specialty_column_type=&#8221;3_4&#8243;][et_pb_blurb title=&#8221;I miejsce&#8221; image=&#8221;http:\/\/boto.home.pl\/boto_www\/wp-content\/uploads\/2018\/03\/SAM.jpg&#8221; _builder_version=&#8221;3.0.106&#8243; header_font=&#8221;||||||||&#8221; header_font_size=&#8221;23px&#8221;]<\/p>\n<p>Du\u017ca Konsekwencja Teatralna w\u00a0wysoko\u015bci 7000 z\u0142 dla spektaklu \u201eSAM\u201d, re\u017c. Przemys\u0142aw Wasilkowski<strong><br \/>\n<\/strong><\/p>\n<p>[\/et_pb_blurb][\/et_pb_column_inner][et_pb_column_inner type=&#8221;1_3&#8243; saved_specialty_column_type=&#8221;3_4&#8243;][et_pb_blurb title=&#8221;II miejsce&#8221; image=&#8221;http:\/\/boto.home.pl\/boto_www\/wp-content\/uploads\/2018\/03\/co-pan2.jpg&#8221; _builder_version=&#8221;3.0.106&#8243; header_font=&#8221;||||||||&#8221; header_font_size=&#8221;23px&#8221;]<\/p>\n<p>\u015arednia Konsekwencja Teatralna w wysoko\u015bci 3000 z\u0142 dla spektaklu \u201eCo pan na to, panie Freud?\u201d, re\u017c. Marek Brand<strong><br \/>\n<\/strong><\/p>\n<p>[\/et_pb_blurb][\/et_pb_column_inner][et_pb_column_inner type=&#8221;1_3&#8243; saved_specialty_column_type=&#8221;3_4&#8243;][et_pb_blurb title=&#8221;III miejsce&#8221; image=&#8221;http:\/\/boto.home.pl\/boto_www\/wp-content\/uploads\/2018\/03\/MELT.jpg&#8221; _builder_version=&#8221;3.0.106&#8243; header_font=&#8221;||||||||&#8221; header_font_size=&#8221;23px&#8221;]<\/p>\n<p>Ma\u0142a Konsekwencja Teatralna w\u00a0wysoko\u015bci 2000 z\u0142 dla spektaklu \u201eMELT\u201d, re\u017c. Helena Ganjalyan<strong><br \/>\n<\/strong><\/p>\n<p>[\/et_pb_blurb][\/et_pb_column_inner][\/et_pb_row_inner][et_pb_row_inner _builder_version=&#8221;3.0.106&#8243;][et_pb_column_inner type=&#8221;4_4&#8243; saved_specialty_column_type=&#8221;3_4&#8243;][et_pb_text _builder_version=&#8221;3.0.106&#8243;]<\/p>\n<div class=\"text_exposed_show\">\n<p>oraz\u00a0<strong>wyr\u00f3\u017cnienia honorowe<\/strong> dla spektakli:<\/p>\n<p>\u201eJutro b\u0119dzie za\u00a0p\u00f3\u017ano\u201d, re\u017c. Agnieszka P\u0142oszajska<\/p>\n<p>\u201eMacht mir Spass\u201d, re\u017c. Piotr Soroka<\/p>\n<p>Jury doceni\u0142o wysoki poziom artystyczny i\u00a0intelektualny prezentowanych spektakli. By\u0142y one r\u00f3\u017cnorodne zar\u00f3wno pod\u00a0wzgl\u0119dem tre\u015bci, jak i\u00a0form teatralnych. Doceniono r\u00f3wnie\u017c warto\u015bci estetyczne i\u00a0emocjonalne wszystkich przedstawie\u0144.<\/p>\n<p>Jury dzi\u0119kuje za\u00a0mo\u017cliwo\u015b\u0107 spotkania z\u00a0inspiruj\u0105cymi tw\u00f3rcami, kt\u00f3rzy\u00a0nie boj\u0105 si\u0119 podejmowa\u0107 ciekawych temat\u00f3w i\u00a0przek\u0142ada\u0107 ich na\u00a0j\u0119zyk sztuki.<\/p>\n<p>Fundacja Teatru BOTO gratuluje nagrodzonym tw\u00f3rcom i\u00a0dzi\u0119kuje wszystkim uczestnikom przegl\u0105du. Zapraszamy wszystkich zainteresowanych na\u00a0<strong>II Sopockie Konsekwencje Teatralne 2018<\/strong>.<\/p>\n<\/div>\n<p><em>Projekt wsp\u00f3\u0142finansowany ze\u00a0\u015brodk\u00f3w Gminy Miasta Sopot<\/em><\/p>\n<p>[\/et_pb_text][\/et_pb_column_inner][\/et_pb_row_inner][\/et_pb_column][et_pb_column type=&#8221;1_4&#8243;][\/et_pb_column][\/et_pb_section]<\/p>\n","protected":false},"excerpt":{"rendered":"<p>Sopockie Konsekwencje Teatralne 2017 10 wrze\u015bnia do 17 grudnia Zaprezentowane zosta\u0142y nast\u0119puj\u0105ce spektakle: 10 wrze\u015bnia |18:00| \u201eMacht mir Spass\u201d,\u00a0Novy Ruch Teatr, Wroc\u0142aw 11 wrze\u015bnia |18:00| \u201eJutro b\u0119dzie za p\u00f3\u017ano\u201d, Teatr Muzyczny w Toruniu 1 pa\u017adziernika |18:00| \u201eSalieri\u201d, Teatr Rawa 8 pa\u017adziernika |18:00| \u201emi\u0142ka\u201d, Krzysztof Grabowski 15 pa\u017adziernika |18:00| \u201eNina i Paul\u201d, Teatr Maska z Rzeszowa [&hellip;]<\/p>\n","protected":false},"author":1,"featured_media":0,"parent":0,"menu_order":0,"comment_status":"closed","ping_status":"closed","template":"","meta":{"_et_pb_use_builder":"on","_et_pb_old_content":"","_et_gb_content_width":"","inline_featured_image":false,"footnotes":""},"class_list":["post-49505","page","type-page","status-publish","hentry"],"yoast_head":"<!-- This site is optimized with the Yoast SEO plugin v27.4 - https:\/\/yoast.com\/product\/yoast-seo-wordpress\/ -->\n<title>Sopockie Konsekwencje Teatralne 2017 &#8212; Teatr Boto<\/title>\n<meta name=\"robots\" content=\"index, follow, max-snippet:-1, max-image-preview:large, max-video-preview:-1\" \/>\n<link rel=\"canonical\" href=\"https:\/\/boto.art.pl\/index.php\/sopockie-konsekwencje-teatralne-2017\/\" \/>\n<meta property=\"og:locale\" content=\"pl_PL\" \/>\n<meta property=\"og:type\" content=\"article\" \/>\n<meta property=\"og:title\" content=\"Sopockie Konsekwencje Teatralne 2017 &#8212; Teatr Boto\" \/>\n<meta property=\"og:description\" content=\"Sopockie Konsekwencje Teatralne 2017 10 wrze\u015bnia do 17 grudnia Zaprezentowane zosta\u0142y nast\u0119puj\u0105ce spektakle: 10 wrze\u015bnia |18:00| \u201eMacht mir Spass\u201d,\u00a0Novy Ruch Teatr, Wroc\u0142aw 11 wrze\u015bnia |18:00| \u201eJutro b\u0119dzie za p\u00f3\u017ano\u201d, Teatr Muzyczny w Toruniu 1 pa\u017adziernika |18:00| \u201eSalieri\u201d, Teatr Rawa 8 pa\u017adziernika |18:00| \u201emi\u0142ka\u201d, Krzysztof Grabowski 15 pa\u017adziernika |18:00| \u201eNina i Paul\u201d, Teatr Maska z Rzeszowa [&hellip;]\" \/>\n<meta property=\"og:url\" content=\"https:\/\/boto.art.pl\/index.php\/sopockie-konsekwencje-teatralne-2017\/\" \/>\n<meta property=\"og:site_name\" content=\"Teatr Boto\" \/>\n<meta property=\"article:publisher\" content=\"https:\/\/www.facebook.com\/teatrboto\" \/>\n<meta property=\"article:modified_time\" content=\"2018-08-24T14:41:31+00:00\" \/>\n<meta name=\"twitter:card\" content=\"summary_large_image\" \/>\n<meta name=\"twitter:label1\" content=\"Szacowany czas czytania\" \/>\n\t<meta name=\"twitter:data1\" content=\"4 minuty\" \/>\n<script type=\"application\/ld+json\" class=\"yoast-schema-graph\">{\"@context\":\"https:\\\/\\\/schema.org\",\"@graph\":[{\"@type\":\"WebPage\",\"@id\":\"https:\\\/\\\/boto.art.pl\\\/index.php\\\/sopockie-konsekwencje-teatralne-2017\\\/\",\"url\":\"https:\\\/\\\/boto.art.pl\\\/index.php\\\/sopockie-konsekwencje-teatralne-2017\\\/\",\"name\":\"Sopockie Konsekwencje Teatralne 2017 &#8212; Teatr Boto\",\"isPartOf\":{\"@id\":\"https:\\\/\\\/boto.art.pl\\\/#website\"},\"datePublished\":\"2018-03-24T17:08:42+00:00\",\"dateModified\":\"2018-08-24T14:41:31+00:00\",\"breadcrumb\":{\"@id\":\"https:\\\/\\\/boto.art.pl\\\/index.php\\\/sopockie-konsekwencje-teatralne-2017\\\/#breadcrumb\"},\"inLanguage\":\"pl-PL\",\"potentialAction\":[{\"@type\":\"ReadAction\",\"target\":[\"https:\\\/\\\/boto.art.pl\\\/index.php\\\/sopockie-konsekwencje-teatralne-2017\\\/\"]}]},{\"@type\":\"BreadcrumbList\",\"@id\":\"https:\\\/\\\/boto.art.pl\\\/index.php\\\/sopockie-konsekwencje-teatralne-2017\\\/#breadcrumb\",\"itemListElement\":[{\"@type\":\"ListItem\",\"position\":1,\"name\":\"Strona g\u0142\u00f3wna\",\"item\":\"https:\\\/\\\/boto.art.pl\\\/\"},{\"@type\":\"ListItem\",\"position\":2,\"name\":\"Sopockie Konsekwencje Teatralne 2017\"}]},{\"@type\":\"WebSite\",\"@id\":\"https:\\\/\\\/boto.art.pl\\\/#website\",\"url\":\"https:\\\/\\\/boto.art.pl\\\/\",\"name\":\"Teatr Boto\",\"description\":\"\",\"publisher\":{\"@id\":\"https:\\\/\\\/boto.art.pl\\\/#organization\"},\"potentialAction\":[{\"@type\":\"SearchAction\",\"target\":{\"@type\":\"EntryPoint\",\"urlTemplate\":\"https:\\\/\\\/boto.art.pl\\\/?s={search_term_string}\"},\"query-input\":{\"@type\":\"PropertyValueSpecification\",\"valueRequired\":true,\"valueName\":\"search_term_string\"}}],\"inLanguage\":\"pl-PL\"},{\"@type\":\"Organization\",\"@id\":\"https:\\\/\\\/boto.art.pl\\\/#organization\",\"name\":\"Teatr Boto\",\"url\":\"https:\\\/\\\/boto.art.pl\\\/\",\"logo\":{\"@type\":\"ImageObject\",\"inLanguage\":\"pl-PL\",\"@id\":\"https:\\\/\\\/boto.art.pl\\\/#\\\/schema\\\/logo\\\/image\\\/\",\"url\":\"https:\\\/\\\/boto.art.pl\\\/wp-content\\\/uploads\\\/2018\\\/03\\\/logotyp.svg\",\"contentUrl\":\"https:\\\/\\\/boto.art.pl\\\/wp-content\\\/uploads\\\/2018\\\/03\\\/logotyp.svg\",\"width\":1,\"height\":1,\"caption\":\"Teatr Boto\"},\"image\":{\"@id\":\"https:\\\/\\\/boto.art.pl\\\/#\\\/schema\\\/logo\\\/image\\\/\"},\"sameAs\":[\"https:\\\/\\\/www.facebook.com\\\/teatrboto\",\"https:\\\/\\\/www.instagram.com\\\/teatr_boto\\\/\"]}]}<\/script>\n<!-- \/ Yoast SEO plugin. -->","yoast_head_json":{"title":"Sopockie Konsekwencje Teatralne 2017 &#8212; Teatr Boto","robots":{"index":"index","follow":"follow","max-snippet":"max-snippet:-1","max-image-preview":"max-image-preview:large","max-video-preview":"max-video-preview:-1"},"canonical":"https:\/\/boto.art.pl\/index.php\/sopockie-konsekwencje-teatralne-2017\/","og_locale":"pl_PL","og_type":"article","og_title":"Sopockie Konsekwencje Teatralne 2017 &#8212; Teatr Boto","og_description":"Sopockie Konsekwencje Teatralne 2017 10 wrze\u015bnia do 17 grudnia Zaprezentowane zosta\u0142y nast\u0119puj\u0105ce spektakle: 10 wrze\u015bnia |18:00| \u201eMacht mir Spass\u201d,\u00a0Novy Ruch Teatr, Wroc\u0142aw 11 wrze\u015bnia |18:00| \u201eJutro b\u0119dzie za p\u00f3\u017ano\u201d, Teatr Muzyczny w Toruniu 1 pa\u017adziernika |18:00| \u201eSalieri\u201d, Teatr Rawa 8 pa\u017adziernika |18:00| \u201emi\u0142ka\u201d, Krzysztof Grabowski 15 pa\u017adziernika |18:00| \u201eNina i Paul\u201d, Teatr Maska z Rzeszowa [&hellip;]","og_url":"https:\/\/boto.art.pl\/index.php\/sopockie-konsekwencje-teatralne-2017\/","og_site_name":"Teatr Boto","article_publisher":"https:\/\/www.facebook.com\/teatrboto","article_modified_time":"2018-08-24T14:41:31+00:00","twitter_card":"summary_large_image","twitter_misc":{"Szacowany czas czytania":"4 minuty"},"schema":{"@context":"https:\/\/schema.org","@graph":[{"@type":"WebPage","@id":"https:\/\/boto.art.pl\/index.php\/sopockie-konsekwencje-teatralne-2017\/","url":"https:\/\/boto.art.pl\/index.php\/sopockie-konsekwencje-teatralne-2017\/","name":"Sopockie Konsekwencje Teatralne 2017 &#8212; Teatr Boto","isPartOf":{"@id":"https:\/\/boto.art.pl\/#website"},"datePublished":"2018-03-24T17:08:42+00:00","dateModified":"2018-08-24T14:41:31+00:00","breadcrumb":{"@id":"https:\/\/boto.art.pl\/index.php\/sopockie-konsekwencje-teatralne-2017\/#breadcrumb"},"inLanguage":"pl-PL","potentialAction":[{"@type":"ReadAction","target":["https:\/\/boto.art.pl\/index.php\/sopockie-konsekwencje-teatralne-2017\/"]}]},{"@type":"BreadcrumbList","@id":"https:\/\/boto.art.pl\/index.php\/sopockie-konsekwencje-teatralne-2017\/#breadcrumb","itemListElement":[{"@type":"ListItem","position":1,"name":"Strona g\u0142\u00f3wna","item":"https:\/\/boto.art.pl\/"},{"@type":"ListItem","position":2,"name":"Sopockie Konsekwencje Teatralne 2017"}]},{"@type":"WebSite","@id":"https:\/\/boto.art.pl\/#website","url":"https:\/\/boto.art.pl\/","name":"Teatr Boto","description":"","publisher":{"@id":"https:\/\/boto.art.pl\/#organization"},"potentialAction":[{"@type":"SearchAction","target":{"@type":"EntryPoint","urlTemplate":"https:\/\/boto.art.pl\/?s={search_term_string}"},"query-input":{"@type":"PropertyValueSpecification","valueRequired":true,"valueName":"search_term_string"}}],"inLanguage":"pl-PL"},{"@type":"Organization","@id":"https:\/\/boto.art.pl\/#organization","name":"Teatr Boto","url":"https:\/\/boto.art.pl\/","logo":{"@type":"ImageObject","inLanguage":"pl-PL","@id":"https:\/\/boto.art.pl\/#\/schema\/logo\/image\/","url":"https:\/\/boto.art.pl\/wp-content\/uploads\/2018\/03\/logotyp.svg","contentUrl":"https:\/\/boto.art.pl\/wp-content\/uploads\/2018\/03\/logotyp.svg","width":1,"height":1,"caption":"Teatr Boto"},"image":{"@id":"https:\/\/boto.art.pl\/#\/schema\/logo\/image\/"},"sameAs":["https:\/\/www.facebook.com\/teatrboto","https:\/\/www.instagram.com\/teatr_boto\/"]}]}},"_links":{"self":[{"href":"https:\/\/boto.art.pl\/index.php\/wp-json\/wp\/v2\/pages\/49505","targetHints":{"allow":["GET"]}}],"collection":[{"href":"https:\/\/boto.art.pl\/index.php\/wp-json\/wp\/v2\/pages"}],"about":[{"href":"https:\/\/boto.art.pl\/index.php\/wp-json\/wp\/v2\/types\/page"}],"author":[{"embeddable":true,"href":"https:\/\/boto.art.pl\/index.php\/wp-json\/wp\/v2\/users\/1"}],"replies":[{"embeddable":true,"href":"https:\/\/boto.art.pl\/index.php\/wp-json\/wp\/v2\/comments?post=49505"}],"version-history":[{"count":12,"href":"https:\/\/boto.art.pl\/index.php\/wp-json\/wp\/v2\/pages\/49505\/revisions"}],"predecessor-version":[{"id":52519,"href":"https:\/\/boto.art.pl\/index.php\/wp-json\/wp\/v2\/pages\/49505\/revisions\/52519"}],"wp:attachment":[{"href":"https:\/\/boto.art.pl\/index.php\/wp-json\/wp\/v2\/media?parent=49505"}],"curies":[{"name":"wp","href":"https:\/\/api.w.org\/{rel}","templated":true}]}}