{"id":49523,"date":"2018-03-25T13:53:57","date_gmt":"2018-03-25T11:53:57","guid":{"rendered":"http:\/\/boto.home.pl\/boto_www\/?page_id=49523"},"modified":"2026-02-14T16:28:33","modified_gmt":"2026-02-14T15:28:33","slug":"partnerzy","status":"publish","type":"page","link":"https:\/\/boto.art.pl\/index.php\/partnerzy\/","title":{"rendered":"partnerzy"},"content":{"rendered":"<p>[et_pb_section fb_built=&#8221;1&#8243; _builder_version=&#8221;4.16&#8243; custom_padding=&#8221;1px|||&#8221; global_colors_info=&#8221;{}&#8221;][et_pb_row column_structure=&#8221;1_4,1_4,1_4,1_4&#8243; _builder_version=&#8221;4.16&#8243; background_size=&#8221;initial&#8221; background_position=&#8221;top_left&#8221; background_repeat=&#8221;repeat&#8221; global_colors_info=&#8221;{}&#8221;][et_pb_column type=&#8221;1_4&#8243; _builder_version=&#8221;4.16&#8243; custom_padding=&#8221;|||&#8221; global_colors_info=&#8221;{}&#8221; custom_padding__hover=&#8221;|||&#8221;][et_pb_blurb url=&#8221;http:\/\/www.sopot.pl\/&#8221; url_new_window=&#8221;on&#8221; image=&#8221;https:\/\/boto.art.pl\/wp-content\/uploads\/2026\/02\/Sopot-1-1.jpg&#8221; _builder_version=&#8221;4.27.5&#8243; header_font=&#8221;|||on|||||&#8221; header_font_size=&#8221;31&#8243; text_orientation=&#8221;center&#8221; hover_enabled=&#8221;0&#8243; border_width_all_image=&#8221;1px&#8221; border_color_all_image=&#8221;#c1c1c1&#8243; global_colors_info=&#8221;{}&#8221; title_text=&#8221;Sopot (1)&#8221; sticky_enabled=&#8221;0&#8243;][\/et_pb_blurb][et_pb_blurb url=&#8221;https:\/\/www.gov.pl\/web\/kultura&#8221; url_new_window=&#8221;on&#8221; image=&#8221;https:\/\/boto.art.pl\/wp-content\/uploads\/2025\/12\/3.1.jpg&#8221; _builder_version=&#8221;4.27.4&#8243; header_font=&#8221;|||on|||||&#8221; header_font_size=&#8221;31&#8243; text_orientation=&#8221;center&#8221; border_width_all_image=&#8221;1px&#8221; border_color_all_image=&#8221;#c1c1c1&#8243; global_colors_info=&#8221;{}&#8221;][\/et_pb_blurb][et_pb_blurb url=&#8221;https:\/\/www.noclegi.renters.pl\/&#8221; url_new_window=&#8221;on&#8221; image=&#8221;https:\/\/boto.art.pl\/wp-content\/uploads\/2026\/02\/noclegi-logo-002-1.jpg&#8221; _builder_version=&#8221;4.27.5&#8243; header_font=&#8221;|||on|||||&#8221; header_font_size=&#8221;31&#8243; text_orientation=&#8221;center&#8221; border_width_all_image=&#8221;1px&#8221; border_color_all_image=&#8221;#c1c1c1&#8243; global_colors_info=&#8221;{}&#8221;][\/et_pb_blurb][et_pb_blurb url=&#8221;https:\/\/boto.art.pl\/wp-content\/uploads\/2021\/10\/plansza-informacyjna-PFR-pion-srodkowa.jpg&#8221; url_new_window=&#8221;on&#8221; image=&#8221;https:\/\/boto.art.pl\/wp-content\/uploads\/2021\/10\/plansza-informacyjna-PFR-pion-srodkowa.jpg&#8221; _builder_version=&#8221;4.16&#8243; header_font=&#8221;|||on|||||&#8221; header_font_size=&#8221;31&#8243; text_orientation=&#8221;center&#8221; border_width_all_image=&#8221;1px&#8221; border_color_all_image=&#8221;#c1c1c1&#8243; global_colors_info=&#8221;{}&#8221;]<br \/>\n[\/et_pb_blurb][\/et_pb_column][et_pb_column type=&#8221;1_4&#8243; _builder_version=&#8221;4.16&#8243; custom_padding=&#8221;|||&#8221; global_colors_info=&#8221;{}&#8221; custom_padding__hover=&#8221;|||&#8221;][et_pb_blurb url=&#8221;https:\/\/visit.sopot.pl\/sopocka-organizacja-turystyczna\/&#8221; url_new_window=&#8221;on&#8221; image=&#8221;https:\/\/boto.art.pl\/wp-content\/uploads\/2020\/06\/sopocka_organizacja_turystyczna.jpg&#8221; _builder_version=&#8221;4.16&#8243; header_font=&#8221;|||on|||||&#8221; header_font_size=&#8221;31&#8243; text_orientation=&#8221;center&#8221; border_width_all_image=&#8221;1px&#8221; border_color_all_image=&#8221;#c1c1c1&#8243; global_colors_info=&#8221;{}&#8221;][\/et_pb_blurb][et_pb_blurb url=&#8221;https:\/\/esopot.pl\/pl\/&#8221; url_new_window=&#8221;on&#8221; image=&#8221;https:\/\/boto.art.pl\/wp-content\/uploads\/2021\/07\/esopot_logo_new_final__kwadrat-e1626356568435.jpg&#8221; _builder_version=&#8221;4.16&#8243; header_font=&#8221;|||on|||||&#8221; header_font_size=&#8221;31&#8243; text_orientation=&#8221;center&#8221; border_width_all_image=&#8221;1px&#8221; border_color_all_image=&#8221;#c1c1c1&#8243; global_colors_info=&#8221;{}&#8221;][\/et_pb_blurb][et_pb_blurb url=&#8221;http:\/\/www.victus-sopot.pl\/&#8221; url_new_window=&#8221;on&#8221; image=&#8221;http:\/\/boto.home.pl\/boto_www\/wp-content\/uploads\/2018\/03\/victus.jpg&#8221; _builder_version=&#8221;4.16&#8243; header_font=&#8221;|||on|||||&#8221; header_font_size=&#8221;31&#8243; text_orientation=&#8221;center&#8221; border_width_all_image=&#8221;1px&#8221; border_color_all_image=&#8221;#c1c1c1&#8243; global_colors_info=&#8221;{}&#8221;]<br \/>\n[\/et_pb_blurb][et_pb_blurb url=&#8221;http:\/\/www.dawcomwdarze.pl\/&#8221; url_new_window=&#8221;on&#8221; image=&#8221;http:\/\/boto.home.pl\/boto_www\/wp-content\/uploads\/2018\/03\/krew.jpg&#8221; _builder_version=&#8221;4.16&#8243; header_font=&#8221;|||on|||||&#8221; header_font_size=&#8221;31&#8243; text_orientation=&#8221;center&#8221; border_width_all_image=&#8221;1px&#8221; border_color_all_image=&#8221;#c1c1c1&#8243; global_colors_info=&#8221;{}&#8221;]<br \/>\n[\/et_pb_blurb][\/et_pb_column][et_pb_column type=&#8221;1_4&#8243; _builder_version=&#8221;4.16&#8243; custom_padding=&#8221;|||&#8221; global_colors_info=&#8221;{}&#8221; custom_padding__hover=&#8221;|||&#8221;][et_pb_blurb url=&#8221;https:\/\/karta.sopot.pl\/&#8221; image=&#8221;https:\/\/boto.art.pl\/wp-content\/uploads\/2022\/06\/logo-karta-sopocka.png&#8221; _builder_version=&#8221;4.27.4&#8243; _module_preset=&#8221;default&#8221; global_colors_info=&#8221;{}&#8221;][\/et_pb_blurb][et_pb_blurb url=&#8221;http:\/\/www.prestiztrojmiasto.pl\/&#8221; url_new_window=&#8221;on&#8221; image=&#8221;http:\/\/boto.home.pl\/boto_www\/wp-content\/uploads\/2018\/03\/prestiz.jpg&#8221; _builder_version=&#8221;4.16&#8243; header_font=&#8221;|||on|||||&#8221; header_font_size=&#8221;31&#8243; text_orientation=&#8221;center&#8221; border_width_all_image=&#8221;1px&#8221; border_color_all_image=&#8221;#c1c1c1&#8243; global_colors_info=&#8221;{}&#8221;]<br \/>\n[\/et_pb_blurb][et_pb_blurb url=&#8221;http:\/\/radiogdansk.pl\/&#8221; url_new_window=&#8221;on&#8221; image=&#8221;http:\/\/boto.home.pl\/boto_www\/wp-content\/uploads\/2018\/03\/radio_gdansk.jpg&#8221; _builder_version=&#8221;4.16&#8243; header_font=&#8221;|||on|||||&#8221; header_font_size=&#8221;31&#8243; text_orientation=&#8221;center&#8221; border_width_all_image=&#8221;1px&#8221; border_color_all_image=&#8221;#c1c1c1&#8243; global_colors_info=&#8221;{}&#8221;]<br \/>\n[\/et_pb_blurb][et_pb_blurb url=&#8221;http:\/\/www.teatrwybrzeze.pl\/&#8221; url_new_window=&#8221;on&#8221; image=&#8221;http:\/\/boto.home.pl\/boto_www\/wp-content\/uploads\/2018\/03\/teatr_wybrzeze.jpg&#8221; _builder_version=&#8221;4.16&#8243; header_font=&#8221;|||on|||||&#8221; header_font_size=&#8221;31&#8243; text_orientation=&#8221;center&#8221; border_width_all_image=&#8221;1px&#8221; border_color_all_image=&#8221;#c1c1c1&#8243; global_colors_info=&#8221;{}&#8221;]<br \/>\n[\/et_pb_blurb][\/et_pb_column][et_pb_column type=&#8221;1_4&#8243; _builder_version=&#8221;4.16&#8243; custom_padding=&#8221;|||&#8221; global_colors_info=&#8221;{}&#8221; custom_padding__hover=&#8221;|||&#8221;][et_pb_blurb url=&#8221;http:\/\/www.wbpg.org.pl\/tresc\/metropolitalna-karta-do-kultury&#8221; url_new_window=&#8221;on&#8221; image=&#8221;http:\/\/boto.home.pl\/boto_www\/wp-content\/uploads\/2018\/03\/karta.jpg&#8221; _builder_version=&#8221;4.16&#8243; header_font=&#8221;|||on|||||&#8221; header_font_size=&#8221;31&#8243; text_orientation=&#8221;center&#8221; border_width_all_image=&#8221;1px&#8221; border_color_all_image=&#8221;#c1c1c1&#8243; global_colors_info=&#8221;{}&#8221;]<br \/>\n[\/et_pb_blurb][et_pb_blurb url=&#8221;http:\/\/www.trojmiasto.pl\/&#8221; url_new_window=&#8221;on&#8221; image=&#8221;http:\/\/boto.home.pl\/boto_www\/wp-content\/uploads\/2018\/03\/trojmiasto.jpg&#8221; _builder_version=&#8221;4.16&#8243; header_font=&#8221;|||on|||||&#8221; header_font_size=&#8221;31&#8243; text_orientation=&#8221;center&#8221; border_width_all_image=&#8221;1px&#8221; border_color_all_image=&#8221;#c1c1c1&#8243; global_colors_info=&#8221;{}&#8221;]<br \/>\n[\/et_pb_blurb][et_pb_blurb url=&#8221;https:\/\/www.ckusopot.pl\/&#8221; url_new_window=&#8221;on&#8221; image=&#8221;https:\/\/boto.art.pl\/wp-content\/uploads\/2025\/12\/3.1-1.jpg&#8221; _builder_version=&#8221;4.27.4&#8243; header_font=&#8221;|||on|||||&#8221; header_font_size=&#8221;31&#8243; text_orientation=&#8221;center&#8221; border_width_all_image=&#8221;1px&#8221; border_color_all_image=&#8221;#c1c1c1&#8243; global_colors_info=&#8221;{}&#8221;][\/et_pb_blurb][\/et_pb_column][\/et_pb_row][et_pb_row _builder_version=&#8221;4.27.4&#8243; _module_preset=&#8221;default&#8221; global_colors_info=&#8221;{}&#8221;][et_pb_column type=&#8221;4_4&#8243; _builder_version=&#8221;4.27.4&#8243; _module_preset=&#8221;default&#8221; global_colors_info=&#8221;{}&#8221;][et_pb_text _builder_version=&#8221;4.27.4&#8243; _module_preset=&#8221;default&#8221; global_colors_info=&#8221;{}&#8221;]<\/p>\n<p><em><strong>*z kart\u0105 tych partner\u00f3w na ka\u017cdy spektakl w Teatrze BOTO minimum 5 z\u0142 zni\u017cki<br \/>Metropolitarna Karta do Kultury, Karta Sopocka, honorowi Dawcy Krwi<\/strong><\/em><\/p>\n<p>[\/et_pb_text][\/et_pb_column][\/et_pb_row][\/et_pb_section]<\/p>\n","protected":false},"excerpt":{"rendered":"<p>*z kart\u0105 tych partner\u00f3w na ka\u017cdy spektakl w Teatrze BOTO minimum 5 z\u0142 zni\u017ckiMetropolitarna Karta do Kultury, Karta Sopocka, honorowi Dawcy Krwi<\/p>\n","protected":false},"author":1,"featured_media":0,"parent":0,"menu_order":0,"comment_status":"closed","ping_status":"closed","template":"","meta":{"_et_pb_use_builder":"on","_et_pb_old_content":"","_et_gb_content_width":"","inline_featured_image":false,"footnotes":""},"class_list":["post-49523","page","type-page","status-publish","hentry"],"yoast_head":"<!-- This site is optimized with the Yoast SEO plugin v27.4 - https:\/\/yoast.com\/product\/yoast-seo-wordpress\/ -->\n<title>partnerzy &#8212; Teatr Boto<\/title>\n<meta name=\"robots\" content=\"index, follow, max-snippet:-1, max-image-preview:large, max-video-preview:-1\" \/>\n<link rel=\"canonical\" href=\"https:\/\/boto.art.pl\/index.php\/partnerzy\/\" \/>\n<meta property=\"og:locale\" content=\"pl_PL\" \/>\n<meta property=\"og:type\" content=\"article\" \/>\n<meta property=\"og:title\" content=\"partnerzy &#8212; Teatr Boto\" \/>\n<meta property=\"og:description\" content=\"*z kart\u0105 tych partner\u00f3w na ka\u017cdy spektakl w Teatrze BOTO minimum 5 z\u0142 zni\u017ckiMetropolitarna Karta do Kultury, Karta Sopocka, honorowi Dawcy Krwi\" \/>\n<meta property=\"og:url\" content=\"https:\/\/boto.art.pl\/index.php\/partnerzy\/\" \/>\n<meta property=\"og:site_name\" content=\"Teatr Boto\" \/>\n<meta property=\"article:publisher\" content=\"https:\/\/www.facebook.com\/teatrboto\" \/>\n<meta property=\"article:modified_time\" content=\"2026-02-14T15:28:33+00:00\" \/>\n<meta name=\"twitter:card\" content=\"summary_large_image\" \/>\n<meta name=\"twitter:label1\" content=\"Szacowany czas czytania\" \/>\n\t<meta name=\"twitter:data1\" content=\"4 minuty\" \/>\n<script type=\"application\/ld+json\" class=\"yoast-schema-graph\">{\"@context\":\"https:\\\/\\\/schema.org\",\"@graph\":[{\"@type\":\"WebPage\",\"@id\":\"https:\\\/\\\/boto.art.pl\\\/index.php\\\/partnerzy\\\/\",\"url\":\"https:\\\/\\\/boto.art.pl\\\/index.php\\\/partnerzy\\\/\",\"name\":\"partnerzy &#8212; Teatr Boto\",\"isPartOf\":{\"@id\":\"https:\\\/\\\/boto.art.pl\\\/#website\"},\"datePublished\":\"2018-03-25T11:53:57+00:00\",\"dateModified\":\"2026-02-14T15:28:33+00:00\",\"breadcrumb\":{\"@id\":\"https:\\\/\\\/boto.art.pl\\\/index.php\\\/partnerzy\\\/#breadcrumb\"},\"inLanguage\":\"pl-PL\",\"potentialAction\":[{\"@type\":\"ReadAction\",\"target\":[\"https:\\\/\\\/boto.art.pl\\\/index.php\\\/partnerzy\\\/\"]}]},{\"@type\":\"BreadcrumbList\",\"@id\":\"https:\\\/\\\/boto.art.pl\\\/index.php\\\/partnerzy\\\/#breadcrumb\",\"itemListElement\":[{\"@type\":\"ListItem\",\"position\":1,\"name\":\"Strona g\u0142\u00f3wna\",\"item\":\"https:\\\/\\\/boto.art.pl\\\/\"},{\"@type\":\"ListItem\",\"position\":2,\"name\":\"partnerzy\"}]},{\"@type\":\"WebSite\",\"@id\":\"https:\\\/\\\/boto.art.pl\\\/#website\",\"url\":\"https:\\\/\\\/boto.art.pl\\\/\",\"name\":\"Teatr Boto\",\"description\":\"\",\"publisher\":{\"@id\":\"https:\\\/\\\/boto.art.pl\\\/#organization\"},\"potentialAction\":[{\"@type\":\"SearchAction\",\"target\":{\"@type\":\"EntryPoint\",\"urlTemplate\":\"https:\\\/\\\/boto.art.pl\\\/?s={search_term_string}\"},\"query-input\":{\"@type\":\"PropertyValueSpecification\",\"valueRequired\":true,\"valueName\":\"search_term_string\"}}],\"inLanguage\":\"pl-PL\"},{\"@type\":\"Organization\",\"@id\":\"https:\\\/\\\/boto.art.pl\\\/#organization\",\"name\":\"Teatr Boto\",\"url\":\"https:\\\/\\\/boto.art.pl\\\/\",\"logo\":{\"@type\":\"ImageObject\",\"inLanguage\":\"pl-PL\",\"@id\":\"https:\\\/\\\/boto.art.pl\\\/#\\\/schema\\\/logo\\\/image\\\/\",\"url\":\"https:\\\/\\\/boto.art.pl\\\/wp-content\\\/uploads\\\/2018\\\/03\\\/logotyp.svg\",\"contentUrl\":\"https:\\\/\\\/boto.art.pl\\\/wp-content\\\/uploads\\\/2018\\\/03\\\/logotyp.svg\",\"width\":1,\"height\":1,\"caption\":\"Teatr Boto\"},\"image\":{\"@id\":\"https:\\\/\\\/boto.art.pl\\\/#\\\/schema\\\/logo\\\/image\\\/\"},\"sameAs\":[\"https:\\\/\\\/www.facebook.com\\\/teatrboto\",\"https:\\\/\\\/www.instagram.com\\\/teatr_boto\\\/\"]}]}<\/script>\n<!-- \/ Yoast SEO plugin. -->","yoast_head_json":{"title":"partnerzy &#8212; Teatr Boto","robots":{"index":"index","follow":"follow","max-snippet":"max-snippet:-1","max-image-preview":"max-image-preview:large","max-video-preview":"max-video-preview:-1"},"canonical":"https:\/\/boto.art.pl\/index.php\/partnerzy\/","og_locale":"pl_PL","og_type":"article","og_title":"partnerzy &#8212; Teatr Boto","og_description":"*z kart\u0105 tych partner\u00f3w na ka\u017cdy spektakl w Teatrze BOTO minimum 5 z\u0142 zni\u017ckiMetropolitarna Karta do Kultury, Karta Sopocka, honorowi Dawcy Krwi","og_url":"https:\/\/boto.art.pl\/index.php\/partnerzy\/","og_site_name":"Teatr Boto","article_publisher":"https:\/\/www.facebook.com\/teatrboto","article_modified_time":"2026-02-14T15:28:33+00:00","twitter_card":"summary_large_image","twitter_misc":{"Szacowany czas czytania":"4 minuty"},"schema":{"@context":"https:\/\/schema.org","@graph":[{"@type":"WebPage","@id":"https:\/\/boto.art.pl\/index.php\/partnerzy\/","url":"https:\/\/boto.art.pl\/index.php\/partnerzy\/","name":"partnerzy &#8212; Teatr Boto","isPartOf":{"@id":"https:\/\/boto.art.pl\/#website"},"datePublished":"2018-03-25T11:53:57+00:00","dateModified":"2026-02-14T15:28:33+00:00","breadcrumb":{"@id":"https:\/\/boto.art.pl\/index.php\/partnerzy\/#breadcrumb"},"inLanguage":"pl-PL","potentialAction":[{"@type":"ReadAction","target":["https:\/\/boto.art.pl\/index.php\/partnerzy\/"]}]},{"@type":"BreadcrumbList","@id":"https:\/\/boto.art.pl\/index.php\/partnerzy\/#breadcrumb","itemListElement":[{"@type":"ListItem","position":1,"name":"Strona g\u0142\u00f3wna","item":"https:\/\/boto.art.pl\/"},{"@type":"ListItem","position":2,"name":"partnerzy"}]},{"@type":"WebSite","@id":"https:\/\/boto.art.pl\/#website","url":"https:\/\/boto.art.pl\/","name":"Teatr Boto","description":"","publisher":{"@id":"https:\/\/boto.art.pl\/#organization"},"potentialAction":[{"@type":"SearchAction","target":{"@type":"EntryPoint","urlTemplate":"https:\/\/boto.art.pl\/?s={search_term_string}"},"query-input":{"@type":"PropertyValueSpecification","valueRequired":true,"valueName":"search_term_string"}}],"inLanguage":"pl-PL"},{"@type":"Organization","@id":"https:\/\/boto.art.pl\/#organization","name":"Teatr Boto","url":"https:\/\/boto.art.pl\/","logo":{"@type":"ImageObject","inLanguage":"pl-PL","@id":"https:\/\/boto.art.pl\/#\/schema\/logo\/image\/","url":"https:\/\/boto.art.pl\/wp-content\/uploads\/2018\/03\/logotyp.svg","contentUrl":"https:\/\/boto.art.pl\/wp-content\/uploads\/2018\/03\/logotyp.svg","width":1,"height":1,"caption":"Teatr Boto"},"image":{"@id":"https:\/\/boto.art.pl\/#\/schema\/logo\/image\/"},"sameAs":["https:\/\/www.facebook.com\/teatrboto","https:\/\/www.instagram.com\/teatr_boto\/"]}]}},"_links":{"self":[{"href":"https:\/\/boto.art.pl\/index.php\/wp-json\/wp\/v2\/pages\/49523","targetHints":{"allow":["GET"]}}],"collection":[{"href":"https:\/\/boto.art.pl\/index.php\/wp-json\/wp\/v2\/pages"}],"about":[{"href":"https:\/\/boto.art.pl\/index.php\/wp-json\/wp\/v2\/types\/page"}],"author":[{"embeddable":true,"href":"https:\/\/boto.art.pl\/index.php\/wp-json\/wp\/v2\/users\/1"}],"replies":[{"embeddable":true,"href":"https:\/\/boto.art.pl\/index.php\/wp-json\/wp\/v2\/comments?post=49523"}],"version-history":[{"count":18,"href":"https:\/\/boto.art.pl\/index.php\/wp-json\/wp\/v2\/pages\/49523\/revisions"}],"predecessor-version":[{"id":71715,"href":"https:\/\/boto.art.pl\/index.php\/wp-json\/wp\/v2\/pages\/49523\/revisions\/71715"}],"wp:attachment":[{"href":"https:\/\/boto.art.pl\/index.php\/wp-json\/wp\/v2\/media?parent=49523"}],"curies":[{"name":"wp","href":"https:\/\/api.w.org\/{rel}","templated":true}]}}