{"id":49729,"date":"2018-03-29T13:23:33","date_gmt":"2018-03-29T11:23:33","guid":{"rendered":"http:\/\/boto.home.pl\/boto_www\/?page_id=49729"},"modified":"2026-04-08T15:47:40","modified_gmt":"2026-04-08T13:47:40","slug":"sopot-non-fiction","status":"publish","type":"page","link":"https:\/\/boto.art.pl\/index.php\/sopot-non-fiction\/","title":{"rendered":"Sopot Non-Fiction"},"content":{"rendered":"<p>[et_pb_section fb_built=&#8221;1&#8243; fullwidth=&#8221;on&#8221; _builder_version=&#8221;4.27.4&#8243; custom_padding=&#8221;0px|0px|0|0px&#8221; global_colors_info=&#8221;{}&#8221;][et_pb_fullwidth_menu menu_id=&#8221;25&#8243; submenu_direction=&#8221;downwards&#8221; fullwidth_menu=&#8221;off&#8221; _builder_version=&#8221;4.16&#8243; menu_font=&#8221;|600||on|||||&#8221; menu_font_size=&#8221;17px&#8221; background_color=&#8221;#29a9dd&#8221; background_layout=&#8221;dark&#8221; global_colors_info=&#8221;{}&#8221;]<\/p>\n<p>[\/et_pb_fullwidth_menu][\/et_pb_section][et_pb_section fb_built=&#8221;1&#8243; _builder_version=&#8221;4.20.2&#8243; custom_padding=&#8221;50px|0px|0|0px&#8221; global_colors_info=&#8221;{}&#8221;][et_pb_row column_structure=&#8221;1_2,1_2&#8243; _builder_version=&#8221;4.20.2&#8243; background_size=&#8221;initial&#8221; background_position=&#8221;top_left&#8221; background_repeat=&#8221;repeat&#8221; custom_padding=&#8221;0|0px|27px|0px&#8221; global_colors_info=&#8221;{}&#8221;][et_pb_column type=&#8221;1_2&#8243; _builder_version=&#8221;4.16&#8243; custom_padding=&#8221;|||&#8221; global_colors_info=&#8221;{}&#8221; custom_padding__hover=&#8221;|||&#8221;][et_pb_text _builder_version=&#8221;4.27.5&#8243; text_font=&#8221;|||on|||||&#8221; text_font_size=&#8221;32px&#8221; text_line_height=&#8221;1em&#8221; global_colors_info=&#8221;{}&#8221;]<\/p>\n<p><strong>SOPOT NON-FICTION 2026<\/strong><\/p>\n<p>&nbsp;<\/p>\n<p>&nbsp;<\/p>\n<p>[\/et_pb_text][et_pb_text _builder_version=&#8221;4.27.5&#8243; _module_preset=&#8221;default&#8221; global_colors_info=&#8221;{}&#8221;]<\/p>\n<h1><strong>Rusza nab\u00f3r do jubileuszowej edycji Sopot Non-Fiction 2026! <\/strong><\/h1>\n<p><strong>22\u201329 sierpnia 2026 | Sopot<\/strong><\/p>\n<p>W tym roku Sopot Non-Fiction wchodzi w swoj\u0105 XV \u2013 jubileuszow\u0105 edycj\u0119 ze szczeg\u00f3lnym wsparciem \u2014 festiwal otrzyma\u0142 znacz\u0105ce dofinansowanie Ministerstwa Kultury i Dziedzictwa Narodowego oraz wsp\u00f3\u0142finansowanie ze \u015brodk\u00f3w Miasta Sopot. Dzi\u0119ki temu tegoroczna ods\u0142ona b\u0119dzie jeszcze mocniejsza programowo i produkcyjnie. Zapraszamy re\u017cyser\u00f3w, dramaturg\u00f3w, aktor\u00f3w i tw\u00f3rc\u00f3w teatralnych do udzia\u0142u w jedynym w Polsce festiwalu po\u015bwi\u0119conym teatrowi faktu. Od 15 lat tworzymy przestrze\u0144 dla pracy procesowej, eksperymentu i spotkania r\u00f3\u017cnych j\u0119zyk\u00f3w scenicznych. W tym roku \u2013 szczeg\u00f3lnym \u2013 wzmacniamy program i rozwijamy wsp\u00f3\u0142prac\u0119 z Festiwalem Literacki Sopot, otwieraj\u0105c dodatkowe przestrzenie dialogu mi\u0119dzy teatrem a literatur\u0105 dokumentaln\u0105. Przez tydzie\u0144 w Sopocie b\u0119dziecie pracowa\u0107 nad projektami opartymi na materiale dokumentalnym \u2013 wsp\u00f3\u0142czesnym lub historycznym \u2013 aby na koniec zaprezentowa\u0107 efekty w formie \u201ework in progress\u201d podczas Maratonu Non-Fiction.<\/p>\n<p><span class=\"html-span xexx8yu xyri2b x18d9i69 x1c1uobl x1hl2dhg x16tdsg8 x1vvkbs x3nfvp2 x1j61x8r x1fcty0u xdj266r xat24cr xm2jcoa x1mpyi22 xxymvpz xlup9mm x1kky2od\"><img loading=\"lazy\" decoding=\"async\" class=\"xz74otr x15mokao x1ga7v0g x16uus16 xbiv7yw\" src=\"https:\/\/static.xx.fbcdn.net\/images\/emoji.php\/v9\/tf3\/1\/16\/1f539.png\" alt=\"\ud83d\udd39\" width=\"16\" height=\"16\" \/><\/span> Praca w interdyscyplinarnych zespo\u0142ach (do 5 os\u00f3b)<\/p>\n<p><span class=\"html-span xexx8yu xyri2b x18d9i69 x1c1uobl x1hl2dhg x16tdsg8 x1vvkbs x3nfvp2 x1j61x8r x1fcty0u xdj266r xat24cr xm2jcoa x1mpyi22 xxymvpz xlup9mm x1kky2od\"><img loading=\"lazy\" decoding=\"async\" class=\"xz74otr x15mokao x1ga7v0g x16uus16 xbiv7yw\" src=\"https:\/\/static.xx.fbcdn.net\/images\/emoji.php\/v9\/tf3\/1\/16\/1f539.png\" alt=\"\ud83d\udd39\" width=\"16\" height=\"16\" \/><\/span> Tygodniowa rezydencja artystyczna zako\u0144czona pokazami<\/p>\n<p><span class=\"html-span xexx8yu xyri2b x18d9i69 x1c1uobl x1hl2dhg x16tdsg8 x1vvkbs x3nfvp2 x1j61x8r x1fcty0u xdj266r xat24cr xm2jcoa x1mpyi22 xxymvpz xlup9mm x1kky2od\"><img loading=\"lazy\" decoding=\"async\" class=\"xz74otr x15mokao x1ga7v0g x16uus16 xbiv7yw\" src=\"https:\/\/static.xx.fbcdn.net\/images\/emoji.php\/v9\/tf3\/1\/16\/1f539.png\" alt=\"\ud83d\udd39\" width=\"16\" height=\"16\" \/><\/span> Wsparcie kuratorskie: Adam Nalepa, Roman Paw\u0142owski &#8211; Felberg<\/p>\n<p><span class=\"html-span xexx8yu xyri2b x18d9i69 x1c1uobl x1hl2dhg x16tdsg8 x1vvkbs x3nfvp2 x1j61x8r x1fcty0u xdj266r xat24cr xm2jcoa x1mpyi22 xxymvpz xlup9mm x1kky2od\"><img loading=\"lazy\" decoding=\"async\" class=\"xz74otr x15mokao x1ga7v0g x16uus16 xbiv7yw\" src=\"https:\/\/static.xx.fbcdn.net\/images\/emoji.php\/v9\/tf3\/1\/16\/1f539.png\" alt=\"\ud83d\udd39\" width=\"16\" height=\"16\" \/><\/span> Prezentacje na Scenie Kameralnej Teatru Wybrze\u017ce<\/p>\n<p><span class=\"html-span xexx8yu xyri2b x18d9i69 x1c1uobl x1hl2dhg x16tdsg8 x1vvkbs x3nfvp2 x1j61x8r x1fcty0u xdj266r xat24cr xm2jcoa x1mpyi22 xxymvpz xlup9mm x1kky2od\"><img loading=\"lazy\" decoding=\"async\" class=\"xz74otr x15mokao x1ga7v0g x16uus16 xbiv7yw\" src=\"https:\/\/static.xx.fbcdn.net\/images\/emoji.php\/v9\/tf3\/1\/16\/1f539.png\" alt=\"\ud83d\udd39\" width=\"16\" height=\"16\" \/><\/span> Spotkania z ekspertami, kuratorami i \u015brodowiskiem teatralnym<\/p>\n<p><span class=\"html-span xexx8yu xyri2b x18d9i69 x1c1uobl x1hl2dhg x16tdsg8 x1vvkbs x3nfvp2 x1j61x8r x1fcty0u xdj266r xat24cr xm2jcoa x1mpyi22 xxymvpz xlup9mm x1kky2od\"><img loading=\"lazy\" decoding=\"async\" class=\"xz74otr x15mokao x1ga7v0g x16uus16 xbiv7yw\" src=\"https:\/\/static.xx.fbcdn.net\/images\/emoji.php\/v9\/tf3\/1\/16\/1f539.png\" alt=\"\ud83d\udd39\" width=\"16\" height=\"16\" \/><\/span> Realna szansa na dalszy rozw\u00f3j projektu<\/p>\n<p>Regulamin: Sopot Non Fiction 2026 &#8211; <strong><a href=\"https:\/\/docs.google.com\/document\/d\/1DHa8ModQ9BMFlRlQoo9YPTGUj1CFwj3v\/edit?usp=sharing&amp;ouid=106695535865568432867&amp;rtpof=true&amp;sd=true\">regulamin.docx <\/a><\/strong><\/p>\n<p>Karta zg\u0142oszeniowa: <span role=\"gridcell\"><a class=\"x1i10hfl xjbqb8w x1ejq31n x18oe1m7 x1sy0etr xstzfhl x972fbf x10w94by x1qhh985 x14e42zd x9f619 x1ypdohk xt0psk2 x3ct3a4 xdj266r x14z9mp xat24cr x1lziwak xexx8yu xyri2b x18d9i69 x1c1uobl x16tdsg8 xggy1nq x1a2a7pz x1s688f x1heor9g x1bvjpef xujl8zx\" tabindex=\"-1\" role=\"link\" href=\"https:\/\/forms.gle\/P1T8eA35aCA2wQ4E7?fbclid=IwZXh0bgNhZW0CMTAAYnJpZBEwOWZxQVN6QVhQcVJaVjNUcXNydGMGYXBwX2lkEDIyMjAzOTE3ODgyMDA4OTIAAR5c3XVol2TLCGwEpNBPzwDHT5IUWtigkctdVOWsX4bAsGui4wjTXcQ9nKgCzA_aem_hOJR7EEeyUosLeHcwTOtow\" target=\"_blank\" rel=\"nofollow noopener noreferrer\">https:\/\/forms.gle\/P1T8eA35aCA2wQ4E7<\/a><\/span><\/p>\n<p><strong>Na zg\u0142oszenia czekamy do 10 maja 2026 r. <\/strong><\/p>\n<p><strong>Wyniki og\u0142osimy do 24 maja 2026 r. <\/strong><\/p>\n<p>Do zobaczenia w Sopocie!<\/p>\n<p>[\/et_pb_text][et_pb_text _builder_version=&#8221;4.27.5&#8243; _module_preset=&#8221;default&#8221; global_colors_info=&#8221;{}&#8221;]<\/p>\n<p><strong>fb: <a href=\"https:\/\/www.facebook.com\/SopotNonFiction\">Sopot Non-Fiction<\/a><\/strong><\/p>\n<p>[\/et_pb_text][\/et_pb_column][et_pb_column type=&#8221;1_2&#8243; _builder_version=&#8221;4.16&#8243; custom_padding=&#8221;|||&#8221; global_colors_info=&#8221;{}&#8221; custom_padding__hover=&#8221;|||&#8221;][et_pb_image src=&#8221;https:\/\/boto.art.pl\/wp-content\/uploads\/2026\/04\/662348078_1133116452279383_5952486780258764374_n.jpg&#8221; title_text=&#8221;snf26-tlo&#8221; _builder_version=&#8221;4.27.5&#8243; _module_preset=&#8221;default&#8221; global_colors_info=&#8221;{}&#8221;][\/et_pb_image][et_pb_text _builder_version=&#8221;4.27.5&#8243; custom_margin=&#8221;|0px||&#8221; custom_margin_tablet=&#8221;&#8221; custom_margin_phone=&#8221;&#8221; custom_margin_last_edited=&#8221;on|tablet&#8221; hover_enabled=&#8221;0&#8243; global_colors_info=&#8221;{}&#8221; sticky_enabled=&#8221;0&#8243;]<\/p>\n<p><span style=\"font-weight: 400;\">Festiwal Teatru Dokumentalnego i Rezydencja Artystyczna Sopot Non-Fiction to pierwszy w Polsce przegl\u0105d po\u015bwi\u0119cony teatrowi faktu. Jego formu\u0142a to zestawienie Festiwalu z warsztatami tw\u00f3rczymi dla m\u0142odych re\u017cyser\u00f3w, dramatopisarzy i aktor\u00f3w, kt\u00f3rzy podczas tygodniowej rezydencji artystycznej pracuj\u0105 nad swoimi projektami dokumentalnych sztuk i spektakli. Na koniec prezentuj\u0105 efekty w postaci &#8222;pracy w rozwoju&#8221; podczas otwartego Maratonu Non-Fiction. Publiczno\u015b\u0107 uczestniczy w procesie tw\u00f3rczym: bierze udzia\u0142 w prezentacjach i dyskusjach z tw\u00f3rcami oraz zaproszonymi ekspertami. Na pokazy Maratonu Non-Fiction zapraszani s\u0105 r\u00f3wnie\u017c kuratorzy i przedstawiciele teatr\u00f3w. Ma to na celu umo\u017cliwienie dalszej realizacji spektakli, zapocz\u0105tkowanych podczas pracy warsztatowej oraz ich prezentacj\u0119 podczas kolejnych edycji Festiwalu.<\/span><\/p>\n<p>W tym roku ju\u017c XV edycja, kt\u00f3ra odb\u0119dzie si\u0119 w dniach 22-29 sierpnia.<\/p>\n<p>Tradycyjnie poza tegorocznymi rezydentami zapraszamy na nasz festiwal dzie\u0142a, kt\u00f3re rozkwit\u0142y podczas poprzednich edycji.<\/p>\n<p>&nbsp;<\/p>\n<p>Dofinansowano ze \u015brodk\u00f3w Miasta Sopotu.<br class=\"html-br\" \/>Dofinansowano ze \u015brodk\u00f3w Ministra Kultury i Dziedzictwa Narodowego.<\/p>\n<p>[\/et_pb_text][\/et_pb_column][\/et_pb_row][\/et_pb_section]<\/p>\n","protected":false},"excerpt":{"rendered":"<p>SOPOT NON-FICTION 2026 &nbsp; &nbsp;Rusza nab\u00f3r do jubileuszowej edycji Sopot Non-Fiction 2026! 22\u201329 sierpnia 2026 | Sopot W tym roku Sopot Non-Fiction wchodzi w swoj\u0105 XV \u2013 jubileuszow\u0105 edycj\u0119 ze szczeg\u00f3lnym wsparciem \u2014 festiwal otrzyma\u0142 znacz\u0105ce dofinansowanie Ministerstwa Kultury i Dziedzictwa Narodowego oraz wsp\u00f3\u0142finansowanie ze \u015brodk\u00f3w Miasta Sopot. Dzi\u0119ki temu tegoroczna ods\u0142ona b\u0119dzie jeszcze mocniejsza [&hellip;]<\/p>\n","protected":false},"author":1,"featured_media":0,"parent":0,"menu_order":0,"comment_status":"closed","ping_status":"closed","template":"","meta":{"_et_pb_use_builder":"on","_et_pb_old_content":"","_et_gb_content_width":"","inline_featured_image":false,"footnotes":""},"class_list":["post-49729","page","type-page","status-publish","hentry"],"yoast_head":"<!-- This site is optimized with the Yoast SEO plugin v27.6 - https:\/\/yoast.com\/product\/yoast-seo-wordpress\/ -->\n<title>Sopot Non-Fiction &#8212; Teatr Boto<\/title>\n<meta name=\"robots\" content=\"index, follow, max-snippet:-1, max-image-preview:large, max-video-preview:-1\" \/>\n<link rel=\"canonical\" href=\"https:\/\/boto.art.pl\/index.php\/sopot-non-fiction\/\" \/>\n<meta property=\"og:locale\" content=\"pl_PL\" \/>\n<meta property=\"og:type\" content=\"article\" \/>\n<meta property=\"og:title\" content=\"Sopot Non-Fiction &#8212; Teatr Boto\" \/>\n<meta property=\"og:description\" content=\"SOPOT NON-FICTION 2026 &nbsp; &nbsp;Rusza nab\u00f3r do jubileuszowej edycji Sopot Non-Fiction 2026! 22\u201329 sierpnia 2026 | Sopot W tym roku Sopot Non-Fiction wchodzi w swoj\u0105 XV \u2013 jubileuszow\u0105 edycj\u0119 ze szczeg\u00f3lnym wsparciem \u2014 festiwal otrzyma\u0142 znacz\u0105ce dofinansowanie Ministerstwa Kultury i Dziedzictwa Narodowego oraz wsp\u00f3\u0142finansowanie ze \u015brodk\u00f3w Miasta Sopot. Dzi\u0119ki temu tegoroczna ods\u0142ona b\u0119dzie jeszcze mocniejsza [&hellip;]\" \/>\n<meta property=\"og:url\" content=\"https:\/\/boto.art.pl\/index.php\/sopot-non-fiction\/\" \/>\n<meta property=\"og:site_name\" content=\"Teatr Boto\" \/>\n<meta property=\"article:publisher\" content=\"https:\/\/www.facebook.com\/teatrboto\" \/>\n<meta property=\"article:modified_time\" content=\"2026-04-08T13:47:40+00:00\" \/>\n<meta property=\"og:image\" content=\"https:\/\/static.xx.fbcdn.net\/images\/emoji.php\/v9\/tf3\/1\/16\/1f539.png\" \/>\n<meta name=\"twitter:card\" content=\"summary_large_image\" \/>\n<meta name=\"twitter:label1\" content=\"Szacowany czas czytania\" \/>\n\t<meta name=\"twitter:data1\" content=\"4 minuty\" \/>\n<script type=\"application\/ld+json\" class=\"yoast-schema-graph\">{\"@context\":\"https:\\\/\\\/schema.org\",\"@graph\":[{\"@type\":\"WebPage\",\"@id\":\"https:\\\/\\\/boto.art.pl\\\/index.php\\\/sopot-non-fiction\\\/\",\"url\":\"https:\\\/\\\/boto.art.pl\\\/index.php\\\/sopot-non-fiction\\\/\",\"name\":\"Sopot Non-Fiction &#8212; Teatr Boto\",\"isPartOf\":{\"@id\":\"https:\\\/\\\/boto.art.pl\\\/#website\"},\"primaryImageOfPage\":{\"@id\":\"https:\\\/\\\/boto.art.pl\\\/index.php\\\/sopot-non-fiction\\\/#primaryimage\"},\"image\":{\"@id\":\"https:\\\/\\\/boto.art.pl\\\/index.php\\\/sopot-non-fiction\\\/#primaryimage\"},\"thumbnailUrl\":\"https:\\\/\\\/static.xx.fbcdn.net\\\/images\\\/emoji.php\\\/v9\\\/tf3\\\/1\\\/16\\\/1f539.png\",\"datePublished\":\"2018-03-29T11:23:33+00:00\",\"dateModified\":\"2026-04-08T13:47:40+00:00\",\"breadcrumb\":{\"@id\":\"https:\\\/\\\/boto.art.pl\\\/index.php\\\/sopot-non-fiction\\\/#breadcrumb\"},\"inLanguage\":\"pl-PL\",\"potentialAction\":[{\"@type\":\"ReadAction\",\"target\":[\"https:\\\/\\\/boto.art.pl\\\/index.php\\\/sopot-non-fiction\\\/\"]}]},{\"@type\":\"ImageObject\",\"inLanguage\":\"pl-PL\",\"@id\":\"https:\\\/\\\/boto.art.pl\\\/index.php\\\/sopot-non-fiction\\\/#primaryimage\",\"url\":\"https:\\\/\\\/static.xx.fbcdn.net\\\/images\\\/emoji.php\\\/v9\\\/tf3\\\/1\\\/16\\\/1f539.png\",\"contentUrl\":\"https:\\\/\\\/static.xx.fbcdn.net\\\/images\\\/emoji.php\\\/v9\\\/tf3\\\/1\\\/16\\\/1f539.png\"},{\"@type\":\"BreadcrumbList\",\"@id\":\"https:\\\/\\\/boto.art.pl\\\/index.php\\\/sopot-non-fiction\\\/#breadcrumb\",\"itemListElement\":[{\"@type\":\"ListItem\",\"position\":1,\"name\":\"Strona g\u0142\u00f3wna\",\"item\":\"https:\\\/\\\/boto.art.pl\\\/\"},{\"@type\":\"ListItem\",\"position\":2,\"name\":\"Sopot Non-Fiction\"}]},{\"@type\":\"WebSite\",\"@id\":\"https:\\\/\\\/boto.art.pl\\\/#website\",\"url\":\"https:\\\/\\\/boto.art.pl\\\/\",\"name\":\"Teatr Boto\",\"description\":\"\",\"publisher\":{\"@id\":\"https:\\\/\\\/boto.art.pl\\\/#organization\"},\"potentialAction\":[{\"@type\":\"SearchAction\",\"target\":{\"@type\":\"EntryPoint\",\"urlTemplate\":\"https:\\\/\\\/boto.art.pl\\\/?s={search_term_string}\"},\"query-input\":{\"@type\":\"PropertyValueSpecification\",\"valueRequired\":true,\"valueName\":\"search_term_string\"}}],\"inLanguage\":\"pl-PL\"},{\"@type\":\"Organization\",\"@id\":\"https:\\\/\\\/boto.art.pl\\\/#organization\",\"name\":\"Teatr Boto\",\"url\":\"https:\\\/\\\/boto.art.pl\\\/\",\"logo\":{\"@type\":\"ImageObject\",\"inLanguage\":\"pl-PL\",\"@id\":\"https:\\\/\\\/boto.art.pl\\\/#\\\/schema\\\/logo\\\/image\\\/\",\"url\":\"https:\\\/\\\/boto.art.pl\\\/wp-content\\\/uploads\\\/2018\\\/03\\\/logotyp.svg\",\"contentUrl\":\"https:\\\/\\\/boto.art.pl\\\/wp-content\\\/uploads\\\/2018\\\/03\\\/logotyp.svg\",\"width\":1,\"height\":1,\"caption\":\"Teatr Boto\"},\"image\":{\"@id\":\"https:\\\/\\\/boto.art.pl\\\/#\\\/schema\\\/logo\\\/image\\\/\"},\"sameAs\":[\"https:\\\/\\\/www.facebook.com\\\/teatrboto\",\"https:\\\/\\\/www.instagram.com\\\/teatr_boto\\\/\"]}]}<\/script>\n<!-- \/ Yoast SEO plugin. -->","yoast_head_json":{"title":"Sopot Non-Fiction &#8212; Teatr Boto","robots":{"index":"index","follow":"follow","max-snippet":"max-snippet:-1","max-image-preview":"max-image-preview:large","max-video-preview":"max-video-preview:-1"},"canonical":"https:\/\/boto.art.pl\/index.php\/sopot-non-fiction\/","og_locale":"pl_PL","og_type":"article","og_title":"Sopot Non-Fiction &#8212; Teatr Boto","og_description":"SOPOT NON-FICTION 2026 &nbsp; &nbsp;Rusza nab\u00f3r do jubileuszowej edycji Sopot Non-Fiction 2026! 22\u201329 sierpnia 2026 | Sopot W tym roku Sopot Non-Fiction wchodzi w swoj\u0105 XV \u2013 jubileuszow\u0105 edycj\u0119 ze szczeg\u00f3lnym wsparciem \u2014 festiwal otrzyma\u0142 znacz\u0105ce dofinansowanie Ministerstwa Kultury i Dziedzictwa Narodowego oraz wsp\u00f3\u0142finansowanie ze \u015brodk\u00f3w Miasta Sopot. Dzi\u0119ki temu tegoroczna ods\u0142ona b\u0119dzie jeszcze mocniejsza [&hellip;]","og_url":"https:\/\/boto.art.pl\/index.php\/sopot-non-fiction\/","og_site_name":"Teatr Boto","article_publisher":"https:\/\/www.facebook.com\/teatrboto","article_modified_time":"2026-04-08T13:47:40+00:00","og_image":[{"url":"https:\/\/static.xx.fbcdn.net\/images\/emoji.php\/v9\/tf3\/1\/16\/1f539.png","type":"","width":"","height":""}],"twitter_card":"summary_large_image","twitter_misc":{"Szacowany czas czytania":"4 minuty"},"schema":{"@context":"https:\/\/schema.org","@graph":[{"@type":"WebPage","@id":"https:\/\/boto.art.pl\/index.php\/sopot-non-fiction\/","url":"https:\/\/boto.art.pl\/index.php\/sopot-non-fiction\/","name":"Sopot Non-Fiction &#8212; Teatr Boto","isPartOf":{"@id":"https:\/\/boto.art.pl\/#website"},"primaryImageOfPage":{"@id":"https:\/\/boto.art.pl\/index.php\/sopot-non-fiction\/#primaryimage"},"image":{"@id":"https:\/\/boto.art.pl\/index.php\/sopot-non-fiction\/#primaryimage"},"thumbnailUrl":"https:\/\/static.xx.fbcdn.net\/images\/emoji.php\/v9\/tf3\/1\/16\/1f539.png","datePublished":"2018-03-29T11:23:33+00:00","dateModified":"2026-04-08T13:47:40+00:00","breadcrumb":{"@id":"https:\/\/boto.art.pl\/index.php\/sopot-non-fiction\/#breadcrumb"},"inLanguage":"pl-PL","potentialAction":[{"@type":"ReadAction","target":["https:\/\/boto.art.pl\/index.php\/sopot-non-fiction\/"]}]},{"@type":"ImageObject","inLanguage":"pl-PL","@id":"https:\/\/boto.art.pl\/index.php\/sopot-non-fiction\/#primaryimage","url":"https:\/\/static.xx.fbcdn.net\/images\/emoji.php\/v9\/tf3\/1\/16\/1f539.png","contentUrl":"https:\/\/static.xx.fbcdn.net\/images\/emoji.php\/v9\/tf3\/1\/16\/1f539.png"},{"@type":"BreadcrumbList","@id":"https:\/\/boto.art.pl\/index.php\/sopot-non-fiction\/#breadcrumb","itemListElement":[{"@type":"ListItem","position":1,"name":"Strona g\u0142\u00f3wna","item":"https:\/\/boto.art.pl\/"},{"@type":"ListItem","position":2,"name":"Sopot Non-Fiction"}]},{"@type":"WebSite","@id":"https:\/\/boto.art.pl\/#website","url":"https:\/\/boto.art.pl\/","name":"Teatr Boto","description":"","publisher":{"@id":"https:\/\/boto.art.pl\/#organization"},"potentialAction":[{"@type":"SearchAction","target":{"@type":"EntryPoint","urlTemplate":"https:\/\/boto.art.pl\/?s={search_term_string}"},"query-input":{"@type":"PropertyValueSpecification","valueRequired":true,"valueName":"search_term_string"}}],"inLanguage":"pl-PL"},{"@type":"Organization","@id":"https:\/\/boto.art.pl\/#organization","name":"Teatr Boto","url":"https:\/\/boto.art.pl\/","logo":{"@type":"ImageObject","inLanguage":"pl-PL","@id":"https:\/\/boto.art.pl\/#\/schema\/logo\/image\/","url":"https:\/\/boto.art.pl\/wp-content\/uploads\/2018\/03\/logotyp.svg","contentUrl":"https:\/\/boto.art.pl\/wp-content\/uploads\/2018\/03\/logotyp.svg","width":1,"height":1,"caption":"Teatr Boto"},"image":{"@id":"https:\/\/boto.art.pl\/#\/schema\/logo\/image\/"},"sameAs":["https:\/\/www.facebook.com\/teatrboto","https:\/\/www.instagram.com\/teatr_boto\/"]}]}},"_links":{"self":[{"href":"https:\/\/boto.art.pl\/index.php\/wp-json\/wp\/v2\/pages\/49729","targetHints":{"allow":["GET"]}}],"collection":[{"href":"https:\/\/boto.art.pl\/index.php\/wp-json\/wp\/v2\/pages"}],"about":[{"href":"https:\/\/boto.art.pl\/index.php\/wp-json\/wp\/v2\/types\/page"}],"author":[{"embeddable":true,"href":"https:\/\/boto.art.pl\/index.php\/wp-json\/wp\/v2\/users\/1"}],"replies":[{"embeddable":true,"href":"https:\/\/boto.art.pl\/index.php\/wp-json\/wp\/v2\/comments?post=49729"}],"version-history":[{"count":93,"href":"https:\/\/boto.art.pl\/index.php\/wp-json\/wp\/v2\/pages\/49729\/revisions"}],"predecessor-version":[{"id":72002,"href":"https:\/\/boto.art.pl\/index.php\/wp-json\/wp\/v2\/pages\/49729\/revisions\/72002"}],"wp:attachment":[{"href":"https:\/\/boto.art.pl\/index.php\/wp-json\/wp\/v2\/media?parent=49729"}],"curies":[{"name":"wp","href":"https:\/\/api.w.org\/{rel}","templated":true}]}}