{"id":49797,"date":"2018-03-30T09:52:29","date_gmt":"2018-03-30T07:52:29","guid":{"rendered":"http:\/\/boto.home.pl\/boto_www\/?page_id=49797"},"modified":"2020-01-08T22:49:05","modified_gmt":"2020-01-08T21:49:05","slug":"adam-nalepa","status":"publish","type":"page","link":"https:\/\/boto.art.pl\/index.php\/adam-nalepa\/","title":{"rendered":"ADAM NALEPA"},"content":{"rendered":"<p>[et_pb_section bb_built=&#8221;1&#8243; _builder_version=&#8221;3.0.47&#8243;][et_pb_row _builder_version=&#8221;3.0.48&#8243; background_size=&#8221;initial&#8221; background_position=&#8221;top_left&#8221; background_repeat=&#8221;repeat&#8221;][et_pb_column type=&#8221;2_5&#8243;][et_pb_image src=&#8221;http:\/\/boto.art.pl\/wp-content\/uploads\/2018\/04\/portret_Adama_Nalepy.jpg&#8221; _builder_version=&#8221;3.20.2&#8243;]<\/p>\n<p>[\/et_pb_image][\/et_pb_column][et_pb_column type=&#8221;3_5&#8243;][et_pb_text _builder_version=&#8221;3.0.106&#8243; text_font=&#8221;|||on|||||&#8221; text_font_size=&#8221;32px&#8221;]<\/p>\n<p>ADAM NALEPA<\/p>\n<p>[\/et_pb_text][et_pb_text _builder_version=&#8221;3.20.2&#8243; link_text_color=&#8221;#000000&#8243; header_text_align=&#8221;left&#8221;]<\/p>\n<p><strong>Adam Nalepa<\/strong> &#8211; re\u017cyser, absolwent Teatrologii, Filmografii i Historii Staro\u017cytnej Uniwersytetu Ruhry w Bochum. Podczas studi\u00f3w pracowa\u0142 jako felietonista i krytyk teatralny, w latach 2002-2005 piastowa\u0142 etat asystenta re\u017cysera w D\u00fcsseldorfer Schauspielhaus, gdzie debiutowa\u0142 tak\u017ce jako re\u017cyser w\u0142asn\u0105 adaptacj\u0105 Komendianta Thomasa Bernharda. Uko\u0144czy\u0142 r\u00f3wnie\u017c studia w klasie fortepianu w Darmstadt.<\/p>\n<p>Dyrektor artystyczny Fundacji Teatru BOTO dla kt\u00f3rej wystawi\u0142 prapremier\u0119 sztuki<a href=\"http:\/\/boto.art.pl\/index.php\/jakub-roszkowski\/\"> Jakuba Roszkowskiego<\/a> <a href=\"http:\/\/boto.art.pl\/index.php\/zielony-mezczyzna\/\">Zielony m\u0119\u017cczyzna<\/a>, <a href=\"http:\/\/boto.art.pl\/index.php\/nord-ost\/\">NORD-OST<\/a> Torstena Buchsteinera, <a href=\"http:\/\/boto.art.pl\/index.php\/caloczerwone\/\">Ca\u0142oczerwone <\/a>\u00a0<a href=\"http:\/\/boto.art.pl\/index.php\/malgorzata-szczerbowska\/\">Ma\u0142gorzaty Szczerbowskiej<\/a>, <a href=\"http:\/\/boto.art.pl\/index.php\/podroz-do-buenos-aires\/\">Podr\u00f3\u017c do Buenos Aires<\/a> Amanity Muskaria, a tak\u017ce <a href=\"http:\/\/boto.art.pl\/index.php\/twoja-mac\/\">TWOJA MA\u0106! One Woman Show<\/a> wraz z Karolin\u0105 Piechot\u0105.<\/p>\n<p>W 2007 roku otrzyma\u0142 propozycj\u0119 inscenizacji \u015bwiatowej prapremiery Blaszanego B\u0119benka z okazji obchod\u00f3w 80-tych urodzin G\u00fcntera Grassa w Teatrze Wybrze\u017ce, z kt\u00f3rym wsp\u00f3\u0142pracuje od tego czasu. W Gda\u0144sku wyre\u017cyserowa\u0142 m.in. Kamie\u0144 Mariusa von Mayenburga, Nie-Bosk\u0105 komedi\u0119 Zygmunta Krasi\u0144skiego, Czarownice z Salem Arthura Millera, Mari\u0119 Stuart Friedriecha Schillera. Poza tym wystawi\u0142 w warszawskim Laboratorium Dramatu prapremier\u0119 Sex Machine Tomasza Mana, w krakowskim Starym Teatrze Ch\u0142opc\u00f3w Stanis\u0142awa Grochowiaka, w Kaliszu Kupca weneckiego wed\u0142ug Williama Shakespeare\u2019a. W 2015 wyre\u017cyserowa\u0142 w Teatrze Muzycznym im. Danuty Baduszkowej w Gdyni spektakl Ma\u0142y ksi\u0105\u017ce. Ko\u0144c\u00f3wka na podstawie dzie\u0142a Antoine de Saint-Exupery, a tak\u017ce w 2018 Krwawe gody, spektakl dyplomowy w gdy\u0144skim SWA.<\/p>\n<p>Jest wielokrotnym laureatem nagr\u00f3d teatralnych, m.in. Marsza\u0142ka Wojew\u00f3dztwa Pomorskiego (2008, 2012, 2014), Miasta Gda\u0144sk (2008, 2012, 2014), Miasta Sopotu (Sopocka Muza 2014), Splendor Gedanensis (2014) oraz Sztormu Roku Gazety Wyborczej (2014).<\/p>\n<p>[\/et_pb_text][\/et_pb_column][\/et_pb_row][\/et_pb_section]<\/p>\n","protected":false},"excerpt":{"rendered":"<p>ADAM NALEPA Adam Nalepa &#8211; re\u017cyser, absolwent Teatrologii, Filmografii i Historii Staro\u017cytnej Uniwersytetu Ruhry w Bochum. Podczas studi\u00f3w pracowa\u0142 jako felietonista i krytyk teatralny, w latach 2002-2005 piastowa\u0142 etat asystenta re\u017cysera w D\u00fcsseldorfer Schauspielhaus, gdzie debiutowa\u0142 tak\u017ce jako re\u017cyser w\u0142asn\u0105 adaptacj\u0105 Komendianta Thomasa Bernharda. Uko\u0144czy\u0142 r\u00f3wnie\u017c studia w klasie fortepianu w Darmstadt.Dyrektor artystyczny Fundacji Teatru [&hellip;]<\/p>\n","protected":false},"author":1,"featured_media":0,"parent":0,"menu_order":0,"comment_status":"closed","ping_status":"closed","template":"","meta":{"_et_pb_use_builder":"on","_et_pb_old_content":"","_et_gb_content_width":"","inline_featured_image":false,"footnotes":""},"class_list":["post-49797","page","type-page","status-publish","hentry"],"yoast_head":"<!-- This site is optimized with the Yoast SEO plugin v27.4 - https:\/\/yoast.com\/product\/yoast-seo-wordpress\/ -->\n<title>ADAM NALEPA &#8212; Teatr Boto<\/title>\n<meta name=\"robots\" content=\"index, follow, max-snippet:-1, max-image-preview:large, max-video-preview:-1\" \/>\n<link rel=\"canonical\" href=\"https:\/\/boto.art.pl\/index.php\/adam-nalepa\/\" \/>\n<meta property=\"og:locale\" content=\"pl_PL\" \/>\n<meta property=\"og:type\" content=\"article\" \/>\n<meta property=\"og:title\" content=\"ADAM NALEPA &#8212; Teatr Boto\" \/>\n<meta property=\"og:description\" content=\"ADAM NALEPA Adam Nalepa - re\u017cyser, absolwent Teatrologii, Filmografii i Historii Staro\u017cytnej Uniwersytetu Ruhry w Bochum. Podczas studi\u00f3w pracowa\u0142 jako felietonista i krytyk teatralny, w latach 2002-2005 piastowa\u0142 etat asystenta re\u017cysera w D\u00fcsseldorfer Schauspielhaus, gdzie debiutowa\u0142 tak\u017ce jako re\u017cyser w\u0142asn\u0105 adaptacj\u0105 Komendianta Thomasa Bernharda. Uko\u0144czy\u0142 r\u00f3wnie\u017c studia w klasie fortepianu w Darmstadt.Dyrektor artystyczny Fundacji Teatru [&hellip;]\" \/>\n<meta property=\"og:url\" content=\"https:\/\/boto.art.pl\/index.php\/adam-nalepa\/\" \/>\n<meta property=\"og:site_name\" content=\"Teatr Boto\" \/>\n<meta property=\"article:publisher\" content=\"https:\/\/www.facebook.com\/teatrboto\" \/>\n<meta property=\"article:modified_time\" content=\"2020-01-08T21:49:05+00:00\" \/>\n<meta name=\"twitter:card\" content=\"summary_large_image\" \/>\n<meta name=\"twitter:label1\" content=\"Szacowany czas czytania\" \/>\n\t<meta name=\"twitter:data1\" content=\"2 minuty\" \/>\n<script type=\"application\/ld+json\" class=\"yoast-schema-graph\">{\"@context\":\"https:\\\/\\\/schema.org\",\"@graph\":[{\"@type\":\"WebPage\",\"@id\":\"https:\\\/\\\/boto.art.pl\\\/index.php\\\/adam-nalepa\\\/\",\"url\":\"https:\\\/\\\/boto.art.pl\\\/index.php\\\/adam-nalepa\\\/\",\"name\":\"ADAM NALEPA &#8212; Teatr Boto\",\"isPartOf\":{\"@id\":\"https:\\\/\\\/boto.art.pl\\\/#website\"},\"datePublished\":\"2018-03-30T07:52:29+00:00\",\"dateModified\":\"2020-01-08T21:49:05+00:00\",\"breadcrumb\":{\"@id\":\"https:\\\/\\\/boto.art.pl\\\/index.php\\\/adam-nalepa\\\/#breadcrumb\"},\"inLanguage\":\"pl-PL\",\"potentialAction\":[{\"@type\":\"ReadAction\",\"target\":[\"https:\\\/\\\/boto.art.pl\\\/index.php\\\/adam-nalepa\\\/\"]}]},{\"@type\":\"BreadcrumbList\",\"@id\":\"https:\\\/\\\/boto.art.pl\\\/index.php\\\/adam-nalepa\\\/#breadcrumb\",\"itemListElement\":[{\"@type\":\"ListItem\",\"position\":1,\"name\":\"Strona g\u0142\u00f3wna\",\"item\":\"https:\\\/\\\/boto.art.pl\\\/\"},{\"@type\":\"ListItem\",\"position\":2,\"name\":\"ADAM NALEPA\"}]},{\"@type\":\"WebSite\",\"@id\":\"https:\\\/\\\/boto.art.pl\\\/#website\",\"url\":\"https:\\\/\\\/boto.art.pl\\\/\",\"name\":\"Teatr Boto\",\"description\":\"\",\"publisher\":{\"@id\":\"https:\\\/\\\/boto.art.pl\\\/#organization\"},\"potentialAction\":[{\"@type\":\"SearchAction\",\"target\":{\"@type\":\"EntryPoint\",\"urlTemplate\":\"https:\\\/\\\/boto.art.pl\\\/?s={search_term_string}\"},\"query-input\":{\"@type\":\"PropertyValueSpecification\",\"valueRequired\":true,\"valueName\":\"search_term_string\"}}],\"inLanguage\":\"pl-PL\"},{\"@type\":\"Organization\",\"@id\":\"https:\\\/\\\/boto.art.pl\\\/#organization\",\"name\":\"Teatr Boto\",\"url\":\"https:\\\/\\\/boto.art.pl\\\/\",\"logo\":{\"@type\":\"ImageObject\",\"inLanguage\":\"pl-PL\",\"@id\":\"https:\\\/\\\/boto.art.pl\\\/#\\\/schema\\\/logo\\\/image\\\/\",\"url\":\"https:\\\/\\\/boto.art.pl\\\/wp-content\\\/uploads\\\/2018\\\/03\\\/logotyp.svg\",\"contentUrl\":\"https:\\\/\\\/boto.art.pl\\\/wp-content\\\/uploads\\\/2018\\\/03\\\/logotyp.svg\",\"width\":1,\"height\":1,\"caption\":\"Teatr Boto\"},\"image\":{\"@id\":\"https:\\\/\\\/boto.art.pl\\\/#\\\/schema\\\/logo\\\/image\\\/\"},\"sameAs\":[\"https:\\\/\\\/www.facebook.com\\\/teatrboto\",\"https:\\\/\\\/www.instagram.com\\\/teatr_boto\\\/\"]}]}<\/script>\n<!-- \/ Yoast SEO plugin. -->","yoast_head_json":{"title":"ADAM NALEPA &#8212; Teatr Boto","robots":{"index":"index","follow":"follow","max-snippet":"max-snippet:-1","max-image-preview":"max-image-preview:large","max-video-preview":"max-video-preview:-1"},"canonical":"https:\/\/boto.art.pl\/index.php\/adam-nalepa\/","og_locale":"pl_PL","og_type":"article","og_title":"ADAM NALEPA &#8212; Teatr Boto","og_description":"ADAM NALEPA Adam Nalepa - re\u017cyser, absolwent Teatrologii, Filmografii i Historii Staro\u017cytnej Uniwersytetu Ruhry w Bochum. Podczas studi\u00f3w pracowa\u0142 jako felietonista i krytyk teatralny, w latach 2002-2005 piastowa\u0142 etat asystenta re\u017cysera w D\u00fcsseldorfer Schauspielhaus, gdzie debiutowa\u0142 tak\u017ce jako re\u017cyser w\u0142asn\u0105 adaptacj\u0105 Komendianta Thomasa Bernharda. Uko\u0144czy\u0142 r\u00f3wnie\u017c studia w klasie fortepianu w Darmstadt.Dyrektor artystyczny Fundacji Teatru [&hellip;]","og_url":"https:\/\/boto.art.pl\/index.php\/adam-nalepa\/","og_site_name":"Teatr Boto","article_publisher":"https:\/\/www.facebook.com\/teatrboto","article_modified_time":"2020-01-08T21:49:05+00:00","twitter_card":"summary_large_image","twitter_misc":{"Szacowany czas czytania":"2 minuty"},"schema":{"@context":"https:\/\/schema.org","@graph":[{"@type":"WebPage","@id":"https:\/\/boto.art.pl\/index.php\/adam-nalepa\/","url":"https:\/\/boto.art.pl\/index.php\/adam-nalepa\/","name":"ADAM NALEPA &#8212; Teatr Boto","isPartOf":{"@id":"https:\/\/boto.art.pl\/#website"},"datePublished":"2018-03-30T07:52:29+00:00","dateModified":"2020-01-08T21:49:05+00:00","breadcrumb":{"@id":"https:\/\/boto.art.pl\/index.php\/adam-nalepa\/#breadcrumb"},"inLanguage":"pl-PL","potentialAction":[{"@type":"ReadAction","target":["https:\/\/boto.art.pl\/index.php\/adam-nalepa\/"]}]},{"@type":"BreadcrumbList","@id":"https:\/\/boto.art.pl\/index.php\/adam-nalepa\/#breadcrumb","itemListElement":[{"@type":"ListItem","position":1,"name":"Strona g\u0142\u00f3wna","item":"https:\/\/boto.art.pl\/"},{"@type":"ListItem","position":2,"name":"ADAM NALEPA"}]},{"@type":"WebSite","@id":"https:\/\/boto.art.pl\/#website","url":"https:\/\/boto.art.pl\/","name":"Teatr Boto","description":"","publisher":{"@id":"https:\/\/boto.art.pl\/#organization"},"potentialAction":[{"@type":"SearchAction","target":{"@type":"EntryPoint","urlTemplate":"https:\/\/boto.art.pl\/?s={search_term_string}"},"query-input":{"@type":"PropertyValueSpecification","valueRequired":true,"valueName":"search_term_string"}}],"inLanguage":"pl-PL"},{"@type":"Organization","@id":"https:\/\/boto.art.pl\/#organization","name":"Teatr Boto","url":"https:\/\/boto.art.pl\/","logo":{"@type":"ImageObject","inLanguage":"pl-PL","@id":"https:\/\/boto.art.pl\/#\/schema\/logo\/image\/","url":"https:\/\/boto.art.pl\/wp-content\/uploads\/2018\/03\/logotyp.svg","contentUrl":"https:\/\/boto.art.pl\/wp-content\/uploads\/2018\/03\/logotyp.svg","width":1,"height":1,"caption":"Teatr Boto"},"image":{"@id":"https:\/\/boto.art.pl\/#\/schema\/logo\/image\/"},"sameAs":["https:\/\/www.facebook.com\/teatrboto","https:\/\/www.instagram.com\/teatr_boto\/"]}]}},"_links":{"self":[{"href":"https:\/\/boto.art.pl\/index.php\/wp-json\/wp\/v2\/pages\/49797","targetHints":{"allow":["GET"]}}],"collection":[{"href":"https:\/\/boto.art.pl\/index.php\/wp-json\/wp\/v2\/pages"}],"about":[{"href":"https:\/\/boto.art.pl\/index.php\/wp-json\/wp\/v2\/types\/page"}],"author":[{"embeddable":true,"href":"https:\/\/boto.art.pl\/index.php\/wp-json\/wp\/v2\/users\/1"}],"replies":[{"embeddable":true,"href":"https:\/\/boto.art.pl\/index.php\/wp-json\/wp\/v2\/comments?post=49797"}],"version-history":[{"count":7,"href":"https:\/\/boto.art.pl\/index.php\/wp-json\/wp\/v2\/pages\/49797\/revisions"}],"predecessor-version":[{"id":56720,"href":"https:\/\/boto.art.pl\/index.php\/wp-json\/wp\/v2\/pages\/49797\/revisions\/56720"}],"wp:attachment":[{"href":"https:\/\/boto.art.pl\/index.php\/wp-json\/wp\/v2\/media?parent=49797"}],"curies":[{"name":"wp","href":"https:\/\/api.w.org\/{rel}","templated":true}]}}