{"id":49803,"date":"2018-03-30T09:59:35","date_gmt":"2018-03-30T07:59:35","guid":{"rendered":"http:\/\/boto.home.pl\/boto_www\/?page_id=49803"},"modified":"2020-01-08T22:53:54","modified_gmt":"2020-01-08T21:53:54","slug":"justyna-bartoszewicz","status":"publish","type":"page","link":"https:\/\/boto.art.pl\/index.php\/justyna-bartoszewicz\/","title":{"rendered":"JUSTYNA BARTOSZEWICZ"},"content":{"rendered":"<p>[et_pb_section bb_built=&#8221;1&#8243; _builder_version=&#8221;3.0.47&#8243;][et_pb_row _builder_version=&#8221;3.0.48&#8243; background_size=&#8221;initial&#8221; background_position=&#8221;top_left&#8221; background_repeat=&#8221;repeat&#8221;][et_pb_column type=&#8221;2_5&#8243;][et_pb_image src=&#8221;http:\/\/boto.art.pl\/wp-content\/uploads\/2018\/04\/justyna-bartoszewicz.jpg&#8221; _builder_version=&#8221;3.0.106&#8243;]<\/p>\n<p><\/p>\n<p>[\/et_pb_image][\/et_pb_column][et_pb_column type=&#8221;3_5&#8243;][et_pb_text _builder_version=&#8221;3.0.106&#8243; text_font=&#8221;|||on|||||&#8221; text_font_size=&#8221;32px&#8221;]<\/p>\n<p>JUSTYNA BARTOSZEWICZ<\/p>\n<p>[\/et_pb_text][et_pb_text _builder_version=&#8221;3.20.2&#8243; header_text_align=&#8221;left&#8221; link_text_color=&#8221;#000000&#8243;]<\/p>\n<p><strong>Justyna Bartoszewicz <\/strong>&#8211; aktorka, absolwentka PWST w Krakowie, Wydzia\u0142 Zamiejscowy we Wroc\u0142awiu.<\/p>\n<p>Zwi\u0105zana z Fundacj\u0105 Teatru BOTO, gdzie zagra\u0142a Zur\u0119 w spektaklu <a href=\"http:\/\/boto.art.pl\/index.php\/nord-ost\/\">NORD-OST<\/a> oraz wsp\u00f3lnie wyprodukowa\u0142a muzyczne show \u201e<a href=\"http:\/\/boto.art.pl\/index.php\/wlodek-bak-szol\/\">W\u0142odek B\u0105k Szo\u0142<\/a>\u201d oraz \u201eW\u0142odek B\u0105k i ch\u0142opaki\u201d.<\/p>\n<p>Zadebiutowa\u0142a w Teatrze Muzycznym Capitol we Wroc\u0142awiu w spektaklu Kaj i Gerda w re\u017c. W. Ko\u015bcielniaka. Wsp\u00f3\u0142pracowa\u0142a z Oper\u0105 Wroc\u0142awsk\u0105, Teatrem Jeleniog\u00f3rskim, z Teatrem Pie\u015bni i Koz\u0142a oraz Teatrem Troubleyn Jana Fabre. Od 2007 roku jest w zespole <a href=\"https:\/\/www.teatrwybrzeze.pl\/zespol\/justyna-bartoszewicz\">Teatru Wybrze\u017ce<\/a>, gdzie zagra\u0142a mi\u0119dzy innymi Maryjk\u0119 w \u201eCia\u0142ach Obcych\u201d ,Rosaur\u0119 w \u201e\u017byciu snem\u201d w re\u017c. Kuby Kowalskiego ,czy Mari\u0119 w \u201eNie-Boskiej komedii\u201d w re\u017c. <a href=\"http:\/\/boto.art.pl\/index.php\/adam-nalepa\/\">Adama Nalepy<\/a>. Od wielu lat wsp\u00f3\u0142pracuje r\u00f3wnie\u017c z Gdy\u0144sk\u0105 Szko\u0142\u0105 Filmow\u0105, gdzie zagra\u0142a w wielu etiudach re\u017cyserowanych pod opiek\u0105 Wojciecha Marczewskiego, Roberta Gli\u0144skiego oraz S\u0142awomira Fabickiego.<\/p>\n<p>Stypendystka Ministra Kultury (2004-2005). Laureatka Nagrody Specjalnej ZASP za r\u00f3\u017cnorodne role w przedstawieniu \u201cDecyduj\u0105ce Zwarcie czyli Pr\u00f3by\u201d na XXIII Festiwalu Szk\u00f3\u0142 Teatralnych w \u0141odzi oraz Nagrody Teatralnej Prezydenta Miasta Gda\u0144ska za rol\u0119 w spektaklu \u201cKamie\u0144\u201d (2010). Za t\u0119 rol\u0119 nominowana r\u00f3wnie\u017c do nagrody Gazety Wyborczej SZTORM ROKU (2010).<\/p>\n<p>[\/et_pb_text][\/et_pb_column][\/et_pb_row][\/et_pb_section]<\/p>\n","protected":false},"excerpt":{"rendered":"<p>JUSTYNA BARTOSZEWICZ Justyna Bartoszewicz &#8211; aktorka, absolwentka PWST w Krakowie, Wydzia\u0142 Zamiejscowy we Wroc\u0142awiu.Zwi\u0105zana z Fundacj\u0105 Teatru BOTO, gdzie zagra\u0142a Zur\u0119 w spektaklu NORD-OST oraz wsp\u00f3lnie wyprodukowa\u0142a muzyczne show \u201eW\u0142odek B\u0105k Szo\u0142\u201d oraz \u201eW\u0142odek B\u0105k i ch\u0142opaki\u201d.Zadebiutowa\u0142a w Teatrze Muzycznym Capitol we Wroc\u0142awiu w spektaklu Kaj i Gerda w re\u017c. W. Ko\u015bcielniaka. Wsp\u00f3\u0142pracowa\u0142a z Oper\u0105 [&hellip;]<\/p>\n","protected":false},"author":1,"featured_media":0,"parent":0,"menu_order":0,"comment_status":"closed","ping_status":"closed","template":"","meta":{"_et_pb_use_builder":"on","_et_pb_old_content":"","_et_gb_content_width":"","inline_featured_image":false,"footnotes":""},"class_list":["post-49803","page","type-page","status-publish","hentry"],"yoast_head":"<!-- This site is optimized with the Yoast SEO plugin v27.4 - https:\/\/yoast.com\/product\/yoast-seo-wordpress\/ -->\n<title>JUSTYNA BARTOSZEWICZ &#8212; Teatr Boto<\/title>\n<meta name=\"robots\" content=\"index, follow, max-snippet:-1, max-image-preview:large, max-video-preview:-1\" \/>\n<link rel=\"canonical\" href=\"https:\/\/boto.art.pl\/index.php\/justyna-bartoszewicz\/\" \/>\n<meta property=\"og:locale\" content=\"pl_PL\" \/>\n<meta property=\"og:type\" content=\"article\" \/>\n<meta property=\"og:title\" content=\"JUSTYNA BARTOSZEWICZ &#8212; Teatr Boto\" \/>\n<meta property=\"og:description\" content=\"JUSTYNA BARTOSZEWICZ Justyna Bartoszewicz - aktorka, absolwentka PWST w Krakowie, Wydzia\u0142 Zamiejscowy we Wroc\u0142awiu.Zwi\u0105zana z Fundacj\u0105 Teatru BOTO, gdzie zagra\u0142a Zur\u0119 w spektaklu NORD-OST oraz wsp\u00f3lnie wyprodukowa\u0142a muzyczne show \u201eW\u0142odek B\u0105k Szo\u0142\u201d oraz \u201eW\u0142odek B\u0105k i ch\u0142opaki\u201d.Zadebiutowa\u0142a w Teatrze Muzycznym Capitol we Wroc\u0142awiu w spektaklu Kaj i Gerda w re\u017c. W. Ko\u015bcielniaka. Wsp\u00f3\u0142pracowa\u0142a z Oper\u0105 [&hellip;]\" \/>\n<meta property=\"og:url\" content=\"https:\/\/boto.art.pl\/index.php\/justyna-bartoszewicz\/\" \/>\n<meta property=\"og:site_name\" content=\"Teatr Boto\" \/>\n<meta property=\"article:publisher\" content=\"https:\/\/www.facebook.com\/teatrboto\" \/>\n<meta property=\"article:modified_time\" content=\"2020-01-08T21:53:54+00:00\" \/>\n<meta name=\"twitter:card\" content=\"summary_large_image\" \/>\n<meta name=\"twitter:label1\" content=\"Szacowany czas czytania\" \/>\n\t<meta name=\"twitter:data1\" content=\"1 minuta\" \/>\n<script type=\"application\/ld+json\" class=\"yoast-schema-graph\">{\"@context\":\"https:\\\/\\\/schema.org\",\"@graph\":[{\"@type\":\"WebPage\",\"@id\":\"https:\\\/\\\/boto.art.pl\\\/index.php\\\/justyna-bartoszewicz\\\/\",\"url\":\"https:\\\/\\\/boto.art.pl\\\/index.php\\\/justyna-bartoszewicz\\\/\",\"name\":\"JUSTYNA BARTOSZEWICZ &#8212; Teatr Boto\",\"isPartOf\":{\"@id\":\"https:\\\/\\\/boto.art.pl\\\/#website\"},\"datePublished\":\"2018-03-30T07:59:35+00:00\",\"dateModified\":\"2020-01-08T21:53:54+00:00\",\"breadcrumb\":{\"@id\":\"https:\\\/\\\/boto.art.pl\\\/index.php\\\/justyna-bartoszewicz\\\/#breadcrumb\"},\"inLanguage\":\"pl-PL\",\"potentialAction\":[{\"@type\":\"ReadAction\",\"target\":[\"https:\\\/\\\/boto.art.pl\\\/index.php\\\/justyna-bartoszewicz\\\/\"]}]},{\"@type\":\"BreadcrumbList\",\"@id\":\"https:\\\/\\\/boto.art.pl\\\/index.php\\\/justyna-bartoszewicz\\\/#breadcrumb\",\"itemListElement\":[{\"@type\":\"ListItem\",\"position\":1,\"name\":\"Strona g\u0142\u00f3wna\",\"item\":\"https:\\\/\\\/boto.art.pl\\\/\"},{\"@type\":\"ListItem\",\"position\":2,\"name\":\"JUSTYNA BARTOSZEWICZ\"}]},{\"@type\":\"WebSite\",\"@id\":\"https:\\\/\\\/boto.art.pl\\\/#website\",\"url\":\"https:\\\/\\\/boto.art.pl\\\/\",\"name\":\"Teatr Boto\",\"description\":\"\",\"publisher\":{\"@id\":\"https:\\\/\\\/boto.art.pl\\\/#organization\"},\"potentialAction\":[{\"@type\":\"SearchAction\",\"target\":{\"@type\":\"EntryPoint\",\"urlTemplate\":\"https:\\\/\\\/boto.art.pl\\\/?s={search_term_string}\"},\"query-input\":{\"@type\":\"PropertyValueSpecification\",\"valueRequired\":true,\"valueName\":\"search_term_string\"}}],\"inLanguage\":\"pl-PL\"},{\"@type\":\"Organization\",\"@id\":\"https:\\\/\\\/boto.art.pl\\\/#organization\",\"name\":\"Teatr Boto\",\"url\":\"https:\\\/\\\/boto.art.pl\\\/\",\"logo\":{\"@type\":\"ImageObject\",\"inLanguage\":\"pl-PL\",\"@id\":\"https:\\\/\\\/boto.art.pl\\\/#\\\/schema\\\/logo\\\/image\\\/\",\"url\":\"https:\\\/\\\/boto.art.pl\\\/wp-content\\\/uploads\\\/2018\\\/03\\\/logotyp.svg\",\"contentUrl\":\"https:\\\/\\\/boto.art.pl\\\/wp-content\\\/uploads\\\/2018\\\/03\\\/logotyp.svg\",\"width\":1,\"height\":1,\"caption\":\"Teatr Boto\"},\"image\":{\"@id\":\"https:\\\/\\\/boto.art.pl\\\/#\\\/schema\\\/logo\\\/image\\\/\"},\"sameAs\":[\"https:\\\/\\\/www.facebook.com\\\/teatrboto\",\"https:\\\/\\\/www.instagram.com\\\/teatr_boto\\\/\"]}]}<\/script>\n<!-- \/ Yoast SEO plugin. -->","yoast_head_json":{"title":"JUSTYNA BARTOSZEWICZ &#8212; Teatr Boto","robots":{"index":"index","follow":"follow","max-snippet":"max-snippet:-1","max-image-preview":"max-image-preview:large","max-video-preview":"max-video-preview:-1"},"canonical":"https:\/\/boto.art.pl\/index.php\/justyna-bartoszewicz\/","og_locale":"pl_PL","og_type":"article","og_title":"JUSTYNA BARTOSZEWICZ &#8212; Teatr Boto","og_description":"JUSTYNA BARTOSZEWICZ Justyna Bartoszewicz - aktorka, absolwentka PWST w Krakowie, Wydzia\u0142 Zamiejscowy we Wroc\u0142awiu.Zwi\u0105zana z Fundacj\u0105 Teatru BOTO, gdzie zagra\u0142a Zur\u0119 w spektaklu NORD-OST oraz wsp\u00f3lnie wyprodukowa\u0142a muzyczne show \u201eW\u0142odek B\u0105k Szo\u0142\u201d oraz \u201eW\u0142odek B\u0105k i ch\u0142opaki\u201d.Zadebiutowa\u0142a w Teatrze Muzycznym Capitol we Wroc\u0142awiu w spektaklu Kaj i Gerda w re\u017c. W. Ko\u015bcielniaka. Wsp\u00f3\u0142pracowa\u0142a z Oper\u0105 [&hellip;]","og_url":"https:\/\/boto.art.pl\/index.php\/justyna-bartoszewicz\/","og_site_name":"Teatr Boto","article_publisher":"https:\/\/www.facebook.com\/teatrboto","article_modified_time":"2020-01-08T21:53:54+00:00","twitter_card":"summary_large_image","twitter_misc":{"Szacowany czas czytania":"1 minuta"},"schema":{"@context":"https:\/\/schema.org","@graph":[{"@type":"WebPage","@id":"https:\/\/boto.art.pl\/index.php\/justyna-bartoszewicz\/","url":"https:\/\/boto.art.pl\/index.php\/justyna-bartoszewicz\/","name":"JUSTYNA BARTOSZEWICZ &#8212; Teatr Boto","isPartOf":{"@id":"https:\/\/boto.art.pl\/#website"},"datePublished":"2018-03-30T07:59:35+00:00","dateModified":"2020-01-08T21:53:54+00:00","breadcrumb":{"@id":"https:\/\/boto.art.pl\/index.php\/justyna-bartoszewicz\/#breadcrumb"},"inLanguage":"pl-PL","potentialAction":[{"@type":"ReadAction","target":["https:\/\/boto.art.pl\/index.php\/justyna-bartoszewicz\/"]}]},{"@type":"BreadcrumbList","@id":"https:\/\/boto.art.pl\/index.php\/justyna-bartoszewicz\/#breadcrumb","itemListElement":[{"@type":"ListItem","position":1,"name":"Strona g\u0142\u00f3wna","item":"https:\/\/boto.art.pl\/"},{"@type":"ListItem","position":2,"name":"JUSTYNA BARTOSZEWICZ"}]},{"@type":"WebSite","@id":"https:\/\/boto.art.pl\/#website","url":"https:\/\/boto.art.pl\/","name":"Teatr Boto","description":"","publisher":{"@id":"https:\/\/boto.art.pl\/#organization"},"potentialAction":[{"@type":"SearchAction","target":{"@type":"EntryPoint","urlTemplate":"https:\/\/boto.art.pl\/?s={search_term_string}"},"query-input":{"@type":"PropertyValueSpecification","valueRequired":true,"valueName":"search_term_string"}}],"inLanguage":"pl-PL"},{"@type":"Organization","@id":"https:\/\/boto.art.pl\/#organization","name":"Teatr Boto","url":"https:\/\/boto.art.pl\/","logo":{"@type":"ImageObject","inLanguage":"pl-PL","@id":"https:\/\/boto.art.pl\/#\/schema\/logo\/image\/","url":"https:\/\/boto.art.pl\/wp-content\/uploads\/2018\/03\/logotyp.svg","contentUrl":"https:\/\/boto.art.pl\/wp-content\/uploads\/2018\/03\/logotyp.svg","width":1,"height":1,"caption":"Teatr Boto"},"image":{"@id":"https:\/\/boto.art.pl\/#\/schema\/logo\/image\/"},"sameAs":["https:\/\/www.facebook.com\/teatrboto","https:\/\/www.instagram.com\/teatr_boto\/"]}]}},"_links":{"self":[{"href":"https:\/\/boto.art.pl\/index.php\/wp-json\/wp\/v2\/pages\/49803","targetHints":{"allow":["GET"]}}],"collection":[{"href":"https:\/\/boto.art.pl\/index.php\/wp-json\/wp\/v2\/pages"}],"about":[{"href":"https:\/\/boto.art.pl\/index.php\/wp-json\/wp\/v2\/types\/page"}],"author":[{"embeddable":true,"href":"https:\/\/boto.art.pl\/index.php\/wp-json\/wp\/v2\/users\/1"}],"replies":[{"embeddable":true,"href":"https:\/\/boto.art.pl\/index.php\/wp-json\/wp\/v2\/comments?post=49803"}],"version-history":[{"count":5,"href":"https:\/\/boto.art.pl\/index.php\/wp-json\/wp\/v2\/pages\/49803\/revisions"}],"predecessor-version":[{"id":56724,"href":"https:\/\/boto.art.pl\/index.php\/wp-json\/wp\/v2\/pages\/49803\/revisions\/56724"}],"wp:attachment":[{"href":"https:\/\/boto.art.pl\/index.php\/wp-json\/wp\/v2\/media?parent=49803"}],"curies":[{"name":"wp","href":"https:\/\/api.w.org\/{rel}","templated":true}]}}