{"id":49806,"date":"2018-03-30T10:18:37","date_gmt":"2018-03-30T08:18:37","guid":{"rendered":"http:\/\/boto.home.pl\/boto_www\/?page_id=49806"},"modified":"2020-01-08T22:55:06","modified_gmt":"2020-01-08T21:55:06","slug":"magdalena-boc","status":"publish","type":"page","link":"https:\/\/boto.art.pl\/index.php\/magdalena-boc\/","title":{"rendered":"MAGDALENA BO\u0106"},"content":{"rendered":"<p>[et_pb_section bb_built=&#8221;1&#8243; _builder_version=&#8221;3.0.47&#8243;][et_pb_row _builder_version=&#8221;3.0.48&#8243; background_size=&#8221;initial&#8221; background_position=&#8221;top_left&#8221; background_repeat=&#8221;repeat&#8221;][et_pb_column type=&#8221;2_5&#8243;][et_pb_image src=&#8221;http:\/\/boto.art.pl\/wp-content\/uploads\/2018\/04\/magda-bo\u0107.jpg&#8221; _builder_version=&#8221;3.0.106&#8243;]<\/p>\n<p><\/p>\n<p>[\/et_pb_image][\/et_pb_column][et_pb_column type=&#8221;3_5&#8243;][et_pb_text _builder_version=&#8221;3.0.106&#8243; text_font=&#8221;|||on|||||&#8221; text_font_size=&#8221;32px&#8221;]<\/p>\n<p>MAGDALENA BO\u0106<\/p>\n<p>[\/et_pb_text][et_pb_text _builder_version=&#8221;3.20.2&#8243; header_text_align=&#8221;left&#8221; link_text_color=&#8221;#000000&#8243;]<\/p>\n<p><strong>Magdalena Bo\u0107<\/strong> &#8211; aktorka, absolwentka PWST w Krakowie, od 2001 roku zawodowo zwi\u0105zana z <a href=\"https:\/\/www.teatrwybrzeze.pl\/zespol\/magdalena-boc\">Teatrem Wybrze\u017ce<\/a>.<\/p>\n<p>Zagra\u0142a w spektaklu <a href=\"http:\/\/boto.art.pl\/index.php\/nord-ost\/\">NORD-OST<\/a> w re\u017c. <a href=\"http:\/\/boto.art.pl\/index.php\/adam-nalepa\/\">Adama Nalepy<\/a>, a tak\u017ce niejednokrotnie bra\u0142a udzia\u0142 jako aktorka w Rezydencji Artystycznej <a href=\"http:\/\/boto.art.pl\/index.php\/sopot-non-fiction\/\">Sopot Non-Fiction<\/a>.<\/p>\n<p>Mo\u017cna j\u0105 ogl\u0105da\u0107 w takich spektaklach jak: \u201eIntymne l\u0119ki\u201d i \u201eTresowane dusze\u201d w re\u017c. A. Orzechowskiego, \u201eS\u0142odki ptak m\u0142odo\u015bci\u201d w re\u017c. G. Wi\u015bniewskiego, \u201eSolness\u201d w re\u017c. I. Vedrala, \u201eNie-Boska Komedia\u201d w re\u017c. A. Nalepy, \u201eCia\u0142a obce\u201d w re\u017c. K. Kowalski, \u201eWyspa niczyja. Mapping\u201d w rez. J. Tumidajskiego, \u201eCzarownice z Salem\u201d w re\u017c. A. Nalepy, \u201eP\u0142atonow\u201d w re\u017c. G. Wi\u015bniewskiego, \u201eWeso\u0142e kumoszki z Windsoru\u201d w re\u017c. P. Algnera.<\/p>\n<p>W Akademii Muzycznej we Wroc\u0142awiu wyre\u017cyserowa\u0142a \u201eCleofide\u201d Johanna Adolfa Hassego (2013).<\/p>\n<p>[\/et_pb_text][\/et_pb_column][\/et_pb_row][\/et_pb_section]<\/p>\n","protected":false},"excerpt":{"rendered":"<p>MAGDALENA BO\u0106 Magdalena Bo\u0107 &#8211; aktorka, absolwentka PWST w Krakowie, od 2001 roku zawodowo zwi\u0105zana z Teatrem Wybrze\u017ce.Zagra\u0142a w spektaklu NORD-OST w re\u017c. Adama Nalepy, a tak\u017ce niejednokrotnie bra\u0142a udzia\u0142 jako aktorka w Rezydencji Artystycznej Sopot Non-Fiction.Mo\u017cna j\u0105 ogl\u0105da\u0107 w takich spektaklach jak: \u201eIntymne l\u0119ki\u201d i \u201eTresowane dusze\u201d w re\u017c. A. Orzechowskiego, \u201eS\u0142odki ptak m\u0142odo\u015bci\u201d [&hellip;]<\/p>\n","protected":false},"author":1,"featured_media":0,"parent":0,"menu_order":0,"comment_status":"closed","ping_status":"closed","template":"","meta":{"_et_pb_use_builder":"on","_et_pb_old_content":"","_et_gb_content_width":"","inline_featured_image":false,"footnotes":""},"class_list":["post-49806","page","type-page","status-publish","hentry"],"yoast_head":"<!-- This site is optimized with the Yoast SEO plugin v27.5 - https:\/\/yoast.com\/product\/yoast-seo-wordpress\/ -->\n<title>MAGDALENA BO\u0106 &#8212; Teatr Boto<\/title>\n<meta name=\"robots\" content=\"index, follow, max-snippet:-1, max-image-preview:large, max-video-preview:-1\" \/>\n<link rel=\"canonical\" href=\"https:\/\/boto.art.pl\/index.php\/magdalena-boc\/\" \/>\n<meta property=\"og:locale\" content=\"pl_PL\" \/>\n<meta property=\"og:type\" content=\"article\" \/>\n<meta property=\"og:title\" content=\"MAGDALENA BO\u0106 &#8212; Teatr Boto\" \/>\n<meta property=\"og:description\" content=\"MAGDALENA BO\u0106 Magdalena Bo\u0107 - aktorka, absolwentka PWST w Krakowie, od 2001 roku zawodowo zwi\u0105zana z Teatrem Wybrze\u017ce.Zagra\u0142a w spektaklu NORD-OST w re\u017c. Adama Nalepy, a tak\u017ce niejednokrotnie bra\u0142a udzia\u0142 jako aktorka w Rezydencji Artystycznej Sopot Non-Fiction.Mo\u017cna j\u0105 ogl\u0105da\u0107 w takich spektaklach jak: \u201eIntymne l\u0119ki\u201d i \u201eTresowane dusze\u201d w re\u017c. A. Orzechowskiego, \u201eS\u0142odki ptak m\u0142odo\u015bci\u201d [&hellip;]\" \/>\n<meta property=\"og:url\" content=\"https:\/\/boto.art.pl\/index.php\/magdalena-boc\/\" \/>\n<meta property=\"og:site_name\" content=\"Teatr Boto\" \/>\n<meta property=\"article:publisher\" content=\"https:\/\/www.facebook.com\/teatrboto\" \/>\n<meta property=\"article:modified_time\" content=\"2020-01-08T21:55:06+00:00\" \/>\n<meta name=\"twitter:card\" content=\"summary_large_image\" \/>\n<meta name=\"twitter:label1\" content=\"Szacowany czas czytania\" \/>\n\t<meta name=\"twitter:data1\" content=\"1 minuta\" \/>\n<script type=\"application\/ld+json\" class=\"yoast-schema-graph\">{\"@context\":\"https:\\\/\\\/schema.org\",\"@graph\":[{\"@type\":\"WebPage\",\"@id\":\"https:\\\/\\\/boto.art.pl\\\/index.php\\\/magdalena-boc\\\/\",\"url\":\"https:\\\/\\\/boto.art.pl\\\/index.php\\\/magdalena-boc\\\/\",\"name\":\"MAGDALENA BO\u0106 &#8212; Teatr Boto\",\"isPartOf\":{\"@id\":\"https:\\\/\\\/boto.art.pl\\\/#website\"},\"datePublished\":\"2018-03-30T08:18:37+00:00\",\"dateModified\":\"2020-01-08T21:55:06+00:00\",\"breadcrumb\":{\"@id\":\"https:\\\/\\\/boto.art.pl\\\/index.php\\\/magdalena-boc\\\/#breadcrumb\"},\"inLanguage\":\"pl-PL\",\"potentialAction\":[{\"@type\":\"ReadAction\",\"target\":[\"https:\\\/\\\/boto.art.pl\\\/index.php\\\/magdalena-boc\\\/\"]}]},{\"@type\":\"BreadcrumbList\",\"@id\":\"https:\\\/\\\/boto.art.pl\\\/index.php\\\/magdalena-boc\\\/#breadcrumb\",\"itemListElement\":[{\"@type\":\"ListItem\",\"position\":1,\"name\":\"Strona g\u0142\u00f3wna\",\"item\":\"https:\\\/\\\/boto.art.pl\\\/\"},{\"@type\":\"ListItem\",\"position\":2,\"name\":\"MAGDALENA BO\u0106\"}]},{\"@type\":\"WebSite\",\"@id\":\"https:\\\/\\\/boto.art.pl\\\/#website\",\"url\":\"https:\\\/\\\/boto.art.pl\\\/\",\"name\":\"Teatr Boto\",\"description\":\"\",\"publisher\":{\"@id\":\"https:\\\/\\\/boto.art.pl\\\/#organization\"},\"potentialAction\":[{\"@type\":\"SearchAction\",\"target\":{\"@type\":\"EntryPoint\",\"urlTemplate\":\"https:\\\/\\\/boto.art.pl\\\/?s={search_term_string}\"},\"query-input\":{\"@type\":\"PropertyValueSpecification\",\"valueRequired\":true,\"valueName\":\"search_term_string\"}}],\"inLanguage\":\"pl-PL\"},{\"@type\":\"Organization\",\"@id\":\"https:\\\/\\\/boto.art.pl\\\/#organization\",\"name\":\"Teatr Boto\",\"url\":\"https:\\\/\\\/boto.art.pl\\\/\",\"logo\":{\"@type\":\"ImageObject\",\"inLanguage\":\"pl-PL\",\"@id\":\"https:\\\/\\\/boto.art.pl\\\/#\\\/schema\\\/logo\\\/image\\\/\",\"url\":\"https:\\\/\\\/boto.art.pl\\\/wp-content\\\/uploads\\\/2018\\\/03\\\/logotyp.svg\",\"contentUrl\":\"https:\\\/\\\/boto.art.pl\\\/wp-content\\\/uploads\\\/2018\\\/03\\\/logotyp.svg\",\"width\":1,\"height\":1,\"caption\":\"Teatr Boto\"},\"image\":{\"@id\":\"https:\\\/\\\/boto.art.pl\\\/#\\\/schema\\\/logo\\\/image\\\/\"},\"sameAs\":[\"https:\\\/\\\/www.facebook.com\\\/teatrboto\",\"https:\\\/\\\/www.instagram.com\\\/teatr_boto\\\/\"]}]}<\/script>\n<!-- \/ Yoast SEO plugin. -->","yoast_head_json":{"title":"MAGDALENA BO\u0106 &#8212; Teatr Boto","robots":{"index":"index","follow":"follow","max-snippet":"max-snippet:-1","max-image-preview":"max-image-preview:large","max-video-preview":"max-video-preview:-1"},"canonical":"https:\/\/boto.art.pl\/index.php\/magdalena-boc\/","og_locale":"pl_PL","og_type":"article","og_title":"MAGDALENA BO\u0106 &#8212; Teatr Boto","og_description":"MAGDALENA BO\u0106 Magdalena Bo\u0107 - aktorka, absolwentka PWST w Krakowie, od 2001 roku zawodowo zwi\u0105zana z Teatrem Wybrze\u017ce.Zagra\u0142a w spektaklu NORD-OST w re\u017c. Adama Nalepy, a tak\u017ce niejednokrotnie bra\u0142a udzia\u0142 jako aktorka w Rezydencji Artystycznej Sopot Non-Fiction.Mo\u017cna j\u0105 ogl\u0105da\u0107 w takich spektaklach jak: \u201eIntymne l\u0119ki\u201d i \u201eTresowane dusze\u201d w re\u017c. A. Orzechowskiego, \u201eS\u0142odki ptak m\u0142odo\u015bci\u201d [&hellip;]","og_url":"https:\/\/boto.art.pl\/index.php\/magdalena-boc\/","og_site_name":"Teatr Boto","article_publisher":"https:\/\/www.facebook.com\/teatrboto","article_modified_time":"2020-01-08T21:55:06+00:00","twitter_card":"summary_large_image","twitter_misc":{"Szacowany czas czytania":"1 minuta"},"schema":{"@context":"https:\/\/schema.org","@graph":[{"@type":"WebPage","@id":"https:\/\/boto.art.pl\/index.php\/magdalena-boc\/","url":"https:\/\/boto.art.pl\/index.php\/magdalena-boc\/","name":"MAGDALENA BO\u0106 &#8212; Teatr Boto","isPartOf":{"@id":"https:\/\/boto.art.pl\/#website"},"datePublished":"2018-03-30T08:18:37+00:00","dateModified":"2020-01-08T21:55:06+00:00","breadcrumb":{"@id":"https:\/\/boto.art.pl\/index.php\/magdalena-boc\/#breadcrumb"},"inLanguage":"pl-PL","potentialAction":[{"@type":"ReadAction","target":["https:\/\/boto.art.pl\/index.php\/magdalena-boc\/"]}]},{"@type":"BreadcrumbList","@id":"https:\/\/boto.art.pl\/index.php\/magdalena-boc\/#breadcrumb","itemListElement":[{"@type":"ListItem","position":1,"name":"Strona g\u0142\u00f3wna","item":"https:\/\/boto.art.pl\/"},{"@type":"ListItem","position":2,"name":"MAGDALENA BO\u0106"}]},{"@type":"WebSite","@id":"https:\/\/boto.art.pl\/#website","url":"https:\/\/boto.art.pl\/","name":"Teatr Boto","description":"","publisher":{"@id":"https:\/\/boto.art.pl\/#organization"},"potentialAction":[{"@type":"SearchAction","target":{"@type":"EntryPoint","urlTemplate":"https:\/\/boto.art.pl\/?s={search_term_string}"},"query-input":{"@type":"PropertyValueSpecification","valueRequired":true,"valueName":"search_term_string"}}],"inLanguage":"pl-PL"},{"@type":"Organization","@id":"https:\/\/boto.art.pl\/#organization","name":"Teatr Boto","url":"https:\/\/boto.art.pl\/","logo":{"@type":"ImageObject","inLanguage":"pl-PL","@id":"https:\/\/boto.art.pl\/#\/schema\/logo\/image\/","url":"https:\/\/boto.art.pl\/wp-content\/uploads\/2018\/03\/logotyp.svg","contentUrl":"https:\/\/boto.art.pl\/wp-content\/uploads\/2018\/03\/logotyp.svg","width":1,"height":1,"caption":"Teatr Boto"},"image":{"@id":"https:\/\/boto.art.pl\/#\/schema\/logo\/image\/"},"sameAs":["https:\/\/www.facebook.com\/teatrboto","https:\/\/www.instagram.com\/teatr_boto\/"]}]}},"_links":{"self":[{"href":"https:\/\/boto.art.pl\/index.php\/wp-json\/wp\/v2\/pages\/49806","targetHints":{"allow":["GET"]}}],"collection":[{"href":"https:\/\/boto.art.pl\/index.php\/wp-json\/wp\/v2\/pages"}],"about":[{"href":"https:\/\/boto.art.pl\/index.php\/wp-json\/wp\/v2\/types\/page"}],"author":[{"embeddable":true,"href":"https:\/\/boto.art.pl\/index.php\/wp-json\/wp\/v2\/users\/1"}],"replies":[{"embeddable":true,"href":"https:\/\/boto.art.pl\/index.php\/wp-json\/wp\/v2\/comments?post=49806"}],"version-history":[{"count":5,"href":"https:\/\/boto.art.pl\/index.php\/wp-json\/wp\/v2\/pages\/49806\/revisions"}],"predecessor-version":[{"id":56726,"href":"https:\/\/boto.art.pl\/index.php\/wp-json\/wp\/v2\/pages\/49806\/revisions\/56726"}],"wp:attachment":[{"href":"https:\/\/boto.art.pl\/index.php\/wp-json\/wp\/v2\/media?parent=49806"}],"curies":[{"name":"wp","href":"https:\/\/api.w.org\/{rel}","templated":true}]}}