{"id":49812,"date":"2018-03-30T11:37:57","date_gmt":"2018-03-30T09:37:57","guid":{"rendered":"http:\/\/boto.home.pl\/boto_www\/?page_id=49812"},"modified":"2020-01-08T23:17:28","modified_gmt":"2020-01-08T22:17:28","slug":"tomasz-man","status":"publish","type":"page","link":"https:\/\/boto.art.pl\/index.php\/tomasz-man\/","title":{"rendered":"TOMASZ MAN"},"content":{"rendered":"<p>[et_pb_section bb_built=&#8221;1&#8243;][et_pb_row][et_pb_column type=&#8221;4_4&#8243;][et_pb_text _builder_version=&#8221;3.0.106&#8243; background_layout=&#8221;light&#8221; text_font=&#8221;|||on|||||&#8221; text_font_size=&#8221;32px&#8221;]<\/p>\n<p>\nTOMASZ MAN<\/p>\n<p>[\/et_pb_text][et_pb_text _builder_version=&#8221;3.0.106&#8243; background_layout=&#8221;light&#8221; header_text_align=&#8221;left&#8221;]<\/p>\n<p>\nTomasz Man, dramatopisarz i re\u017cyser, doktor filologii polskiej (studia magisterskie i doktoranckie uko\u0144czy\u0142 na Uniwersytecie Wroc\u0142awskim), absolwent Wydzia\u0142u Re\u017cyserii Dramatu warszawskiej Akademii Teatralnej. W latach 2003-2005 by\u0142 kierownikiem literackim w Teatrze im. Wandy Siemaszkowej w Rzeszowie, a od 2004 do 2005 roku by\u0142 konsultantem programowym w Teatrze im. Adama Mickiewicza w Cz\u0119stochowie. W latach 1997-2002 publikowa\u0142 swoje teksty w \u201eTeatrze\u201d, \u201eDialogu\u201d i \u201eNotatniku Teatralnym\u201d. Jest autorem kilku dramat\u00f3w: \u201eKatarantka\u201d, \u201eHistoria pewnej mi\u0142o\u015bci\u201d, \u201e111\u201d, \u201eDeszcze\u201d, \u201e3\u00d72\u201d, \u201eDobrze\u201d, \u201eCi\u0119cie\u201d, \u201eEu\u201d, \u201eC(r)ash Europe, \u201e\u015awiat jest skandalem\u201d oraz \u201eWszystko si\u0119 uda\u201d. Re\u017cyserowa\u0142 na deskach wielu polskich scen, mi\u0119dzy innymi: Teatru Dramatycznego w Bia\u0142ymstoku, Teatru Polskiego we Wroc\u0142awiu, Teatru Powszechnego w \u0141odzi, Teatru Studio w Warszawie, Teatru Miejskiego w Gdyni, Teatru Narodowego w Warszawie i wielu innych.<\/p>\n<p>[\/et_pb_text][\/et_pb_column][\/et_pb_row][\/et_pb_section]<\/p>\n","protected":false},"excerpt":{"rendered":"<p><div class=\"et_pb_row et_pb_row_0 et_pb_row_empty\">\n\t\t\t\t\n\t\t\t\t\n\t\t\t\t\n\t\t\t\t\n\t\t\t\t\n\t\t\t<\/div> TOMASZ MAN Tomasz Man, dramatopisarz i re\u017cyser, doktor filologii polskiej (studia magisterskie i doktoranckie uko\u0144czy\u0142 na Uniwersytecie Wroc\u0142awskim), absolwent Wydzia\u0142u Re\u017cyserii Dramatu warszawskiej Akademii Teatralnej. W latach 2003-2005 by\u0142 kierownikiem literackim w Teatrze im. Wandy Siemaszkowej w Rzeszowie, a od 2004 do 2005 roku by\u0142 konsultantem programowym w Teatrze im. Adama Mickiewicza w Cz\u0119stochowie. [&hellip;]<\/p>\n","protected":false},"author":1,"featured_media":0,"parent":0,"menu_order":0,"comment_status":"closed","ping_status":"closed","template":"","meta":{"_et_pb_use_builder":"on","_et_pb_old_content":"","_et_gb_content_width":"","inline_featured_image":false,"footnotes":""},"class_list":["post-49812","page","type-page","status-publish","hentry"],"yoast_head":"<!-- This site is optimized with the Yoast SEO plugin v27.4 - https:\/\/yoast.com\/product\/yoast-seo-wordpress\/ -->\n<title>TOMASZ MAN &#8212; Teatr Boto<\/title>\n<meta name=\"robots\" content=\"index, follow, max-snippet:-1, max-image-preview:large, max-video-preview:-1\" \/>\n<link rel=\"canonical\" href=\"https:\/\/boto.art.pl\/index.php\/tomasz-man\/\" \/>\n<meta property=\"og:locale\" content=\"pl_PL\" \/>\n<meta property=\"og:type\" content=\"article\" \/>\n<meta property=\"og:title\" content=\"TOMASZ MAN &#8212; Teatr Boto\" \/>\n<meta property=\"og:description\" content=\"TOMASZ MAN Tomasz Man, dramatopisarz i re\u017cyser, doktor filologii polskiej (studia magisterskie i doktoranckie uko\u0144czy\u0142 na Uniwersytecie Wroc\u0142awskim), absolwent Wydzia\u0142u Re\u017cyserii Dramatu warszawskiej Akademii Teatralnej. W latach 2003-2005 by\u0142 kierownikiem literackim w Teatrze im. Wandy Siemaszkowej w Rzeszowie, a od 2004 do 2005 roku by\u0142 konsultantem programowym w Teatrze im. Adama Mickiewicza w Cz\u0119stochowie. [&hellip;]\" \/>\n<meta property=\"og:url\" content=\"https:\/\/boto.art.pl\/index.php\/tomasz-man\/\" \/>\n<meta property=\"og:site_name\" content=\"Teatr Boto\" \/>\n<meta property=\"article:publisher\" content=\"https:\/\/www.facebook.com\/teatrboto\" \/>\n<meta property=\"article:modified_time\" content=\"2020-01-08T22:17:28+00:00\" \/>\n<meta name=\"twitter:card\" content=\"summary_large_image\" \/>\n<meta name=\"twitter:label1\" content=\"Szacowany czas czytania\" \/>\n\t<meta name=\"twitter:data1\" content=\"1 minuta\" \/>\n<script type=\"application\/ld+json\" class=\"yoast-schema-graph\">{\"@context\":\"https:\\\/\\\/schema.org\",\"@graph\":[{\"@type\":\"WebPage\",\"@id\":\"https:\\\/\\\/boto.art.pl\\\/index.php\\\/tomasz-man\\\/\",\"url\":\"https:\\\/\\\/boto.art.pl\\\/index.php\\\/tomasz-man\\\/\",\"name\":\"TOMASZ MAN &#8212; Teatr Boto\",\"isPartOf\":{\"@id\":\"https:\\\/\\\/boto.art.pl\\\/#website\"},\"datePublished\":\"2018-03-30T09:37:57+00:00\",\"dateModified\":\"2020-01-08T22:17:28+00:00\",\"breadcrumb\":{\"@id\":\"https:\\\/\\\/boto.art.pl\\\/index.php\\\/tomasz-man\\\/#breadcrumb\"},\"inLanguage\":\"pl-PL\",\"potentialAction\":[{\"@type\":\"ReadAction\",\"target\":[\"https:\\\/\\\/boto.art.pl\\\/index.php\\\/tomasz-man\\\/\"]}]},{\"@type\":\"BreadcrumbList\",\"@id\":\"https:\\\/\\\/boto.art.pl\\\/index.php\\\/tomasz-man\\\/#breadcrumb\",\"itemListElement\":[{\"@type\":\"ListItem\",\"position\":1,\"name\":\"Strona g\u0142\u00f3wna\",\"item\":\"https:\\\/\\\/boto.art.pl\\\/\"},{\"@type\":\"ListItem\",\"position\":2,\"name\":\"TOMASZ MAN\"}]},{\"@type\":\"WebSite\",\"@id\":\"https:\\\/\\\/boto.art.pl\\\/#website\",\"url\":\"https:\\\/\\\/boto.art.pl\\\/\",\"name\":\"Teatr Boto\",\"description\":\"\",\"publisher\":{\"@id\":\"https:\\\/\\\/boto.art.pl\\\/#organization\"},\"potentialAction\":[{\"@type\":\"SearchAction\",\"target\":{\"@type\":\"EntryPoint\",\"urlTemplate\":\"https:\\\/\\\/boto.art.pl\\\/?s={search_term_string}\"},\"query-input\":{\"@type\":\"PropertyValueSpecification\",\"valueRequired\":true,\"valueName\":\"search_term_string\"}}],\"inLanguage\":\"pl-PL\"},{\"@type\":\"Organization\",\"@id\":\"https:\\\/\\\/boto.art.pl\\\/#organization\",\"name\":\"Teatr Boto\",\"url\":\"https:\\\/\\\/boto.art.pl\\\/\",\"logo\":{\"@type\":\"ImageObject\",\"inLanguage\":\"pl-PL\",\"@id\":\"https:\\\/\\\/boto.art.pl\\\/#\\\/schema\\\/logo\\\/image\\\/\",\"url\":\"https:\\\/\\\/boto.art.pl\\\/wp-content\\\/uploads\\\/2018\\\/03\\\/logotyp.svg\",\"contentUrl\":\"https:\\\/\\\/boto.art.pl\\\/wp-content\\\/uploads\\\/2018\\\/03\\\/logotyp.svg\",\"width\":1,\"height\":1,\"caption\":\"Teatr Boto\"},\"image\":{\"@id\":\"https:\\\/\\\/boto.art.pl\\\/#\\\/schema\\\/logo\\\/image\\\/\"},\"sameAs\":[\"https:\\\/\\\/www.facebook.com\\\/teatrboto\",\"https:\\\/\\\/www.instagram.com\\\/teatr_boto\\\/\"]}]}<\/script>\n<!-- \/ Yoast SEO plugin. -->","yoast_head_json":{"title":"TOMASZ MAN &#8212; Teatr Boto","robots":{"index":"index","follow":"follow","max-snippet":"max-snippet:-1","max-image-preview":"max-image-preview:large","max-video-preview":"max-video-preview:-1"},"canonical":"https:\/\/boto.art.pl\/index.php\/tomasz-man\/","og_locale":"pl_PL","og_type":"article","og_title":"TOMASZ MAN &#8212; Teatr Boto","og_description":"TOMASZ MAN Tomasz Man, dramatopisarz i re\u017cyser, doktor filologii polskiej (studia magisterskie i doktoranckie uko\u0144czy\u0142 na Uniwersytecie Wroc\u0142awskim), absolwent Wydzia\u0142u Re\u017cyserii Dramatu warszawskiej Akademii Teatralnej. W latach 2003-2005 by\u0142 kierownikiem literackim w Teatrze im. Wandy Siemaszkowej w Rzeszowie, a od 2004 do 2005 roku by\u0142 konsultantem programowym w Teatrze im. Adama Mickiewicza w Cz\u0119stochowie. [&hellip;]","og_url":"https:\/\/boto.art.pl\/index.php\/tomasz-man\/","og_site_name":"Teatr Boto","article_publisher":"https:\/\/www.facebook.com\/teatrboto","article_modified_time":"2020-01-08T22:17:28+00:00","twitter_card":"summary_large_image","twitter_misc":{"Szacowany czas czytania":"1 minuta"},"schema":{"@context":"https:\/\/schema.org","@graph":[{"@type":"WebPage","@id":"https:\/\/boto.art.pl\/index.php\/tomasz-man\/","url":"https:\/\/boto.art.pl\/index.php\/tomasz-man\/","name":"TOMASZ MAN &#8212; Teatr Boto","isPartOf":{"@id":"https:\/\/boto.art.pl\/#website"},"datePublished":"2018-03-30T09:37:57+00:00","dateModified":"2020-01-08T22:17:28+00:00","breadcrumb":{"@id":"https:\/\/boto.art.pl\/index.php\/tomasz-man\/#breadcrumb"},"inLanguage":"pl-PL","potentialAction":[{"@type":"ReadAction","target":["https:\/\/boto.art.pl\/index.php\/tomasz-man\/"]}]},{"@type":"BreadcrumbList","@id":"https:\/\/boto.art.pl\/index.php\/tomasz-man\/#breadcrumb","itemListElement":[{"@type":"ListItem","position":1,"name":"Strona g\u0142\u00f3wna","item":"https:\/\/boto.art.pl\/"},{"@type":"ListItem","position":2,"name":"TOMASZ MAN"}]},{"@type":"WebSite","@id":"https:\/\/boto.art.pl\/#website","url":"https:\/\/boto.art.pl\/","name":"Teatr Boto","description":"","publisher":{"@id":"https:\/\/boto.art.pl\/#organization"},"potentialAction":[{"@type":"SearchAction","target":{"@type":"EntryPoint","urlTemplate":"https:\/\/boto.art.pl\/?s={search_term_string}"},"query-input":{"@type":"PropertyValueSpecification","valueRequired":true,"valueName":"search_term_string"}}],"inLanguage":"pl-PL"},{"@type":"Organization","@id":"https:\/\/boto.art.pl\/#organization","name":"Teatr Boto","url":"https:\/\/boto.art.pl\/","logo":{"@type":"ImageObject","inLanguage":"pl-PL","@id":"https:\/\/boto.art.pl\/#\/schema\/logo\/image\/","url":"https:\/\/boto.art.pl\/wp-content\/uploads\/2018\/03\/logotyp.svg","contentUrl":"https:\/\/boto.art.pl\/wp-content\/uploads\/2018\/03\/logotyp.svg","width":1,"height":1,"caption":"Teatr Boto"},"image":{"@id":"https:\/\/boto.art.pl\/#\/schema\/logo\/image\/"},"sameAs":["https:\/\/www.facebook.com\/teatrboto","https:\/\/www.instagram.com\/teatr_boto\/"]}]}},"_links":{"self":[{"href":"https:\/\/boto.art.pl\/index.php\/wp-json\/wp\/v2\/pages\/49812","targetHints":{"allow":["GET"]}}],"collection":[{"href":"https:\/\/boto.art.pl\/index.php\/wp-json\/wp\/v2\/pages"}],"about":[{"href":"https:\/\/boto.art.pl\/index.php\/wp-json\/wp\/v2\/types\/page"}],"author":[{"embeddable":true,"href":"https:\/\/boto.art.pl\/index.php\/wp-json\/wp\/v2\/users\/1"}],"replies":[{"embeddable":true,"href":"https:\/\/boto.art.pl\/index.php\/wp-json\/wp\/v2\/comments?post=49812"}],"version-history":[{"count":3,"href":"https:\/\/boto.art.pl\/index.php\/wp-json\/wp\/v2\/pages\/49812\/revisions"}],"predecessor-version":[{"id":56739,"href":"https:\/\/boto.art.pl\/index.php\/wp-json\/wp\/v2\/pages\/49812\/revisions\/56739"}],"wp:attachment":[{"href":"https:\/\/boto.art.pl\/index.php\/wp-json\/wp\/v2\/media?parent=49812"}],"curies":[{"name":"wp","href":"https:\/\/api.w.org\/{rel}","templated":true}]}}