{"id":49815,"date":"2018-03-30T11:40:09","date_gmt":"2018-03-30T09:40:09","guid":{"rendered":"http:\/\/boto.home.pl\/boto_www\/?page_id=49815"},"modified":"2019-05-02T20:21:53","modified_gmt":"2019-05-02T18:21:53","slug":"zofia-nather","status":"publish","type":"page","link":"https:\/\/boto.art.pl\/index.php\/zofia-nather\/","title":{"rendered":"ZOFIA BARTO\u015a"},"content":{"rendered":"<p>[et_pb_section fb_built=&#8221;1&#8243; _builder_version=&#8221;3.0.47&#8243;][et_pb_row _builder_version=&#8221;3.0.48&#8243; background_size=&#8221;initial&#8221; background_position=&#8221;top_left&#8221; background_repeat=&#8221;repeat&#8221;][et_pb_column type=&#8221;1_2&#8243; _builder_version=&#8221;3.0.47&#8243;][et_pb_image _builder_version=&#8221;3.20.2&#8243; src=&#8221;http:\/\/boto.art.pl\/wp-content\/uploads\/2019\/05\/zosia-nather.jpg&#8221;][\/et_pb_image][\/et_pb_column][et_pb_column type=&#8221;1_2&#8243; _builder_version=&#8221;3.0.47&#8243;][et_pb_text _builder_version=&#8221;3.20.2&#8243; text_font=&#8221;|||on|||||&#8221; text_font_size=&#8221;32px&#8221;]<\/p>\n<p>ZOFIA BARTO\u015a<\/p>\n<p>[\/et_pb_text][et_pb_text _builder_version=&#8221;3.20.2&#8243; text_font=&#8221;||||||||&#8221; link_font=&#8221;||||||||&#8221; link_text_color=&#8221;#777777&#8243; header_text_align=&#8221;left&#8221;]<\/p>\n<p><strong>Zofia Barto\u015b<\/strong> &#8211;\u00a0 aktorka, uko\u0144czy\u0142a z wyr\u00f3\u017cnieniem presti\u017cowy program dyplomowy w Lee Strasberg Theatre and Film Institute w Nowym Jorku. Tam te\u017c studiowa\u0142a w Michael Howard Studios, a wcze\u015bniej w \u0141odzi, na wydziale aktorskim Pa\u0144stwowej Wy\u017cszej Szko\u0142y Filmowej, Telewizyjnej i Teatralnej.<\/p>\n<p>W Teatrze BOTO mo\u017cna by\u0142o j\u0105 zobaczy\u0107 w spektaklu <strong><a href=\"http:\/\/boto.art.pl\/index.php\/alicja-pod-ziemia\/\">Alicja pod ziemi\u0105<\/a><\/strong> oraz nadal mo\u017cna w spektaklu <strong><a href=\"http:\/\/boto.art.pl\/index.php\/wrozka-z-kranu\/\">Wr\u00f3\u017cka z kranu<\/a><\/strong> &#8211; oba w re\u017cyserii <a href=\"http:\/\/boto.art.pl\/index.php\/michal-derlatka\/\">Micha\u0142a Derlatki<\/a>.<\/p>\n<p>Uko\u0144czy\u0142a kursy technik aktorskich mi\u0119dzy innymi w L\u2019\u00e9cole du Jeu w Pary\u017cu czy Kulturbrauerei w Berlinie. Jest aktywnym cz\u0142onkiem zwi\u0105zku zawodowego aktor\u00f3w filmowych i telewizyjnych Screen Actors Guild \u2013 American Federation of Radio and Television Artists. Posiada dyplom specjalisty od walk scenicznych wydany przez Stowarzyszenie Ameryka\u0144skich Re\u017cyser\u00f3w Walk SAFD w 2008 r.<\/p>\n<p>Wraz z grup\u0105 nowojorskich artyst\u00f3w za\u0142o\u017cy\u0142a Fixitsolife Theatre Company, zrzeszaj\u0105c\u0105 w\u00f3wczas m.in. Anatola Yusef, Daniel\u0119 Ruah, Christiane Seidel oraz Francesco Campari. Pracowa\u0142a z takimi re\u017cyserkami jak Young Jean Lee, Polina Klimovitskaya czy Lear de Bessonet w teatrach g\u0142\u00f3wnego nurtu (np. The Public Theater na Manhattanie) i znanych instytucjach poszukiwa\u0144 tw\u00f3rczych (np. Leimay Cave na Brooklynie). Adeptka techniki pracy cia\u0142em Kinetic Mind Technique.<\/p>\n<p>Od 2012 roku w Tr\u00f3jmie\u015bcie, wsp\u00f3\u0142pracuje z Teatrem BOTO w Sopocie oraz teatrem Miniatura<\/p>\n<p>[\/et_pb_text][\/et_pb_column][\/et_pb_row][\/et_pb_section]<\/p>\n","protected":false},"excerpt":{"rendered":"<p>ZOFIA BARTO\u015aZofia Barto\u015b &#8211;\u00a0 aktorka, uko\u0144czy\u0142a z wyr\u00f3\u017cnieniem presti\u017cowy program dyplomowy w Lee Strasberg Theatre and Film Institute w Nowym Jorku. Tam te\u017c studiowa\u0142a w Michael Howard Studios, a wcze\u015bniej w \u0141odzi, na wydziale aktorskim Pa\u0144stwowej Wy\u017cszej Szko\u0142y Filmowej, Telewizyjnej i Teatralnej. W Teatrze BOTO mo\u017cna by\u0142o j\u0105 zobaczy\u0107 w spektaklu Alicja pod ziemi\u0105 oraz [&hellip;]<\/p>\n","protected":false},"author":1,"featured_media":0,"parent":0,"menu_order":0,"comment_status":"closed","ping_status":"closed","template":"","meta":{"_et_pb_use_builder":"on","_et_pb_old_content":"","_et_gb_content_width":"","inline_featured_image":false,"footnotes":""},"class_list":["post-49815","page","type-page","status-publish","hentry"],"yoast_head":"<!-- This site is optimized with the Yoast SEO plugin v27.4 - https:\/\/yoast.com\/product\/yoast-seo-wordpress\/ -->\n<title>ZOFIA BARTO\u015a &#8212; Teatr Boto<\/title>\n<meta name=\"robots\" content=\"index, follow, max-snippet:-1, max-image-preview:large, max-video-preview:-1\" \/>\n<link rel=\"canonical\" href=\"https:\/\/boto.art.pl\/index.php\/zofia-nather\/\" \/>\n<meta property=\"og:locale\" content=\"pl_PL\" \/>\n<meta property=\"og:type\" content=\"article\" \/>\n<meta property=\"og:title\" content=\"ZOFIA BARTO\u015a &#8212; Teatr Boto\" \/>\n<meta property=\"og:description\" content=\"ZOFIA BARTO\u015aZofia Barto\u015b -\u00a0 aktorka, uko\u0144czy\u0142a z wyr\u00f3\u017cnieniem presti\u017cowy program dyplomowy w Lee Strasberg Theatre and Film Institute w Nowym Jorku. Tam te\u017c studiowa\u0142a w Michael Howard Studios, a wcze\u015bniej w \u0141odzi, na wydziale aktorskim Pa\u0144stwowej Wy\u017cszej Szko\u0142y Filmowej, Telewizyjnej i Teatralnej. W Teatrze BOTO mo\u017cna by\u0142o j\u0105 zobaczy\u0107 w spektaklu Alicja pod ziemi\u0105 oraz [&hellip;]\" \/>\n<meta property=\"og:url\" content=\"https:\/\/boto.art.pl\/index.php\/zofia-nather\/\" \/>\n<meta property=\"og:site_name\" content=\"Teatr Boto\" \/>\n<meta property=\"article:publisher\" content=\"https:\/\/www.facebook.com\/teatrboto\" \/>\n<meta property=\"article:modified_time\" content=\"2019-05-02T18:21:53+00:00\" \/>\n<meta name=\"twitter:card\" content=\"summary_large_image\" \/>\n<meta name=\"twitter:label1\" content=\"Szacowany czas czytania\" \/>\n\t<meta name=\"twitter:data1\" content=\"2 minuty\" \/>\n<script type=\"application\/ld+json\" class=\"yoast-schema-graph\">{\"@context\":\"https:\\\/\\\/schema.org\",\"@graph\":[{\"@type\":\"WebPage\",\"@id\":\"https:\\\/\\\/boto.art.pl\\\/index.php\\\/zofia-nather\\\/\",\"url\":\"https:\\\/\\\/boto.art.pl\\\/index.php\\\/zofia-nather\\\/\",\"name\":\"ZOFIA BARTO\u015a &#8212; Teatr Boto\",\"isPartOf\":{\"@id\":\"https:\\\/\\\/boto.art.pl\\\/#website\"},\"datePublished\":\"2018-03-30T09:40:09+00:00\",\"dateModified\":\"2019-05-02T18:21:53+00:00\",\"breadcrumb\":{\"@id\":\"https:\\\/\\\/boto.art.pl\\\/index.php\\\/zofia-nather\\\/#breadcrumb\"},\"inLanguage\":\"pl-PL\",\"potentialAction\":[{\"@type\":\"ReadAction\",\"target\":[\"https:\\\/\\\/boto.art.pl\\\/index.php\\\/zofia-nather\\\/\"]}]},{\"@type\":\"BreadcrumbList\",\"@id\":\"https:\\\/\\\/boto.art.pl\\\/index.php\\\/zofia-nather\\\/#breadcrumb\",\"itemListElement\":[{\"@type\":\"ListItem\",\"position\":1,\"name\":\"Strona g\u0142\u00f3wna\",\"item\":\"https:\\\/\\\/boto.art.pl\\\/\"},{\"@type\":\"ListItem\",\"position\":2,\"name\":\"ZOFIA BARTO\u015a\"}]},{\"@type\":\"WebSite\",\"@id\":\"https:\\\/\\\/boto.art.pl\\\/#website\",\"url\":\"https:\\\/\\\/boto.art.pl\\\/\",\"name\":\"Teatr Boto\",\"description\":\"\",\"publisher\":{\"@id\":\"https:\\\/\\\/boto.art.pl\\\/#organization\"},\"potentialAction\":[{\"@type\":\"SearchAction\",\"target\":{\"@type\":\"EntryPoint\",\"urlTemplate\":\"https:\\\/\\\/boto.art.pl\\\/?s={search_term_string}\"},\"query-input\":{\"@type\":\"PropertyValueSpecification\",\"valueRequired\":true,\"valueName\":\"search_term_string\"}}],\"inLanguage\":\"pl-PL\"},{\"@type\":\"Organization\",\"@id\":\"https:\\\/\\\/boto.art.pl\\\/#organization\",\"name\":\"Teatr Boto\",\"url\":\"https:\\\/\\\/boto.art.pl\\\/\",\"logo\":{\"@type\":\"ImageObject\",\"inLanguage\":\"pl-PL\",\"@id\":\"https:\\\/\\\/boto.art.pl\\\/#\\\/schema\\\/logo\\\/image\\\/\",\"url\":\"https:\\\/\\\/boto.art.pl\\\/wp-content\\\/uploads\\\/2018\\\/03\\\/logotyp.svg\",\"contentUrl\":\"https:\\\/\\\/boto.art.pl\\\/wp-content\\\/uploads\\\/2018\\\/03\\\/logotyp.svg\",\"width\":1,\"height\":1,\"caption\":\"Teatr Boto\"},\"image\":{\"@id\":\"https:\\\/\\\/boto.art.pl\\\/#\\\/schema\\\/logo\\\/image\\\/\"},\"sameAs\":[\"https:\\\/\\\/www.facebook.com\\\/teatrboto\",\"https:\\\/\\\/www.instagram.com\\\/teatr_boto\\\/\"]}]}<\/script>\n<!-- \/ Yoast SEO plugin. -->","yoast_head_json":{"title":"ZOFIA BARTO\u015a &#8212; Teatr Boto","robots":{"index":"index","follow":"follow","max-snippet":"max-snippet:-1","max-image-preview":"max-image-preview:large","max-video-preview":"max-video-preview:-1"},"canonical":"https:\/\/boto.art.pl\/index.php\/zofia-nather\/","og_locale":"pl_PL","og_type":"article","og_title":"ZOFIA BARTO\u015a &#8212; Teatr Boto","og_description":"ZOFIA BARTO\u015aZofia Barto\u015b -\u00a0 aktorka, uko\u0144czy\u0142a z wyr\u00f3\u017cnieniem presti\u017cowy program dyplomowy w Lee Strasberg Theatre and Film Institute w Nowym Jorku. Tam te\u017c studiowa\u0142a w Michael Howard Studios, a wcze\u015bniej w \u0141odzi, na wydziale aktorskim Pa\u0144stwowej Wy\u017cszej Szko\u0142y Filmowej, Telewizyjnej i Teatralnej. W Teatrze BOTO mo\u017cna by\u0142o j\u0105 zobaczy\u0107 w spektaklu Alicja pod ziemi\u0105 oraz [&hellip;]","og_url":"https:\/\/boto.art.pl\/index.php\/zofia-nather\/","og_site_name":"Teatr Boto","article_publisher":"https:\/\/www.facebook.com\/teatrboto","article_modified_time":"2019-05-02T18:21:53+00:00","twitter_card":"summary_large_image","twitter_misc":{"Szacowany czas czytania":"2 minuty"},"schema":{"@context":"https:\/\/schema.org","@graph":[{"@type":"WebPage","@id":"https:\/\/boto.art.pl\/index.php\/zofia-nather\/","url":"https:\/\/boto.art.pl\/index.php\/zofia-nather\/","name":"ZOFIA BARTO\u015a &#8212; Teatr Boto","isPartOf":{"@id":"https:\/\/boto.art.pl\/#website"},"datePublished":"2018-03-30T09:40:09+00:00","dateModified":"2019-05-02T18:21:53+00:00","breadcrumb":{"@id":"https:\/\/boto.art.pl\/index.php\/zofia-nather\/#breadcrumb"},"inLanguage":"pl-PL","potentialAction":[{"@type":"ReadAction","target":["https:\/\/boto.art.pl\/index.php\/zofia-nather\/"]}]},{"@type":"BreadcrumbList","@id":"https:\/\/boto.art.pl\/index.php\/zofia-nather\/#breadcrumb","itemListElement":[{"@type":"ListItem","position":1,"name":"Strona g\u0142\u00f3wna","item":"https:\/\/boto.art.pl\/"},{"@type":"ListItem","position":2,"name":"ZOFIA BARTO\u015a"}]},{"@type":"WebSite","@id":"https:\/\/boto.art.pl\/#website","url":"https:\/\/boto.art.pl\/","name":"Teatr Boto","description":"","publisher":{"@id":"https:\/\/boto.art.pl\/#organization"},"potentialAction":[{"@type":"SearchAction","target":{"@type":"EntryPoint","urlTemplate":"https:\/\/boto.art.pl\/?s={search_term_string}"},"query-input":{"@type":"PropertyValueSpecification","valueRequired":true,"valueName":"search_term_string"}}],"inLanguage":"pl-PL"},{"@type":"Organization","@id":"https:\/\/boto.art.pl\/#organization","name":"Teatr Boto","url":"https:\/\/boto.art.pl\/","logo":{"@type":"ImageObject","inLanguage":"pl-PL","@id":"https:\/\/boto.art.pl\/#\/schema\/logo\/image\/","url":"https:\/\/boto.art.pl\/wp-content\/uploads\/2018\/03\/logotyp.svg","contentUrl":"https:\/\/boto.art.pl\/wp-content\/uploads\/2018\/03\/logotyp.svg","width":1,"height":1,"caption":"Teatr Boto"},"image":{"@id":"https:\/\/boto.art.pl\/#\/schema\/logo\/image\/"},"sameAs":["https:\/\/www.facebook.com\/teatrboto","https:\/\/www.instagram.com\/teatr_boto\/"]}]}},"_links":{"self":[{"href":"https:\/\/boto.art.pl\/index.php\/wp-json\/wp\/v2\/pages\/49815","targetHints":{"allow":["GET"]}}],"collection":[{"href":"https:\/\/boto.art.pl\/index.php\/wp-json\/wp\/v2\/pages"}],"about":[{"href":"https:\/\/boto.art.pl\/index.php\/wp-json\/wp\/v2\/types\/page"}],"author":[{"embeddable":true,"href":"https:\/\/boto.art.pl\/index.php\/wp-json\/wp\/v2\/users\/1"}],"replies":[{"embeddable":true,"href":"https:\/\/boto.art.pl\/index.php\/wp-json\/wp\/v2\/comments?post=49815"}],"version-history":[{"count":6,"href":"https:\/\/boto.art.pl\/index.php\/wp-json\/wp\/v2\/pages\/49815\/revisions"}],"predecessor-version":[{"id":56742,"href":"https:\/\/boto.art.pl\/index.php\/wp-json\/wp\/v2\/pages\/49815\/revisions\/56742"}],"wp:attachment":[{"href":"https:\/\/boto.art.pl\/index.php\/wp-json\/wp\/v2\/media?parent=49815"}],"curies":[{"name":"wp","href":"https:\/\/api.w.org\/{rel}","templated":true}]}}