{"id":49829,"date":"2018-03-30T12:26:45","date_gmt":"2018-03-30T10:26:45","guid":{"rendered":"http:\/\/boto.home.pl\/boto_www\/?page_id=49829"},"modified":"2020-01-08T22:59:21","modified_gmt":"2020-01-08T21:59:21","slug":"malgorzata-szczerbowska","status":"publish","type":"page","link":"https:\/\/boto.art.pl\/index.php\/malgorzata-szczerbowska\/","title":{"rendered":"MA\u0141GORZATA SZCZERBOWSKA"},"content":{"rendered":"<p>[et_pb_section bb_built=&#8221;1&#8243; _builder_version=&#8221;3.0.47&#8243;][et_pb_row _builder_version=&#8221;3.0.48&#8243; background_size=&#8221;initial&#8221; background_position=&#8221;top_left&#8221; background_repeat=&#8221;repeat&#8221;][et_pb_column type=&#8221;4_4&#8243;][et_pb_text _builder_version=&#8221;3.0.106&#8243; text_font=&#8221;|||on|||||&#8221; text_font_size=&#8221;32px&#8221;]<\/p>\n<p>MA\u0141GORZATA SZCZERBOWSKA<\/p>\n<p>[\/et_pb_text][et_pb_text _builder_version=&#8221;3.20.2&#8243; header_text_align=&#8221;left&#8221; link_text_color=&#8221;#000000&#8243;]<\/p>\n<p><strong>Ma\u0142gorzata Szczerbowska<\/strong> &#8211; absolwentka Pa\u0144stwowej Szko\u0142y Muzycznej im. Karola Szymanowskiego w Toruniu i Pa\u0144stwowej Wy\u017cszej Szko\u0142y Teatralnej im. Ludwika Solskiego w Krakowie Filia we Wroc\u0142awiu.<\/p>\n<p>Z Fundacj\u0105 Teatru BOTO wsp\u00f3\u0142pracuje od 2010 roku. Za scenariusz spektaklu <a href=\"http:\/\/boto.art.pl\/index.php\/caloczerwone\/\">Ca\u0142oczerwone<\/a> otrzyma\u0142a nagrod\u0119 na Festiwalu Sztuk Autorskich i Adaptacji Windowisko w Gda\u0144sku w 2013 roku, a w 2014 roku by\u0142a nominowana do Gdy\u0144skiej Nagrody Dramaturgicznej i zosta\u0142a finalistk\u0105 20. Konkursu na Wystawienie Polskiej Sztuki Wsp\u00f3\u0142czesnej (Instytut Teatralny im. Zbigniewa Raszewskiego w Warszawie).<\/p>\n<p>W latach 1996 -1999 pracowa\u0142a w Teatrze Pie\u015b\u0144 Koz\u0142a, a w latach 2000-2004 w Teatrze Dramatycznym im. Jana Kochanowskiego w Opolu. W 2001 roku za rol\u0119 Psa w Sytuacjach rodzinnych (re\u017c. M. Fiedor) otrzyma\u0142a nagrod\u0119 aktorsk\u0105 na festiwalu Kontrapunkt w Szczecinie. Od 2005 roku wyk\u0142ada w Policealnej Szkole Aktorskiej w Katowicach Art-Play, gdzie wyre\u017cyserowa\u0142a: Historie Zakulisowe wg Antoniego Czechowa, Sionobrody, nadzieja kobiet wg Dea Loher, Sny wg Iwana Wyrypajewa Dog Side Story wg scenariusza autorskiego. Wsp\u00f3\u0142pracuje z Michai\u0142 Czechow Studio London i PWST we Wroc\u0142awiu. Od 2013 we Wroc\u0142awiu organizuje i prowadzi Intensywne Kursy Aktorskie \u2013 INKA (www.kursaktorski.pl) oraz Indywidualne Zaj\u0119cia Aktorskie. W ramach INKI, w roku 2015 wyre\u017cyserowa\u0142a spektakl Star Washers.<\/p>\n<p>W roku 2015, w ramach rezydencji artystycznej Instytutu im J. Grotowskiego, zagra\u0142a w spektaklu Sprzedam re\u017c. Sz. Kaczmarek. Obecnie pracuje nad kolejnym scenariuszem (tekst \u201eDrzewom nie wypadaj\u0105 w\u0142osy\u201d \u2013 konkurs Wroc\u0142awskiego Teatru Wsp\u00f3\u0142czesnego \u201eStrefy Kontaktu 2016\u201d ) oraz na planie filmu fabularnego \u201eWie\u017ca, jasny dzie\u0144\u201d w re\u017c. Jagoda Szelc.<\/p>\n<p>[\/et_pb_text][\/et_pb_column][\/et_pb_row][\/et_pb_section]<\/p>\n","protected":false},"excerpt":{"rendered":"<p>MA\u0141GORZATA SZCZERBOWSKA Ma\u0142gorzata Szczerbowska &#8211; absolwentka Pa\u0144stwowej Szko\u0142y Muzycznej im. Karola Szymanowskiego w Toruniu i Pa\u0144stwowej Wy\u017cszej Szko\u0142y Teatralnej im. Ludwika Solskiego w Krakowie Filia we Wroc\u0142awiu.Z Fundacj\u0105 Teatru BOTO wsp\u00f3\u0142pracuje od 2010 roku. Za scenariusz spektaklu Ca\u0142oczerwone otrzyma\u0142a nagrod\u0119 na Festiwalu Sztuk Autorskich i Adaptacji Windowisko w Gda\u0144sku w 2013 roku, a w 2014 [&hellip;]<\/p>\n","protected":false},"author":1,"featured_media":0,"parent":0,"menu_order":0,"comment_status":"closed","ping_status":"closed","template":"","meta":{"_et_pb_use_builder":"on","_et_pb_old_content":"","_et_gb_content_width":"","inline_featured_image":false,"footnotes":""},"class_list":["post-49829","page","type-page","status-publish","hentry"],"yoast_head":"<!-- This site is optimized with the Yoast SEO plugin v27.4 - https:\/\/yoast.com\/product\/yoast-seo-wordpress\/ -->\n<title>MA\u0141GORZATA SZCZERBOWSKA &#8212; Teatr Boto<\/title>\n<meta name=\"robots\" content=\"index, follow, max-snippet:-1, max-image-preview:large, max-video-preview:-1\" \/>\n<link rel=\"canonical\" href=\"https:\/\/boto.art.pl\/index.php\/malgorzata-szczerbowska\/\" \/>\n<meta property=\"og:locale\" content=\"pl_PL\" \/>\n<meta property=\"og:type\" content=\"article\" \/>\n<meta property=\"og:title\" content=\"MA\u0141GORZATA SZCZERBOWSKA &#8212; Teatr Boto\" \/>\n<meta property=\"og:description\" content=\"MA\u0141GORZATA SZCZERBOWSKA Ma\u0142gorzata Szczerbowska - absolwentka Pa\u0144stwowej Szko\u0142y Muzycznej im. Karola Szymanowskiego w Toruniu i Pa\u0144stwowej Wy\u017cszej Szko\u0142y Teatralnej im. Ludwika Solskiego w Krakowie Filia we Wroc\u0142awiu.Z Fundacj\u0105 Teatru BOTO wsp\u00f3\u0142pracuje od 2010 roku. Za scenariusz spektaklu Ca\u0142oczerwone otrzyma\u0142a nagrod\u0119 na Festiwalu Sztuk Autorskich i Adaptacji Windowisko w Gda\u0144sku w 2013 roku, a w 2014 [&hellip;]\" \/>\n<meta property=\"og:url\" content=\"https:\/\/boto.art.pl\/index.php\/malgorzata-szczerbowska\/\" \/>\n<meta property=\"og:site_name\" content=\"Teatr Boto\" \/>\n<meta property=\"article:publisher\" content=\"https:\/\/www.facebook.com\/teatrboto\" \/>\n<meta property=\"article:modified_time\" content=\"2020-01-08T21:59:21+00:00\" \/>\n<meta name=\"twitter:card\" content=\"summary_large_image\" \/>\n<meta name=\"twitter:label1\" content=\"Szacowany czas czytania\" \/>\n\t<meta name=\"twitter:data1\" content=\"2 minuty\" \/>\n<script type=\"application\/ld+json\" class=\"yoast-schema-graph\">{\"@context\":\"https:\\\/\\\/schema.org\",\"@graph\":[{\"@type\":\"WebPage\",\"@id\":\"https:\\\/\\\/boto.art.pl\\\/index.php\\\/malgorzata-szczerbowska\\\/\",\"url\":\"https:\\\/\\\/boto.art.pl\\\/index.php\\\/malgorzata-szczerbowska\\\/\",\"name\":\"MA\u0141GORZATA SZCZERBOWSKA &#8212; Teatr Boto\",\"isPartOf\":{\"@id\":\"https:\\\/\\\/boto.art.pl\\\/#website\"},\"datePublished\":\"2018-03-30T10:26:45+00:00\",\"dateModified\":\"2020-01-08T21:59:21+00:00\",\"breadcrumb\":{\"@id\":\"https:\\\/\\\/boto.art.pl\\\/index.php\\\/malgorzata-szczerbowska\\\/#breadcrumb\"},\"inLanguage\":\"pl-PL\",\"potentialAction\":[{\"@type\":\"ReadAction\",\"target\":[\"https:\\\/\\\/boto.art.pl\\\/index.php\\\/malgorzata-szczerbowska\\\/\"]}]},{\"@type\":\"BreadcrumbList\",\"@id\":\"https:\\\/\\\/boto.art.pl\\\/index.php\\\/malgorzata-szczerbowska\\\/#breadcrumb\",\"itemListElement\":[{\"@type\":\"ListItem\",\"position\":1,\"name\":\"Strona g\u0142\u00f3wna\",\"item\":\"https:\\\/\\\/boto.art.pl\\\/\"},{\"@type\":\"ListItem\",\"position\":2,\"name\":\"MA\u0141GORZATA SZCZERBOWSKA\"}]},{\"@type\":\"WebSite\",\"@id\":\"https:\\\/\\\/boto.art.pl\\\/#website\",\"url\":\"https:\\\/\\\/boto.art.pl\\\/\",\"name\":\"Teatr Boto\",\"description\":\"\",\"publisher\":{\"@id\":\"https:\\\/\\\/boto.art.pl\\\/#organization\"},\"potentialAction\":[{\"@type\":\"SearchAction\",\"target\":{\"@type\":\"EntryPoint\",\"urlTemplate\":\"https:\\\/\\\/boto.art.pl\\\/?s={search_term_string}\"},\"query-input\":{\"@type\":\"PropertyValueSpecification\",\"valueRequired\":true,\"valueName\":\"search_term_string\"}}],\"inLanguage\":\"pl-PL\"},{\"@type\":\"Organization\",\"@id\":\"https:\\\/\\\/boto.art.pl\\\/#organization\",\"name\":\"Teatr Boto\",\"url\":\"https:\\\/\\\/boto.art.pl\\\/\",\"logo\":{\"@type\":\"ImageObject\",\"inLanguage\":\"pl-PL\",\"@id\":\"https:\\\/\\\/boto.art.pl\\\/#\\\/schema\\\/logo\\\/image\\\/\",\"url\":\"https:\\\/\\\/boto.art.pl\\\/wp-content\\\/uploads\\\/2018\\\/03\\\/logotyp.svg\",\"contentUrl\":\"https:\\\/\\\/boto.art.pl\\\/wp-content\\\/uploads\\\/2018\\\/03\\\/logotyp.svg\",\"width\":1,\"height\":1,\"caption\":\"Teatr Boto\"},\"image\":{\"@id\":\"https:\\\/\\\/boto.art.pl\\\/#\\\/schema\\\/logo\\\/image\\\/\"},\"sameAs\":[\"https:\\\/\\\/www.facebook.com\\\/teatrboto\",\"https:\\\/\\\/www.instagram.com\\\/teatr_boto\\\/\"]}]}<\/script>\n<!-- \/ Yoast SEO plugin. -->","yoast_head_json":{"title":"MA\u0141GORZATA SZCZERBOWSKA &#8212; Teatr Boto","robots":{"index":"index","follow":"follow","max-snippet":"max-snippet:-1","max-image-preview":"max-image-preview:large","max-video-preview":"max-video-preview:-1"},"canonical":"https:\/\/boto.art.pl\/index.php\/malgorzata-szczerbowska\/","og_locale":"pl_PL","og_type":"article","og_title":"MA\u0141GORZATA SZCZERBOWSKA &#8212; Teatr Boto","og_description":"MA\u0141GORZATA SZCZERBOWSKA Ma\u0142gorzata Szczerbowska - absolwentka Pa\u0144stwowej Szko\u0142y Muzycznej im. Karola Szymanowskiego w Toruniu i Pa\u0144stwowej Wy\u017cszej Szko\u0142y Teatralnej im. Ludwika Solskiego w Krakowie Filia we Wroc\u0142awiu.Z Fundacj\u0105 Teatru BOTO wsp\u00f3\u0142pracuje od 2010 roku. Za scenariusz spektaklu Ca\u0142oczerwone otrzyma\u0142a nagrod\u0119 na Festiwalu Sztuk Autorskich i Adaptacji Windowisko w Gda\u0144sku w 2013 roku, a w 2014 [&hellip;]","og_url":"https:\/\/boto.art.pl\/index.php\/malgorzata-szczerbowska\/","og_site_name":"Teatr Boto","article_publisher":"https:\/\/www.facebook.com\/teatrboto","article_modified_time":"2020-01-08T21:59:21+00:00","twitter_card":"summary_large_image","twitter_misc":{"Szacowany czas czytania":"2 minuty"},"schema":{"@context":"https:\/\/schema.org","@graph":[{"@type":"WebPage","@id":"https:\/\/boto.art.pl\/index.php\/malgorzata-szczerbowska\/","url":"https:\/\/boto.art.pl\/index.php\/malgorzata-szczerbowska\/","name":"MA\u0141GORZATA SZCZERBOWSKA &#8212; Teatr Boto","isPartOf":{"@id":"https:\/\/boto.art.pl\/#website"},"datePublished":"2018-03-30T10:26:45+00:00","dateModified":"2020-01-08T21:59:21+00:00","breadcrumb":{"@id":"https:\/\/boto.art.pl\/index.php\/malgorzata-szczerbowska\/#breadcrumb"},"inLanguage":"pl-PL","potentialAction":[{"@type":"ReadAction","target":["https:\/\/boto.art.pl\/index.php\/malgorzata-szczerbowska\/"]}]},{"@type":"BreadcrumbList","@id":"https:\/\/boto.art.pl\/index.php\/malgorzata-szczerbowska\/#breadcrumb","itemListElement":[{"@type":"ListItem","position":1,"name":"Strona g\u0142\u00f3wna","item":"https:\/\/boto.art.pl\/"},{"@type":"ListItem","position":2,"name":"MA\u0141GORZATA SZCZERBOWSKA"}]},{"@type":"WebSite","@id":"https:\/\/boto.art.pl\/#website","url":"https:\/\/boto.art.pl\/","name":"Teatr Boto","description":"","publisher":{"@id":"https:\/\/boto.art.pl\/#organization"},"potentialAction":[{"@type":"SearchAction","target":{"@type":"EntryPoint","urlTemplate":"https:\/\/boto.art.pl\/?s={search_term_string}"},"query-input":{"@type":"PropertyValueSpecification","valueRequired":true,"valueName":"search_term_string"}}],"inLanguage":"pl-PL"},{"@type":"Organization","@id":"https:\/\/boto.art.pl\/#organization","name":"Teatr Boto","url":"https:\/\/boto.art.pl\/","logo":{"@type":"ImageObject","inLanguage":"pl-PL","@id":"https:\/\/boto.art.pl\/#\/schema\/logo\/image\/","url":"https:\/\/boto.art.pl\/wp-content\/uploads\/2018\/03\/logotyp.svg","contentUrl":"https:\/\/boto.art.pl\/wp-content\/uploads\/2018\/03\/logotyp.svg","width":1,"height":1,"caption":"Teatr Boto"},"image":{"@id":"https:\/\/boto.art.pl\/#\/schema\/logo\/image\/"},"sameAs":["https:\/\/www.facebook.com\/teatrboto","https:\/\/www.instagram.com\/teatr_boto\/"]}]}},"_links":{"self":[{"href":"https:\/\/boto.art.pl\/index.php\/wp-json\/wp\/v2\/pages\/49829","targetHints":{"allow":["GET"]}}],"collection":[{"href":"https:\/\/boto.art.pl\/index.php\/wp-json\/wp\/v2\/pages"}],"about":[{"href":"https:\/\/boto.art.pl\/index.php\/wp-json\/wp\/v2\/types\/page"}],"author":[{"embeddable":true,"href":"https:\/\/boto.art.pl\/index.php\/wp-json\/wp\/v2\/users\/1"}],"replies":[{"embeddable":true,"href":"https:\/\/boto.art.pl\/index.php\/wp-json\/wp\/v2\/comments?post=49829"}],"version-history":[{"count":4,"href":"https:\/\/boto.art.pl\/index.php\/wp-json\/wp\/v2\/pages\/49829\/revisions"}],"predecessor-version":[{"id":56730,"href":"https:\/\/boto.art.pl\/index.php\/wp-json\/wp\/v2\/pages\/49829\/revisions\/56730"}],"wp:attachment":[{"href":"https:\/\/boto.art.pl\/index.php\/wp-json\/wp\/v2\/media?parent=49829"}],"curies":[{"name":"wp","href":"https:\/\/api.w.org\/{rel}","templated":true}]}}