{"id":49833,"date":"2018-03-30T12:36:54","date_gmt":"2018-03-30T10:36:54","guid":{"rendered":"http:\/\/boto.home.pl\/boto_www\/?page_id=49833"},"modified":"2025-03-23T22:32:36","modified_gmt":"2025-03-23T21:32:36","slug":"baroteka","status":"publish","type":"page","link":"https:\/\/boto.art.pl\/index.php\/baroteka\/","title":{"rendered":"baroteka"},"content":{"rendered":"<p>[et_pb_section fb_built=&#8221;1&#8243; fullwidth=&#8221;on&#8221; _builder_version=&#8221;4.21.0&#8243; global_colors_info=&#8221;{}&#8221;][et_pb_fullwidth_slider _builder_version=&#8221;4.27.4&#8243; button_bg_color_gradient_stops=&#8221;#2b87da 0%|#29c4a9 100%&#8221; animation_style=&#8221;fade&#8221; auto=&#8221;on&#8221; hover_enabled=&#8221;0&#8243; global_colors_info=&#8221;{}&#8221; button_text_size__hover_enabled=&#8221;off&#8221; button_one_text_size__hover_enabled=&#8221;off&#8221; button_two_text_size__hover_enabled=&#8221;off&#8221; button_text_color__hover_enabled=&#8221;off&#8221; button_one_text_color__hover_enabled=&#8221;off&#8221; button_two_text_color__hover_enabled=&#8221;off&#8221; button_border_width__hover_enabled=&#8221;off&#8221; button_one_border_width__hover_enabled=&#8221;off&#8221; button_two_border_width__hover_enabled=&#8221;off&#8221; button_border_color__hover_enabled=&#8221;off&#8221; button_one_border_color__hover_enabled=&#8221;off&#8221; button_two_border_color__hover_enabled=&#8221;off&#8221; button_border_radius__hover_enabled=&#8221;off&#8221; button_one_border_radius__hover_enabled=&#8221;off&#8221; button_two_border_radius__hover_enabled=&#8221;off&#8221; button_letter_spacing__hover_enabled=&#8221;off&#8221; button_one_letter_spacing__hover_enabled=&#8221;off&#8221; button_two_letter_spacing__hover_enabled=&#8221;off&#8221; button_bg_color__hover_enabled=&#8221;off&#8221; button_one_bg_color__hover_enabled=&#8221;off&#8221; button_two_bg_color__hover_enabled=&#8221;off&#8221; sticky_enabled=&#8221;0&#8243;][et_pb_slide heading=&#8221;baroteka&#8221; use_bg_overlay=&#8221;off&#8221; use_text_overlay=&#8221;off&#8221; _builder_version=&#8221;4.27.4&#8243; header_font=&#8221;|700||on|||||&#8221; header_font_size=&#8221;32&#8243; body_font_size=&#8221;18&#8243; background_color=&#8221;#ffffff&#8221; background_image=&#8221;http:\/\/boto.home.pl\/boto_www\/wp-content\/uploads\/2018\/03\/baroteka2.jpg&#8221; parallax=&#8221;on&#8221; button_bg_color_gradient_stops=&#8221;#2b87da 0%|#29c4a9 100%&#8221; button_on_hover=&#8221;on&#8221; text_orientation=&#8221;left&#8221; header_font_size_tablet=&#8221;32&#8243; header_font_size_phone=&#8221;32&#8243; body_font_size_tablet=&#8221;18&#8243; body_font_size_phone=&#8221;18&#8243; header_text_shadow_style=&#8221;preset5&#8243; header_text_shadow_color=&#8221;rgba(0,0,0,0.95)&#8221; body_text_shadow_style=&#8221;preset5&#8243; body_text_shadow_color=&#8221;rgba(0,0,0,0.97)&#8221; text_shadow_style=&#8221;preset5&#8243; text_shadow_color=&#8221;rgba(0,0,0,0.95)&#8221; global_colors_info=&#8221;{}&#8221; button_text_size__hover_enabled=&#8221;off&#8221; button_one_text_size__hover_enabled=&#8221;off&#8221; button_two_text_size__hover_enabled=&#8221;off&#8221; button_text_color__hover_enabled=&#8221;off&#8221; button_one_text_color__hover_enabled=&#8221;off&#8221; button_two_text_color__hover_enabled=&#8221;off&#8221; button_border_width__hover_enabled=&#8221;off&#8221; button_one_border_width__hover_enabled=&#8221;off&#8221; button_two_border_width__hover_enabled=&#8221;off&#8221; button_border_color__hover_enabled=&#8221;off&#8221; button_one_border_color__hover_enabled=&#8221;off&#8221; button_two_border_color__hover_enabled=&#8221;off&#8221; button_border_radius__hover_enabled=&#8221;off&#8221; button_one_border_radius__hover_enabled=&#8221;off&#8221; button_two_border_radius__hover_enabled=&#8221;off&#8221; button_letter_spacing__hover_enabled=&#8221;off&#8221; button_one_letter_spacing__hover_enabled=&#8221;off&#8221; button_two_letter_spacing__hover_enabled=&#8221;off&#8221; button_bg_color__hover_enabled=&#8221;off&#8221; button_one_bg_color__hover_enabled=&#8221;off&#8221; button_two_bg_color__hover_enabled=&#8221;off&#8221; sticky_transition=&#8221;on&#8221;]<\/p>\n<p>otwarta: pon-pt: 17:00-02:00<\/p>\n<p>sob-nie: 16:00-02:00<\/p>\n<p>[\/et_pb_slide][et_pb_slide heading=&#8221;baroteka&#8221; use_bg_overlay=&#8221;off&#8221; use_text_overlay=&#8221;off&#8221; _builder_version=&#8221;4.27.4&#8243; use_background_color_gradient=&#8221;on&#8221; background_color_gradient_stops=&#8221;#2b87da 0%|#29c4a9 100%&#8221; background_image=&#8221;https:\/\/boto.art.pl\/wp-content\/uploads\/2019\/07\/NIK6042.jpg&#8221; button_bg_color_gradient_stops=&#8221;#2b87da 0%|#29c4a9 100%&#8221; button_on_hover=&#8221;on&#8221; hover_enabled=&#8221;0&#8243; global_colors_info=&#8221;{}&#8221; sticky_transition=&#8221;on&#8221; sticky_enabled=&#8221;0&#8243;][\/et_pb_slide][\/et_pb_fullwidth_slider][\/et_pb_section][et_pb_section fb_built=&#8221;1&#8243; _builder_version=&#8221;4.27.4&#8243; hover_enabled=&#8221;0&#8243; global_colors_info=&#8221;{}&#8221; sticky_enabled=&#8221;0&#8243;][et_pb_row column_structure=&#8221;2_3,1_3&#8243; _builder_version=&#8221;4.27.4&#8243; background_size=&#8221;initial&#8221; background_position=&#8221;top_left&#8221; background_repeat=&#8221;repeat&#8221; hover_enabled=&#8221;0&#8243; global_colors_info=&#8221;{}&#8221; sticky_enabled=&#8221;0&#8243;][et_pb_column type=&#8221;2_3&#8243; _builder_version=&#8221;4.16&#8243; custom_padding=&#8221;|||&#8221; global_colors_info=&#8221;{}&#8221; custom_padding__hover=&#8221;|||&#8221;][et_pb_text admin_label=&#8221;Tekst&#8221; _builder_version=&#8221;4.27.4&#8243; global_colors_info=&#8221;{}&#8221;]<\/p>\n<p>W samym centrum Sopotu, na placu przy fontannie Jasia Rybaka, mie\u015bci si\u0119 Teatr BOTO. To przesi\u0105kni\u0119te wydarzeniami kulturalnymi miejsce stworzyli pasjonaci teatru i muzyki. Na pi\u0119trze mie\u015bci si\u0119 kameralna scena z widowni\u0105 na 55 miejsc. Odbywaj\u0105 si\u0119 tu spektakle, koncerty, cykliczne jam sessions (bluesowe w poniedzia\u0142ki i jazzowe w czwartki), spotkania literackie. W sezonie letnim niekt\u00f3re koncerty maj\u0105 r\u00f3wnie\u017c miejsce w naszym ogr\u00f3dku. Na parterze znajduje si\u0119 Baroteka wraz z przestrzeni\u0105 wystawiennicz\u0105. Bar oferuje szeroki wyb\u00f3r napoj\u00f3w alkoholowych i bezalkoholowych.<\/p>\n<p>[\/et_pb_text][et_pb_text _builder_version=&#8221;4.27.4&#8243; hover_enabled=&#8221;0&#8243; global_colors_info=&#8221;{}&#8221; sticky_enabled=&#8221;0&#8243;]<\/p>\n<p><em>fot. Jurek Bartkowski<\/em><\/p>\n<p>[\/et_pb_text][et_pb_gallery gallery_ids=&#8221;55592,49835,49834,55678,55679&#8243; fullwidth=&#8221;on&#8221; _builder_version=&#8221;4.23.1&#8243; pagination_font_size_tablet=&#8221;51&#8243; pagination_line_height_tablet=&#8221;2&#8243; global_colors_info=&#8221;{}&#8221;]<br \/>\n[\/et_pb_gallery][\/et_pb_column][et_pb_column type=&#8221;1_3&#8243; _builder_version=&#8221;4.16&#8243; custom_padding=&#8221;|||&#8221; global_colors_info=&#8221;{}&#8221; custom_padding__hover=&#8221;|||&#8221;][et_pb_testimonial quote_icon=&#8221;off&#8221; _builder_version=&#8221;4.24.2&#8243; background_layout=&#8221;dark&#8221; global_colors_info=&#8221;{}&#8221;]<\/p>\n<p><span style=\"color: #0c0c0c;\">Imprezy: z przyjemno\u015bci\u0105 organizujemy imprezy i wydarzenia na mniejsz\u0105 i wi\u0119ksz\u0105 ilo\u015b\u0107 go\u015bci. <\/span><\/p>\n<p><span style=\"color: #0c0c0c;\">Istnieje mo\u017cliwo\u015b\u0107 wynaj\u0119cia ca\u0142ego lokalu lub jego cz\u0119\u015bci i zorganizowanie zamkni\u0119tego wydarzenia.<\/span><\/p>\n<p>[\/et_pb_testimonial][et_pb_testimonial quote_icon=&#8221;off&#8221; _builder_version=&#8221;4.24.2&#8243; global_colors_info=&#8221;{}&#8221;]<\/p>\n<p><strong>BAROTEKA<\/strong>\u00a0(rezerwacje stolik\u00f3w)<br \/><strong>Jakub Weber<\/strong>\u00a0Mened\u017cer Baru\u00a0<br \/>+ 48 668 426 664 (godz. 13:00 \u2013 20:00)<\/p>\n<p>[\/et_pb_testimonial][et_pb_text _builder_version=&#8221;4.27.4&#8243; text_font_size=&#8221;13px&#8221; global_colors_info=&#8221;{}&#8221;]<\/p>\n<p>zdj\u0119cie wykorzystane na stronie: Jurek Bartkowski<\/p>\n<p>[\/et_pb_text][\/et_pb_column][\/et_pb_row][\/et_pb_section]<\/p>\n","protected":false},"excerpt":{"rendered":"<p>otwarta: pon-pt: 17:00-02:00 sob-nie: 16:00-02:00W samym centrum Sopotu, na placu przy fontannie Jasia Rybaka, mie\u015bci si\u0119 Teatr BOTO. To przesi\u0105kni\u0119te wydarzeniami kulturalnymi miejsce stworzyli pasjonaci teatru i muzyki. Na pi\u0119trze mie\u015bci si\u0119 kameralna scena z widowni\u0105 na 55 miejsc. Odbywaj\u0105 si\u0119 tu spektakle, koncerty, cykliczne jam sessions (bluesowe w poniedzia\u0142ki i jazzowe w czwartki), spotkania [&hellip;]<\/p>\n","protected":false},"author":1,"featured_media":0,"parent":0,"menu_order":0,"comment_status":"closed","ping_status":"closed","template":"","meta":{"_et_pb_use_builder":"on","_et_pb_old_content":"","_et_gb_content_width":"","inline_featured_image":false,"footnotes":""},"class_list":["post-49833","page","type-page","status-publish","hentry"],"yoast_head":"<!-- This site is optimized with the Yoast SEO plugin v27.4 - https:\/\/yoast.com\/product\/yoast-seo-wordpress\/ -->\n<title>baroteka &#8212; Teatr Boto<\/title>\n<meta name=\"robots\" content=\"index, follow, max-snippet:-1, max-image-preview:large, max-video-preview:-1\" \/>\n<link rel=\"canonical\" href=\"https:\/\/boto.art.pl\/index.php\/baroteka\/\" \/>\n<meta property=\"og:locale\" content=\"pl_PL\" \/>\n<meta property=\"og:type\" content=\"article\" \/>\n<meta property=\"og:title\" content=\"baroteka &#8212; Teatr Boto\" \/>\n<meta property=\"og:description\" content=\"otwarta: pon-pt: 17:00-02:00 sob-nie: 16:00-02:00W samym centrum Sopotu, na placu przy fontannie Jasia Rybaka, mie\u015bci si\u0119 Teatr BOTO. To przesi\u0105kni\u0119te wydarzeniami kulturalnymi miejsce stworzyli pasjonaci teatru i muzyki. Na pi\u0119trze mie\u015bci si\u0119 kameralna scena z widowni\u0105 na 55 miejsc. Odbywaj\u0105 si\u0119 tu spektakle, koncerty, cykliczne jam sessions (bluesowe w poniedzia\u0142ki i jazzowe w czwartki), spotkania [&hellip;]\" \/>\n<meta property=\"og:url\" content=\"https:\/\/boto.art.pl\/index.php\/baroteka\/\" \/>\n<meta property=\"og:site_name\" content=\"Teatr Boto\" \/>\n<meta property=\"article:publisher\" content=\"https:\/\/www.facebook.com\/teatrboto\" \/>\n<meta property=\"article:modified_time\" content=\"2025-03-23T21:32:36+00:00\" \/>\n<meta name=\"twitter:card\" content=\"summary_large_image\" \/>\n<meta name=\"twitter:label1\" content=\"Szacowany czas czytania\" \/>\n\t<meta name=\"twitter:data1\" content=\"2 minuty\" \/>\n<script type=\"application\/ld+json\" class=\"yoast-schema-graph\">{\"@context\":\"https:\\\/\\\/schema.org\",\"@graph\":[{\"@type\":\"WebPage\",\"@id\":\"https:\\\/\\\/boto.art.pl\\\/index.php\\\/baroteka\\\/\",\"url\":\"https:\\\/\\\/boto.art.pl\\\/index.php\\\/baroteka\\\/\",\"name\":\"baroteka &#8212; Teatr Boto\",\"isPartOf\":{\"@id\":\"https:\\\/\\\/boto.art.pl\\\/#website\"},\"datePublished\":\"2018-03-30T10:36:54+00:00\",\"dateModified\":\"2025-03-23T21:32:36+00:00\",\"breadcrumb\":{\"@id\":\"https:\\\/\\\/boto.art.pl\\\/index.php\\\/baroteka\\\/#breadcrumb\"},\"inLanguage\":\"pl-PL\",\"potentialAction\":[{\"@type\":\"ReadAction\",\"target\":[\"https:\\\/\\\/boto.art.pl\\\/index.php\\\/baroteka\\\/\"]}]},{\"@type\":\"BreadcrumbList\",\"@id\":\"https:\\\/\\\/boto.art.pl\\\/index.php\\\/baroteka\\\/#breadcrumb\",\"itemListElement\":[{\"@type\":\"ListItem\",\"position\":1,\"name\":\"Strona g\u0142\u00f3wna\",\"item\":\"https:\\\/\\\/boto.art.pl\\\/\"},{\"@type\":\"ListItem\",\"position\":2,\"name\":\"baroteka\"}]},{\"@type\":\"WebSite\",\"@id\":\"https:\\\/\\\/boto.art.pl\\\/#website\",\"url\":\"https:\\\/\\\/boto.art.pl\\\/\",\"name\":\"Teatr Boto\",\"description\":\"\",\"publisher\":{\"@id\":\"https:\\\/\\\/boto.art.pl\\\/#organization\"},\"potentialAction\":[{\"@type\":\"SearchAction\",\"target\":{\"@type\":\"EntryPoint\",\"urlTemplate\":\"https:\\\/\\\/boto.art.pl\\\/?s={search_term_string}\"},\"query-input\":{\"@type\":\"PropertyValueSpecification\",\"valueRequired\":true,\"valueName\":\"search_term_string\"}}],\"inLanguage\":\"pl-PL\"},{\"@type\":\"Organization\",\"@id\":\"https:\\\/\\\/boto.art.pl\\\/#organization\",\"name\":\"Teatr Boto\",\"url\":\"https:\\\/\\\/boto.art.pl\\\/\",\"logo\":{\"@type\":\"ImageObject\",\"inLanguage\":\"pl-PL\",\"@id\":\"https:\\\/\\\/boto.art.pl\\\/#\\\/schema\\\/logo\\\/image\\\/\",\"url\":\"https:\\\/\\\/boto.art.pl\\\/wp-content\\\/uploads\\\/2018\\\/03\\\/logotyp.svg\",\"contentUrl\":\"https:\\\/\\\/boto.art.pl\\\/wp-content\\\/uploads\\\/2018\\\/03\\\/logotyp.svg\",\"width\":1,\"height\":1,\"caption\":\"Teatr Boto\"},\"image\":{\"@id\":\"https:\\\/\\\/boto.art.pl\\\/#\\\/schema\\\/logo\\\/image\\\/\"},\"sameAs\":[\"https:\\\/\\\/www.facebook.com\\\/teatrboto\",\"https:\\\/\\\/www.instagram.com\\\/teatr_boto\\\/\"]}]}<\/script>\n<!-- \/ Yoast SEO plugin. -->","yoast_head_json":{"title":"baroteka &#8212; Teatr Boto","robots":{"index":"index","follow":"follow","max-snippet":"max-snippet:-1","max-image-preview":"max-image-preview:large","max-video-preview":"max-video-preview:-1"},"canonical":"https:\/\/boto.art.pl\/index.php\/baroteka\/","og_locale":"pl_PL","og_type":"article","og_title":"baroteka &#8212; Teatr Boto","og_description":"otwarta: pon-pt: 17:00-02:00 sob-nie: 16:00-02:00W samym centrum Sopotu, na placu przy fontannie Jasia Rybaka, mie\u015bci si\u0119 Teatr BOTO. To przesi\u0105kni\u0119te wydarzeniami kulturalnymi miejsce stworzyli pasjonaci teatru i muzyki. Na pi\u0119trze mie\u015bci si\u0119 kameralna scena z widowni\u0105 na 55 miejsc. Odbywaj\u0105 si\u0119 tu spektakle, koncerty, cykliczne jam sessions (bluesowe w poniedzia\u0142ki i jazzowe w czwartki), spotkania [&hellip;]","og_url":"https:\/\/boto.art.pl\/index.php\/baroteka\/","og_site_name":"Teatr Boto","article_publisher":"https:\/\/www.facebook.com\/teatrboto","article_modified_time":"2025-03-23T21:32:36+00:00","twitter_card":"summary_large_image","twitter_misc":{"Szacowany czas czytania":"2 minuty"},"schema":{"@context":"https:\/\/schema.org","@graph":[{"@type":"WebPage","@id":"https:\/\/boto.art.pl\/index.php\/baroteka\/","url":"https:\/\/boto.art.pl\/index.php\/baroteka\/","name":"baroteka &#8212; Teatr Boto","isPartOf":{"@id":"https:\/\/boto.art.pl\/#website"},"datePublished":"2018-03-30T10:36:54+00:00","dateModified":"2025-03-23T21:32:36+00:00","breadcrumb":{"@id":"https:\/\/boto.art.pl\/index.php\/baroteka\/#breadcrumb"},"inLanguage":"pl-PL","potentialAction":[{"@type":"ReadAction","target":["https:\/\/boto.art.pl\/index.php\/baroteka\/"]}]},{"@type":"BreadcrumbList","@id":"https:\/\/boto.art.pl\/index.php\/baroteka\/#breadcrumb","itemListElement":[{"@type":"ListItem","position":1,"name":"Strona g\u0142\u00f3wna","item":"https:\/\/boto.art.pl\/"},{"@type":"ListItem","position":2,"name":"baroteka"}]},{"@type":"WebSite","@id":"https:\/\/boto.art.pl\/#website","url":"https:\/\/boto.art.pl\/","name":"Teatr Boto","description":"","publisher":{"@id":"https:\/\/boto.art.pl\/#organization"},"potentialAction":[{"@type":"SearchAction","target":{"@type":"EntryPoint","urlTemplate":"https:\/\/boto.art.pl\/?s={search_term_string}"},"query-input":{"@type":"PropertyValueSpecification","valueRequired":true,"valueName":"search_term_string"}}],"inLanguage":"pl-PL"},{"@type":"Organization","@id":"https:\/\/boto.art.pl\/#organization","name":"Teatr Boto","url":"https:\/\/boto.art.pl\/","logo":{"@type":"ImageObject","inLanguage":"pl-PL","@id":"https:\/\/boto.art.pl\/#\/schema\/logo\/image\/","url":"https:\/\/boto.art.pl\/wp-content\/uploads\/2018\/03\/logotyp.svg","contentUrl":"https:\/\/boto.art.pl\/wp-content\/uploads\/2018\/03\/logotyp.svg","width":1,"height":1,"caption":"Teatr Boto"},"image":{"@id":"https:\/\/boto.art.pl\/#\/schema\/logo\/image\/"},"sameAs":["https:\/\/www.facebook.com\/teatrboto","https:\/\/www.instagram.com\/teatr_boto\/"]}]}},"_links":{"self":[{"href":"https:\/\/boto.art.pl\/index.php\/wp-json\/wp\/v2\/pages\/49833","targetHints":{"allow":["GET"]}}],"collection":[{"href":"https:\/\/boto.art.pl\/index.php\/wp-json\/wp\/v2\/pages"}],"about":[{"href":"https:\/\/boto.art.pl\/index.php\/wp-json\/wp\/v2\/types\/page"}],"author":[{"embeddable":true,"href":"https:\/\/boto.art.pl\/index.php\/wp-json\/wp\/v2\/users\/1"}],"replies":[{"embeddable":true,"href":"https:\/\/boto.art.pl\/index.php\/wp-json\/wp\/v2\/comments?post=49833"}],"version-history":[{"count":38,"href":"https:\/\/boto.art.pl\/index.php\/wp-json\/wp\/v2\/pages\/49833\/revisions"}],"predecessor-version":[{"id":68930,"href":"https:\/\/boto.art.pl\/index.php\/wp-json\/wp\/v2\/pages\/49833\/revisions\/68930"}],"wp:attachment":[{"href":"https:\/\/boto.art.pl\/index.php\/wp-json\/wp\/v2\/media?parent=49833"}],"curies":[{"name":"wp","href":"https:\/\/api.w.org\/{rel}","templated":true}]}}