{"id":50016,"date":"2018-04-16T13:41:31","date_gmt":"2018-04-16T11:41:31","guid":{"rendered":"http:\/\/boto.art.pl\/?page_id=50016"},"modified":"2018-04-16T13:41:31","modified_gmt":"2018-04-16T11:41:31","slug":"sopot-non-fiction-2016-program","status":"publish","type":"page","link":"https:\/\/boto.art.pl\/index.php\/sopot-non-fiction-2016-program\/","title":{"rendered":"sopot non fiction 2016 program"},"content":{"rendered":"<p>[et_pb_section bb_built=&#8221;1&#8243; fullwidth=&#8221;on&#8221; _builder_version=&#8221;3.0.106&#8243; custom_padding=&#8221;0px|0px|0|0px&#8221; next_background_color=&#8221;#000000&#8243;][et_pb_fullwidth_menu menu_id=&#8221;25&#8243; submenu_direction=&#8221;downwards&#8221; fullwidth_menu=&#8221;off&#8221; _builder_version=&#8221;3.0.106&#8243; menu_font=&#8221;|600||on|||||&#8221; menu_font_size=&#8221;17px&#8221; background_color=&#8221;#29a9dd&#8221; background_layout=&#8221;dark&#8221; \/][\/et_pb_section][et_pb_section bb_built=&#8221;1&#8243; _builder_version=&#8221;3.0.106&#8243; background_image=&#8221;http:\/\/boto.art.pl\/wp-content\/uploads\/2018\/04\/non_duze_2016.jpg&#8221; custom_padding=&#8221;35px|0px|0|0px&#8221; prev_background_color=&#8221;#000000&#8243; next_background_color=&#8221;#000000&#8243;][et_pb_row custom_padding=&#8221;3px|0px|27px|0px&#8221; _builder_version=&#8221;3.0.47&#8243; background_size=&#8221;initial&#8221; background_position=&#8221;top_left&#8221; background_repeat=&#8221;repeat&#8221;][et_pb_column type=&#8221;1_2&#8243;][et_pb_text _builder_version=&#8221;3.0.106&#8243; text_font=&#8221;|700||on|||||&#8221; text_font_size=&#8221;33px&#8221; text_line_height=&#8221;1em&#8221; background_layout=&#8221;light&#8221;]<\/p>\n<p>SOPOT NON-FICTION 2016<\/p>\n<p>[\/et_pb_text][et_pb_text _builder_version=&#8221;3.0.106&#8243; background_layout=&#8221;light&#8221;]<\/p>\n<p>Organizator: Fundacja Teatru BOTO<br \/>\nWsp\u00f3\u0142organizator: Teatr Wybrze\u017ce<br \/>\nKuratorzy: Adam Nalepa, Adam Orzechowski, Roman Paw\u0142owski<br \/>\nPartnerzy: Ba\u0142tycka Agencja Artystyczna BART, Grodzisko &#8211; Odzia\u0142 Muzeum Archeologicznego w Gda\u0144sku, Opera Le\u015bna w Sopocie, Pa\u0144stwowa Galeria Sztuki w Sopocie, Sopoteka &#8211; galeria kultury multimedialnej, Teatr BOTO, Teatr na Pla\u017cy<br \/>\nPatroni medialni: Radio Gda\u0144sk, TVP Gda\u0144sk, www.e-teatr.pl, www.trojmiasto.pl<br \/>\nProjekt zrealizowany ze \u015brodk\u00f3w Gminy Miasta Sopot<\/p>\n<p>[\/et_pb_text][\/et_pb_column][et_pb_column type=&#8221;1_2&#8243;][\/et_pb_column][\/et_pb_row][\/et_pb_section][et_pb_section bb_built=&#8221;1&#8243; _builder_version=&#8221;3.0.47&#8243; custom_padding=&#8221;30px|0px|54px|0px&#8221; prev_background_color=&#8221;#000000&#8243;][et_pb_row custom_padding=&#8221;0|0px|27px|0px&#8221; _builder_version=&#8221;3.0.47&#8243; background_size=&#8221;initial&#8221; background_position=&#8221;top_left&#8221; background_repeat=&#8221;repeat&#8221;][et_pb_column type=&#8221;2_3&#8243;][et_pb_text _builder_version=&#8221;3.0.106&#8243; background_layout=&#8221;light&#8221;]<\/p>\n<h1><strong>PROGRAM SOPOT NON-FICTION 2016:<\/strong><\/h1>\n<h3><strong>Niedziela, 28 sierpnia, godz. 20:00\/ Teatr BOTO<\/strong><br \/>\n<strong>Poniedzia\u0142ek, 29 sierpnia, godz. 18:00\/ Teatr BOTO<\/strong><\/h3>\n<p>Spektakl partycypacyjny pt. \u201eMODLITWA. TEATR POWSZECHNY\u201d<br \/>\nRe\u017cyser: Micha\u0142 Stankiewicz<br \/>\nKurator: Katarzyna Nizio\u0142ek<br \/>\nCzytelnicy: uczestnicy warsztatu organizowanego w ramach SNF 2016<br \/>\nProducent: Fundacja Uniwersytetu w Bia\u0142ymstoku \/ Pracownia Sztuki Spo\u0142ecznej<br \/>\nCzas trwania: ok. 80 min<\/p>\n<p>Rozumiem, \u017ce nie mo\u017cna opracowa\u0107 p\u0142aczu i krzyku, bo wtedy najwa\u017cniejsze by\u0142yby nie p\u0142acz i nie krzyk, tylko opracowanie. Zamiast \u017cycia wyjdzie literatura.<br \/>\nSwiet\u0142ana Aleksijewicz<\/p>\n<p>Inspirowany \u201eCzarnobylsk\u0105 modlitw\u0105\u201d Swiet\u0142any Aleksijewicz spektakl &#8211; rozmowa o ksi\u0105\u017cce \u00a0\u00a0\u00a0z udzia\u0142em czytelnik\u00f3w. \u201eModlitwa. Teatr powszechny\u201d jest z za\u0142o\u017cenia dzie\u0142em otwartym, poddaj\u0105cym si\u0119 ci\u0105g\u0142ej rekonfiguracji, reinterpretacji i rekontekstualizacji. W toku pr\u00f3b uczestnicy dokonuj\u0105 samodzielnego wyboru fragment\u00f3w z reporta\u017cu Aleksijewicz, dyskutuj\u0105 powody dokonanych wybor\u00f3w. Wybranych fragment\u00f3w ucz\u0105 si\u0119 na pami\u0119\u0107, staj\u0105c si\u0119 w ten spos\u00f3b ich Nosicielami i G\u0142osicielami. Na scenie, przed wyg\u0142oszeniem wybranego fragmentu, opowiadaj\u0105 o powodach swojego wyboru. Na \u017cywo mierz\u0105 si\u0119 ze sob\u0105 (swoj\u0105 trem\u0105, emocjami, my\u015blami), z tekstem i z zawartym w nim \u015bwiadectwem \u2013 prze\u017cyciem bohater\u00f3w ksi\u0105\u017cki, kt\u00f3re w ten spos\u00f3b staje si\u0119 r\u00f3wnie\u017c ich w\u0142asnym. Dzi\u0119ki nim tekst o\u017cywa, dzieje si\u0119 \u201etu i teraz\u201d, w ich do\u015bwiadczeniu i wobec zgromadzonej publiczno\u015bci. W ten spos\u00f3b wy\u0142ania si\u0119 ze spektaklu mozaikowy obraz cz\u0142owieka, utkany z indywidualnych, intymnych, multiplikowanych\u00a0pami\u0119ci\u00a0i\u00a0prze\u017cy\u0107.<br \/>\nProjekt obejmuje realizacj\u0119 pi\u0119ciu spektakli, m.in. w Bia\u0142ymstoku, Czeremsze, Gr\u00f3dku. Ka\u017cdy ze spektakli poprzedzony jest pr\u00f3bami prowadzonymi w formule warsztatowej, podczas kt\u00f3rych uczestnicy nabywaj\u0105 kompetencji scenicznych oraz integruj\u0105 si\u0119 ze sob\u0105 nawzajem. W jednym spektaklu bierze udzia\u0142 15-20 os\u00f3b.<\/p>\n<p>Realizowany dzi\u0119ki wsparciu finansowemu Ministra Kultury i Dziedzictwa Narodowego (w ramach programu \u201eKultura dost\u0119pna\u201d) oraz Urz\u0119du Marsza\u0142kowskiego Wojew\u00f3dztwa Podlaskiego.<\/p>\n<p><strong>Wst\u0119p wolny<\/strong> (bezp\u0142atne wej\u015bci\u00f3wki mo\u017cna odebra\u0107 w dniu pokazu od godz.12:00)<\/p>\n<hr \/>\n<h3><strong>Poniedzia\u0142ek, 29 sierpnia, godz. 20:00\/ Scena Kameralna Teatru Wybrze\u017ce<\/strong><\/h3>\n<p>Spektakl teatru ta\u0144ca pt. \u201eUCHOD\u0179CY. TESTIGO DOCUMENTARY\u201d<br \/>\nRe\u017cyseria: Patryk Gacki<br \/>\nChoreografia, \u015bwiat\u0142a, kostiumy: DzikiStyl Company<br \/>\nObsada: Wioleta Fiuk, Patryk Gacki, Micha\u0142 \u0141abu\u015b<br \/>\nWsp\u00f3\u0142praca artystyczna: Pavel Zu\u0161tiak<br \/>\nCzas trwania: ok. 60 min<\/p>\n<p>Temat nowego spektaklu Dzikiego Stylu dotyka kwestii wzbudzaj\u0105cej w ostatnich miesi\u0105cach ogromne emocje w ca\u0142ej Europie: losu uchod\u017ac\u00f3w, opuszczaj\u0105cych swoje rodzinne kraje z powodu wojny czy prze\u015bladowa\u0144, podr\u00f3\u017cuj\u0105cych tysi\u0105ce kilometr\u00f3w w poszukiwaniu lepszego \u017cycia. Tancerze skupiaj\u0105 si\u0119 jednak nie na kwestiach politycznych, ale na dramatycznych losach jednostek, zmagaj\u0105cych si\u0119 z brakiem schronienia, \u017cywno\u015bci, poczucia bezpiecze\u0144stwa. Tw\u00f3rcom zale\u017ca\u0142o na zobrazowaniu jak najbardziej realistycznie i wiarygodnie &#8211; za pomoc\u0105 ruchu &#8211; stan\u00f3w psychicznych towarzysz\u0105cych ucieczce.<\/p>\n<p>Bezpo\u015bredni\u0105 inspiracj\u0105 do stworzenia spektaklu by\u0142y zdj\u0119cia oraz rozmowy z Maciejem Moskw\u0105, tr\u00f3jmiejskim fotografem, zdobywc\u0105 m. in. nagrody za Zdj\u0119cia Roku w Og\u00f3lnopolskim Konkursie Fotografii Prasowej Grand Press Photo oraz Grand Prix XIX Pomorskiego Konkursu Fotografii Prasowej Gda\u0144sk Press Photo 2015 im. Zbigniewa Kosycarza. Moskwa jest cz\u0142onkiem Testigo Documentary, kolektywu dziennikarzy skupiaj\u0105cych si\u0119 na tematach spo\u0142ecznych, politycznych i dotycz\u0105cych \u015brodowiska, kt\u00f3re cz\u0119sto nie trafiaj\u0105 do medi\u00f3w mainstreamowych. Urodzony w Gda\u0144sku fotograf konsekwentnie, od wielu miesi\u0119cy, dokumentuje masow\u0105 ucieczk\u0119 mieszka\u0144c\u00f3w ogarni\u0119tych wojn\u0105 kraj\u00f3w Bliskiego Wschodu<\/p>\n<hr \/>\n<h3><strong>Wtorek, 30 sierpnia, godz. 20:00\/ Scena Kameralna Teatru Wybrze\u017ce <\/strong><\/h3>\n<p>Spektakl pt. \u201eALBUM KARLA HOECKERA\u201d<\/p>\n<p>Tekst: Ma\u0142gorzata Sikorska-Miszczuk<br \/>\nRe\u017cyseria: Paul Bargetto<br \/>\nKostiumy: Agnieszka Kaczy\u0144ska<br \/>\nObsada: Marta Kr\u00f3l, Krzysztof Polkowski, Grzegorz Sierzputowski, Tomasz Sobczak, Julia Trembecka<br \/>\nProdukcja: Agata Balcerzak, Teatr Trans-Atlantyk, Warszawa<\/p>\n<p>Muzeum Holocaustu w Waszyngtonie otrzyma\u0142o w 2006 roku album, zawieraj\u0105cy 116 zdj\u0119\u0107. By\u0142 to osobisty album oficera SS Karla H\u00f6ckera, adiutanta Richarda Baera, jednego z komendant\u00f3w obozu koncentracyjnego w Auschwitz-Birkenau. Fotografie przedstawiaj\u0105 wy\u017cszych oficer\u00f3w SS oraz ich asystentki z obozu podczas wypoczynku w o\u015brodku zwanym Solahuette, po\u0142o\u017conym oko\u0142o 20 km od Auschwitz oraz w czasie oficjalnych spotka\u0144\u00a0 w obozie. Na zdj\u0119ciach pojawia si\u0119 wiele wa\u017cnych postaci: dr Josef Mengele, Rudolf Hoess, Rochard Baer i Josef Kramer. Nie ma na nich natomiast wi\u0119\u017ani\u00f3w ani \u017cadnych obraz\u00f3w z\u00a0obozu\u00a0\u015bmierci.<\/p>\n<p>Spektakl Album Karla Hockera jest rzadko podejmowan\u0105 pr\u00f3b\u0105 zbadania tragicznej historii obozu zag\u0142ady w Auschwitz z perspektywy oprawc\u00f3w. U\u017cywaj\u0105c technik teatru dokumentalnego, improwizacji, prowadz\u0105c dog\u0142\u0119bne badania historyczne, jak r\u00f3wnie\u017c pos\u0142uguj\u0105c si\u0119 tekstem dramatycznym, spektakl &#8222;Album Karla Hockera&#8221; przygl\u0105da si\u0119 zaskakuj\u0105co ludzkim zachowaniom kobiet i m\u0119\u017cczyzn, kt\u00f3rzy w\u0142asnor\u0119cznie dokonali ostatecznego rozwi\u0105zania kwestii \u017cydowskiej. Widzowie, b\u0119d\u0105c \u015bwiadkami \u201eo\u017cywiania\u201d fotografii z Albumu Karla Hoeckera, mog\u0105 przyjrze\u0107 si\u0119 \u017cyciu codziennemu wysoko postawionych \u017co\u0142nierzy SS jak i zwyk\u0142ym pracownikom obs\u0142uguj\u0105cym fabryk\u0119 \u015bmierci, jak\u0105 by\u0142\u00a0ob\u00f3z\u00a0zag\u0142ady\u00a0w\u00a0Auschwitz.<br \/>\nPartnerzy: Culture.pl, Bemowskie Centrum Kultury, Instytut Teatralny im. Zbigniewa Raszewskiego, Sopot Non-Fiction<br \/>\nCzas trwania: ok. 120 min<\/p>\n<hr \/>\n<h3><strong>Czwartek, 1 wrze\u015bnia, godz. 20:00\/ Scena Kameralna Teatru Wybrze\u017ce<\/strong><\/h3>\n<p>Prapremiera spektaklu pt. \u201ePI\u0141KARZE\u201d<br \/>\nTekst: Krzysztof Szekalski<br \/>\nRe\u017cyseria: Ma\u0142gorzata Wdowik<br \/>\nChoreografia: Marta Zi\u00f3\u0142ek<br \/>\nRe\u017cyseria \u015bwiate\u0142\/scenografia\/kostiumy: Aleksander Prowali\u0144ski<br \/>\nMuzyka: Pawe\u0142 Kulczy\u0144ski<br \/>\nWsp\u00f3\u0142praca dramaturgiczna: Joanna Ostrowska<br \/>\nAsystent re\u017cysera: Wiktor Bagi\u0144ski<br \/>\nObsada: Wiktor Bagi\u0144ski, Dobromir Dymecki, Kacper Wdowik<br \/>\nKoordynacja produkcji: Karolina Paj\u0105k<br \/>\nProducent: Fundacja Teatru BOTO (w ramach projektu Warszawa.doc, wsp\u00f3\u0142finansowanego przez Urz\u0105d m. st. Warszawy)<br \/>\nKoproducent: TR Warszawa<br \/>\nPartnerzy: Bemowskie Centrum Kultury, Sopot Non-Fiction<br \/>\nCzas trwania: ok. 80 min<\/p>\n<p>Projekt \u201ePi\u0142karze\u201d to po\u0142\u0105czenie teatru dokumentalnego, treningu sportowego i performansu. Cia\u0142o pi\u0142karza jest ca\u0142kowicie zdyscyplinowane przez zasady na boisku oraz na treningach. Cia\u0142o pi\u0142karza ma by\u0107 piel\u0119gnowane oraz d\u0105\u017cy\u0107 do maksymalnej wydajno\u015bci. Cia\u0142o pi\u0142karza ma wyznaczon\u0105 warto\u015b\u0107 pieni\u0119\u017cn\u0105 i jest przedmiotem transakcji sprzeda\u017cy oraz kupna pomi\u0119dzy klubami pi\u0142karskimi. Pi\u0142karz to wsp\u00f3\u0142czesny bohater heteronormatywnej kultury, kt\u00f3rego wizerunek tworzony jest za pomoc\u0105 powielanych w mediach obraz\u00f3w cia\u0142a. Pi\u0142karz nie powinien zabiera\u0107 g\u0142osu w kwestiach nie mieszcz\u0105cych si\u0119 w kszta\u0142towanym wizerunku, takich jak: homoseksualizm, depresja, obelgi rasistowskie etc. Pi\u0142karz dla wi\u0119kszo\u015bci pozostaje niemy, a jego ewentualnym narz\u0119dziem buntu staje si\u0119 jego cia\u0142o.<\/p>\n<hr \/>\n<h3><strong>Pi\u0105tek, 2 wrze\u015bnia, godz. 17:00-21:15\/ Scena Kameralna Teatru Wybrze\u017ce <\/strong><\/h3>\n<p>MARATON NON-FICTION cz. I<br \/>\n<strong>Wst\u0119p wolny<\/strong><\/p>\n<hr \/>\n<h3><strong>Sobota, 3 wrze\u015bnia, godz. 13:30-16:15\/ Scena Kameralna Teatru Wybrze\u017ce <\/strong><\/h3>\n<p>MARATON NON-FICTION cz. II<br \/>\n<strong>Wst\u0119p wolny<\/strong><\/p>\n<h3><strong>Sobota, 3 wrze\u015bnia, godz. 18:00-20:45\/ Scena Kameralna Teatru Wybrze\u017ce <\/strong><\/h3>\n<p>MARATON NON-FICTION cz. III<br \/>\n<strong>Wst\u0119p wolny \u00a0<\/strong><\/p>\n<p>[\/et_pb_text][\/et_pb_column][et_pb_column type=&#8221;1_3&#8243;][\/et_pb_column][\/et_pb_row][\/et_pb_section]<\/p>\n","protected":false},"excerpt":{"rendered":"<p>SOPOT NON-FICTION 2016 Organizator: Fundacja Teatru BOTO Wsp\u00f3\u0142organizator: Teatr Wybrze\u017ce Kuratorzy: Adam Nalepa, Adam Orzechowski, Roman Paw\u0142owski Partnerzy: Ba\u0142tycka Agencja Artystyczna BART, Grodzisko &#8211; Odzia\u0142 Muzeum Archeologicznego w Gda\u0144sku, Opera Le\u015bna w Sopocie, Pa\u0144stwowa Galeria Sztuki w Sopocie, Sopoteka &#8211; galeria kultury multimedialnej, Teatr BOTO, Teatr na Pla\u017cy Patroni medialni: Radio Gda\u0144sk, TVP Gda\u0144sk, www.e-teatr.pl, [&hellip;]<\/p>\n","protected":false},"author":1,"featured_media":0,"parent":0,"menu_order":0,"comment_status":"closed","ping_status":"closed","template":"","meta":{"_et_pb_use_builder":"on","_et_pb_old_content":"","_et_gb_content_width":"","inline_featured_image":false,"footnotes":""},"class_list":["post-50016","page","type-page","status-publish","hentry"],"yoast_head":"<!-- This site is optimized with the Yoast SEO plugin v27.4 - https:\/\/yoast.com\/product\/yoast-seo-wordpress\/ -->\n<title>sopot non fiction 2016 program &#8212; Teatr Boto<\/title>\n<meta name=\"robots\" content=\"index, follow, max-snippet:-1, max-image-preview:large, max-video-preview:-1\" \/>\n<link rel=\"canonical\" href=\"https:\/\/boto.art.pl\/index.php\/sopot-non-fiction-2016-program\/\" \/>\n<meta property=\"og:locale\" content=\"pl_PL\" \/>\n<meta property=\"og:type\" content=\"article\" \/>\n<meta property=\"og:title\" content=\"sopot non fiction 2016 program &#8212; Teatr Boto\" \/>\n<meta property=\"og:description\" content=\"SOPOT NON-FICTION 2016 Organizator: Fundacja Teatru BOTO Wsp\u00f3\u0142organizator: Teatr Wybrze\u017ce Kuratorzy: Adam Nalepa, Adam Orzechowski, Roman Paw\u0142owski Partnerzy: Ba\u0142tycka Agencja Artystyczna BART, Grodzisko - Odzia\u0142 Muzeum Archeologicznego w Gda\u0144sku, Opera Le\u015bna w Sopocie, Pa\u0144stwowa Galeria Sztuki w Sopocie, Sopoteka - galeria kultury multimedialnej, Teatr BOTO, Teatr na Pla\u017cy Patroni medialni: Radio Gda\u0144sk, TVP Gda\u0144sk, www.e-teatr.pl, [&hellip;]\" \/>\n<meta property=\"og:url\" content=\"https:\/\/boto.art.pl\/index.php\/sopot-non-fiction-2016-program\/\" \/>\n<meta property=\"og:site_name\" content=\"Teatr Boto\" \/>\n<meta property=\"article:publisher\" content=\"https:\/\/www.facebook.com\/teatrboto\" \/>\n<meta name=\"twitter:card\" content=\"summary_large_image\" \/>\n<meta name=\"twitter:label1\" content=\"Szacowany czas czytania\" \/>\n\t<meta name=\"twitter:data1\" content=\"7 minut\" \/>\n<script type=\"application\/ld+json\" class=\"yoast-schema-graph\">{\"@context\":\"https:\\\/\\\/schema.org\",\"@graph\":[{\"@type\":\"WebPage\",\"@id\":\"https:\\\/\\\/boto.art.pl\\\/index.php\\\/sopot-non-fiction-2016-program\\\/\",\"url\":\"https:\\\/\\\/boto.art.pl\\\/index.php\\\/sopot-non-fiction-2016-program\\\/\",\"name\":\"sopot non fiction 2016 program &#8212; Teatr Boto\",\"isPartOf\":{\"@id\":\"https:\\\/\\\/boto.art.pl\\\/#website\"},\"datePublished\":\"2018-04-16T11:41:31+00:00\",\"breadcrumb\":{\"@id\":\"https:\\\/\\\/boto.art.pl\\\/index.php\\\/sopot-non-fiction-2016-program\\\/#breadcrumb\"},\"inLanguage\":\"pl-PL\",\"potentialAction\":[{\"@type\":\"ReadAction\",\"target\":[\"https:\\\/\\\/boto.art.pl\\\/index.php\\\/sopot-non-fiction-2016-program\\\/\"]}]},{\"@type\":\"BreadcrumbList\",\"@id\":\"https:\\\/\\\/boto.art.pl\\\/index.php\\\/sopot-non-fiction-2016-program\\\/#breadcrumb\",\"itemListElement\":[{\"@type\":\"ListItem\",\"position\":1,\"name\":\"Strona g\u0142\u00f3wna\",\"item\":\"https:\\\/\\\/boto.art.pl\\\/\"},{\"@type\":\"ListItem\",\"position\":2,\"name\":\"sopot non fiction 2016 program\"}]},{\"@type\":\"WebSite\",\"@id\":\"https:\\\/\\\/boto.art.pl\\\/#website\",\"url\":\"https:\\\/\\\/boto.art.pl\\\/\",\"name\":\"Teatr Boto\",\"description\":\"\",\"publisher\":{\"@id\":\"https:\\\/\\\/boto.art.pl\\\/#organization\"},\"potentialAction\":[{\"@type\":\"SearchAction\",\"target\":{\"@type\":\"EntryPoint\",\"urlTemplate\":\"https:\\\/\\\/boto.art.pl\\\/?s={search_term_string}\"},\"query-input\":{\"@type\":\"PropertyValueSpecification\",\"valueRequired\":true,\"valueName\":\"search_term_string\"}}],\"inLanguage\":\"pl-PL\"},{\"@type\":\"Organization\",\"@id\":\"https:\\\/\\\/boto.art.pl\\\/#organization\",\"name\":\"Teatr Boto\",\"url\":\"https:\\\/\\\/boto.art.pl\\\/\",\"logo\":{\"@type\":\"ImageObject\",\"inLanguage\":\"pl-PL\",\"@id\":\"https:\\\/\\\/boto.art.pl\\\/#\\\/schema\\\/logo\\\/image\\\/\",\"url\":\"https:\\\/\\\/boto.art.pl\\\/wp-content\\\/uploads\\\/2018\\\/03\\\/logotyp.svg\",\"contentUrl\":\"https:\\\/\\\/boto.art.pl\\\/wp-content\\\/uploads\\\/2018\\\/03\\\/logotyp.svg\",\"width\":1,\"height\":1,\"caption\":\"Teatr Boto\"},\"image\":{\"@id\":\"https:\\\/\\\/boto.art.pl\\\/#\\\/schema\\\/logo\\\/image\\\/\"},\"sameAs\":[\"https:\\\/\\\/www.facebook.com\\\/teatrboto\",\"https:\\\/\\\/www.instagram.com\\\/teatr_boto\\\/\"]}]}<\/script>\n<!-- \/ Yoast SEO plugin. -->","yoast_head_json":{"title":"sopot non fiction 2016 program &#8212; Teatr Boto","robots":{"index":"index","follow":"follow","max-snippet":"max-snippet:-1","max-image-preview":"max-image-preview:large","max-video-preview":"max-video-preview:-1"},"canonical":"https:\/\/boto.art.pl\/index.php\/sopot-non-fiction-2016-program\/","og_locale":"pl_PL","og_type":"article","og_title":"sopot non fiction 2016 program &#8212; Teatr Boto","og_description":"SOPOT NON-FICTION 2016 Organizator: Fundacja Teatru BOTO Wsp\u00f3\u0142organizator: Teatr Wybrze\u017ce Kuratorzy: Adam Nalepa, Adam Orzechowski, Roman Paw\u0142owski Partnerzy: Ba\u0142tycka Agencja Artystyczna BART, Grodzisko - Odzia\u0142 Muzeum Archeologicznego w Gda\u0144sku, Opera Le\u015bna w Sopocie, Pa\u0144stwowa Galeria Sztuki w Sopocie, Sopoteka - galeria kultury multimedialnej, Teatr BOTO, Teatr na Pla\u017cy Patroni medialni: Radio Gda\u0144sk, TVP Gda\u0144sk, www.e-teatr.pl, [&hellip;]","og_url":"https:\/\/boto.art.pl\/index.php\/sopot-non-fiction-2016-program\/","og_site_name":"Teatr Boto","article_publisher":"https:\/\/www.facebook.com\/teatrboto","twitter_card":"summary_large_image","twitter_misc":{"Szacowany czas czytania":"7 minut"},"schema":{"@context":"https:\/\/schema.org","@graph":[{"@type":"WebPage","@id":"https:\/\/boto.art.pl\/index.php\/sopot-non-fiction-2016-program\/","url":"https:\/\/boto.art.pl\/index.php\/sopot-non-fiction-2016-program\/","name":"sopot non fiction 2016 program &#8212; Teatr Boto","isPartOf":{"@id":"https:\/\/boto.art.pl\/#website"},"datePublished":"2018-04-16T11:41:31+00:00","breadcrumb":{"@id":"https:\/\/boto.art.pl\/index.php\/sopot-non-fiction-2016-program\/#breadcrumb"},"inLanguage":"pl-PL","potentialAction":[{"@type":"ReadAction","target":["https:\/\/boto.art.pl\/index.php\/sopot-non-fiction-2016-program\/"]}]},{"@type":"BreadcrumbList","@id":"https:\/\/boto.art.pl\/index.php\/sopot-non-fiction-2016-program\/#breadcrumb","itemListElement":[{"@type":"ListItem","position":1,"name":"Strona g\u0142\u00f3wna","item":"https:\/\/boto.art.pl\/"},{"@type":"ListItem","position":2,"name":"sopot non fiction 2016 program"}]},{"@type":"WebSite","@id":"https:\/\/boto.art.pl\/#website","url":"https:\/\/boto.art.pl\/","name":"Teatr Boto","description":"","publisher":{"@id":"https:\/\/boto.art.pl\/#organization"},"potentialAction":[{"@type":"SearchAction","target":{"@type":"EntryPoint","urlTemplate":"https:\/\/boto.art.pl\/?s={search_term_string}"},"query-input":{"@type":"PropertyValueSpecification","valueRequired":true,"valueName":"search_term_string"}}],"inLanguage":"pl-PL"},{"@type":"Organization","@id":"https:\/\/boto.art.pl\/#organization","name":"Teatr Boto","url":"https:\/\/boto.art.pl\/","logo":{"@type":"ImageObject","inLanguage":"pl-PL","@id":"https:\/\/boto.art.pl\/#\/schema\/logo\/image\/","url":"https:\/\/boto.art.pl\/wp-content\/uploads\/2018\/03\/logotyp.svg","contentUrl":"https:\/\/boto.art.pl\/wp-content\/uploads\/2018\/03\/logotyp.svg","width":1,"height":1,"caption":"Teatr Boto"},"image":{"@id":"https:\/\/boto.art.pl\/#\/schema\/logo\/image\/"},"sameAs":["https:\/\/www.facebook.com\/teatrboto","https:\/\/www.instagram.com\/teatr_boto\/"]}]}},"_links":{"self":[{"href":"https:\/\/boto.art.pl\/index.php\/wp-json\/wp\/v2\/pages\/50016","targetHints":{"allow":["GET"]}}],"collection":[{"href":"https:\/\/boto.art.pl\/index.php\/wp-json\/wp\/v2\/pages"}],"about":[{"href":"https:\/\/boto.art.pl\/index.php\/wp-json\/wp\/v2\/types\/page"}],"author":[{"embeddable":true,"href":"https:\/\/boto.art.pl\/index.php\/wp-json\/wp\/v2\/users\/1"}],"replies":[{"embeddable":true,"href":"https:\/\/boto.art.pl\/index.php\/wp-json\/wp\/v2\/comments?post=50016"}],"version-history":[{"count":1,"href":"https:\/\/boto.art.pl\/index.php\/wp-json\/wp\/v2\/pages\/50016\/revisions"}],"predecessor-version":[{"id":50017,"href":"https:\/\/boto.art.pl\/index.php\/wp-json\/wp\/v2\/pages\/50016\/revisions\/50017"}],"wp:attachment":[{"href":"https:\/\/boto.art.pl\/index.php\/wp-json\/wp\/v2\/media?parent=50016"}],"curies":[{"name":"wp","href":"https:\/\/api.w.org\/{rel}","templated":true}]}}