{"id":50021,"date":"2018-04-16T13:48:53","date_gmt":"2018-04-16T11:48:53","guid":{"rendered":"http:\/\/boto.art.pl\/?page_id=50021"},"modified":"2018-04-16T13:50:19","modified_gmt":"2018-04-16T11:50:19","slug":"sopot-non-fiction-2017-info","status":"publish","type":"page","link":"https:\/\/boto.art.pl\/index.php\/sopot-non-fiction-2017-info\/","title":{"rendered":"sopot non fiction 2017 info"},"content":{"rendered":"<p>[et_pb_section fb_built=&#8221;1&#8243; fullwidth=&#8221;on&#8221; _builder_version=&#8221;3.0.106&#8243; custom_padding=&#8221;0px|0px|0|0px&#8221;][et_pb_fullwidth_menu menu_id=&#8221;25&#8243; background_layout=&#8221;dark&#8221; submenu_direction=&#8221;downwards&#8221; fullwidth_menu=&#8221;off&#8221; _builder_version=&#8221;3.0.106&#8243; menu_font=&#8221;|600||on|||||&#8221; menu_font_size=&#8221;17px&#8221; background_color=&#8221;#29a9dd&#8221;][\/et_pb_fullwidth_menu][\/et_pb_section][et_pb_section fb_built=&#8221;1&#8243; _builder_version=&#8221;3.0.106&#8243; background_image=&#8221;http:\/\/boto.art.pl\/wp-content\/uploads\/2018\/04\/non_duze_2017.jpg&#8221; custom_padding=&#8221;35px|0px|0|0px&#8221;][et_pb_row custom_padding=&#8221;3px|0px|97px|0px&#8221; _builder_version=&#8221;3.0.47&#8243; background_size=&#8221;initial&#8221; background_position=&#8221;top_left&#8221; background_repeat=&#8221;repeat&#8221;][et_pb_column type=&#8221;1_2&#8243; _builder_version=&#8221;3.0.47&#8243; parallax=&#8221;off&#8221; parallax_method=&#8221;on&#8221;][et_pb_text _builder_version=&#8221;3.0.106&#8243; text_font=&#8221;|700||on|||||&#8221; text_font_size=&#8221;33px&#8221; text_line_height=&#8221;1em&#8221;]SOPOT NON-FICTION 2017<br \/>\n[\/et_pb_text][et_pb_text _builder_version=&#8221;3.0.106&#8243;]Organizatorzy: Fundacja Teatru BOTO oraz Teatr Wybrze\u017ce w Gda\u0144sku;<br \/>\nKuratorzy: Adam Nalepa, Adam Orzechowski, Roman Paw\u0142owski;<br \/>\nPartnerzy: Grodzisko &#8211; Oddzia\u0142 Muzeum Archeologicznego w Gda\u0144sku, Sopoteka &#8211; galeria kultury multimedialnej, ZS nr 1 w Sopocie;<br \/>\nPatroni medialni: Radio Gda\u0144sk, www.trojmiasto.pl, Presti\u017c Magazyn Tr\u00f3jmiejski www.prestiztrojmiasto.pl, www.e-teatr.pl, www.teatralia.com.pl, www.teatrdlawas.pl<br \/>\nProjekt realizowany ze \u015brodk\u00f3w Gminy Miasta Sopot.<br \/>\n[\/et_pb_text][\/et_pb_column][et_pb_column type=&#8221;1_2&#8243; _builder_version=&#8221;3.0.47&#8243; parallax=&#8221;off&#8221; parallax_method=&#8221;on&#8221;][\/et_pb_column][\/et_pb_row][\/et_pb_section][et_pb_section fb_built=&#8221;1&#8243; _builder_version=&#8221;3.0.47&#8243; custom_padding=&#8221;30px|0px|54px|0px&#8221;][et_pb_row custom_padding=&#8221;0|0px|27px|0px&#8221; _builder_version=&#8221;3.0.47&#8243; background_size=&#8221;initial&#8221; background_position=&#8221;top_left&#8221; background_repeat=&#8221;repeat&#8221;][et_pb_column type=&#8221;2_3&#8243; _builder_version=&#8221;3.0.47&#8243; parallax=&#8221;off&#8221; parallax_method=&#8221;on&#8221;][et_pb_text _builder_version=&#8221;3.0.106&#8243;]<\/p>\n<h3><strong>VI Festiwal Teatru Dokumentalnego i Rezydencja Artystyczna Sopot Non-Fiction<\/strong><br \/>\n<strong>26 sierpnia \u2013 2 wrze\u015bnia 2017<\/strong><\/h3>\n<p>Sopot Non-Fiction &#8211; unikalny przegl\u0105d po\u015bwi\u0119cony teatrowi dokumentalnemu, \u0142\u0105cz\u0105cemu teatr, literatur\u0119 faktu i sztuki wizualne. Przez tydzie\u0144 re\u017cyserzy, dramaturdzy i aktorzy pracuj\u0105 nad projektami teatralnymi, inspirowanymi autentycznymi wydarzeniami. Baz\u0105 do warsztat\u00f3w s\u0105 reporta\u017ce, wywiady, artyku\u0142y prasowe i inne materia\u0142y dokumentalne. W tegorocznej edycji we\u017amie udzia\u0142 8 grup artyst\u00f3w, kt\u00f3rych prac\u0119 zako\u0144czy \u201eMaraton Non-Fiction\u201d \u2013 dwudniowy pokaz w formule <em>work in progress<\/em>. Opr\u00f3cz rezydencji artystycznej Sopot Non-Fiction to r\u00f3wnie\u017c prezentacje spektakli, kt\u00f3re powsta\u0142y jako efekt poprzednich edycji festiwalu oraz przedstawie\u0144 autonomicznych, reprezentuj\u0105cych nurt teatru dokumentalnego. Miejscem spotka\u0144 artyst\u00f3w i publiczno\u015bci jest Scena Kameralna Teatru Wybrze\u017ce w Sopocie oraz Teatr BOTO w Sopocie, b\u0119d\u0105cy zar\u00f3wno przestrzeni\u0105 teatraln\u0105, jak i klubem festiwalowym.<\/p>\n<h3>Kuratorami projektu b\u0119d\u0105:<\/h3>\n<p><strong>Adam Nalepa<\/strong> \u2013 re\u017cyser, t\u0142umacz, dramaturg. Wychowany w Niemczech, gdzie debiutowa\u0142 jako re\u017cyser w\u0142asn\u0105 adaptacj\u0105 KOMEDIANTA Thomasa Bernharda w D\u00fcsseldorfer Schauspielhaus. W 2007 roku otrzyma\u0142 propozycj\u0119 inscenizacji \u015bwiatowej prapremiery BLASZANEGO B\u0118BENKA z okazji obchod\u00f3w 80-tych urodzin G\u00fcntera Grassa w Teatrze Wybrze\u017ce, z kt\u00f3rym wsp\u00f3\u0142pracuje od tego czasu. W Gda\u0144sku wyre\u017cyserowa\u0142 m.in. KAMIE\u0143 Mariusa von Mayenburga, NIE-BOSK\u0104 KOMEDI\u0118 Krasi\u0144skiego, CZAROWNICE Z SALEM Arthura Millera, MARI\u0118 STUART Friedriecha Schillera. Poza tym wystawi\u0142 w warszawskim Laboratorium Dramatu prapremier\u0119 SEX MACHINE Tomasza Mana, w krakowskim Starym Teatrze CH\u0141OPC\u00d3W Stanis\u0142awa Grochowiaka, w Kaliszu KUPCA WENECKIEGO wed\u0142ug Williama Shakespeare&#8217;a, a w Sopocie dla Fundacji Teatru BOTO, kt\u00f3rego jest dyrektorem artystycznym, m. in. prapremier\u0119 sztuki Jakuba Roszkowskiego ZIELONY M\u0118\u017bCZYZNA, NORD-OST Torstena Buchseteinera oraz CA\u0141O-CZERWONE Ma\u0142gorzaty Szczerbowskiej. W 2015 wyre\u017cyserowa\u0142 w Teatrze Muzycznym im. Danuty Baduszkowej w Gdyni spektakl MA\u0141Y KSI\u0104\u017b\u0118. KO\u0143C\u00d3WKA na podstawie Antoine de Saint-Exupery a w Teatrze Wybrze\u017ce spektakl FARAON na podstawie powie\u015bci Boles\u0142awa Prusa. Jest wielokrotnym laureatem nagr\u00f3d teatralnych, m.in. Marsza\u0142ka Wojew\u00f3dztwa Pomorskiego (2008, 2012, 2014), Miasta Gda\u0144sk (2008, 2012, 2014), Miasta Sopotu (Sopocka Muza 2013), Splendor Gedanensis (2014), Sztormu Roku Gazety Wyborczej (2014) oraz Nagrody Ministerstwa Kultury i Dziedzictwa Narodowego w ramach Konkursu \u201eKlasyka \u017cywa\u201d 2015 za najlepsz\u0105 adaptacj\u0119 tekstu (\u201eFaraon\u201d, Teatr Wybrze\u017ce).<\/p>\n<p><strong>Adam Orzechowski<\/strong>, absolwent Wydzia\u0142u Re\u017cyserii PWST w Krakowie. W latach 2000-2005 dyrektor Teatru Polskiego w Bydgoszczy. Od 2006 roku dyrektor Teatru Wybrze\u017ce. Powo\u0142a\u0142 do \u017cycia Festiwal Prapremier i przegl\u0105d Wybrze\u017ce Sztuki. Jako dyrektor naczelny i artystyczny stoi za jednym z najwi\u0119kszych sukces\u00f3w gda\u0144skiej sceny od lat. Re\u017cyserowa\u0142 teksty klasyczne i wsp\u00f3\u0142czesne w teatrach ca\u0142ej Polski, m.in. SZALE\u0143STWO WE DWOJE Eugene Ionesco w Teatrze im. Stefana Jaracza w \u0141odzi, AKTORA Bogus\u0142awa Schaeffera w Teatrze Wsp\u00f3\u0142czesnym im. Edmunda Wierci\u0144skiego we Wroc\u0142awiu, PRZER\u017bN\u0104\u0106 SPRAW\u0118 Davida Mameta w Teatrze Wsp\u00f3\u0142czesnym w Szczecinie, NIEPOROZUMIENIE Alberta Camusa w Teatrze Polskim w Warszawie, CZAROWNICE Z SALEM Arthura Millera w Teatrze im. Juliusza Osterwy w Gorzowie Wielkopolskim, BOGA Woody&#8217;ego Allena w Teatrze \u015al\u0105skim im. Stanis\u0142awa Wyspia\u0144skiego w Katowicach, O\u017bENEK Niko\u0142aja Gogola w Teatrze im. Jana Kochanowskiego w Opolu, DZIE\u0143 DOBRY I DO WIDZENIA Athola Fugarda w Teatrze Polskim w Poznaniu, DZIADY Adama Mickiewicza w Lubuskim Teatrze im. Leona Kruczkowskiego w Zielonej G\u00f3rze, POSKROMIENIE Z\u0141O\u015aNICY Williama Shakespeare&#8217;a w Ba\u0142tyckim Teatrze Dramatycznym im. Juliusza S\u0142owackiego w Koszalinie, I. ZNACZY INNA Andreasa Sautera i Bernharda Studlara oraz SK\u00d3RZAN\u0104 MASK\u0118 Helmuta Kraussera w Teatrze Polskim im. Hieronima Konieczki w Bydgoszczy. Jako etatowy re\u017cyser (w latach 1993-1996) Teatru Wybrze\u017ce w Gda\u0144sku wyre\u017cyserowa\u0142 tam m.in. MORALNO\u015a\u0106 PANI DULSKIEJ Gabrieli Zapolskiej i WESO\u0141E KUMOSZKI Z WINDSORU Williama Shakespeare&#8217;a. W ostatnim 10-leciu na gda\u0144skiej scenie zrealizowa\u0142 m.in. INTYMNE L\u0118KI Alana Ayckbourna, FARS\u0118 Z WALWORTH Endy Walsha, WIELE HA\u0141ASU O NIC Williama Shakespeare&#8217;a, O\u017bENEK Niko\u0142aja Gogola, TAJEMNICZ\u0104 IRM\u0118 VEP Charlesa Ludlama, PER PROCURA Neila Simona, FAZ\u0118 DELTA Rados\u0142awa Paczochy, BAB\u0118 CHANEL Niko\u0142aja Kolady, spektakl (G)DZIE-CI FACECI, wielokrotnie nagradzanego BRONIEWSKIEGO Rados\u0142aw Paczochy (m.in. Nagroda dla najlepszego spektaklu na 21. Mi\u0119dzynarodowym Festiwalu Sztuk Przyjemnych i Nieprzyjemnych w \u0141odzi oraz drugie miejsce w plebiscycie na najlepszy spektakl Telewizyjnego Festiwalu Teatr\u00f3w Polski), MURZYNA WARSZAWSKIEGO Antoniego S\u0142onimskiego oraz PE\u0141NI\u0118 SZCZ\u0118\u015aCIA Charlesa den Texa i Petera de Baana. Jego ostatni\u0105 realizacj\u0105 jest spektakl TANGO \u0141\u00d3D\u0179 Rados\u0142awa Paczochy wystawiony na deskach Teatru Powszechnego w \u0141odzi, kt\u00f3ry otrzyma\u0142 Nagrod\u0119 publiczno\u015bci dla najlepszego spektaklu na 22. Mi\u0119dzynarodowym Festiwalu Sztuk Przyjemnych i Nieprzyjemnych. Adam Orzechowski jest laureatem wielu nagr\u00f3d i wyr\u00f3\u017cnie\u0144 artystycznych m.in. nagrody Gazety Wyborczej POMORSKI SZTORM w kategorii CZ\u0141OWIEK ROKU, Honorowej Nagrody Gda\u0144skiego Towarzystwa Przyjaci\u00f3\u0142 Sztuki, Nagrody Teatralnej Miasta Gda\u0144ska oraz Nagrody Teatralnej Marsza\u0142ka Wojew\u00f3dztwa Pomorskiego.<\/p>\n<p><strong>Roman Paw\u0142owski,<\/strong> krytyk kultury, publicysta, kurator teatralny. Od listopada 2014 dyrektor programowy TR Warszawa. Zajmuje si\u0119 problemami nowej dramaturgii i polityki kulturalnej, prowadzi autorskie warsztaty z pisania krytycznego i teatru dokumentalnego. Wsp\u00f3\u0142pracuje z \u201eGazet\u0105 Wyborcz\u0105\u201d, \u201eDziennikiem Opinii\u201d i \u201eNotatnikiem Teatralnym\u201d. W 2013 zadebiutowa\u0142 jako dramaturg w Teatrze Nowym w Poznaniu dokumentalnym serialem teatralnym \u201eJe\u017cyce Story\u201d. Jako kurator przygotowa\u0142 dwie edycje festiwalu teatralnego Nowa Klasyka Europy w \u0141odzi (2010, 2012) oraz przegl\u0105d \u201e\u0414\u0410! \u0414\u0410! \u0414\u0410! Wsp\u00f3\u0142czesny teatr, dramat i performans z Rosji\u201d w Warszawie (2013). W latach 2008\/2010 by\u0142 wsp\u00f3\u0142tw\u00f3rc\u0105 i wyk\u0142adowc\u0105 Szko\u0142y Laboratorium Dramatu, pierwszej szko\u0142y dramaturgicznej w Polsce. Zredagowa\u0142 i wyda\u0142 dwie antologie nowych sztuk polskich \u201a\u201ePokolenie porno i inne niesmaczne utwory teatralne\u201d (Zielona Sowa, Krak\u00f3w 2003) i \u201eMade in Poland. Dziewi\u0119\u0107 sztuk teatralnych z Polski\u201d (Ha!art, Krak\u00f3w 2006), kt\u00f3re da\u0142y impuls do rozwoju nowej dramaturgii w Polsce. W latach 1994\/2012 by\u0142 dziennikarzem \u201eGazety Wyborczej\u201d, za swoje recenzje teatralne zdoby\u0142 Nagrod\u0119 im. Z. Raszewskiego dla najlepszego polskiego krytyka teatralnego. Kurator Festiwalu i Rezydencji Artystycznej Sopot Non-Fiction oraz pomys\u0142odawca i kurator projektu Warszawa.doc. Absolwent teatrologii Uniwersytetu Jagiello\u0144skiego w Krakowie.<br \/>\n[\/et_pb_text][\/et_pb_column][et_pb_column type=&#8221;1_3&#8243; _builder_version=&#8221;3.0.47&#8243; parallax=&#8221;off&#8221; parallax_method=&#8221;on&#8221;][\/et_pb_column][\/et_pb_row][\/et_pb_section]<\/p>\n","protected":false},"excerpt":{"rendered":"<p>SOPOT NON-FICTION 2017 Organizatorzy: Fundacja Teatru BOTO oraz Teatr Wybrze\u017ce w Gda\u0144sku; Kuratorzy: Adam Nalepa, Adam Orzechowski, Roman Paw\u0142owski; Partnerzy: Grodzisko &#8211; Oddzia\u0142 Muzeum Archeologicznego w Gda\u0144sku, Sopoteka &#8211; galeria kultury multimedialnej, ZS nr 1 w Sopocie; Patroni medialni: Radio Gda\u0144sk, www.trojmiasto.pl, Presti\u017c Magazyn Tr\u00f3jmiejski www.prestiztrojmiasto.pl, www.e-teatr.pl, www.teatralia.com.pl, www.teatrdlawas.pl Projekt realizowany ze \u015brodk\u00f3w Gminy Miasta [&hellip;]<\/p>\n","protected":false},"author":1,"featured_media":0,"parent":0,"menu_order":0,"comment_status":"closed","ping_status":"closed","template":"","meta":{"_et_pb_use_builder":"on","_et_pb_old_content":"","_et_gb_content_width":"","inline_featured_image":false,"footnotes":""},"class_list":["post-50021","page","type-page","status-publish","hentry"],"yoast_head":"<!-- This site is optimized with the Yoast SEO plugin v27.4 - https:\/\/yoast.com\/product\/yoast-seo-wordpress\/ -->\n<title>sopot non fiction 2017 info &#8212; Teatr Boto<\/title>\n<meta name=\"robots\" content=\"index, follow, max-snippet:-1, max-image-preview:large, max-video-preview:-1\" \/>\n<link rel=\"canonical\" href=\"https:\/\/boto.art.pl\/index.php\/sopot-non-fiction-2017-info\/\" \/>\n<meta property=\"og:locale\" content=\"pl_PL\" \/>\n<meta property=\"og:type\" content=\"article\" \/>\n<meta property=\"og:title\" content=\"sopot non fiction 2017 info &#8212; Teatr Boto\" \/>\n<meta property=\"og:description\" content=\"SOPOT NON-FICTION 2017 Organizatorzy: Fundacja Teatru BOTO oraz Teatr Wybrze\u017ce w Gda\u0144sku; Kuratorzy: Adam Nalepa, Adam Orzechowski, Roman Paw\u0142owski; Partnerzy: Grodzisko - Oddzia\u0142 Muzeum Archeologicznego w Gda\u0144sku, Sopoteka - galeria kultury multimedialnej, ZS nr 1 w Sopocie; Patroni medialni: Radio Gda\u0144sk, www.trojmiasto.pl, Presti\u017c Magazyn Tr\u00f3jmiejski www.prestiztrojmiasto.pl, www.e-teatr.pl, www.teatralia.com.pl, www.teatrdlawas.pl Projekt realizowany ze \u015brodk\u00f3w Gminy Miasta [&hellip;]\" \/>\n<meta property=\"og:url\" content=\"https:\/\/boto.art.pl\/index.php\/sopot-non-fiction-2017-info\/\" \/>\n<meta property=\"og:site_name\" content=\"Teatr Boto\" \/>\n<meta property=\"article:publisher\" content=\"https:\/\/www.facebook.com\/teatrboto\" \/>\n<meta property=\"article:modified_time\" content=\"2018-04-16T11:50:19+00:00\" \/>\n<meta name=\"twitter:card\" content=\"summary_large_image\" \/>\n<meta name=\"twitter:label1\" content=\"Szacowany czas czytania\" \/>\n\t<meta name=\"twitter:data1\" content=\"6 minut\" \/>\n<script type=\"application\/ld+json\" class=\"yoast-schema-graph\">{\"@context\":\"https:\\\/\\\/schema.org\",\"@graph\":[{\"@type\":\"WebPage\",\"@id\":\"https:\\\/\\\/boto.art.pl\\\/index.php\\\/sopot-non-fiction-2017-info\\\/\",\"url\":\"https:\\\/\\\/boto.art.pl\\\/index.php\\\/sopot-non-fiction-2017-info\\\/\",\"name\":\"sopot non fiction 2017 info &#8212; Teatr Boto\",\"isPartOf\":{\"@id\":\"https:\\\/\\\/boto.art.pl\\\/#website\"},\"datePublished\":\"2018-04-16T11:48:53+00:00\",\"dateModified\":\"2018-04-16T11:50:19+00:00\",\"breadcrumb\":{\"@id\":\"https:\\\/\\\/boto.art.pl\\\/index.php\\\/sopot-non-fiction-2017-info\\\/#breadcrumb\"},\"inLanguage\":\"pl-PL\",\"potentialAction\":[{\"@type\":\"ReadAction\",\"target\":[\"https:\\\/\\\/boto.art.pl\\\/index.php\\\/sopot-non-fiction-2017-info\\\/\"]}]},{\"@type\":\"BreadcrumbList\",\"@id\":\"https:\\\/\\\/boto.art.pl\\\/index.php\\\/sopot-non-fiction-2017-info\\\/#breadcrumb\",\"itemListElement\":[{\"@type\":\"ListItem\",\"position\":1,\"name\":\"Strona g\u0142\u00f3wna\",\"item\":\"https:\\\/\\\/boto.art.pl\\\/\"},{\"@type\":\"ListItem\",\"position\":2,\"name\":\"sopot non fiction 2017 info\"}]},{\"@type\":\"WebSite\",\"@id\":\"https:\\\/\\\/boto.art.pl\\\/#website\",\"url\":\"https:\\\/\\\/boto.art.pl\\\/\",\"name\":\"Teatr Boto\",\"description\":\"\",\"publisher\":{\"@id\":\"https:\\\/\\\/boto.art.pl\\\/#organization\"},\"potentialAction\":[{\"@type\":\"SearchAction\",\"target\":{\"@type\":\"EntryPoint\",\"urlTemplate\":\"https:\\\/\\\/boto.art.pl\\\/?s={search_term_string}\"},\"query-input\":{\"@type\":\"PropertyValueSpecification\",\"valueRequired\":true,\"valueName\":\"search_term_string\"}}],\"inLanguage\":\"pl-PL\"},{\"@type\":\"Organization\",\"@id\":\"https:\\\/\\\/boto.art.pl\\\/#organization\",\"name\":\"Teatr Boto\",\"url\":\"https:\\\/\\\/boto.art.pl\\\/\",\"logo\":{\"@type\":\"ImageObject\",\"inLanguage\":\"pl-PL\",\"@id\":\"https:\\\/\\\/boto.art.pl\\\/#\\\/schema\\\/logo\\\/image\\\/\",\"url\":\"https:\\\/\\\/boto.art.pl\\\/wp-content\\\/uploads\\\/2018\\\/03\\\/logotyp.svg\",\"contentUrl\":\"https:\\\/\\\/boto.art.pl\\\/wp-content\\\/uploads\\\/2018\\\/03\\\/logotyp.svg\",\"width\":1,\"height\":1,\"caption\":\"Teatr Boto\"},\"image\":{\"@id\":\"https:\\\/\\\/boto.art.pl\\\/#\\\/schema\\\/logo\\\/image\\\/\"},\"sameAs\":[\"https:\\\/\\\/www.facebook.com\\\/teatrboto\",\"https:\\\/\\\/www.instagram.com\\\/teatr_boto\\\/\"]}]}<\/script>\n<!-- \/ Yoast SEO plugin. -->","yoast_head_json":{"title":"sopot non fiction 2017 info &#8212; Teatr Boto","robots":{"index":"index","follow":"follow","max-snippet":"max-snippet:-1","max-image-preview":"max-image-preview:large","max-video-preview":"max-video-preview:-1"},"canonical":"https:\/\/boto.art.pl\/index.php\/sopot-non-fiction-2017-info\/","og_locale":"pl_PL","og_type":"article","og_title":"sopot non fiction 2017 info &#8212; Teatr Boto","og_description":"SOPOT NON-FICTION 2017 Organizatorzy: Fundacja Teatru BOTO oraz Teatr Wybrze\u017ce w Gda\u0144sku; Kuratorzy: Adam Nalepa, Adam Orzechowski, Roman Paw\u0142owski; Partnerzy: Grodzisko - Oddzia\u0142 Muzeum Archeologicznego w Gda\u0144sku, Sopoteka - galeria kultury multimedialnej, ZS nr 1 w Sopocie; Patroni medialni: Radio Gda\u0144sk, www.trojmiasto.pl, Presti\u017c Magazyn Tr\u00f3jmiejski www.prestiztrojmiasto.pl, www.e-teatr.pl, www.teatralia.com.pl, www.teatrdlawas.pl Projekt realizowany ze \u015brodk\u00f3w Gminy Miasta [&hellip;]","og_url":"https:\/\/boto.art.pl\/index.php\/sopot-non-fiction-2017-info\/","og_site_name":"Teatr Boto","article_publisher":"https:\/\/www.facebook.com\/teatrboto","article_modified_time":"2018-04-16T11:50:19+00:00","twitter_card":"summary_large_image","twitter_misc":{"Szacowany czas czytania":"6 minut"},"schema":{"@context":"https:\/\/schema.org","@graph":[{"@type":"WebPage","@id":"https:\/\/boto.art.pl\/index.php\/sopot-non-fiction-2017-info\/","url":"https:\/\/boto.art.pl\/index.php\/sopot-non-fiction-2017-info\/","name":"sopot non fiction 2017 info &#8212; Teatr Boto","isPartOf":{"@id":"https:\/\/boto.art.pl\/#website"},"datePublished":"2018-04-16T11:48:53+00:00","dateModified":"2018-04-16T11:50:19+00:00","breadcrumb":{"@id":"https:\/\/boto.art.pl\/index.php\/sopot-non-fiction-2017-info\/#breadcrumb"},"inLanguage":"pl-PL","potentialAction":[{"@type":"ReadAction","target":["https:\/\/boto.art.pl\/index.php\/sopot-non-fiction-2017-info\/"]}]},{"@type":"BreadcrumbList","@id":"https:\/\/boto.art.pl\/index.php\/sopot-non-fiction-2017-info\/#breadcrumb","itemListElement":[{"@type":"ListItem","position":1,"name":"Strona g\u0142\u00f3wna","item":"https:\/\/boto.art.pl\/"},{"@type":"ListItem","position":2,"name":"sopot non fiction 2017 info"}]},{"@type":"WebSite","@id":"https:\/\/boto.art.pl\/#website","url":"https:\/\/boto.art.pl\/","name":"Teatr Boto","description":"","publisher":{"@id":"https:\/\/boto.art.pl\/#organization"},"potentialAction":[{"@type":"SearchAction","target":{"@type":"EntryPoint","urlTemplate":"https:\/\/boto.art.pl\/?s={search_term_string}"},"query-input":{"@type":"PropertyValueSpecification","valueRequired":true,"valueName":"search_term_string"}}],"inLanguage":"pl-PL"},{"@type":"Organization","@id":"https:\/\/boto.art.pl\/#organization","name":"Teatr Boto","url":"https:\/\/boto.art.pl\/","logo":{"@type":"ImageObject","inLanguage":"pl-PL","@id":"https:\/\/boto.art.pl\/#\/schema\/logo\/image\/","url":"https:\/\/boto.art.pl\/wp-content\/uploads\/2018\/03\/logotyp.svg","contentUrl":"https:\/\/boto.art.pl\/wp-content\/uploads\/2018\/03\/logotyp.svg","width":1,"height":1,"caption":"Teatr Boto"},"image":{"@id":"https:\/\/boto.art.pl\/#\/schema\/logo\/image\/"},"sameAs":["https:\/\/www.facebook.com\/teatrboto","https:\/\/www.instagram.com\/teatr_boto\/"]}]}},"_links":{"self":[{"href":"https:\/\/boto.art.pl\/index.php\/wp-json\/wp\/v2\/pages\/50021","targetHints":{"allow":["GET"]}}],"collection":[{"href":"https:\/\/boto.art.pl\/index.php\/wp-json\/wp\/v2\/pages"}],"about":[{"href":"https:\/\/boto.art.pl\/index.php\/wp-json\/wp\/v2\/types\/page"}],"author":[{"embeddable":true,"href":"https:\/\/boto.art.pl\/index.php\/wp-json\/wp\/v2\/users\/1"}],"replies":[{"embeddable":true,"href":"https:\/\/boto.art.pl\/index.php\/wp-json\/wp\/v2\/comments?post=50021"}],"version-history":[{"count":3,"href":"https:\/\/boto.art.pl\/index.php\/wp-json\/wp\/v2\/pages\/50021\/revisions"}],"predecessor-version":[{"id":50025,"href":"https:\/\/boto.art.pl\/index.php\/wp-json\/wp\/v2\/pages\/50021\/revisions\/50025"}],"wp:attachment":[{"href":"https:\/\/boto.art.pl\/index.php\/wp-json\/wp\/v2\/media?parent=50021"}],"curies":[{"name":"wp","href":"https:\/\/api.w.org\/{rel}","templated":true}]}}