{"id":50028,"date":"2018-04-16T14:01:26","date_gmt":"2018-04-16T12:01:26","guid":{"rendered":"http:\/\/boto.art.pl\/?page_id=50028"},"modified":"2018-05-29T20:45:22","modified_gmt":"2018-05-29T18:45:22","slug":"sopot-non-fiction-2017-program","status":"publish","type":"page","link":"https:\/\/boto.art.pl\/index.php\/sopot-non-fiction-2017-program\/","title":{"rendered":"sopot non fiction 2017 program"},"content":{"rendered":"<p>[et_pb_section bb_built=&#8221;1&#8243; fullwidth=&#8221;on&#8221; _builder_version=&#8221;3.0.106&#8243; custom_padding=&#8221;0px|0px|0|0px&#8221; next_background_color=&#8221;#000000&#8243;][et_pb_fullwidth_menu menu_id=&#8221;25&#8243; background_layout=&#8221;dark&#8221; submenu_direction=&#8221;downwards&#8221; fullwidth_menu=&#8221;off&#8221; _builder_version=&#8221;3.0.106&#8243; menu_font=&#8221;|600||on|||||&#8221; menu_font_size=&#8221;17px&#8221; background_color=&#8221;#29a9dd&#8221;]<\/p>\n<p>&nbsp;<\/p>\n<p>[\/et_pb_fullwidth_menu][\/et_pb_section][et_pb_section bb_built=&#8221;1&#8243; _builder_version=&#8221;3.0.106&#8243; background_image=&#8221;http:\/\/boto.art.pl\/wp-content\/uploads\/2018\/04\/non_duze_2017.jpg&#8221; custom_padding=&#8221;35px|0px|0|0px&#8221; prev_background_color=&#8221;#000000&#8243; next_background_color=&#8221;#000000&#8243;][et_pb_row custom_padding=&#8221;3px|0px|97px|0px&#8221; _builder_version=&#8221;3.0.47&#8243; background_size=&#8221;initial&#8221; background_position=&#8221;top_left&#8221; background_repeat=&#8221;repeat&#8221;][et_pb_column type=&#8221;1_2&#8243;][et_pb_text _builder_version=&#8221;3.0.106&#8243; text_font=&#8221;|700||on|||||&#8221; text_font_size=&#8221;33px&#8221; text_line_height=&#8221;1em&#8221;]<\/p>\n<p>SOPOT NON-FICTION 2017<\/p>\n<p>[\/et_pb_text][et_pb_text _builder_version=&#8221;3.0.106&#8243;]<\/p>\n<p>Organizatorzy: Fundacja Teatru BOTO oraz Teatr Wybrze\u017ce w Gda\u0144sku;<br \/>\nKuratorzy: Adam Nalepa, Adam Orzechowski, Roman Paw\u0142owski;<br \/>\nPartnerzy: Grodzisko &#8211; Oddzia\u0142 Muzeum Archeologicznego w Gda\u0144sku, Sopoteka &#8211; galeria kultury multimedialnej, ZS nr 1 w Sopocie;<br \/>\nPatroni medialni: Radio Gda\u0144sk, www.trojmiasto.pl, Presti\u017c Magazyn Tr\u00f3jmiejski www.prestiztrojmiasto.pl, www.e-teatr.pl, www.teatralia.com.pl, www.teatrdlawas.pl<br \/>\nProjekt realizowany ze \u015brodk\u00f3w Gminy Miasta Sopot.<\/p>\n<p>[\/et_pb_text][\/et_pb_column][et_pb_column type=&#8221;1_2&#8243;][\/et_pb_column][\/et_pb_row][\/et_pb_section][et_pb_section bb_built=&#8221;1&#8243; _builder_version=&#8221;3.0.47&#8243; custom_padding=&#8221;30px|0px|54px|0px&#8221; prev_background_color=&#8221;#000000&#8243;][et_pb_row custom_padding=&#8221;0|0px|27px|0px&#8221; _builder_version=&#8221;3.0.47&#8243; background_size=&#8221;initial&#8221; background_position=&#8221;top_left&#8221; background_repeat=&#8221;repeat&#8221;][et_pb_column type=&#8221;2_3&#8243;][et_pb_text _builder_version=&#8221;3.0.106&#8243; background_layout=&#8221;light&#8221;]<\/p>\n<h3><strong>27 sierpnia (niedziela), 20.00, Scena Kameralna Teatru Wybrze\u017ce,<\/strong><\/h3>\n<p><strong>Beniamin M. Bukowski, <em>Mosdorf. Rekonstrukcja<\/em>, <\/strong><br \/>\n<strong>Teatr Nowy im. Tadeusza \u0141omnickiego w Poznaniu.<\/strong><\/p>\n<p><img loading=\"lazy\" decoding=\"async\" class=\"size-medium wp-image-50029 alignleft\" src=\"http:\/\/boto.art.pl\/wp-content\/uploads\/2018\/04\/mosdorf-203x300.jpg\" alt=\"\" width=\"203\" height=\"300\" srcset=\"https:\/\/boto.art.pl\/wp-content\/uploads\/2018\/04\/mosdorf-203x300.jpg 203w, https:\/\/boto.art.pl\/wp-content\/uploads\/2018\/04\/mosdorf.jpg 400w\" sizes=\"(max-width: 203px) 100vw, 203px\" \/>Biografia Jana Mosdorfa zbudowana jest na sprzeczno\u015bciach: ratuj\u0105cy \u017byd\u00f3w antysemita, zaanga\u017cowany w brutaln\u0105 dzia\u0142alno\u015b\u0107 polityczn\u0105 b\u0142yskotliwy doktor filozofii, tw\u00f3rca faszyzuj\u0105cego ruchu sprzeciwiaj\u0105cy si\u0119 hitleryzmowi, cz\u0142owiek w chwilach politycznego zagro\u017cenia porzucaj\u0105cy swoich ideologicznych towarzyszy, by p\u00f3\u017aniej odda\u0107 \u017cycie w obronie innych.<br \/>\nCzy wyznaj\u0105c ideologi\u0119 opart\u0105 na wykluczeniu i przemocy, mo\u017cna okaza\u0107 si\u0119 w krytycznym momencie przyzwoit\u0105 jednostk\u0105? Czy da si\u0119 sprowadzi\u0107 ludzkie pogl\u0105dy i czyny \u2013 zw\u0142aszcza, gdy s\u0105 wzgl\u0119dem siebie sprzeczne \u2013 do wsp\u00f3lnego mianownika? Czy ka\u017cda biografia sk\u0142ada si\u0119 tylko z czerni i bieli?<\/p>\n<p>Re\u017cyseria: Beniamin M. Bukowski<br \/>\nScenografia i kostiumy: Katarzyna Stochalska<br \/>\nMuzyka: Aleksandra Goetzen<br \/>\nChoreografia: Alisa Makarenko<br \/>\nObsada: Antonina Choroszy, Gabriela Frycz, Pawe\u0142 Binkowski, \u0141ukasz Chrzuszcz, Tadeusz Drzewiecki, Rados\u0142aw Elis, Sebastian Grek, Janusz Grenda.<\/p>\n<p>Czas trwania: 1h 30 min.<br \/>\nSpektakl wsp\u00f3\u0142finansowany przez Urz\u0105d Marsza\u0142kowski Wojew\u00f3dztwa Wielkopolskiego<\/p>\n<hr \/>\n<h3><strong>28 sierpnia (poniedzia\u0142ek), 18.00, Teatr BOTO, <\/strong><\/h3>\n<p><strong>Micha\u0142 Szymaniak <em>KIM-performance dokumentalny<\/em>, <\/strong><br \/>\n<strong>TR Warszawa<\/strong><\/p>\n<p><em><img loading=\"lazy\" decoding=\"async\" class=\"size-medium wp-image-51550 alignleft\" src=\"http:\/\/boto.art.pl\/wp-content\/uploads\/2018\/05\/kim-300x200.jpg\" alt=\"\" width=\"300\" height=\"200\" srcset=\"https:\/\/boto.art.pl\/wp-content\/uploads\/2018\/05\/kim-300x200.jpg 300w, https:\/\/boto.art.pl\/wp-content\/uploads\/2018\/05\/kim-400x268.jpg 400w, https:\/\/boto.art.pl\/wp-content\/uploads\/2018\/05\/kim.jpg 402w\" sizes=\"(max-width: 300px) 100vw, 300px\" \/>KIM<\/em> to pierwszy w Polsce drag-up, czyli po\u0142\u0105czenie wyst\u0119pu drag queen ze stand-upem. <em>KIM<\/em> to sztuka lu\u017ano oparta o \u017cyciow\u0105 histori\u0119 i posta\u0107 Kim Lee \u2013 drag queen pochodz\u0105cej z Wietnamu. Kim Lee to wcielenie Andy\u2019ego \u2013 m\u0119\u017cczyzny, kt\u00f3ry przyjecha\u0142 do Warszawy, by studiowa\u0107 fizyk\u0119 plazmow\u0105. Posta\u0107 Kim Lee staje si\u0119 punktem wyj\u015bcia do szerszej wypowiedzi o kondycji wsp\u00f3\u0142czesnego cz\u0142owieka. <em>KIM<\/em> to pytanie o to, co konstytuuje nasze postrzeganie siebie.<\/p>\n<p>Czy wci\u0105\u017c mo\u017cemy swobodnie lawirowa\u0107 pomi\u0119dzy to\u017csamo\u015bciami, czy raczej narracja jest nam z g\u00f3ry narzucona? Jakie jest znaczenie s\u0142\u00f3w obcy, inny i czy wszyscy jeste\u015bmy dzi\u015b imigrantami?<\/p>\n<p>Re\u017cyseria: El\u017cbieta Depta<br \/>\nScenografia i kostiumy: Kim Lee, Monika Nyckowska<br \/>\nMuzyka: Weronika Kr\u00f3wka<br \/>\nObsada: Kim Lee.<br \/>\nProdukcja: Fundacja Teatru BOTO, TR Warszawa<br \/>\nPartnerzy: Bemowskie Centrum Kultury, Sopot Non-Fiction, Warszawa.doc<br \/>\nCzas trwania: 1h<\/p>\n<hr \/>\n<h3><strong>29 sierpnia (wtorek),<\/strong><strong> 19.00, Scena Kameralna Teatru Wybrze\u017ce, <\/strong><\/h3>\n<p><strong>Wojciech Kuczok <em>Ambona Ludu<\/em>, <\/strong><br \/>\n<strong>Teatr Nowy im. Tadeusza \u0141omnickiego w Poznaniu;<\/strong><\/p>\n<p><img loading=\"lazy\" decoding=\"async\" class=\"alignleft wp-image-50030\" src=\"http:\/\/boto.art.pl\/wp-content\/uploads\/2018\/04\/ambona-ludu-204x300.jpg\" alt=\"\" width=\"203\" height=\"298\" srcset=\"https:\/\/boto.art.pl\/wp-content\/uploads\/2018\/04\/ambona-ludu-204x300.jpg 204w, https:\/\/boto.art.pl\/wp-content\/uploads\/2018\/04\/ambona-ludu.jpg 400w\" sizes=\"(max-width: 203px) 100vw, 203px\" \/>We wsp\u00f3\u0142czesnej dramaturgii wci\u0105\u017c ma\u0142o jest tekst\u00f3w, kt\u00f3re m\u00f3wi\u0142yby o przekraczaniu granic: uprzedze\u0144, pogl\u0105d\u00f3w, heurystyk\u2026 <em>Ambona Ludu<\/em>, napisana dla Teatru Nowego przez Wojciecha Kuczoka \u2013 laureata \u201ePaszportu Polityki\u201d oraz Nagrody Literackiej \u201eNike\u201d, stanowi pr\u00f3b\u0119 wype\u0142nienia tej luki. Wnikliwe studium lokalnych spo\u0142eczno\u015bci, pos\u0142uguj\u0105cych si\u0119 systemem utrwalonych stereotyp\u00f3w, to jednak pretekst. W istocie idzie tu o nakre\u015blenie obrazu wsp\u00f3\u0142czesnych Polak\u00f3w oraz zagro\u017ce\u0144, jakie niesie narastaj\u0105ca frustracja, znajduj\u0105ca swe uj\u015bcie w radykalizuj\u0105cym si\u0119 j\u0119zyku. A tak\u017ce \u2013 o podkre\u015blenie potrzeby spo\u0142ecznej wsp\u00f3lnoty, opartej nie tyle na r\u00f3wno\u015bci, co na r\u00f3wnowa\u017cno\u015bci przekona\u0144.<\/p>\n<p>Re\u017cyseria: Piotr Kruszczy\u0144ski<br \/>\nDramaturgia: Micha\u0142 Pabian<br \/>\nScenografia i kostiumy: Mirek Kaczmarek<br \/>\nMuzyka: Pawe\u0142 Dampc<\/p>\n<p>Obsada: Karolina G\u0142\u0105b, Ma\u0142gorzata \u0141odej-Stachowiak, Daniela Pop\u0142awska, Maria Rybarczyk, Filip Fr\u0105tczak, Zbigniew Grochal, Marcin Kalisz (go\u015bcinnie), Mateusz \u0141awrynowicz, Aleksander Machalica, Andrzej Niemyt, Waldemar Szczepaniak, Mariusz Zaniewski oraz Pozna\u0144ski Ch\u00f3r Ch\u0142opi\u0119cy pod dyrekcj\u0105 Jacka Sykulskiego.<br \/>\nCzas trwania: 2h<br \/>\nSpektakl wsp\u00f3\u0142finansowany przez Urz\u0105d Marsza\u0142kowski Wojew\u00f3dztwa Wielkopolskiego<\/p>\n<hr \/>\n<h3><strong>31 sierpnia (czwartek), 20.00, Scena Kameralna Teatru Wybrze\u017ce<\/strong><\/h3>\n<p><strong>Marta Soko\u0142owska <em>Reykjav\u00edk \u201974<\/em><\/strong><br \/>\n<strong> Teatr im. Wilama Horzycy w Toruniu;<\/strong><\/p>\n<p><img loading=\"lazy\" decoding=\"async\" class=\"alignleft wp-image-50031\" src=\"http:\/\/boto.art.pl\/wp-content\/uploads\/2018\/04\/Reykjavik-74-213x300.jpg\" alt=\"\" width=\"203\" height=\"286\" srcset=\"https:\/\/boto.art.pl\/wp-content\/uploads\/2018\/04\/Reykjavik-74-213x300.jpg 213w, https:\/\/boto.art.pl\/wp-content\/uploads\/2018\/04\/Reykjavik-74-768x1084.jpg 768w, https:\/\/boto.art.pl\/wp-content\/uploads\/2018\/04\/Reykjavik-74-726x1024.jpg 726w, https:\/\/boto.art.pl\/wp-content\/uploads\/2018\/04\/Reykjavik-74.jpg 800w\" sizes=\"(max-width: 203px) 100vw, 203px\" \/>Rok 1974. W Islandii w tajemniczych okoliczno\u015bciach ginie dw\u00f3ch m\u0119\u017cczyzn. Ich cia\u0142 nigdy nie odnaleziono, a w wyniku budz\u0105cego wiele kontrowersji, poszlakowego \u015bledztwa do morderstw przyznaje si\u0119 sze\u015b\u0107 m\u0142odych os\u00f3b, kt\u00f3re p\u00f3\u017aniej wielokrotnie odwo\u0142uj\u0105 swoje zeznania. Po sensacyjnym procesie s\u0105d wymierza surowe kary, w tym pierwsz\u0105 w historii s\u0105downictwa islandzkiego kar\u0119 do\u017cywocia.<\/p>\n<p>Poprzez wnikliwe badania i w\u0142asne \u015bledztwo, tw\u00f3rcy spektaklu podejmuj\u0105 temat ludzkiego umys\u0142u i pami\u0119ci, w kt\u00f3rym fikcja i wyobra\u017cenia mieszaj\u0105 si\u0119 z rzeczywisto\u015bci\u0105.<\/p>\n<p>Re\u017cyseria: Katarzyna Kalwat<br \/>\nDramaturgia: Marta Soko\u0142owska<br \/>\nScenografia i kostiumy: Anna Tomczy\u0144ska<br \/>\nZdj\u0119cia i wideo: Tomek Tyndyk<br \/>\nMuzyka: Hilmar \u00d6rn Hilmarsson<br \/>\nObsada: Matylda Podfilipska, Jolanta Teska, Tomasz Mycan, Pawe\u0142 Tch\u00f3rzelski, Bartosz Wo\u017any<br \/>\nCzas trwania: 1h 30 min.<\/p>\n<hr \/>\n<h3><strong>01 wrze\u015bnia (pi\u0105tek), 17.00-20.30, Scena Kameralna Teatru Wybrze\u017ce, Maraton Non-Fiction cz. I -prezentacja wynik\u00f3w warsztat\u00f3w;<\/strong><\/h3>\n<hr \/>\n<h3><strong>02 wrze\u015bnia (sobota), 13.00-15.15 i 17.00-20.30, Scena Kameralna Teatru Wybrze\u017ce, Maraton Non-Fiction cz. II i cz. III-prezentacja wynik\u00f3w warsztat\u00f3w.<\/strong><\/h3>\n<p>&nbsp;<\/p>\n<p>[\/et_pb_text][\/et_pb_column][et_pb_column type=&#8221;1_3&#8243;][\/et_pb_column][\/et_pb_row][\/et_pb_section]<\/p>\n","protected":false},"excerpt":{"rendered":"<p>&nbsp; SOPOT NON-FICTION 2017 Organizatorzy: Fundacja Teatru BOTO oraz Teatr Wybrze\u017ce w Gda\u0144sku; Kuratorzy: Adam Nalepa, Adam Orzechowski, Roman Paw\u0142owski; Partnerzy: Grodzisko &#8211; Oddzia\u0142 Muzeum Archeologicznego w Gda\u0144sku, Sopoteka &#8211; galeria kultury multimedialnej, ZS nr 1 w Sopocie; Patroni medialni: Radio Gda\u0144sk, www.trojmiasto.pl, Presti\u017c Magazyn Tr\u00f3jmiejski www.prestiztrojmiasto.pl, www.e-teatr.pl, www.teatralia.com.pl, www.teatrdlawas.pl Projekt realizowany ze \u015brodk\u00f3w Gminy [&hellip;]<\/p>\n","protected":false},"author":1,"featured_media":0,"parent":0,"menu_order":0,"comment_status":"closed","ping_status":"closed","template":"","meta":{"_et_pb_use_builder":"on","_et_pb_old_content":"","_et_gb_content_width":"","inline_featured_image":false,"footnotes":""},"class_list":["post-50028","page","type-page","status-publish","hentry"],"yoast_head":"<!-- This site is optimized with the Yoast SEO plugin v27.4 - https:\/\/yoast.com\/product\/yoast-seo-wordpress\/ -->\n<title>sopot non fiction 2017 program &#8212; Teatr Boto<\/title>\n<meta name=\"robots\" content=\"index, follow, max-snippet:-1, max-image-preview:large, max-video-preview:-1\" \/>\n<link rel=\"canonical\" href=\"https:\/\/boto.art.pl\/index.php\/sopot-non-fiction-2017-program\/\" \/>\n<meta property=\"og:locale\" content=\"pl_PL\" \/>\n<meta property=\"og:type\" content=\"article\" \/>\n<meta property=\"og:title\" content=\"sopot non fiction 2017 program &#8212; Teatr Boto\" \/>\n<meta property=\"og:description\" content=\"&nbsp; SOPOT NON-FICTION 2017 Organizatorzy: Fundacja Teatru BOTO oraz Teatr Wybrze\u017ce w Gda\u0144sku; Kuratorzy: Adam Nalepa, Adam Orzechowski, Roman Paw\u0142owski; Partnerzy: Grodzisko - Oddzia\u0142 Muzeum Archeologicznego w Gda\u0144sku, Sopoteka - galeria kultury multimedialnej, ZS nr 1 w Sopocie; Patroni medialni: Radio Gda\u0144sk, www.trojmiasto.pl, Presti\u017c Magazyn Tr\u00f3jmiejski www.prestiztrojmiasto.pl, www.e-teatr.pl, www.teatralia.com.pl, www.teatrdlawas.pl Projekt realizowany ze \u015brodk\u00f3w Gminy [&hellip;]\" \/>\n<meta property=\"og:url\" content=\"https:\/\/boto.art.pl\/index.php\/sopot-non-fiction-2017-program\/\" \/>\n<meta property=\"og:site_name\" content=\"Teatr Boto\" \/>\n<meta property=\"article:publisher\" content=\"https:\/\/www.facebook.com\/teatrboto\" \/>\n<meta property=\"article:modified_time\" content=\"2018-05-29T18:45:22+00:00\" \/>\n<meta property=\"og:image\" content=\"http:\/\/boto.art.pl\/wp-content\/uploads\/2018\/04\/mosdorf-203x300.jpg\" \/>\n<meta name=\"twitter:card\" content=\"summary_large_image\" \/>\n<meta name=\"twitter:label1\" content=\"Szacowany czas czytania\" \/>\n\t<meta name=\"twitter:data1\" content=\"5 minut\" \/>\n<script type=\"application\/ld+json\" class=\"yoast-schema-graph\">{\"@context\":\"https:\\\/\\\/schema.org\",\"@graph\":[{\"@type\":\"WebPage\",\"@id\":\"https:\\\/\\\/boto.art.pl\\\/index.php\\\/sopot-non-fiction-2017-program\\\/\",\"url\":\"https:\\\/\\\/boto.art.pl\\\/index.php\\\/sopot-non-fiction-2017-program\\\/\",\"name\":\"sopot non fiction 2017 program &#8212; Teatr Boto\",\"isPartOf\":{\"@id\":\"https:\\\/\\\/boto.art.pl\\\/#website\"},\"primaryImageOfPage\":{\"@id\":\"https:\\\/\\\/boto.art.pl\\\/index.php\\\/sopot-non-fiction-2017-program\\\/#primaryimage\"},\"image\":{\"@id\":\"https:\\\/\\\/boto.art.pl\\\/index.php\\\/sopot-non-fiction-2017-program\\\/#primaryimage\"},\"thumbnailUrl\":\"http:\\\/\\\/boto.art.pl\\\/wp-content\\\/uploads\\\/2018\\\/04\\\/mosdorf-203x300.jpg\",\"datePublished\":\"2018-04-16T12:01:26+00:00\",\"dateModified\":\"2018-05-29T18:45:22+00:00\",\"breadcrumb\":{\"@id\":\"https:\\\/\\\/boto.art.pl\\\/index.php\\\/sopot-non-fiction-2017-program\\\/#breadcrumb\"},\"inLanguage\":\"pl-PL\",\"potentialAction\":[{\"@type\":\"ReadAction\",\"target\":[\"https:\\\/\\\/boto.art.pl\\\/index.php\\\/sopot-non-fiction-2017-program\\\/\"]}]},{\"@type\":\"ImageObject\",\"inLanguage\":\"pl-PL\",\"@id\":\"https:\\\/\\\/boto.art.pl\\\/index.php\\\/sopot-non-fiction-2017-program\\\/#primaryimage\",\"url\":\"https:\\\/\\\/boto.art.pl\\\/wp-content\\\/uploads\\\/2018\\\/04\\\/mosdorf.jpg\",\"contentUrl\":\"https:\\\/\\\/boto.art.pl\\\/wp-content\\\/uploads\\\/2018\\\/04\\\/mosdorf.jpg\",\"width\":400,\"height\":591},{\"@type\":\"BreadcrumbList\",\"@id\":\"https:\\\/\\\/boto.art.pl\\\/index.php\\\/sopot-non-fiction-2017-program\\\/#breadcrumb\",\"itemListElement\":[{\"@type\":\"ListItem\",\"position\":1,\"name\":\"Strona g\u0142\u00f3wna\",\"item\":\"https:\\\/\\\/boto.art.pl\\\/\"},{\"@type\":\"ListItem\",\"position\":2,\"name\":\"sopot non fiction 2017 program\"}]},{\"@type\":\"WebSite\",\"@id\":\"https:\\\/\\\/boto.art.pl\\\/#website\",\"url\":\"https:\\\/\\\/boto.art.pl\\\/\",\"name\":\"Teatr Boto\",\"description\":\"\",\"publisher\":{\"@id\":\"https:\\\/\\\/boto.art.pl\\\/#organization\"},\"potentialAction\":[{\"@type\":\"SearchAction\",\"target\":{\"@type\":\"EntryPoint\",\"urlTemplate\":\"https:\\\/\\\/boto.art.pl\\\/?s={search_term_string}\"},\"query-input\":{\"@type\":\"PropertyValueSpecification\",\"valueRequired\":true,\"valueName\":\"search_term_string\"}}],\"inLanguage\":\"pl-PL\"},{\"@type\":\"Organization\",\"@id\":\"https:\\\/\\\/boto.art.pl\\\/#organization\",\"name\":\"Teatr Boto\",\"url\":\"https:\\\/\\\/boto.art.pl\\\/\",\"logo\":{\"@type\":\"ImageObject\",\"inLanguage\":\"pl-PL\",\"@id\":\"https:\\\/\\\/boto.art.pl\\\/#\\\/schema\\\/logo\\\/image\\\/\",\"url\":\"https:\\\/\\\/boto.art.pl\\\/wp-content\\\/uploads\\\/2018\\\/03\\\/logotyp.svg\",\"contentUrl\":\"https:\\\/\\\/boto.art.pl\\\/wp-content\\\/uploads\\\/2018\\\/03\\\/logotyp.svg\",\"width\":1,\"height\":1,\"caption\":\"Teatr Boto\"},\"image\":{\"@id\":\"https:\\\/\\\/boto.art.pl\\\/#\\\/schema\\\/logo\\\/image\\\/\"},\"sameAs\":[\"https:\\\/\\\/www.facebook.com\\\/teatrboto\",\"https:\\\/\\\/www.instagram.com\\\/teatr_boto\\\/\"]}]}<\/script>\n<!-- \/ Yoast SEO plugin. -->","yoast_head_json":{"title":"sopot non fiction 2017 program &#8212; Teatr Boto","robots":{"index":"index","follow":"follow","max-snippet":"max-snippet:-1","max-image-preview":"max-image-preview:large","max-video-preview":"max-video-preview:-1"},"canonical":"https:\/\/boto.art.pl\/index.php\/sopot-non-fiction-2017-program\/","og_locale":"pl_PL","og_type":"article","og_title":"sopot non fiction 2017 program &#8212; Teatr Boto","og_description":"&nbsp; SOPOT NON-FICTION 2017 Organizatorzy: Fundacja Teatru BOTO oraz Teatr Wybrze\u017ce w Gda\u0144sku; Kuratorzy: Adam Nalepa, Adam Orzechowski, Roman Paw\u0142owski; Partnerzy: Grodzisko - Oddzia\u0142 Muzeum Archeologicznego w Gda\u0144sku, Sopoteka - galeria kultury multimedialnej, ZS nr 1 w Sopocie; Patroni medialni: Radio Gda\u0144sk, www.trojmiasto.pl, Presti\u017c Magazyn Tr\u00f3jmiejski www.prestiztrojmiasto.pl, www.e-teatr.pl, www.teatralia.com.pl, www.teatrdlawas.pl Projekt realizowany ze \u015brodk\u00f3w Gminy [&hellip;]","og_url":"https:\/\/boto.art.pl\/index.php\/sopot-non-fiction-2017-program\/","og_site_name":"Teatr Boto","article_publisher":"https:\/\/www.facebook.com\/teatrboto","article_modified_time":"2018-05-29T18:45:22+00:00","og_image":[{"url":"http:\/\/boto.art.pl\/wp-content\/uploads\/2018\/04\/mosdorf-203x300.jpg","type":"","width":"","height":""}],"twitter_card":"summary_large_image","twitter_misc":{"Szacowany czas czytania":"5 minut"},"schema":{"@context":"https:\/\/schema.org","@graph":[{"@type":"WebPage","@id":"https:\/\/boto.art.pl\/index.php\/sopot-non-fiction-2017-program\/","url":"https:\/\/boto.art.pl\/index.php\/sopot-non-fiction-2017-program\/","name":"sopot non fiction 2017 program &#8212; Teatr Boto","isPartOf":{"@id":"https:\/\/boto.art.pl\/#website"},"primaryImageOfPage":{"@id":"https:\/\/boto.art.pl\/index.php\/sopot-non-fiction-2017-program\/#primaryimage"},"image":{"@id":"https:\/\/boto.art.pl\/index.php\/sopot-non-fiction-2017-program\/#primaryimage"},"thumbnailUrl":"http:\/\/boto.art.pl\/wp-content\/uploads\/2018\/04\/mosdorf-203x300.jpg","datePublished":"2018-04-16T12:01:26+00:00","dateModified":"2018-05-29T18:45:22+00:00","breadcrumb":{"@id":"https:\/\/boto.art.pl\/index.php\/sopot-non-fiction-2017-program\/#breadcrumb"},"inLanguage":"pl-PL","potentialAction":[{"@type":"ReadAction","target":["https:\/\/boto.art.pl\/index.php\/sopot-non-fiction-2017-program\/"]}]},{"@type":"ImageObject","inLanguage":"pl-PL","@id":"https:\/\/boto.art.pl\/index.php\/sopot-non-fiction-2017-program\/#primaryimage","url":"https:\/\/boto.art.pl\/wp-content\/uploads\/2018\/04\/mosdorf.jpg","contentUrl":"https:\/\/boto.art.pl\/wp-content\/uploads\/2018\/04\/mosdorf.jpg","width":400,"height":591},{"@type":"BreadcrumbList","@id":"https:\/\/boto.art.pl\/index.php\/sopot-non-fiction-2017-program\/#breadcrumb","itemListElement":[{"@type":"ListItem","position":1,"name":"Strona g\u0142\u00f3wna","item":"https:\/\/boto.art.pl\/"},{"@type":"ListItem","position":2,"name":"sopot non fiction 2017 program"}]},{"@type":"WebSite","@id":"https:\/\/boto.art.pl\/#website","url":"https:\/\/boto.art.pl\/","name":"Teatr Boto","description":"","publisher":{"@id":"https:\/\/boto.art.pl\/#organization"},"potentialAction":[{"@type":"SearchAction","target":{"@type":"EntryPoint","urlTemplate":"https:\/\/boto.art.pl\/?s={search_term_string}"},"query-input":{"@type":"PropertyValueSpecification","valueRequired":true,"valueName":"search_term_string"}}],"inLanguage":"pl-PL"},{"@type":"Organization","@id":"https:\/\/boto.art.pl\/#organization","name":"Teatr Boto","url":"https:\/\/boto.art.pl\/","logo":{"@type":"ImageObject","inLanguage":"pl-PL","@id":"https:\/\/boto.art.pl\/#\/schema\/logo\/image\/","url":"https:\/\/boto.art.pl\/wp-content\/uploads\/2018\/03\/logotyp.svg","contentUrl":"https:\/\/boto.art.pl\/wp-content\/uploads\/2018\/03\/logotyp.svg","width":1,"height":1,"caption":"Teatr Boto"},"image":{"@id":"https:\/\/boto.art.pl\/#\/schema\/logo\/image\/"},"sameAs":["https:\/\/www.facebook.com\/teatrboto","https:\/\/www.instagram.com\/teatr_boto\/"]}]}},"_links":{"self":[{"href":"https:\/\/boto.art.pl\/index.php\/wp-json\/wp\/v2\/pages\/50028","targetHints":{"allow":["GET"]}}],"collection":[{"href":"https:\/\/boto.art.pl\/index.php\/wp-json\/wp\/v2\/pages"}],"about":[{"href":"https:\/\/boto.art.pl\/index.php\/wp-json\/wp\/v2\/types\/page"}],"author":[{"embeddable":true,"href":"https:\/\/boto.art.pl\/index.php\/wp-json\/wp\/v2\/users\/1"}],"replies":[{"embeddable":true,"href":"https:\/\/boto.art.pl\/index.php\/wp-json\/wp\/v2\/comments?post=50028"}],"version-history":[{"count":3,"href":"https:\/\/boto.art.pl\/index.php\/wp-json\/wp\/v2\/pages\/50028\/revisions"}],"predecessor-version":[{"id":51551,"href":"https:\/\/boto.art.pl\/index.php\/wp-json\/wp\/v2\/pages\/50028\/revisions\/51551"}],"wp:attachment":[{"href":"https:\/\/boto.art.pl\/index.php\/wp-json\/wp\/v2\/media?parent=50028"}],"curies":[{"name":"wp","href":"https:\/\/api.w.org\/{rel}","templated":true}]}}