{"id":51335,"date":"2018-05-29T16:48:38","date_gmt":"2018-05-29T14:48:38","guid":{"rendered":"http:\/\/boto.art.pl\/?page_id=51335"},"modified":"2018-05-29T16:51:09","modified_gmt":"2018-05-29T14:51:09","slug":"sopot-non-fiction-2014-info","status":"publish","type":"page","link":"https:\/\/boto.art.pl\/index.php\/sopot-non-fiction-2014-info\/","title":{"rendered":"sopot non fiction 2014 info"},"content":{"rendered":"<p>[et_pb_section bb_built=&#8221;1&#8243; fullwidth=&#8221;on&#8221; _builder_version=&#8221;3.0.106&#8243; custom_padding=&#8221;0px|0px|0|0px&#8221; next_background_color=&#8221;#000000&#8243;][et_pb_fullwidth_menu menu_id=&#8221;25&#8243; submenu_direction=&#8221;downwards&#8221; fullwidth_menu=&#8221;off&#8221; _builder_version=&#8221;3.0.106&#8243; menu_font=&#8221;|600||on|||||&#8221; menu_font_size=&#8221;17px&#8221; background_color=&#8221;#29a9dd&#8221; background_layout=&#8221;dark&#8221; \/][\/et_pb_section][et_pb_section bb_built=&#8221;1&#8243; _builder_version=&#8221;3.0.106&#8243; background_image=&#8221;http:\/\/boto.art.pl\/wp-content\/uploads\/2018\/05\/SNF-2014-2.jpg&#8221; custom_padding=&#8221;35px|0px|0|0px&#8221; prev_background_color=&#8221;#000000&#8243; next_background_color=&#8221;#000000&#8243;][et_pb_row custom_padding=&#8221;3px|0px|27px|0px&#8221; _builder_version=&#8221;3.0.47&#8243; background_size=&#8221;initial&#8221; background_position=&#8221;top_left&#8221; background_repeat=&#8221;repeat&#8221;][et_pb_column type=&#8221;1_3&#8243;][et_pb_text _builder_version=&#8221;3.0.106&#8243; text_font=&#8221;|700||on|||||&#8221; text_font_size=&#8221;33px&#8221; text_line_height=&#8221;1em&#8221; background_layout=&#8221;light&#8221;]<\/p>\n<p>SOPOT NON-FICTION 2014<\/p>\n<p>[\/et_pb_text][et_pb_text _builder_version=&#8221;3.0.106&#8243; background_layout=&#8221;light&#8221;]<\/p>\n<p>Organizator: Fundacja Teatru BOTO<br \/>\nWsp\u00f3\u0142organizator: Teatr Wybrze\u017ce<br \/>\nKuratorzy: Adam Nalepa, Roman Paw\u0142owski<br \/>\nProjekt realizowany jest przy wsparciu Miasta Sopot<\/p>\n<p>[\/et_pb_text][\/et_pb_column][et_pb_column type=&#8221;1_3&#8243;][\/et_pb_column][et_pb_column type=&#8221;1_3&#8243;][\/et_pb_column][\/et_pb_row][\/et_pb_section][et_pb_section bb_built=&#8221;1&#8243; _builder_version=&#8221;3.0.47&#8243; custom_padding=&#8221;30px|0px|54px|0px&#8221; prev_background_color=&#8221;#000000&#8243;][et_pb_row custom_padding=&#8221;0|0px|27px|0px&#8221; _builder_version=&#8221;3.0.47&#8243; background_size=&#8221;initial&#8221; background_position=&#8221;top_left&#8221; background_repeat=&#8221;repeat&#8221;][et_pb_column type=&#8221;2_3&#8243;][et_pb_text _builder_version=&#8221;3.0.106&#8243; background_layout=&#8221;light&#8221;]<\/p>\n<p><strong>Festiwal Teatru Dokumentalnego i Rezydencja Artystyczna Sopot Non-Fiction<\/strong> to jedyny w Polsce przegl\u0105d po\u015bwi\u0119cony teatrowi dokumentalnemu &#8211; jednemu z najciekawszych zjawisk wsp\u00f3\u0142czesnej kultury, kt\u00f3ry \u0142\u0105czy teatr, literatur\u0119 faktu i media. Wyj\u0105tkowo\u015b\u0107 tego wydarzenia polega na po\u0142\u0105czeniu formu\u0142y przegl\u0105du z warsztatami tw\u00f3rczymi dla m\u0142odych, utalentowanych re\u017cyser\u00f3w, dramatopisarzy i aktor\u00f3w, kt\u00f3rzy w czasie festiwalu pracuj\u0105 nad swoimi projektami dokumentalnych sztuk i spektakli aby na koniec m\u00f3c zaprezentowa\u0107 je w postaci pokaz\u00f3w otwartych tzw. \u201epracy w rozwoju\u201c. Zainicjowane w Sopocie projekty s\u0105 nast\u0119pnie realizowane w teatrach w ca\u0142ej Polsce a w roku nast\u0119pnym pokazywane m.in. na naszym festiwalu.<\/p>\n<p>Znamy ju\u017c program tegorocznej Rezydencji Artystycznej Sopot Non-Fiction. Po raz pierwszy poka\u017cemy na festiwalu premier\u0119: b\u0119dzie to instalacja szwajcarskiej re\u017cyserki Josephine de Weck<strong> &#8222;Pos\u0142uchaj maszynisty!&#8221;<\/strong> w poci\u0105gach SKM. Przedpremierowe pokazy 29 sierpnia, premiera 30 sierpnia! B\u0119dzie te\u017c spektakl-koncert<strong> &#8222;Nikt nie by\u0142by mn\u0105 lepiej&#8221;<\/strong> \u0141ukasza Chotkowskiego i Magdy Fertacz z Teatru Lubuskiego w Zielonej G\u00f3rze na podstawie tekst\u00f3w wi\u0119\u017aniarek z Zak\u0142adu Karnego w Krzywa\u0144cu (woj. Lubuskie). I jak co roku &#8211; pokazy warsztatowe uczestnik\u00f3w rezydencji artystycznej.<\/p>\n<p>[\/et_pb_text][et_pb_gallery _builder_version=&#8221;3.0.106&#8243; show_title_and_caption=&#8221;on&#8221; show_pagination=&#8221;on&#8221; gallery_ids=&#8221;51339&#8243; zoom_icon_color=&#8221;#e59c00&#8243; hover_overlay_color=&#8221;rgba(255,255,255,0.9)&#8221; fullwidth=&#8221;on&#8221; orientation=&#8221;landscape&#8221; background_layout=&#8221;light&#8221; pagination_font_size_tablet=&#8221;51&#8243; pagination_line_height_tablet=&#8221;2&#8243; \/][\/et_pb_column][et_pb_column type=&#8221;1_3&#8243;][\/et_pb_column][\/et_pb_row][\/et_pb_section]<\/p>\n","protected":false},"excerpt":{"rendered":"<p>SOPOT NON-FICTION 2014 Organizator: Fundacja Teatru BOTO Wsp\u00f3\u0142organizator: Teatr Wybrze\u017ce Kuratorzy: Adam Nalepa, Roman Paw\u0142owski Projekt realizowany jest przy wsparciu Miasta Sopot Festiwal Teatru Dokumentalnego i Rezydencja Artystyczna Sopot Non-Fiction to jedyny w Polsce przegl\u0105d po\u015bwi\u0119cony teatrowi dokumentalnemu &#8211; jednemu z najciekawszych zjawisk wsp\u00f3\u0142czesnej kultury, kt\u00f3ry \u0142\u0105czy teatr, literatur\u0119 faktu i media. Wyj\u0105tkowo\u015b\u0107 tego wydarzenia [&hellip;]<\/p>\n","protected":false},"author":2,"featured_media":0,"parent":0,"menu_order":0,"comment_status":"closed","ping_status":"closed","template":"","meta":{"_et_pb_use_builder":"on","_et_pb_old_content":"","_et_gb_content_width":"","inline_featured_image":false,"footnotes":""},"class_list":["post-51335","page","type-page","status-publish","hentry"],"yoast_head":"<!-- This site is optimized with the Yoast SEO plugin v27.4 - https:\/\/yoast.com\/product\/yoast-seo-wordpress\/ -->\n<title>sopot non fiction 2014 info &#8212; Teatr Boto<\/title>\n<meta name=\"robots\" content=\"index, follow, max-snippet:-1, max-image-preview:large, max-video-preview:-1\" \/>\n<link rel=\"canonical\" href=\"https:\/\/boto.art.pl\/index.php\/sopot-non-fiction-2014-info\/\" \/>\n<meta property=\"og:locale\" content=\"pl_PL\" \/>\n<meta property=\"og:type\" content=\"article\" \/>\n<meta property=\"og:title\" content=\"sopot non fiction 2014 info &#8212; Teatr Boto\" \/>\n<meta property=\"og:description\" content=\"SOPOT NON-FICTION 2014 Organizator: Fundacja Teatru BOTO Wsp\u00f3\u0142organizator: Teatr Wybrze\u017ce Kuratorzy: Adam Nalepa, Roman Paw\u0142owski Projekt realizowany jest przy wsparciu Miasta Sopot Festiwal Teatru Dokumentalnego i Rezydencja Artystyczna Sopot Non-Fiction to jedyny w Polsce przegl\u0105d po\u015bwi\u0119cony teatrowi dokumentalnemu - jednemu z najciekawszych zjawisk wsp\u00f3\u0142czesnej kultury, kt\u00f3ry \u0142\u0105czy teatr, literatur\u0119 faktu i media. Wyj\u0105tkowo\u015b\u0107 tego wydarzenia [&hellip;]\" \/>\n<meta property=\"og:url\" content=\"https:\/\/boto.art.pl\/index.php\/sopot-non-fiction-2014-info\/\" \/>\n<meta property=\"og:site_name\" content=\"Teatr Boto\" \/>\n<meta property=\"article:publisher\" content=\"https:\/\/www.facebook.com\/teatrboto\" \/>\n<meta property=\"article:modified_time\" content=\"2018-05-29T14:51:09+00:00\" \/>\n<meta name=\"twitter:card\" content=\"summary_large_image\" \/>\n<meta name=\"twitter:label1\" content=\"Szacowany czas czytania\" \/>\n\t<meta name=\"twitter:data1\" content=\"2 minuty\" \/>\n<script type=\"application\/ld+json\" class=\"yoast-schema-graph\">{\"@context\":\"https:\\\/\\\/schema.org\",\"@graph\":[{\"@type\":\"WebPage\",\"@id\":\"https:\\\/\\\/boto.art.pl\\\/index.php\\\/sopot-non-fiction-2014-info\\\/\",\"url\":\"https:\\\/\\\/boto.art.pl\\\/index.php\\\/sopot-non-fiction-2014-info\\\/\",\"name\":\"sopot non fiction 2014 info &#8212; Teatr Boto\",\"isPartOf\":{\"@id\":\"https:\\\/\\\/boto.art.pl\\\/#website\"},\"datePublished\":\"2018-05-29T14:48:38+00:00\",\"dateModified\":\"2018-05-29T14:51:09+00:00\",\"breadcrumb\":{\"@id\":\"https:\\\/\\\/boto.art.pl\\\/index.php\\\/sopot-non-fiction-2014-info\\\/#breadcrumb\"},\"inLanguage\":\"pl-PL\",\"potentialAction\":[{\"@type\":\"ReadAction\",\"target\":[\"https:\\\/\\\/boto.art.pl\\\/index.php\\\/sopot-non-fiction-2014-info\\\/\"]}]},{\"@type\":\"BreadcrumbList\",\"@id\":\"https:\\\/\\\/boto.art.pl\\\/index.php\\\/sopot-non-fiction-2014-info\\\/#breadcrumb\",\"itemListElement\":[{\"@type\":\"ListItem\",\"position\":1,\"name\":\"Strona g\u0142\u00f3wna\",\"item\":\"https:\\\/\\\/boto.art.pl\\\/\"},{\"@type\":\"ListItem\",\"position\":2,\"name\":\"sopot non fiction 2014 info\"}]},{\"@type\":\"WebSite\",\"@id\":\"https:\\\/\\\/boto.art.pl\\\/#website\",\"url\":\"https:\\\/\\\/boto.art.pl\\\/\",\"name\":\"Teatr Boto\",\"description\":\"\",\"publisher\":{\"@id\":\"https:\\\/\\\/boto.art.pl\\\/#organization\"},\"potentialAction\":[{\"@type\":\"SearchAction\",\"target\":{\"@type\":\"EntryPoint\",\"urlTemplate\":\"https:\\\/\\\/boto.art.pl\\\/?s={search_term_string}\"},\"query-input\":{\"@type\":\"PropertyValueSpecification\",\"valueRequired\":true,\"valueName\":\"search_term_string\"}}],\"inLanguage\":\"pl-PL\"},{\"@type\":\"Organization\",\"@id\":\"https:\\\/\\\/boto.art.pl\\\/#organization\",\"name\":\"Teatr Boto\",\"url\":\"https:\\\/\\\/boto.art.pl\\\/\",\"logo\":{\"@type\":\"ImageObject\",\"inLanguage\":\"pl-PL\",\"@id\":\"https:\\\/\\\/boto.art.pl\\\/#\\\/schema\\\/logo\\\/image\\\/\",\"url\":\"https:\\\/\\\/boto.art.pl\\\/wp-content\\\/uploads\\\/2018\\\/03\\\/logotyp.svg\",\"contentUrl\":\"https:\\\/\\\/boto.art.pl\\\/wp-content\\\/uploads\\\/2018\\\/03\\\/logotyp.svg\",\"width\":1,\"height\":1,\"caption\":\"Teatr Boto\"},\"image\":{\"@id\":\"https:\\\/\\\/boto.art.pl\\\/#\\\/schema\\\/logo\\\/image\\\/\"},\"sameAs\":[\"https:\\\/\\\/www.facebook.com\\\/teatrboto\",\"https:\\\/\\\/www.instagram.com\\\/teatr_boto\\\/\"]}]}<\/script>\n<!-- \/ Yoast SEO plugin. -->","yoast_head_json":{"title":"sopot non fiction 2014 info &#8212; Teatr Boto","robots":{"index":"index","follow":"follow","max-snippet":"max-snippet:-1","max-image-preview":"max-image-preview:large","max-video-preview":"max-video-preview:-1"},"canonical":"https:\/\/boto.art.pl\/index.php\/sopot-non-fiction-2014-info\/","og_locale":"pl_PL","og_type":"article","og_title":"sopot non fiction 2014 info &#8212; Teatr Boto","og_description":"SOPOT NON-FICTION 2014 Organizator: Fundacja Teatru BOTO Wsp\u00f3\u0142organizator: Teatr Wybrze\u017ce Kuratorzy: Adam Nalepa, Roman Paw\u0142owski Projekt realizowany jest przy wsparciu Miasta Sopot Festiwal Teatru Dokumentalnego i Rezydencja Artystyczna Sopot Non-Fiction to jedyny w Polsce przegl\u0105d po\u015bwi\u0119cony teatrowi dokumentalnemu - jednemu z najciekawszych zjawisk wsp\u00f3\u0142czesnej kultury, kt\u00f3ry \u0142\u0105czy teatr, literatur\u0119 faktu i media. Wyj\u0105tkowo\u015b\u0107 tego wydarzenia [&hellip;]","og_url":"https:\/\/boto.art.pl\/index.php\/sopot-non-fiction-2014-info\/","og_site_name":"Teatr Boto","article_publisher":"https:\/\/www.facebook.com\/teatrboto","article_modified_time":"2018-05-29T14:51:09+00:00","twitter_card":"summary_large_image","twitter_misc":{"Szacowany czas czytania":"2 minuty"},"schema":{"@context":"https:\/\/schema.org","@graph":[{"@type":"WebPage","@id":"https:\/\/boto.art.pl\/index.php\/sopot-non-fiction-2014-info\/","url":"https:\/\/boto.art.pl\/index.php\/sopot-non-fiction-2014-info\/","name":"sopot non fiction 2014 info &#8212; Teatr Boto","isPartOf":{"@id":"https:\/\/boto.art.pl\/#website"},"datePublished":"2018-05-29T14:48:38+00:00","dateModified":"2018-05-29T14:51:09+00:00","breadcrumb":{"@id":"https:\/\/boto.art.pl\/index.php\/sopot-non-fiction-2014-info\/#breadcrumb"},"inLanguage":"pl-PL","potentialAction":[{"@type":"ReadAction","target":["https:\/\/boto.art.pl\/index.php\/sopot-non-fiction-2014-info\/"]}]},{"@type":"BreadcrumbList","@id":"https:\/\/boto.art.pl\/index.php\/sopot-non-fiction-2014-info\/#breadcrumb","itemListElement":[{"@type":"ListItem","position":1,"name":"Strona g\u0142\u00f3wna","item":"https:\/\/boto.art.pl\/"},{"@type":"ListItem","position":2,"name":"sopot non fiction 2014 info"}]},{"@type":"WebSite","@id":"https:\/\/boto.art.pl\/#website","url":"https:\/\/boto.art.pl\/","name":"Teatr Boto","description":"","publisher":{"@id":"https:\/\/boto.art.pl\/#organization"},"potentialAction":[{"@type":"SearchAction","target":{"@type":"EntryPoint","urlTemplate":"https:\/\/boto.art.pl\/?s={search_term_string}"},"query-input":{"@type":"PropertyValueSpecification","valueRequired":true,"valueName":"search_term_string"}}],"inLanguage":"pl-PL"},{"@type":"Organization","@id":"https:\/\/boto.art.pl\/#organization","name":"Teatr Boto","url":"https:\/\/boto.art.pl\/","logo":{"@type":"ImageObject","inLanguage":"pl-PL","@id":"https:\/\/boto.art.pl\/#\/schema\/logo\/image\/","url":"https:\/\/boto.art.pl\/wp-content\/uploads\/2018\/03\/logotyp.svg","contentUrl":"https:\/\/boto.art.pl\/wp-content\/uploads\/2018\/03\/logotyp.svg","width":1,"height":1,"caption":"Teatr Boto"},"image":{"@id":"https:\/\/boto.art.pl\/#\/schema\/logo\/image\/"},"sameAs":["https:\/\/www.facebook.com\/teatrboto","https:\/\/www.instagram.com\/teatr_boto\/"]}]}},"_links":{"self":[{"href":"https:\/\/boto.art.pl\/index.php\/wp-json\/wp\/v2\/pages\/51335","targetHints":{"allow":["GET"]}}],"collection":[{"href":"https:\/\/boto.art.pl\/index.php\/wp-json\/wp\/v2\/pages"}],"about":[{"href":"https:\/\/boto.art.pl\/index.php\/wp-json\/wp\/v2\/types\/page"}],"author":[{"embeddable":true,"href":"https:\/\/boto.art.pl\/index.php\/wp-json\/wp\/v2\/users\/2"}],"replies":[{"embeddable":true,"href":"https:\/\/boto.art.pl\/index.php\/wp-json\/wp\/v2\/comments?post=51335"}],"version-history":[{"count":2,"href":"https:\/\/boto.art.pl\/index.php\/wp-json\/wp\/v2\/pages\/51335\/revisions"}],"predecessor-version":[{"id":51340,"href":"https:\/\/boto.art.pl\/index.php\/wp-json\/wp\/v2\/pages\/51335\/revisions\/51340"}],"wp:attachment":[{"href":"https:\/\/boto.art.pl\/index.php\/wp-json\/wp\/v2\/media?parent=51335"}],"curies":[{"name":"wp","href":"https:\/\/api.w.org\/{rel}","templated":true}]}}