{"id":54219,"date":"2019-03-06T14:40:23","date_gmt":"2019-03-06T13:40:23","guid":{"rendered":"http:\/\/boto.art.pl\/?page_id=54219"},"modified":"2021-01-15T22:53:31","modified_gmt":"2021-01-15T21:53:31","slug":"sopockie-konsekwencje-teatralne-2019","status":"publish","type":"page","link":"https:\/\/boto.art.pl\/index.php\/sopockie-konsekwencje-teatralne-2019\/","title":{"rendered":"Sopockie Konsekwencje Teatralne 2019"},"content":{"rendered":"<p>[et_pb_section bb_built=&#8221;1&#8243; _builder_version=&#8221;3.20.2&#8243; background_image=&#8221;http:\/\/boto.art.pl\/wp-content\/uploads\/2019\/12\/SKT2.jpg&#8221; parallax=&#8221;on&#8221; custom_padding=&#8221;150px|0px|179px|0px&#8221; next_background_color=&#8221;#ffffff&#8221;][et_pb_row custom_padding=&#8221;3px|0px|27px|0px&#8221; _builder_version=&#8221;3.0.106&#8243; background_size=&#8221;initial&#8221; background_position=&#8221;top_left&#8221; background_repeat=&#8221;repeat&#8221;][et_pb_column type=&#8221;1_3&#8243;][et_pb_text _builder_version=&#8221;3.20.2&#8243; text_font=&#8221;|700||on|||||&#8221; text_text_color=&#8221;#000000&#8243; text_font_size=&#8221;33px&#8221; text_line_height=&#8221;1em&#8221; text_text_shadow_color=&#8221;rgba(0,0,0,0.79)&#8221; background_layout=&#8221;dark&#8221; text_text_shadow_horizontal_length=&#8221;0.08em&#8221; text_text_shadow_vertical_length=&#8221;0.08em&#8221;]<\/p>\n<p><strong>Sopockie Konsekwencje Teatralne 2019<\/strong><\/p>\n<p>[\/et_pb_text][et_pb_text _builder_version=&#8221;3.20.2&#8243; text_text_color=&#8221;#ffffff&#8221; text_font_size=&#8221;22px&#8221; text_text_shadow_color=&#8221;rgba(0,0,0,0.83)&#8221; background_layout=&#8221;dark&#8221; text_text_shadow_blur_strength=&#8221;1.05em&#8221; text_text_shadow_horizontal_length=&#8221;0.08em&#8221; text_text_shadow_vertical_length=&#8221;0.08em&#8221;]<\/p>\n<p><strong>6 pa\u017adziernika &#8211; 15 grudnia<\/strong><\/p>\n<p>[\/et_pb_text][et_pb_text _builder_version=&#8221;3.20.2&#8243; text_text_color=&#8221;#000000&#8243; link_text_color=&#8221;#000000&#8243; text_text_shadow_blur_strength=&#8221;2em&#8221; text_text_shadow_horizontal_length=&#8221;0.12em&#8221; text_text_shadow_vertical_length=&#8221;0.12em&#8221;]<\/p>\n<p><strong>Organizator: <a href=\"https:\/\/www.facebook.com\/teatrboto\/\" target=\"_blank\" rel=\"noopener noreferrer\">Teatr BOTO<\/a><\/strong><br \/><strong>Partner: <a href=\"https:\/\/www.victus-sopot.pl\/\" target=\"_blank\" rel=\"noopener noreferrer\">Victus Apartamenty<\/a><\/strong><br \/><strong>Patroni medialni: <a href=\"https:\/\/www.trojmiasto.pl\/\" target=\"_blank\" rel=\"noopener noreferrer\">Trojmiasto.pl<\/a>, <a href=\"https:\/\/radiogdansk.pl\/\" target=\"_blank\" rel=\"noopener noreferrer\">Radio Gdansk<\/a>, <a href=\"http:\/\/prestiztrojmiasto.pl\/\">Presti\u017c. Magazyn Tr\u00f3jmiejski<\/a>, <a href=\"http:\/\/www.e-teatr.pl\/pl\/index.html\" target=\"_blank\" rel=\"noopener noreferrer\">e-teatr.pl<\/a>, <a href=\"https:\/\/teatrdlawszystkich.eu\/\" target=\"_blank\" rel=\"noopener noreferrer\">Teatr dla Wszystkich<\/a><\/strong><\/p>\n<p><strong>Projekt wsp\u00f3\u0142finansowany ze \u015brodk\u00f3w Miasta Sopotu.<\/strong><\/p>\n<p>[\/et_pb_text][\/et_pb_column][et_pb_column type=&#8221;1_3&#8243;][\/et_pb_column][et_pb_column type=&#8221;1_3&#8243;][\/et_pb_column][\/et_pb_row][\/et_pb_section][et_pb_section bb_built=&#8221;1&#8243; specialty=&#8221;on&#8221; _builder_version=&#8221;3.0.47&#8243; custom_padding=&#8221;20px|0px|54px|0px&#8221; prev_background_color=&#8221;#000000&#8243;][et_pb_column type=&#8221;3_4&#8243; specialty_columns=&#8221;3&#8243;][et_pb_row_inner admin_label=&#8221;Wiersz&#8221; custom_padding=&#8221;3px|0px|20px|0px&#8221; _builder_version=&#8221;3.0.47&#8243;][et_pb_column_inner type=&#8221;4_4&#8243; saved_specialty_column_type=&#8221;3_4&#8243;][et_pb_text _builder_version=&#8221;3.20.2&#8243; link_text_color=&#8221;#dd8100&#8243;]<\/p>\n<h2><strong>III Sopockie Konsekwencje Teatralne<\/strong> &#8211; og\u00f3lnopolski sekwencyjny przegl\u0105d ma\u0142ych form scenicznych. Najd\u0142u\u017cszy festiwal teatralny w Tr\u00f3jmie\u015bcie. Prezentacje zakwalifikowanych spektakli odb\u0119d\u0105 si\u0119 pomi\u0119dzy pa\u017adziernikiem a grudniem 2019 roku.<\/h2>\n<p>W tym roku w Teatrze BOTO b\u0119dzie mo\u017cna obejrze\u0107 9 prezentacji konkursowych, podyskutowa\u0107 o nich z tw\u00f3rcami i zag\u0142osowa\u0107 na najciekawszy z nich &#8211; w ka\u017cd\u0105 niedziele od 6 pa\u017adziernika do 15 grudnia.<\/p>\n<p>Idea, kt\u00f3ra przy\u015bwieca przegl\u0105dowi, to zaproszenie najciekawszych spektakli ma\u0142oobsadowych z ca\u0142ej Polski. Ich wsp\u00f3lnym mianownikiem jest minimalna scenografia i maksymalnie tr\u00f3jka aktor\u00f3w. Tematyka, rodzaj i forma s\u0105 dowolne &#8211; w poprzednich edycjach prezentowane by\u0142y spektakle dramatyczne, teatru ta\u0144ca, lalkowe czy muzyczne.<\/p>\n<p>&nbsp;<\/p>\n<p>[\/et_pb_text][\/et_pb_column_inner][\/et_pb_row_inner][et_pb_row_inner admin_label=&#8221;Wiersz&#8221;][et_pb_column_inner type=&#8221;1_2&#8243; saved_specialty_column_type=&#8221;3_4&#8243;][et_pb_text _builder_version=&#8221;3.20.2&#8243;]<\/p>\n<h3><strong>Program:<\/strong><\/h3>\n<p>&nbsp;<\/p>\n<p>6 pa\u017adziernika, godz. 19:00 <br \/><strong><a href=\"http:\/\/boto.art.pl\/index.php\/2019\/08\/06\/teatr-nowy-w-olsztynie-szef-szefow-skt-2019\/\">Teatr Nowy w Olsztynie &#8211; Szef szef\u00f3w<\/a><\/strong><\/p>\n<p>13 pa\u017adziernika, godz. 19:00 <br \/><strong><a href=\"http:\/\/boto.art.pl\/index.php\/2019\/08\/16\/rafal-domagala-amor-omnia-vincit-skt-2019\/\">Rafa\u0142 Domaga\u0142a \u2013 Amor Omnia<\/a><\/strong><\/p>\n<p>20 pa\u017adziernika, 19:00 <br \/><strong><a href=\"http:\/\/boto.art.pl\/index.php\/2019\/08\/20\/ewa-ryks-tutli-putli-skt-2019\/\">Ewa Ryks, Marta Grabysz \u2013 Tutli Putli<\/a><\/strong><\/p>\n<p>3 listopada, 19:00 <br \/><strong><a href=\"http:\/\/boto.art.pl\/index.php\/2019\/09\/03\/teatr-i-n-n-i-noc-helvera-skt-2019\/\">Teatr I.N.N.I \u2013 Noc Helvera<\/a><\/strong><\/p>\n<p>10 listoapada, 19:00 <br \/><strong><a href=\"http:\/\/boto.art.pl\/index.php\/2019\/09\/10\/teatr-na-faktach-hercia-skt-2019\/\">Teatr na faktach \u2013 Hercia<\/a><\/strong><\/p>\n<p>24 listopada, 19:00 <br \/><a href=\"http:\/\/boto.art.pl\/index.php\/2019\/09\/24\/stowarzyszenie-teatralne-badow-siodemka-skt-2019\/\"><strong>Stowarzyszenie Teatralne Bad\u00f3w &#8211; Si\u00f3demka<\/strong><\/a><\/p>\n<p>1 grudnia, 19:00 <br \/><a href=\"http:\/\/boto.art.pl\/index.php\/2019\/10\/01\/aleksandra-skorupa-wienia-skt-2019\/\"><strong>Aleksandra Skorupa &#8211; Wienia<\/strong><\/a><\/p>\n<p>8 grudnia, 19.00 <br \/><a href=\"http:\/\/boto.art.pl\/index.php\/2019\/10\/08\/teatr-mdk-rumia-noc-helvera-skt-2019\/\"><strong>Teatr MDK Rumia &#8211; Noc Helvera <\/strong><\/a><em>(zamiast spektaklu Bromance)<\/em><\/p>\n<p>[\/et_pb_text][\/et_pb_column_inner][et_pb_column_inner type=&#8221;1_2&#8243; saved_specialty_column_type=&#8221;3_4&#8243;][et_pb_post_slider _builder_version=&#8221;3.20.2&#8243; include_categories=&#8221;97&#8243; use_text_overlay=&#8221;off&#8221; orderby=&#8221;date_asc&#8221; more_text=&#8221;czytaj wi\u0119cej&#8221; link_option_url_new_window=&#8221;on&#8221; background_color=&#8221;#ffffff&#8221; show_meta=&#8221;off&#8221; \/][\/et_pb_column_inner][\/et_pb_row_inner][et_pb_row_inner admin_label=&#8221;Wiersz&#8221; custom_padding=&#8221;3px|0px|20px|0px&#8221; _builder_version=&#8221;3.0.47&#8243;][et_pb_column_inner type=&#8221;4_4&#8243; saved_specialty_column_type=&#8221;3_4&#8243;][et_pb_text _builder_version=&#8221;3.20.2&#8243; link_text_color=&#8221;#dd8100&#8243;]<\/p>\n<p>Do udzia\u0142u w &#8222;Konsekwencjach&#8221; zapraszamy zar\u00f3wno sceny zawodowe, jak i teatry nieinstytucjonalne oraz grupy i tw\u00f3rc\u00f3w amatorskich.\u00a0<\/p>\n<p><strong>BILETY:<\/strong><br \/><strong>&gt;&gt;&gt; 25 z\u0142 normalny<\/strong><br \/><strong>&gt;&gt;&gt; 20 z\u0142 ulgowy<\/strong><br \/>online: <a href=\"http:\/\/boto.art.pl\/index.php\/kup-bilet\/\" target=\"_blank\" rel=\"nofollow noopener noreferrer\" data-lynx-uri=\"https:\/\/l.facebook.com\/l.php?u=http%3A%2F%2Fwww.boto.art.pl%2F%3Ffbclid%3DIwAR0mGvxp0SvE0GaDZiMTgW_HvE3TQm7PvtKlwgQRfvUsRUgiMjinr1N6nAQ&amp;h=AT0dYg45kT1DPmufpXlX_1XIZaqVuOawOF2_EXN3L8njNUy8uwYbo1M8X6FPvWwa0ayKpB8oPDPEnfv5H7GvTK_N5ZtgksVW7THr50fkhCOlOfd40wr5cCdLKKcqOhEolO_plY-n9SCzVTx5oRjd\" data-lynx-mode=\"hover\">www.boto.art.pl<\/a> lub przez <a href=\"http:\/\/goout.net\/?fbclid=IwAR2oFurET3UqCQ6FF4yNZWoHvMaliuZ8fATlFZdbdirBmq_p8yeXDBx31xI\" target=\"_blank\" rel=\"nofollow noopener noreferrer\" data-lynx-uri=\"https:\/\/l.facebook.com\/l.php?u=http%3A%2F%2Fgoout.net%2F%3Ffbclid%3DIwAR2oFurET3UqCQ6FF4yNZWoHvMaliuZ8fATlFZdbdirBmq_p8yeXDBx31xI&amp;h=AT0xuq3mKa48Z6ENpVbsOuVnBKbB_BApqZn69BQKy2TyIGu5sVREmCOTbimlW3mCoAjjhY6Dnlfj-WUbBmJ8l9hJCSuCcOf4eyR3GfBm41pRJcJBqYZLRgkFKHNLpQkRJsCFWpL-uxLfKp8iul0N\" data-lynx-mode=\"hover\">goout.net<\/a> oraz na miejscu<\/p>\n<p><strong>KARNETY NA WSZYSTKIE SPEKTAKLE:<\/strong><br \/><strong>&gt;&gt;&gt; 150 z\u0142 normalny<\/strong><br \/><strong>&gt;&gt;&gt; 100 z\u0142 ulgowy<\/strong><\/p>\n<p><strong>Przegl\u0105d ma charakter konkursowy. Powo\u0142ane przez Teatr BOTO sze\u015bcioosobowe jury w sk\u0142adzie:<\/strong><br \/>Patryk Dziczek, <br \/>Joanna Grali\u0144ska, <br \/>Mariusz Jakimowicz, <br \/>Paulina Niedzielska, <br \/>Aleksandra Ninkiewicz,<br \/>Iwona Paliszewska<br \/><strong>postanowi\u0142o przyzna\u0107 nast\u0119puj\u0105ce nagrody:<\/strong><\/p>\n<p>[\/et_pb_text][\/et_pb_column_inner][\/et_pb_row_inner][et_pb_row_inner admin_label=&#8221;Wiersz&#8221; custom_padding=&#8221;0|0px|29.6833px|0px&#8221; _builder_version=&#8221;3.0.47&#8243;][et_pb_column_inner type=&#8221;1_3&#8243; saved_specialty_column_type=&#8221;3_4&#8243;][et_pb_blurb title=&#8221;I miejsce&#8221; image=&#8221;http:\/\/boto.art.pl\/wp-content\/uploads\/2019\/12\/71529927_724518551356318_4427779504542318592_o.jpg&#8221; _builder_version=&#8221;3.20.2&#8243; header_font_size=&#8221;23px&#8221;]<\/p>\n<p>Du\u017ca Konsekwencja Teatralna dla<br \/><strong>&#8222;Nocy Helvera&#8221; Teatru I.N.N.I.<\/strong><\/p>\n<p>[\/et_pb_blurb][\/et_pb_column_inner][et_pb_column_inner type=&#8221;1_3&#8243; saved_specialty_column_type=&#8221;3_4&#8243;][et_pb_blurb title=&#8221;II miejsce&#8221; image=&#8221;http:\/\/boto.art.pl\/wp-content\/uploads\/2019\/12\/72735444_1198488057028266_3644310481147002880_o.jpg&#8221; _builder_version=&#8221;3.20.2&#8243; header_font_size=&#8221;23px&#8221;]<\/p>\n<p>\u015arednia Konsekwencja Teatralna\u00a0<br \/><strong>dla &#8222;Herci&#8221; Teatru na faktach<\/strong><\/p>\n<p>[\/et_pb_blurb][\/et_pb_column_inner][et_pb_column_inner type=&#8221;1_3&#8243; saved_specialty_column_type=&#8221;3_4&#8243;][et_pb_blurb title=&#8221;III miejsce&#8221; image=&#8221;http:\/\/boto.art.pl\/wp-content\/uploads\/2019\/12\/73324962_743846839423489_532656436686094336_o.jpg&#8221; _builder_version=&#8221;3.20.2&#8243; header_font_size=&#8221;23px&#8221;]<\/p>\n<p>Ma\u0142a Konsekwencja Teatralna\u00a0<br \/><strong>dla &#8222;Si\u00f3demki&#8221; Stowarzyszenia Teatralnego Bad\u00f3w<\/strong><strong><br \/><\/strong><\/p>\n<p>[\/et_pb_blurb][\/et_pb_column_inner][\/et_pb_row_inner][et_pb_row_inner _builder_version=&#8221;3.0.106&#8243;][et_pb_column_inner type=&#8221;4_4&#8243; saved_specialty_column_type=&#8221;3_4&#8243;][et_pb_text _builder_version=&#8221;3.20.2&#8243;]<\/p>\n<div class=\"text_exposed_show\">\n<p>Informacje o poprzednich edycjach przegl\u0105du znajduj\u0105 si\u0119 na stronie <a href=\"http:\/\/boto.art.pl\/index.php\/sopockie-konsekwencje-teatralne\/\">http:\/\/boto.art.pl\/index.php\/sopockie-konsekwencje-teatralne\/<\/a><\/p>\n<\/div>\n<p>[\/et_pb_text][\/et_pb_column_inner][\/et_pb_row_inner][\/et_pb_column][et_pb_column type=&#8221;1_4&#8243;][\/et_pb_column][\/et_pb_section]<\/p>\n","protected":false},"excerpt":{"rendered":"<p>&nbsp;<\/p>\n<p style=\"margin-bottom: 0cm; line-height: 100%;\">Fundacja Teatru BOTO og\u0142asza nab\u00f3r na III Sopockie Konsekwencje Teatralne &#8211; og\u00f3lnopolski sekwencyjny przegl\u0105d ma\u0142ych form scenicznych. Prezentacje zakwalifikowanych spektakli odb\u0119d\u0105 si\u0119 pomi\u0119dzy wrze\u015bniem a grudniem 2019 roku.<\/p>\n<p style=\"margin-bottom: 0cm; line-height: 100%;\">Do udzia\u0142u w &#8222;Konsekwencjach&#8221; zapraszamy zar\u00f3wno sceny zawodowe, jak i teatry nieinstytucjonalne oraz grupy i tw\u00f3rc\u00f3w amatorskich.<\/p>\n<p style=\"margin-bottom: 0cm; line-height: 100%;\">Przegl\u0105d ma charakter konkursowy. Powo\u0142ane przez Teatr BOTO sze\u015bcioosobowe jury wybierze trzy najlepsze przedstawienia, przyznaj\u0105c Du\u017c\u0105, \u015aredni\u0105 i Ma\u0142\u0105 Konsekwencj\u0119 Teatraln\u0105.<\/p>\n<p style=\"margin-bottom: 0cm; line-height: 100%;\">Nab\u00f3r trwa do 30 kwietnia 2019 roku.<\/p>\n<p style=\"margin-bottom: 0cm; line-height: 100%;\">Wszystkich zainteresowanych prosimy o zapoznanie si\u0119 z regulaminem i wype\u0142nienie aplikacji.<\/p>\n","protected":false},"author":2,"featured_media":0,"parent":0,"menu_order":0,"comment_status":"closed","ping_status":"closed","template":"","meta":{"_et_pb_use_builder":"on","_et_pb_old_content":"","_et_gb_content_width":"","inline_featured_image":false,"footnotes":""},"class_list":["post-54219","page","type-page","status-publish","hentry"],"yoast_head":"<!-- This site is optimized with the Yoast SEO plugin v27.4 - https:\/\/yoast.com\/product\/yoast-seo-wordpress\/ -->\n<title>Sopockie Konsekwencje Teatralne 2019 &#8212; Teatr Boto<\/title>\n<meta name=\"robots\" content=\"index, follow, max-snippet:-1, max-image-preview:large, max-video-preview:-1\" \/>\n<link rel=\"canonical\" href=\"https:\/\/boto.art.pl\/index.php\/sopockie-konsekwencje-teatralne-2019\/\" \/>\n<meta property=\"og:locale\" content=\"pl_PL\" \/>\n<meta property=\"og:type\" content=\"article\" \/>\n<meta property=\"og:title\" content=\"Sopockie Konsekwencje Teatralne 2019 &#8212; Teatr Boto\" \/>\n<meta property=\"og:description\" content=\"&nbsp; Fundacja Teatru BOTO og\u0142asza nab\u00f3r na III Sopockie Konsekwencje Teatralne - og\u00f3lnopolski sekwencyjny przegl\u0105d ma\u0142ych form scenicznych. Prezentacje zakwalifikowanych spektakli odb\u0119d\u0105 si\u0119 pomi\u0119dzy wrze\u015bniem a grudniem 2019 roku. Do udzia\u0142u w &quot;Konsekwencjach&quot; zapraszamy zar\u00f3wno sceny zawodowe, jak i teatry nieinstytucjonalne oraz grupy i tw\u00f3rc\u00f3w amatorskich. Przegl\u0105d ma charakter konkursowy. Powo\u0142ane przez Teatr BOTO sze\u015bcioosobowe jury wybierze trzy najlepsze przedstawienia, przyznaj\u0105c Du\u017c\u0105, \u015aredni\u0105 i Ma\u0142\u0105 Konsekwencj\u0119 Teatraln\u0105. Nab\u00f3r trwa do 30 kwietnia 2019 roku. Wszystkich zainteresowanych prosimy o zapoznanie si\u0119 z regulaminem i wype\u0142nienie aplikacji.\" \/>\n<meta property=\"og:url\" content=\"https:\/\/boto.art.pl\/index.php\/sopockie-konsekwencje-teatralne-2019\/\" \/>\n<meta property=\"og:site_name\" content=\"Teatr Boto\" \/>\n<meta property=\"article:publisher\" content=\"https:\/\/www.facebook.com\/teatrboto\" \/>\n<meta property=\"article:modified_time\" content=\"2021-01-15T21:53:31+00:00\" \/>\n<meta name=\"twitter:card\" content=\"summary_large_image\" \/>\n<meta name=\"twitter:label1\" content=\"Szacowany czas czytania\" \/>\n\t<meta name=\"twitter:data1\" content=\"5 minut\" \/>\n<script type=\"application\/ld+json\" class=\"yoast-schema-graph\">{\"@context\":\"https:\\\/\\\/schema.org\",\"@graph\":[{\"@type\":\"WebPage\",\"@id\":\"https:\\\/\\\/boto.art.pl\\\/index.php\\\/sopockie-konsekwencje-teatralne-2019\\\/\",\"url\":\"https:\\\/\\\/boto.art.pl\\\/index.php\\\/sopockie-konsekwencje-teatralne-2019\\\/\",\"name\":\"Sopockie Konsekwencje Teatralne 2019 &#8212; Teatr Boto\",\"isPartOf\":{\"@id\":\"https:\\\/\\\/boto.art.pl\\\/#website\"},\"datePublished\":\"2019-03-06T13:40:23+00:00\",\"dateModified\":\"2021-01-15T21:53:31+00:00\",\"breadcrumb\":{\"@id\":\"https:\\\/\\\/boto.art.pl\\\/index.php\\\/sopockie-konsekwencje-teatralne-2019\\\/#breadcrumb\"},\"inLanguage\":\"pl-PL\",\"potentialAction\":[{\"@type\":\"ReadAction\",\"target\":[\"https:\\\/\\\/boto.art.pl\\\/index.php\\\/sopockie-konsekwencje-teatralne-2019\\\/\"]}]},{\"@type\":\"BreadcrumbList\",\"@id\":\"https:\\\/\\\/boto.art.pl\\\/index.php\\\/sopockie-konsekwencje-teatralne-2019\\\/#breadcrumb\",\"itemListElement\":[{\"@type\":\"ListItem\",\"position\":1,\"name\":\"Strona g\u0142\u00f3wna\",\"item\":\"https:\\\/\\\/boto.art.pl\\\/\"},{\"@type\":\"ListItem\",\"position\":2,\"name\":\"Sopockie Konsekwencje Teatralne 2019\"}]},{\"@type\":\"WebSite\",\"@id\":\"https:\\\/\\\/boto.art.pl\\\/#website\",\"url\":\"https:\\\/\\\/boto.art.pl\\\/\",\"name\":\"Teatr Boto\",\"description\":\"\",\"publisher\":{\"@id\":\"https:\\\/\\\/boto.art.pl\\\/#organization\"},\"potentialAction\":[{\"@type\":\"SearchAction\",\"target\":{\"@type\":\"EntryPoint\",\"urlTemplate\":\"https:\\\/\\\/boto.art.pl\\\/?s={search_term_string}\"},\"query-input\":{\"@type\":\"PropertyValueSpecification\",\"valueRequired\":true,\"valueName\":\"search_term_string\"}}],\"inLanguage\":\"pl-PL\"},{\"@type\":\"Organization\",\"@id\":\"https:\\\/\\\/boto.art.pl\\\/#organization\",\"name\":\"Teatr Boto\",\"url\":\"https:\\\/\\\/boto.art.pl\\\/\",\"logo\":{\"@type\":\"ImageObject\",\"inLanguage\":\"pl-PL\",\"@id\":\"https:\\\/\\\/boto.art.pl\\\/#\\\/schema\\\/logo\\\/image\\\/\",\"url\":\"https:\\\/\\\/boto.art.pl\\\/wp-content\\\/uploads\\\/2018\\\/03\\\/logotyp.svg\",\"contentUrl\":\"https:\\\/\\\/boto.art.pl\\\/wp-content\\\/uploads\\\/2018\\\/03\\\/logotyp.svg\",\"width\":1,\"height\":1,\"caption\":\"Teatr Boto\"},\"image\":{\"@id\":\"https:\\\/\\\/boto.art.pl\\\/#\\\/schema\\\/logo\\\/image\\\/\"},\"sameAs\":[\"https:\\\/\\\/www.facebook.com\\\/teatrboto\",\"https:\\\/\\\/www.instagram.com\\\/teatr_boto\\\/\"]}]}<\/script>\n<!-- \/ Yoast SEO plugin. -->","yoast_head_json":{"title":"Sopockie Konsekwencje Teatralne 2019 &#8212; Teatr Boto","robots":{"index":"index","follow":"follow","max-snippet":"max-snippet:-1","max-image-preview":"max-image-preview:large","max-video-preview":"max-video-preview:-1"},"canonical":"https:\/\/boto.art.pl\/index.php\/sopockie-konsekwencje-teatralne-2019\/","og_locale":"pl_PL","og_type":"article","og_title":"Sopockie Konsekwencje Teatralne 2019 &#8212; Teatr Boto","og_description":"&nbsp; Fundacja Teatru BOTO og\u0142asza nab\u00f3r na III Sopockie Konsekwencje Teatralne - og\u00f3lnopolski sekwencyjny przegl\u0105d ma\u0142ych form scenicznych. Prezentacje zakwalifikowanych spektakli odb\u0119d\u0105 si\u0119 pomi\u0119dzy wrze\u015bniem a grudniem 2019 roku. Do udzia\u0142u w \"Konsekwencjach\" zapraszamy zar\u00f3wno sceny zawodowe, jak i teatry nieinstytucjonalne oraz grupy i tw\u00f3rc\u00f3w amatorskich. Przegl\u0105d ma charakter konkursowy. Powo\u0142ane przez Teatr BOTO sze\u015bcioosobowe jury wybierze trzy najlepsze przedstawienia, przyznaj\u0105c Du\u017c\u0105, \u015aredni\u0105 i Ma\u0142\u0105 Konsekwencj\u0119 Teatraln\u0105. Nab\u00f3r trwa do 30 kwietnia 2019 roku. Wszystkich zainteresowanych prosimy o zapoznanie si\u0119 z regulaminem i wype\u0142nienie aplikacji.","og_url":"https:\/\/boto.art.pl\/index.php\/sopockie-konsekwencje-teatralne-2019\/","og_site_name":"Teatr Boto","article_publisher":"https:\/\/www.facebook.com\/teatrboto","article_modified_time":"2021-01-15T21:53:31+00:00","twitter_card":"summary_large_image","twitter_misc":{"Szacowany czas czytania":"5 minut"},"schema":{"@context":"https:\/\/schema.org","@graph":[{"@type":"WebPage","@id":"https:\/\/boto.art.pl\/index.php\/sopockie-konsekwencje-teatralne-2019\/","url":"https:\/\/boto.art.pl\/index.php\/sopockie-konsekwencje-teatralne-2019\/","name":"Sopockie Konsekwencje Teatralne 2019 &#8212; Teatr Boto","isPartOf":{"@id":"https:\/\/boto.art.pl\/#website"},"datePublished":"2019-03-06T13:40:23+00:00","dateModified":"2021-01-15T21:53:31+00:00","breadcrumb":{"@id":"https:\/\/boto.art.pl\/index.php\/sopockie-konsekwencje-teatralne-2019\/#breadcrumb"},"inLanguage":"pl-PL","potentialAction":[{"@type":"ReadAction","target":["https:\/\/boto.art.pl\/index.php\/sopockie-konsekwencje-teatralne-2019\/"]}]},{"@type":"BreadcrumbList","@id":"https:\/\/boto.art.pl\/index.php\/sopockie-konsekwencje-teatralne-2019\/#breadcrumb","itemListElement":[{"@type":"ListItem","position":1,"name":"Strona g\u0142\u00f3wna","item":"https:\/\/boto.art.pl\/"},{"@type":"ListItem","position":2,"name":"Sopockie Konsekwencje Teatralne 2019"}]},{"@type":"WebSite","@id":"https:\/\/boto.art.pl\/#website","url":"https:\/\/boto.art.pl\/","name":"Teatr Boto","description":"","publisher":{"@id":"https:\/\/boto.art.pl\/#organization"},"potentialAction":[{"@type":"SearchAction","target":{"@type":"EntryPoint","urlTemplate":"https:\/\/boto.art.pl\/?s={search_term_string}"},"query-input":{"@type":"PropertyValueSpecification","valueRequired":true,"valueName":"search_term_string"}}],"inLanguage":"pl-PL"},{"@type":"Organization","@id":"https:\/\/boto.art.pl\/#organization","name":"Teatr Boto","url":"https:\/\/boto.art.pl\/","logo":{"@type":"ImageObject","inLanguage":"pl-PL","@id":"https:\/\/boto.art.pl\/#\/schema\/logo\/image\/","url":"https:\/\/boto.art.pl\/wp-content\/uploads\/2018\/03\/logotyp.svg","contentUrl":"https:\/\/boto.art.pl\/wp-content\/uploads\/2018\/03\/logotyp.svg","width":1,"height":1,"caption":"Teatr Boto"},"image":{"@id":"https:\/\/boto.art.pl\/#\/schema\/logo\/image\/"},"sameAs":["https:\/\/www.facebook.com\/teatrboto","https:\/\/www.instagram.com\/teatr_boto\/"]}]}},"_links":{"self":[{"href":"https:\/\/boto.art.pl\/index.php\/wp-json\/wp\/v2\/pages\/54219","targetHints":{"allow":["GET"]}}],"collection":[{"href":"https:\/\/boto.art.pl\/index.php\/wp-json\/wp\/v2\/pages"}],"about":[{"href":"https:\/\/boto.art.pl\/index.php\/wp-json\/wp\/v2\/types\/page"}],"author":[{"embeddable":true,"href":"https:\/\/boto.art.pl\/index.php\/wp-json\/wp\/v2\/users\/2"}],"replies":[{"embeddable":true,"href":"https:\/\/boto.art.pl\/index.php\/wp-json\/wp\/v2\/comments?post=54219"}],"version-history":[{"count":35,"href":"https:\/\/boto.art.pl\/index.php\/wp-json\/wp\/v2\/pages\/54219\/revisions"}],"predecessor-version":[{"id":58101,"href":"https:\/\/boto.art.pl\/index.php\/wp-json\/wp\/v2\/pages\/54219\/revisions\/58101"}],"wp:attachment":[{"href":"https:\/\/boto.art.pl\/index.php\/wp-json\/wp\/v2\/media?parent=54219"}],"curies":[{"name":"wp","href":"https:\/\/api.w.org\/{rel}","templated":true}]}}