{"id":56536,"date":"2019-12-07T19:07:26","date_gmt":"2019-12-07T18:07:26","guid":{"rendered":"http:\/\/boto.art.pl\/?page_id=56536"},"modified":"2019-12-07T19:26:46","modified_gmt":"2019-12-07T18:26:46","slug":"twoja-mac","status":"publish","type":"page","link":"https:\/\/boto.art.pl\/index.php\/twoja-mac\/","title":{"rendered":"Twoja Ma\u0107"},"content":{"rendered":"<p>[et_pb_section bb_built=&#8221;1&#8243; _builder_version=&#8221;3.20.2&#8243; background_image=&#8221;http:\/\/boto.art.pl\/wp-content\/uploads\/2019\/12\/73482867_1222374861306252_2224072058873053184_o.jpg&#8221; parallax=&#8221;on&#8221; custom_padding=&#8221;100px|0px|30px|0px&#8221; next_background_color=&#8221;#ffffff&#8221;][et_pb_row custom_padding=&#8221;3px|0px|27px|0px&#8221; _builder_version=&#8221;3.0.47&#8243; background_size=&#8221;initial&#8221; background_position=&#8221;top_left&#8221; background_repeat=&#8221;repeat&#8221;][et_pb_column type=&#8221;1_3&#8243;][et_pb_text background_layout=&#8221;dark&#8221; _builder_version=&#8221;3.20.2&#8243; text_font=&#8221;|700||on|||||&#8221; text_font_size=&#8221;33px&#8221; text_text_shadow_style=&#8221;preset5&#8243; text_text_shadow_color=&#8221;rgba(0,0,0,0.79)&#8221;]<\/p>\n<p>TWOJA MA\u0106! ONE WOMAN SHOW<\/p>\n<p>[\/et_pb_text][et_pb_text background_layout=&#8221;dark&#8221; _builder_version=&#8221;3.20.2&#8243; text_text_shadow_style=&#8221;preset5&#8243; text_text_shadow_horizontal_length=&#8221;0.07em&#8221; text_text_shadow_color=&#8221;rgba(0,0,0,0.83)&#8221;]<\/p>\n<p>matka sukcesu: Karolina Piechota<br \/>ojciec sukcesu: Kuba Ru\u017cy\u0142\u0142o<br \/>ojciec chrzestny: Adam Nalepa<br \/>Czas trwania: ok. 60 min<br \/>Produkcja: Fundacja Teatru BOTO<br \/>Premiera: 30 listopada 2019<\/p>\n<p>[\/et_pb_text][\/et_pb_column][et_pb_column type=&#8221;1_3&#8243;][\/et_pb_column][et_pb_column type=&#8221;1_3&#8243;][\/et_pb_column][\/et_pb_row][\/et_pb_section][et_pb_section bb_built=&#8221;1&#8243; _builder_version=&#8221;3.0.106&#8243; prev_background_color=&#8221;#000000&#8243;][et_pb_row _builder_version=&#8221;3.0.47&#8243; background_size=&#8221;initial&#8221; background_position=&#8221;top_left&#8221; background_repeat=&#8221;repeat&#8221;][et_pb_column type=&#8221;2_3&#8243;][et_pb_text _builder_version=&#8221;3.20.2&#8243;]<\/p>\n<div>\n<p>\u201eJe\u017celi kto\u015b mnie spyta, jaka jest moja najmocniejsza strona, bez zawahania odpowiem \u201esutki\u201d.<br \/>Sutki, kt\u00f3re wytrzyma\u0142y karmienie, wytrzymaj\u0105 wszystko.<br \/>Sutki karmi\u0105cej s\u0105 jak John McCain. Gdyby banda Wietnamczyk\u00f3w wzi\u0119\u0142a je na przes\u0142uchanie, te nie pisn\u0119\u0142yby ani s\u0142\u00f3wkiem, za\u015bmia\u0142y si\u0119 i splun\u0119\u0142y im w twarz mlekiem.\u201d<\/p>\n<\/div>\n<div>\n<p>Czy pierwsze miesi\u0105ce po porodzie to nie jest prawdziwa walka o przetrwanie? Czy cia\u0142o postci\u0119\u017carne nie jest bolesn\u0105 parodi\u0105 figury sprzed ci\u0105\u017cy? Jest, ma\u0107<br \/>Mo\u017ce ci si\u0119 to nie podoba\u0107, ale nie zgodzi\u0107 si\u0119 nie mo\u017cesz.<\/p>\n<p>Karolina Piechota \u2013 matka i aktorka, obna\u017ca w\u0142asn\u0105 frustracj\u0119 zwi\u0105zan\u0105 z now\u0105 sytuacj\u0105 \u017cyciow\u0105. Kpin\u0105 i autoironi\u0105 detonuje bomb\u0119, jak\u0105 jest temat macierzy\u0144stwa. Bezpardonowo nak\u0142uwa balon politycznej poprawno\u015bci.<\/p><\/div>\n<div>\u015amiejmy si\u0119, by nie zwariowa\u0107.<\/div>\n<div>\u00a0<\/div>\n<div>\u00a0<\/div>\n<p><em>fot. Jurek Bartkowski<\/em><\/p>\n<p>[\/et_pb_text][et_pb_gallery _builder_version=&#8221;3.20.2&#8243; gallery_ids=&#8221;56560,56564,56550,56563,56570,56554,56546,56572,56545,56540,56548,56566,56537&#8243; zoom_icon_color=&#8221;#e59c00&#8243; hover_overlay_color=&#8221;rgba(255,255,255,0.9)&#8221; fullwidth=&#8221;on&#8221; pagination_font_size_tablet=&#8221;51&#8243; pagination_line_height_tablet=&#8221;2&#8243; \/][\/et_pb_column][et_pb_column type=&#8221;1_3&#8243;][et_pb_text _builder_version=&#8221;3.20.2&#8243;]<\/p>\n<p><strong>Nadchodz\u0105ce prezentacje:<\/strong><\/p>\n<p>[\/et_pb_text][et_pb_blog_extras _builder_version=&#8221;3.20.2&#8243; post_order=&#8221;ASC&#8221; include_categories=&#8221;101&#8243; image_position=&#8221;top&#8221; category_meta_colors=&#8221;off&#8221; show_author=&#8221;off&#8221; show_date=&#8221;off&#8221; show_categories=&#8221;off&#8221; show_comments=&#8221;off&#8221; \/][\/et_pb_column][\/et_pb_row][\/et_pb_section]<\/p>\n","protected":false},"excerpt":{"rendered":"<p>TWOJA MA\u0106! ONE WOMAN SHOW matka sukcesu: Karolina Piechotaojciec sukcesu: Kuba Ru\u017cy\u0142\u0142oojciec chrzestny: Adam NalepaCzas trwania: ok. 60 minProdukcja: Fundacja Teatru BOTOPremiera: 30 listopada 2019 \u201eJe\u017celi kto\u015b mnie spyta, jaka jest moja najmocniejsza strona, bez zawahania odpowiem \u201esutki\u201d.Sutki, kt\u00f3re wytrzyma\u0142y karmienie, wytrzymaj\u0105 wszystko.Sutki karmi\u0105cej s\u0105 jak John McCain. Gdyby banda Wietnamczyk\u00f3w wzi\u0119\u0142a je na przes\u0142uchanie, [&hellip;]<\/p>\n","protected":false},"author":2,"featured_media":0,"parent":0,"menu_order":0,"comment_status":"closed","ping_status":"closed","template":"","meta":{"_et_pb_use_builder":"on","_et_pb_old_content":"","_et_gb_content_width":"","inline_featured_image":false,"footnotes":""},"class_list":["post-56536","page","type-page","status-publish","hentry"],"yoast_head":"<!-- This site is optimized with the Yoast SEO plugin v27.6 - https:\/\/yoast.com\/product\/yoast-seo-wordpress\/ -->\n<title>Twoja Ma\u0107 &#8212; Teatr Boto<\/title>\n<meta name=\"robots\" content=\"index, follow, max-snippet:-1, max-image-preview:large, max-video-preview:-1\" \/>\n<link rel=\"canonical\" href=\"https:\/\/boto.art.pl\/index.php\/twoja-mac\/\" \/>\n<meta property=\"og:locale\" content=\"pl_PL\" \/>\n<meta property=\"og:type\" content=\"article\" \/>\n<meta property=\"og:title\" content=\"Twoja Ma\u0107 &#8212; Teatr Boto\" \/>\n<meta property=\"og:description\" content=\"TWOJA MA\u0106! ONE WOMAN SHOW matka sukcesu: Karolina Piechotaojciec sukcesu: Kuba Ru\u017cy\u0142\u0142oojciec chrzestny: Adam NalepaCzas trwania: ok. 60 minProdukcja: Fundacja Teatru BOTOPremiera: 30 listopada 2019 \u201eJe\u017celi kto\u015b mnie spyta, jaka jest moja najmocniejsza strona, bez zawahania odpowiem \u201esutki\u201d.Sutki, kt\u00f3re wytrzyma\u0142y karmienie, wytrzymaj\u0105 wszystko.Sutki karmi\u0105cej s\u0105 jak John McCain. Gdyby banda Wietnamczyk\u00f3w wzi\u0119\u0142a je na przes\u0142uchanie, [&hellip;]\" \/>\n<meta property=\"og:url\" content=\"https:\/\/boto.art.pl\/index.php\/twoja-mac\/\" \/>\n<meta property=\"og:site_name\" content=\"Teatr Boto\" \/>\n<meta property=\"article:publisher\" content=\"https:\/\/www.facebook.com\/teatrboto\" \/>\n<meta property=\"article:modified_time\" content=\"2019-12-07T18:26:46+00:00\" \/>\n<meta name=\"twitter:card\" content=\"summary_large_image\" \/>\n<meta name=\"twitter:label1\" content=\"Szacowany czas czytania\" \/>\n\t<meta name=\"twitter:data1\" content=\"2 minuty\" \/>\n<script type=\"application\/ld+json\" class=\"yoast-schema-graph\">{\"@context\":\"https:\\\/\\\/schema.org\",\"@graph\":[{\"@type\":\"WebPage\",\"@id\":\"https:\\\/\\\/boto.art.pl\\\/index.php\\\/twoja-mac\\\/\",\"url\":\"https:\\\/\\\/boto.art.pl\\\/index.php\\\/twoja-mac\\\/\",\"name\":\"Twoja Ma\u0107 &#8212; Teatr Boto\",\"isPartOf\":{\"@id\":\"https:\\\/\\\/boto.art.pl\\\/#website\"},\"datePublished\":\"2019-12-07T18:07:26+00:00\",\"dateModified\":\"2019-12-07T18:26:46+00:00\",\"breadcrumb\":{\"@id\":\"https:\\\/\\\/boto.art.pl\\\/index.php\\\/twoja-mac\\\/#breadcrumb\"},\"inLanguage\":\"pl-PL\",\"potentialAction\":[{\"@type\":\"ReadAction\",\"target\":[\"https:\\\/\\\/boto.art.pl\\\/index.php\\\/twoja-mac\\\/\"]}]},{\"@type\":\"BreadcrumbList\",\"@id\":\"https:\\\/\\\/boto.art.pl\\\/index.php\\\/twoja-mac\\\/#breadcrumb\",\"itemListElement\":[{\"@type\":\"ListItem\",\"position\":1,\"name\":\"Strona g\u0142\u00f3wna\",\"item\":\"https:\\\/\\\/boto.art.pl\\\/\"},{\"@type\":\"ListItem\",\"position\":2,\"name\":\"Twoja Ma\u0107\"}]},{\"@type\":\"WebSite\",\"@id\":\"https:\\\/\\\/boto.art.pl\\\/#website\",\"url\":\"https:\\\/\\\/boto.art.pl\\\/\",\"name\":\"Teatr Boto\",\"description\":\"\",\"publisher\":{\"@id\":\"https:\\\/\\\/boto.art.pl\\\/#organization\"},\"potentialAction\":[{\"@type\":\"SearchAction\",\"target\":{\"@type\":\"EntryPoint\",\"urlTemplate\":\"https:\\\/\\\/boto.art.pl\\\/?s={search_term_string}\"},\"query-input\":{\"@type\":\"PropertyValueSpecification\",\"valueRequired\":true,\"valueName\":\"search_term_string\"}}],\"inLanguage\":\"pl-PL\"},{\"@type\":\"Organization\",\"@id\":\"https:\\\/\\\/boto.art.pl\\\/#organization\",\"name\":\"Teatr Boto\",\"url\":\"https:\\\/\\\/boto.art.pl\\\/\",\"logo\":{\"@type\":\"ImageObject\",\"inLanguage\":\"pl-PL\",\"@id\":\"https:\\\/\\\/boto.art.pl\\\/#\\\/schema\\\/logo\\\/image\\\/\",\"url\":\"https:\\\/\\\/boto.art.pl\\\/wp-content\\\/uploads\\\/2018\\\/03\\\/logotyp.svg\",\"contentUrl\":\"https:\\\/\\\/boto.art.pl\\\/wp-content\\\/uploads\\\/2018\\\/03\\\/logotyp.svg\",\"width\":1,\"height\":1,\"caption\":\"Teatr Boto\"},\"image\":{\"@id\":\"https:\\\/\\\/boto.art.pl\\\/#\\\/schema\\\/logo\\\/image\\\/\"},\"sameAs\":[\"https:\\\/\\\/www.facebook.com\\\/teatrboto\",\"https:\\\/\\\/www.instagram.com\\\/teatr_boto\\\/\"]}]}<\/script>\n<!-- \/ Yoast SEO plugin. -->","yoast_head_json":{"title":"Twoja Ma\u0107 &#8212; Teatr Boto","robots":{"index":"index","follow":"follow","max-snippet":"max-snippet:-1","max-image-preview":"max-image-preview:large","max-video-preview":"max-video-preview:-1"},"canonical":"https:\/\/boto.art.pl\/index.php\/twoja-mac\/","og_locale":"pl_PL","og_type":"article","og_title":"Twoja Ma\u0107 &#8212; Teatr Boto","og_description":"TWOJA MA\u0106! ONE WOMAN SHOW matka sukcesu: Karolina Piechotaojciec sukcesu: Kuba Ru\u017cy\u0142\u0142oojciec chrzestny: Adam NalepaCzas trwania: ok. 60 minProdukcja: Fundacja Teatru BOTOPremiera: 30 listopada 2019 \u201eJe\u017celi kto\u015b mnie spyta, jaka jest moja najmocniejsza strona, bez zawahania odpowiem \u201esutki\u201d.Sutki, kt\u00f3re wytrzyma\u0142y karmienie, wytrzymaj\u0105 wszystko.Sutki karmi\u0105cej s\u0105 jak John McCain. Gdyby banda Wietnamczyk\u00f3w wzi\u0119\u0142a je na przes\u0142uchanie, [&hellip;]","og_url":"https:\/\/boto.art.pl\/index.php\/twoja-mac\/","og_site_name":"Teatr Boto","article_publisher":"https:\/\/www.facebook.com\/teatrboto","article_modified_time":"2019-12-07T18:26:46+00:00","twitter_card":"summary_large_image","twitter_misc":{"Szacowany czas czytania":"2 minuty"},"schema":{"@context":"https:\/\/schema.org","@graph":[{"@type":"WebPage","@id":"https:\/\/boto.art.pl\/index.php\/twoja-mac\/","url":"https:\/\/boto.art.pl\/index.php\/twoja-mac\/","name":"Twoja Ma\u0107 &#8212; Teatr Boto","isPartOf":{"@id":"https:\/\/boto.art.pl\/#website"},"datePublished":"2019-12-07T18:07:26+00:00","dateModified":"2019-12-07T18:26:46+00:00","breadcrumb":{"@id":"https:\/\/boto.art.pl\/index.php\/twoja-mac\/#breadcrumb"},"inLanguage":"pl-PL","potentialAction":[{"@type":"ReadAction","target":["https:\/\/boto.art.pl\/index.php\/twoja-mac\/"]}]},{"@type":"BreadcrumbList","@id":"https:\/\/boto.art.pl\/index.php\/twoja-mac\/#breadcrumb","itemListElement":[{"@type":"ListItem","position":1,"name":"Strona g\u0142\u00f3wna","item":"https:\/\/boto.art.pl\/"},{"@type":"ListItem","position":2,"name":"Twoja Ma\u0107"}]},{"@type":"WebSite","@id":"https:\/\/boto.art.pl\/#website","url":"https:\/\/boto.art.pl\/","name":"Teatr Boto","description":"","publisher":{"@id":"https:\/\/boto.art.pl\/#organization"},"potentialAction":[{"@type":"SearchAction","target":{"@type":"EntryPoint","urlTemplate":"https:\/\/boto.art.pl\/?s={search_term_string}"},"query-input":{"@type":"PropertyValueSpecification","valueRequired":true,"valueName":"search_term_string"}}],"inLanguage":"pl-PL"},{"@type":"Organization","@id":"https:\/\/boto.art.pl\/#organization","name":"Teatr Boto","url":"https:\/\/boto.art.pl\/","logo":{"@type":"ImageObject","inLanguage":"pl-PL","@id":"https:\/\/boto.art.pl\/#\/schema\/logo\/image\/","url":"https:\/\/boto.art.pl\/wp-content\/uploads\/2018\/03\/logotyp.svg","contentUrl":"https:\/\/boto.art.pl\/wp-content\/uploads\/2018\/03\/logotyp.svg","width":1,"height":1,"caption":"Teatr Boto"},"image":{"@id":"https:\/\/boto.art.pl\/#\/schema\/logo\/image\/"},"sameAs":["https:\/\/www.facebook.com\/teatrboto","https:\/\/www.instagram.com\/teatr_boto\/"]}]}},"_links":{"self":[{"href":"https:\/\/boto.art.pl\/index.php\/wp-json\/wp\/v2\/pages\/56536","targetHints":{"allow":["GET"]}}],"collection":[{"href":"https:\/\/boto.art.pl\/index.php\/wp-json\/wp\/v2\/pages"}],"about":[{"href":"https:\/\/boto.art.pl\/index.php\/wp-json\/wp\/v2\/types\/page"}],"author":[{"embeddable":true,"href":"https:\/\/boto.art.pl\/index.php\/wp-json\/wp\/v2\/users\/2"}],"replies":[{"embeddable":true,"href":"https:\/\/boto.art.pl\/index.php\/wp-json\/wp\/v2\/comments?post=56536"}],"version-history":[{"count":10,"href":"https:\/\/boto.art.pl\/index.php\/wp-json\/wp\/v2\/pages\/56536\/revisions"}],"predecessor-version":[{"id":56583,"href":"https:\/\/boto.art.pl\/index.php\/wp-json\/wp\/v2\/pages\/56536\/revisions\/56583"}],"wp:attachment":[{"href":"https:\/\/boto.art.pl\/index.php\/wp-json\/wp\/v2\/media?parent=56536"}],"curies":[{"name":"wp","href":"https:\/\/api.w.org\/{rel}","templated":true}]}}