{"id":57713,"date":"2020-09-01T14:54:13","date_gmt":"2020-09-01T12:54:13","guid":{"rendered":"http:\/\/boto.art.pl\/?page_id=57713"},"modified":"2021-10-23T16:17:40","modified_gmt":"2021-10-23T14:17:40","slug":"monika-chybowska","status":"publish","type":"page","link":"https:\/\/boto.art.pl\/index.php\/monika-chybowska\/","title":{"rendered":"MONIKA CHYBOWSKA"},"content":{"rendered":"<p>[et_pb_section fb_built=&#8221;1&#8243; _builder_version=&#8221;3.22&#8243; global_colors_info=&#8221;{}&#8221;][et_pb_row column_structure=&#8221;2_5,3_5&#8243; _builder_version=&#8221;3.25&#8243; background_size=&#8221;initial&#8221; background_position=&#8221;top_left&#8221; background_repeat=&#8221;repeat&#8221; global_colors_info=&#8221;{}&#8221;][et_pb_column type=&#8221;2_5&#8243; _builder_version=&#8221;3.25&#8243; custom_padding=&#8221;|||&#8221; global_colors_info=&#8221;{}&#8221; custom_padding__hover=&#8221;|||&#8221;][et_pb_image src=&#8221;https:\/\/boto.art.pl\/wp-content\/uploads\/2020\/09\/Monika-Chybowska.jpg&#8221; align_tablet=&#8221;center&#8221; align_phone=&#8221;&#8221; align_last_edited=&#8221;on|desktop&#8221; _builder_version=&#8221;3.23&#8243; global_colors_info=&#8221;{}&#8221;][\/et_pb_image][\/et_pb_column][et_pb_column type=&#8221;3_5&#8243; _builder_version=&#8221;3.25&#8243; custom_padding=&#8221;|||&#8221; global_colors_info=&#8221;{}&#8221; custom_padding__hover=&#8221;|||&#8221;][et_pb_text _builder_version=&#8221;3.27.4&#8243; global_colors_info=&#8221;{}&#8221;]<\/p>\n<h1>Monika Chybowska<\/h1>\n<p>[\/et_pb_text][et_pb_text _builder_version=&#8221;4.11.2&#8243; link_text_color=&#8221;#000000&#8243; hover_enabled=&#8221;0&#8243; global_colors_info=&#8221;{}&#8221; sticky_enabled=&#8221;0&#8243;]<\/p>\n<p><strong>Monika Chybowska<\/strong> &#8211; prawa r\u0119ka menagerki i bileterka w latach 2017-2021. Koordynatorka Niefikcyjnych Wolontariuszy <a href=\"https:\/\/boto.art.pl\/index.php\/sopot-non-fiction\/\">Sopot Non-Fiction<\/a> w latach 2019-2021. Z wyr\u00f3\u017cnieniem w kategorii Koordynatorka Roku podczas Sopockiej Gali Wolontariatu 2019 .<\/p>\n<p>Amatorka teatru, improwizowanej poezji \u015bpiewanej na <a href=\"https:\/\/boto.art.pl\/index.php\/2021\/03\/24\/boto-bluesowe-poniedzialki\/\">Bluesowych Poniedzia\u0142kach<\/a> i BOTO bankiet\u00f3w.<\/p>\n<p>Licencjatka z Wiedzy o Teatrze na Uniwersytecie Gda\u0144skim. Niegdy\u015b zwi\u0105zana z Teatrzykiem B\u0142\u0119kitnego Czasu, Stowarzyszeniem Teatralnym INGENIUM, Teatrem NieUGi\u0119tych i Kompromisu Nie B\u0119dzie.<\/p>\n<p>[\/et_pb_text][\/et_pb_column][\/et_pb_row][\/et_pb_section]<\/p>\n","protected":false},"excerpt":{"rendered":"<p>Monika Chybowska Monika Chybowska &#8211; prawa r\u0119ka menagerki i bileterka w latach 2017-2021. Koordynatorka Niefikcyjnych Wolontariuszy Sopot Non-Fiction w latach 2019-2021. Z wyr\u00f3\u017cnieniem w kategorii Koordynatorka Roku podczas Sopockiej Gali Wolontariatu 2019 . Amatorka teatru, improwizowanej poezji \u015bpiewanej na Bluesowych Poniedzia\u0142kach i BOTO bankiet\u00f3w. Licencjatka z Wiedzy o Teatrze na Uniwersytecie Gda\u0144skim. Niegdy\u015b zwi\u0105zana z [&hellip;]<\/p>\n","protected":false},"author":2,"featured_media":0,"parent":0,"menu_order":0,"comment_status":"closed","ping_status":"closed","template":"","meta":{"_et_pb_use_builder":"on","_et_pb_old_content":"","_et_gb_content_width":"","inline_featured_image":false,"footnotes":""},"class_list":["post-57713","page","type-page","status-publish","hentry"],"yoast_head":"<!-- This site is optimized with the Yoast SEO plugin v27.5 - https:\/\/yoast.com\/product\/yoast-seo-wordpress\/ -->\n<title>MONIKA CHYBOWSKA &#8212; Teatr Boto<\/title>\n<meta name=\"robots\" content=\"index, follow, max-snippet:-1, max-image-preview:large, max-video-preview:-1\" \/>\n<link rel=\"canonical\" href=\"https:\/\/boto.art.pl\/index.php\/monika-chybowska\/\" \/>\n<meta property=\"og:locale\" content=\"pl_PL\" \/>\n<meta property=\"og:type\" content=\"article\" \/>\n<meta property=\"og:title\" content=\"MONIKA CHYBOWSKA &#8212; Teatr Boto\" \/>\n<meta property=\"og:description\" content=\"Monika Chybowska Monika Chybowska - prawa r\u0119ka menagerki i bileterka w latach 2017-2021. Koordynatorka Niefikcyjnych Wolontariuszy Sopot Non-Fiction w latach 2019-2021. Z wyr\u00f3\u017cnieniem w kategorii Koordynatorka Roku podczas Sopockiej Gali Wolontariatu 2019 . Amatorka teatru, improwizowanej poezji \u015bpiewanej na Bluesowych Poniedzia\u0142kach i BOTO bankiet\u00f3w. Licencjatka z Wiedzy o Teatrze na Uniwersytecie Gda\u0144skim. Niegdy\u015b zwi\u0105zana z [&hellip;]\" \/>\n<meta property=\"og:url\" content=\"https:\/\/boto.art.pl\/index.php\/monika-chybowska\/\" \/>\n<meta property=\"og:site_name\" content=\"Teatr Boto\" \/>\n<meta property=\"article:publisher\" content=\"https:\/\/www.facebook.com\/teatrboto\" \/>\n<meta property=\"article:modified_time\" content=\"2021-10-23T14:17:40+00:00\" \/>\n<meta name=\"twitter:card\" content=\"summary_large_image\" \/>\n<meta name=\"twitter:label1\" content=\"Szacowany czas czytania\" \/>\n\t<meta name=\"twitter:data1\" content=\"1 minuta\" \/>\n<script type=\"application\/ld+json\" class=\"yoast-schema-graph\">{\"@context\":\"https:\\\/\\\/schema.org\",\"@graph\":[{\"@type\":\"WebPage\",\"@id\":\"https:\\\/\\\/boto.art.pl\\\/index.php\\\/monika-chybowska\\\/\",\"url\":\"https:\\\/\\\/boto.art.pl\\\/index.php\\\/monika-chybowska\\\/\",\"name\":\"MONIKA CHYBOWSKA &#8212; Teatr Boto\",\"isPartOf\":{\"@id\":\"https:\\\/\\\/boto.art.pl\\\/#website\"},\"datePublished\":\"2020-09-01T12:54:13+00:00\",\"dateModified\":\"2021-10-23T14:17:40+00:00\",\"breadcrumb\":{\"@id\":\"https:\\\/\\\/boto.art.pl\\\/index.php\\\/monika-chybowska\\\/#breadcrumb\"},\"inLanguage\":\"pl-PL\",\"potentialAction\":[{\"@type\":\"ReadAction\",\"target\":[\"https:\\\/\\\/boto.art.pl\\\/index.php\\\/monika-chybowska\\\/\"]}]},{\"@type\":\"BreadcrumbList\",\"@id\":\"https:\\\/\\\/boto.art.pl\\\/index.php\\\/monika-chybowska\\\/#breadcrumb\",\"itemListElement\":[{\"@type\":\"ListItem\",\"position\":1,\"name\":\"Strona g\u0142\u00f3wna\",\"item\":\"https:\\\/\\\/boto.art.pl\\\/\"},{\"@type\":\"ListItem\",\"position\":2,\"name\":\"MONIKA CHYBOWSKA\"}]},{\"@type\":\"WebSite\",\"@id\":\"https:\\\/\\\/boto.art.pl\\\/#website\",\"url\":\"https:\\\/\\\/boto.art.pl\\\/\",\"name\":\"Teatr Boto\",\"description\":\"\",\"publisher\":{\"@id\":\"https:\\\/\\\/boto.art.pl\\\/#organization\"},\"potentialAction\":[{\"@type\":\"SearchAction\",\"target\":{\"@type\":\"EntryPoint\",\"urlTemplate\":\"https:\\\/\\\/boto.art.pl\\\/?s={search_term_string}\"},\"query-input\":{\"@type\":\"PropertyValueSpecification\",\"valueRequired\":true,\"valueName\":\"search_term_string\"}}],\"inLanguage\":\"pl-PL\"},{\"@type\":\"Organization\",\"@id\":\"https:\\\/\\\/boto.art.pl\\\/#organization\",\"name\":\"Teatr Boto\",\"url\":\"https:\\\/\\\/boto.art.pl\\\/\",\"logo\":{\"@type\":\"ImageObject\",\"inLanguage\":\"pl-PL\",\"@id\":\"https:\\\/\\\/boto.art.pl\\\/#\\\/schema\\\/logo\\\/image\\\/\",\"url\":\"https:\\\/\\\/boto.art.pl\\\/wp-content\\\/uploads\\\/2018\\\/03\\\/logotyp.svg\",\"contentUrl\":\"https:\\\/\\\/boto.art.pl\\\/wp-content\\\/uploads\\\/2018\\\/03\\\/logotyp.svg\",\"width\":1,\"height\":1,\"caption\":\"Teatr Boto\"},\"image\":{\"@id\":\"https:\\\/\\\/boto.art.pl\\\/#\\\/schema\\\/logo\\\/image\\\/\"},\"sameAs\":[\"https:\\\/\\\/www.facebook.com\\\/teatrboto\",\"https:\\\/\\\/www.instagram.com\\\/teatr_boto\\\/\"]}]}<\/script>\n<!-- \/ Yoast SEO plugin. -->","yoast_head_json":{"title":"MONIKA CHYBOWSKA &#8212; Teatr Boto","robots":{"index":"index","follow":"follow","max-snippet":"max-snippet:-1","max-image-preview":"max-image-preview:large","max-video-preview":"max-video-preview:-1"},"canonical":"https:\/\/boto.art.pl\/index.php\/monika-chybowska\/","og_locale":"pl_PL","og_type":"article","og_title":"MONIKA CHYBOWSKA &#8212; Teatr Boto","og_description":"Monika Chybowska Monika Chybowska - prawa r\u0119ka menagerki i bileterka w latach 2017-2021. Koordynatorka Niefikcyjnych Wolontariuszy Sopot Non-Fiction w latach 2019-2021. Z wyr\u00f3\u017cnieniem w kategorii Koordynatorka Roku podczas Sopockiej Gali Wolontariatu 2019 . Amatorka teatru, improwizowanej poezji \u015bpiewanej na Bluesowych Poniedzia\u0142kach i BOTO bankiet\u00f3w. Licencjatka z Wiedzy o Teatrze na Uniwersytecie Gda\u0144skim. Niegdy\u015b zwi\u0105zana z [&hellip;]","og_url":"https:\/\/boto.art.pl\/index.php\/monika-chybowska\/","og_site_name":"Teatr Boto","article_publisher":"https:\/\/www.facebook.com\/teatrboto","article_modified_time":"2021-10-23T14:17:40+00:00","twitter_card":"summary_large_image","twitter_misc":{"Szacowany czas czytania":"1 minuta"},"schema":{"@context":"https:\/\/schema.org","@graph":[{"@type":"WebPage","@id":"https:\/\/boto.art.pl\/index.php\/monika-chybowska\/","url":"https:\/\/boto.art.pl\/index.php\/monika-chybowska\/","name":"MONIKA CHYBOWSKA &#8212; Teatr Boto","isPartOf":{"@id":"https:\/\/boto.art.pl\/#website"},"datePublished":"2020-09-01T12:54:13+00:00","dateModified":"2021-10-23T14:17:40+00:00","breadcrumb":{"@id":"https:\/\/boto.art.pl\/index.php\/monika-chybowska\/#breadcrumb"},"inLanguage":"pl-PL","potentialAction":[{"@type":"ReadAction","target":["https:\/\/boto.art.pl\/index.php\/monika-chybowska\/"]}]},{"@type":"BreadcrumbList","@id":"https:\/\/boto.art.pl\/index.php\/monika-chybowska\/#breadcrumb","itemListElement":[{"@type":"ListItem","position":1,"name":"Strona g\u0142\u00f3wna","item":"https:\/\/boto.art.pl\/"},{"@type":"ListItem","position":2,"name":"MONIKA CHYBOWSKA"}]},{"@type":"WebSite","@id":"https:\/\/boto.art.pl\/#website","url":"https:\/\/boto.art.pl\/","name":"Teatr Boto","description":"","publisher":{"@id":"https:\/\/boto.art.pl\/#organization"},"potentialAction":[{"@type":"SearchAction","target":{"@type":"EntryPoint","urlTemplate":"https:\/\/boto.art.pl\/?s={search_term_string}"},"query-input":{"@type":"PropertyValueSpecification","valueRequired":true,"valueName":"search_term_string"}}],"inLanguage":"pl-PL"},{"@type":"Organization","@id":"https:\/\/boto.art.pl\/#organization","name":"Teatr Boto","url":"https:\/\/boto.art.pl\/","logo":{"@type":"ImageObject","inLanguage":"pl-PL","@id":"https:\/\/boto.art.pl\/#\/schema\/logo\/image\/","url":"https:\/\/boto.art.pl\/wp-content\/uploads\/2018\/03\/logotyp.svg","contentUrl":"https:\/\/boto.art.pl\/wp-content\/uploads\/2018\/03\/logotyp.svg","width":1,"height":1,"caption":"Teatr Boto"},"image":{"@id":"https:\/\/boto.art.pl\/#\/schema\/logo\/image\/"},"sameAs":["https:\/\/www.facebook.com\/teatrboto","https:\/\/www.instagram.com\/teatr_boto\/"]}]}},"_links":{"self":[{"href":"https:\/\/boto.art.pl\/index.php\/wp-json\/wp\/v2\/pages\/57713","targetHints":{"allow":["GET"]}}],"collection":[{"href":"https:\/\/boto.art.pl\/index.php\/wp-json\/wp\/v2\/pages"}],"about":[{"href":"https:\/\/boto.art.pl\/index.php\/wp-json\/wp\/v2\/types\/page"}],"author":[{"embeddable":true,"href":"https:\/\/boto.art.pl\/index.php\/wp-json\/wp\/v2\/users\/2"}],"replies":[{"embeddable":true,"href":"https:\/\/boto.art.pl\/index.php\/wp-json\/wp\/v2\/comments?post=57713"}],"version-history":[{"count":4,"href":"https:\/\/boto.art.pl\/index.php\/wp-json\/wp\/v2\/pages\/57713\/revisions"}],"predecessor-version":[{"id":60788,"href":"https:\/\/boto.art.pl\/index.php\/wp-json\/wp\/v2\/pages\/57713\/revisions\/60788"}],"wp:attachment":[{"href":"https:\/\/boto.art.pl\/index.php\/wp-json\/wp\/v2\/media?parent=57713"}],"curies":[{"name":"wp","href":"https:\/\/api.w.org\/{rel}","templated":true}]}}