{"id":58116,"date":"2021-01-16T00:42:47","date_gmt":"2021-01-15T23:42:47","guid":{"rendered":"http:\/\/boto.art.pl\/?page_id=58116"},"modified":"2021-02-22T22:58:40","modified_gmt":"2021-02-22T21:58:40","slug":"nieformalny-festiwal-piosenki-aktorskiej-w-sopocie","status":"publish","type":"page","link":"https:\/\/boto.art.pl\/index.php\/nieformalny-festiwal-piosenki-aktorskiej-w-sopocie\/","title":{"rendered":"Nieformalny Festiwal Piosenki Aktorskiej w Sopocie"},"content":{"rendered":"<p>[et_pb_section fb_built=&#8221;1&#8243; admin_label=&#8221;Du\u017ce zdj\u0119cie&#8221; _builder_version=&#8221;3.22&#8243; background_image=&#8221;https:\/\/boto.art.pl\/wp-content\/uploads\/2021\/01\/58574596_1076294519247621_8963206531793289216_o.jpg&#8221; parallax=&#8221;on&#8221; custom_margin=&#8221;|||&#8221; custom_padding=&#8221;0px|0px|134px|0px&#8221;][et_pb_row _builder_version=&#8221;3.25&#8243; custom_padding=&#8221;21px|0px|4px|50px&#8221;][et_pb_column type=&#8221;4_4&#8243; _builder_version=&#8221;3.25&#8243; custom_padding=&#8221;|||&#8221; custom_padding__hover=&#8221;|||&#8221;][et_pb_text admin_label=&#8221;Tytu\u0142&#8221; _builder_version=&#8221;3.27.4&#8243; text_font=&#8221;|700||on|||||&#8221; text_font_size=&#8221;34px&#8221; background_layout=&#8221;dark&#8221; custom_padding=&#8221;200px|||&#8221; text_text_shadow_style=&#8221;preset4&#8243; text_text_shadow_horizontal_length=&#8221;0.07em&#8221; text_text_shadow_color=&#8221;rgba(0,0,0,0.83)&#8221;]<br \/>\n[\/et_pb_text][et_pb_text admin_label=&#8221;Data&#8221; _builder_version=&#8221;3.27.4&#8243; text_font=&#8221;|||on|||||&#8221; text_font_size=&#8221;30px&#8221; background_layout=&#8221;dark&#8221; text_text_shadow_style=&#8221;preset4&#8243; text_text_shadow_horizontal_length=&#8221;0.07em&#8221; text_text_shadow_color=&#8221;rgba(0,0,0,0.85)&#8221;]<br \/>\n[\/et_pb_text][\/et_pb_column][\/et_pb_row][\/et_pb_section][et_pb_section fb_built=&#8221;1&#8243; _builder_version=&#8221;3.22&#8243; custom_margin=&#8221;0px|||&#8221; custom_padding=&#8221;0px|0px|0px|0px&#8221;][et_pb_row _builder_version=&#8221;3.25&#8243; background_size=&#8221;initial&#8221; background_position=&#8221;top_left&#8221; background_repeat=&#8221;repeat&#8221; custom_padding=&#8221;80px|0px|27px|47px&#8221;][et_pb_column type=&#8221;4_4&#8243; _builder_version=&#8221;3.25&#8243; custom_padding=&#8221;|||&#8221; custom_padding__hover=&#8221;|||&#8221;][et_pb_divider _builder_version=&#8221;3.20.2&#8243;][\/et_pb_divider][et_pb_text _builder_version=&#8221;3.27.4&#8243; text_font_size=&#8221;24px&#8221; module_alignment=&#8221;center&#8221; border_radii=&#8221;on|0px|0px|0px|0px&#8221;]<\/p>\n<p style=\"text-align: center;\">Zacz\u0119\u0142o si\u0119 w 2013 jako Inauguracja Sceny Letniej Teatru BOTO\u00a0<br \/>&#8222;Nieformalny Festiwal Piosenki Aktorskiej&#8221; re\u017c. Zesp\u00f3\u0142 BOTO<\/p>\n<p style=\"text-align: center;\">I tak trwa, <br \/>od 2017 festiwal odbywa si\u0119 w ogr\u00f3dku Teatru BOTO.<\/p>\n<p style=\"text-align: center;\">IV edycja (francuska) odby\u0142a si\u0119 nawet dwukrotnie, najwpierw w maju, a nast\u0119pnie w sierpniu w ramach festiwalu &#8222;Literacki Sopot&#8221;<\/p>\n<p style=\"text-align: center;\">W 2020 za to z przyczyn pandemii koronawirusa niemal\u017ce coroczny przegl\u0105d nie m\u00f3g\u0142 si\u0119 odby\u0107.<\/p>\n<p>[\/et_pb_text][et_pb_divider _builder_version=&#8221;3.20.2&#8243;][\/et_pb_divider][\/et_pb_column][\/et_pb_row][et_pb_row _builder_version=&#8221;3.25&#8243; background_size=&#8221;initial&#8221; background_position=&#8221;top_left&#8221; background_repeat=&#8221;repeat&#8221; column_structure=&#8221;1_2,1_2&#8243;][et_pb_column type=&#8221;1_2&#8243; _builder_version=&#8221;3.25&#8243; custom_padding=&#8221;|||&#8221; custom_padding__hover=&#8221;|||&#8221;][et_pb_image src=&#8221;https:\/\/boto.art.pl\/wp-content\/uploads\/2019\/08\/JB20190817544.jpg&#8221; url=&#8221;https:\/\/boto.art.pl\/index.php\/project\/vi-nieformalny-festiwal-piosenki-aktorskiej-w-sopocie-17-08-2019\/&#8221; url_new_window=&#8221;on&#8221; align_tablet=&#8221;center&#8221; align_last_edited=&#8221;on|desktop&#8221; _builder_version=&#8221;3.23&#8243;][\/et_pb_image][et_pb_toggle title=&#8221;VI NIEFORMALNY FESTIWAL PIOSENKI AKTORSKIEJ W SOPOCIE (2019)&#8221; _builder_version=&#8221;3.20.2&#8243; title_level=&#8221;h1&#8243; title_text_align=&#8221;center&#8221;]<\/p>\n<p>odby\u0142 si\u0119 17 sierpnia w ramach Festiwalu Literacki Sopot 2019<\/p>\n<p>Motywem przewodnim by\u0142y<br \/>Szalone lata osiemdziesi\u0105te.<\/p>\n<p>Wyst\u0105pili:<br \/>&gt;&gt; Sylwia G\u00f3ra Weber<br \/>&gt;&gt; Mateusz Feli\u0144ski<br \/>&gt;&gt; Maciej Konopinski<br \/>&gt;&gt; Adam Nalepa<br \/>&gt;&gt; Weronika Nawie\u015bniak<br \/>&gt;&gt; Agnieszka Rassalska<br \/>&gt;&gt; Wiosna Anna Wiosnowska<br \/>&gt;&gt; Magdalena Smuk<br \/>&gt;&gt; Wojciech Stachura<br \/>&gt;&gt; Adam Graf Turczyk<br \/>&gt;&gt; Anna Maria Wicka<br \/>&gt;&gt; Katarzyna Witkowska<\/p>\n<p>Muzycy:<br \/>&gt;&gt; Oskar Frydrych<br \/>&gt;&gt; Cygi Kondratowicz<br \/>&gt;&gt; \u0141ukasz Sasko<\/p>\n<p>[\/et_pb_toggle][et_pb_image src=&#8221;https:\/\/boto.art.pl\/wp-content\/uploads\/2018\/05\/JB20180501206.jpg&#8221; url=&#8221;https:\/\/boto.art.pl\/index.php\/project\/1-05-2018-francuski-nieformalny-przeglad-piosenki-aktorskiej\/&#8221; url_new_window=&#8221;on&#8221; align_tablet=&#8221;center&#8221; align_last_edited=&#8221;on|desktop&#8221; _builder_version=&#8221;3.23&#8243;][\/et_pb_image][et_pb_toggle title=&#8221;FRANCUSKI IV NIEFORMALNY FESTIWAL PIOSENKI AKTORSKIEJ W SOPOCIE (2017)&#8221; _builder_version=&#8221;3.20.2&#8243; title_level=&#8221;h1&#8243; title_text_align=&#8221;center&#8221;]<\/p>\n<p>odby\u0142 si\u0119 17 sierpnia<\/p>\n<p>Wyst\u0105pili m.in.<\/p>\n<p>Adam Nalepa<br \/>Aleksandra Derda<br \/>Joanna Pasternak<br \/>Magdalena Smuk<br \/>Agnieszka Rassalska<br \/>Anna Kociarz<br \/>Maciej Konopinski<br \/>Marek Tynda<br \/>Lena Gruszczy\u0144ska<br \/>Sylwia G\u00f3ra Weber<br \/>Adam Turczyk<\/p>\n<p>Akompaniament i aran\u017cacje:<\/p>\n<p>Marcin Mirowski \u2013 piano<br \/>Irek Wojtczak\u00a0\u2013 saksofony, klarnet<br \/>Lukas Sasko\u00a0\u2013 gitara<br \/>Andrzej Zyga Zygzu\u0142a \u2013 bas<br \/>Cygi Kondratowicz\u00a0\u2013 perkusja<\/p>\n<p>Prowadz\u0105cy:<br \/>Tomasz Weber<\/p>\n<p>Przegl\u0105d ma charakter konkursowy. Grand Prix Francuskiego IV Nieformalnego Festiwalu Piosenki Aktorskiej w Sopocie zdoby\u0142a \u2013 jak co roku \u2013 Sylwia G\u00f3ra Weber.\u00a0<\/p>\n<p>[\/et_pb_toggle][et_pb_image src=&#8221;https:\/\/boto.art.pl\/wp-content\/uploads\/2021\/01\/1297228.jpg&#8221; url_new_window=&#8221;on&#8221; align_tablet=&#8221;center&#8221; align_last_edited=&#8221;on|desktop&#8221; _builder_version=&#8221;3.23&#8243;][\/et_pb_image][et_pb_toggle title=&#8221;II NIEFORMALNY FESTIWAL PIOSENKI AKTORSKIEJ W SOPOCIE (2015)&#8221; _builder_version=&#8221;3.20.2&#8243; title_level=&#8221;h1&#8243; title_text_align=&#8221;center&#8221;]<\/p>\n<p>odby\u0142 si\u0119 4 sierpnia<\/p>\n<p>W nietuzinkowe role wcieli si\u0119 nast\u0119puj\u0105cy szale\u0144cy:<\/p>\n<p>1. Zofia Nather (aktorka)<br \/>2. Magdalena Smuk (Teatr Muzyczny)<br \/>3. Justyna Bartoszewicz ( Teatr Wybrze\u017ce)<br \/>4. Ewelina Gronowska z dzie\u0107mi (Teatr \u017beromskiego Kielce)<br \/>5. Krzysztof Grabowski ( Teatr \u017beromskiego Kielce)<br \/>6. Anna Iwasiuta-Dudek (aktorka)<br \/>7. Sylwia G\u00f3ra Weber (Teatr Wybrze\u017ce)<br \/>8. Adam Nalepa (Teatr Wybrze\u017ce, Dyr. Artystyczny Fundacji Teatru BOTO)<br \/>9. Ma\u0142gorzata Oracz ( Teatr Wybrze\u017ce)<br \/>10. James Malcolm (aktor)<br \/>11. Patrycjusz Dziczek (M\u0142ody Byron, cz\u0142onek Fundacji Teatru BOTO)<br \/>12. Marek Tynda (Teatr Wybrze\u017ce)<br \/>13. Robert Ninkiewicz (Teatr Wybrze\u017ce)<br \/>14. Anna Kaszuba (Teatr Wybrze\u017ce)<br \/>15. Dawid Pokusa (aktor)<br \/>16. Joanna Czajkowska ( Sopocki Teatr Ta\u0144ca)<br \/>17. Zyta Weber (c\u00f3rka Prezesa)<\/p>\n<p>Akompaniament i aran\u017cacje<br \/>Andrzej \u017bylis(piano)<br \/>\u0141ukasz Sasko(gitara)<br \/>Przemek Barto\u015b(bas)<\/p>\n<p>Prowadz\u0105cy Koncert<br \/>Tomasz Weber (Prezes Fundacji Teatru BOTO)<br \/>Magdalena Bo\u0107 (Teatr Wybrze\u017ce)<\/p>\n<p>[\/et_pb_toggle][\/et_pb_column][et_pb_column type=&#8221;1_2&#8243; _builder_version=&#8221;3.25&#8243; custom_padding=&#8221;|||&#8221; custom_padding__hover=&#8221;|||&#8221;][et_pb_image src=&#8221;https:\/\/boto.art.pl\/wp-content\/uploads\/2019\/05\/JBS20190504042-1.jpg&#8221; url=&#8221;https:\/\/boto.art.pl\/index.php\/2019\/03\/04\/v-nieformalny-festiwal-piosenki-aktorskiej-w-sopocie-disco\/&#8221; url_new_window=&#8221;on&#8221; align_tablet=&#8221;center&#8221; align_last_edited=&#8221;on|desktop&#8221; _builder_version=&#8221;3.23&#8243;][\/et_pb_image][et_pb_toggle title=&#8221;V NIEFORMALNY FESTIWAL PIOSENKI AKTORSKIEJ W SOPOCIE (2018)&#8221; _builder_version=&#8221;3.20.2&#8243; title_level=&#8221;h1&#8243; title_text_align=&#8221;center&#8221;]<\/p>\n<div class=\"kvgmc6g5 cxmmr5t8 oygrvhab hcukyx3x c1et5uql\">odby\u0142 si\u0119 4 maja na scenie letniej Teatru BOTO\u00a0<\/div>\n<div>\u00a0<\/div>\n<div class=\"o9v6fnle cxmmr5t8 oygrvhab hcukyx3x c1et5uql\">Motywem przewodnim tej edycji &#8211; DISCO!<\/div>\n<div>\u00a0<\/div>\n<div class=\"o9v6fnle cxmmr5t8 oygrvhab hcukyx3x c1et5uql\">Wykonawcy:<br \/>Sylwia G\u00f3ra Weber<br \/>Anna Wiosna Rogowska<br \/>Magdalena Smuk<br \/>Szymon Jachimek<br \/>Magdalena Bochan-Jachimek<br \/>Agnieszka Rassalska<br \/>Wojciech Stachura<br \/>Joanna Pasternak<br \/>Pawe\u0142 Sikora<br \/>Adam Turczyk<\/div>\n<div>\u00a0<\/div>\n<div class=\"o9v6fnle cxmmr5t8 oygrvhab hcukyx3x c1et5uql\">Muzycy:<br \/>\u0141ukasz Sasko &#8211; gitara, opracowanie muzyczne<br \/>Adam \u017buchowski &#8211; kontrabas<br \/>Pawe\u0142 Osicki &#8211; perkusja<br \/>Pawe\u0142 Witulski &#8211; klawisze<\/div>\n<p>[\/et_pb_toggle][et_pb_image src=&#8221;https:\/\/boto.art.pl\/wp-content\/uploads\/2021\/01\/20229621_722511027959307_6645316919090746531_o.jpg&#8221; url_new_window=&#8221;on&#8221; align_tablet=&#8221;center&#8221; align_last_edited=&#8221;on|desktop&#8221; _builder_version=&#8221;3.23&#8243;][\/et_pb_image][et_pb_toggle title=&#8221;III NIEFORMALNY FESTIWAL PIOSENKI AKTORSKIEJ W SOPOCIE (2016)&#8221; _builder_version=&#8221;3.20.2&#8243; title_level=&#8221;h1&#8243; title_text_align=&#8221;center&#8221;]<\/p>\n<div class=\"kvgmc6g5 cxmmr5t8 oygrvhab hcukyx3x c1et5uql\">odby\u0142 si\u0119 30 lipca<\/div>\n<div class=\"kvgmc6g5 cxmmr5t8 oygrvhab hcukyx3x c1et5uql\">\n<div>\u00a0<\/div>\n<div class=\"o9v6fnle cxmmr5t8 oygrvhab hcukyx3x c1et5uql\">Wyst\u0105pili m.in.:<br \/>Rodzina Tynd\u00f3w<\/div>\n<div class=\"o9v6fnle cxmmr5t8 oygrvhab hcukyx3x c1et5uql\">\u00a0(Pa\u0144stwowy Teatr Wybrze\u017ce w Gda\u0144sku, Teatr BOTO w Sopocie)<br \/>Anna Kaszuba<\/div>\n<div class=\"o9v6fnle cxmmr5t8 oygrvhab hcukyx3x c1et5uql\">\n<p>\u00a0(aktorka)<\/p>\n<div class=\"nc684nl6\">Krzysztof Grabowski<\/div>\n<p>\u00a0(Teatr im. Stefana \u017beromskiego w Kielcach)<br \/>Weronika Kulaszewska<\/div>\n<div class=\"o9v6fnle cxmmr5t8 oygrvhab hcukyx3x c1et5uql\">\n<p>\u00a0(aktorka)<\/p>\n<div class=\"nc684nl6\">Magdalena Bochan-Jachimek<\/div>\n<p>(aktorka)<\/p>\n<div class=\"nc684nl6\">Szymon Jachimek<\/div>\n<p>(aktor, artysta kabaretowy, autor tekst\u00f3w)<\/p>\n<div class=\"nc684nl6\">Agnieszka Rassalska<\/div>\n<p>\u00a0(aktorka, wokalistka, autorka tekst\u00f3w i muzyki)<\/p>\n<div class=\"nc684nl6\">Magdalena Smuk<\/div>\n<p>\u00a0(Teatr Muzyczny im. Danuty Baduszkowej w Gdyni)<\/p>\n<div class=\"nc684nl6\">Bart\u0142omiej Wiater<\/div>\n<p>\u00a0(student, Teatr BOTO w Sopocie)<br \/>Agnieszka Derda<\/div>\n<div class=\"o9v6fnle cxmmr5t8 oygrvhab hcukyx3x c1et5uql\">\n<p>\u00a0(aktorka)<\/p>\n<div class=\"nc684nl6\">Ewelina Gronowska<\/div>\n<p>\u00a0(Teatr im. Stefana \u017beromskiego w Kielcach)<\/p>\n<div class=\"nc684nl6\">Adam Nalepa<\/div>\n<p>\u00a0(teatry polskie i niemieckie, Dyr. Artystyczny Fundacji Teatru BOTO)<\/p>\n<div class=\"nc684nl6\">Sylwia G\u00f3ra Weber<\/div>\n<p>\u00a0(Pa\u0144stwowy Teatr Wybrze\u017ce w Gda\u0144sku, Wiceprezes Fundacji Teatru BOTO)<br \/>ewentualnie\u00a0<\/p>\n<div class=\"nc684nl6\">Hanna Klepacka<\/div>\n<p>\u00a0(aktorka)<\/p><\/div>\n<div>\u00a0<\/div>\n<div class=\"o9v6fnle cxmmr5t8 oygrvhab hcukyx3x c1et5uql\">\n<p>Akompaniament i aran\u017cacje:<\/p>\n<div class=\"nc684nl6\">Irek Wojtczak \u2013 piano<\/div>\n<div class=\"nc684nl6\">Lukas Sasko \u2013 gitara<\/div>\n<div class=\"nc684nl6\">Cygi Kondratowicz \u2013 perkusja<\/div>\n<p>Ja Nerko \u2013 perkusja<br \/>Micha\u0142 Gos &#8211; perkusja<br \/>Andrzej Zyga Zygzu\u0142a \u2013 bas<\/div>\n<div>\u00a0<\/div>\n<div class=\"o9v6fnle cxmmr5t8 oygrvhab hcukyx3x c1et5uql\">\n<p>Prowadz\u0105cy:<\/p>\n<div class=\"nc684nl6\">Tomasz Weber<\/div>\n<p>\u00a0(Prezes Fundacji Teatru BOTO)<\/p><\/div>\n<\/div>\n<p>[\/et_pb_toggle][et_pb_image src=&#8221;https:\/\/boto.art.pl\/wp-content\/uploads\/2021\/01\/1137240.jpg&#8221; url_new_window=&#8221;on&#8221; align_tablet=&#8221;center&#8221; align_last_edited=&#8221;on|desktop&#8221; _builder_version=&#8221;3.23&#8243;][\/et_pb_image][et_pb_toggle title=&#8221;I NIEFORMALNY FESTIWAL PIOSENKI AKTORSKIEJ W SOPOCIE (2013)&#8221; _builder_version=&#8221;3.20.2&#8243; title_level=&#8221;h1&#8243; title_text_align=&#8221;center&#8221;]<\/p>\n<div class=\"kvgmc6g5 cxmmr5t8 oygrvhab hcukyx3x c1et5uql\">odby\u0142 si\u0119 11 lipca<\/div>\n<div>\u00a0<\/div>\n<div class=\"kvgmc6g5 cxmmr5t8 oygrvhab hcukyx3x c1et5uql\">Wyst\u0105pili m.in.<\/div>\n<div class=\"kvgmc6g5 cxmmr5t8 oygrvhab hcukyx3x c1et5uql\">Zofia Nather,<\/div>\n<div class=\"kvgmc6g5 cxmmr5t8 oygrvhab hcukyx3x c1et5uql\">Marek Tynda,<\/div>\n<div class=\"kvgmc6g5 cxmmr5t8 oygrvhab hcukyx3x c1et5uql\">Justyna Bartoszewicz,<\/div>\n<div class=\"kvgmc6g5 cxmmr5t8 oygrvhab hcukyx3x c1et5uql\">Grzegorz Sierzputowski,<\/div>\n<div class=\"kvgmc6g5 cxmmr5t8 oygrvhab hcukyx3x c1et5uql\">Robert Ninkiewicz,<\/div>\n<div class=\"kvgmc6g5 cxmmr5t8 oygrvhab hcukyx3x c1et5uql\">Karolina Piechota,<\/div>\n<div class=\"kvgmc6g5 cxmmr5t8 oygrvhab hcukyx3x c1et5uql\">Ma\u0142gorzata Szczerbowska,<\/div>\n<div class=\"kvgmc6g5 cxmmr5t8 oygrvhab hcukyx3x c1et5uql\">Krzysztof Grabowski,<\/div>\n<div class=\"kvgmc6g5 cxmmr5t8 oygrvhab hcukyx3x c1et5uql\">Patrycjusz Dziczek,<\/div>\n<div class=\"kvgmc6g5 cxmmr5t8 oygrvhab hcukyx3x c1et5uql\">Marcin Skrzypczak,<\/div>\n<div class=\"kvgmc6g5 cxmmr5t8 oygrvhab hcukyx3x c1et5uql\">Adam Nalepa,<\/div>\n<div class=\"kvgmc6g5 cxmmr5t8 oygrvhab hcukyx3x c1et5uql\">Maciej Chojnacki,<\/div>\n<div class=\"kvgmc6g5 cxmmr5t8 oygrvhab hcukyx3x c1et5uql\">Tomasz Weber,<\/div>\n<div class=\"kvgmc6g5 cxmmr5t8 oygrvhab hcukyx3x c1et5uql\">Sylwia G\u00f3ra Weber<\/div>\n<div class=\"kvgmc6g5 cxmmr5t8 oygrvhab hcukyx3x c1et5uql\">\n<div>\u00a0<\/div>\n<p>Akompaniament: Andrzej \u017bylis<\/p><\/div>\n<p>[\/et_pb_toggle][\/et_pb_column][\/et_pb_row][\/et_pb_section]<\/p>\n","protected":false},"excerpt":{"rendered":"<p>Zacz\u0119\u0142o si\u0119 w 2013 jako Inauguracja Sceny Letniej Teatru BOTO\u00a0&#8222;Nieformalny Festiwal Piosenki Aktorskiej&#8221; re\u017c. Zesp\u00f3\u0142 BOTO I tak trwa, od 2017 festiwal odbywa si\u0119 w ogr\u00f3dku Teatru BOTO. IV edycja (francuska) odby\u0142a si\u0119 nawet dwukrotnie, najwpierw w maju, a nast\u0119pnie w sierpniu w ramach festiwalu &#8222;Literacki Sopot&#8221; W 2020 za to z przyczyn pandemii koronawirusa [&hellip;]<\/p>\n","protected":false},"author":2,"featured_media":0,"parent":0,"menu_order":0,"comment_status":"closed","ping_status":"closed","template":"","meta":{"_et_pb_use_builder":"on","_et_pb_old_content":"","_et_gb_content_width":"","inline_featured_image":false,"footnotes":""},"class_list":["post-58116","page","type-page","status-publish","hentry"],"yoast_head":"<!-- This site is optimized with the Yoast SEO plugin v27.4 - https:\/\/yoast.com\/product\/yoast-seo-wordpress\/ -->\n<title>Nieformalny Festiwal Piosenki Aktorskiej w Sopocie &#8212; Teatr Boto<\/title>\n<meta name=\"description\" content=\"Przegl\u0105d ma charakter konkursowy. Grand Prix Nieformalnego Festiwalu Piosenki Aktorskiej w Sopocie zdob\u0119dzie \u2013 jak co roku \u2013 Sylwia G\u00f3ra Weber. Pozostali laureaci r\u00f3wnie\u017c zostali ju\u017c wybrani.\" \/>\n<meta name=\"robots\" content=\"index, follow, max-snippet:-1, max-image-preview:large, max-video-preview:-1\" \/>\n<link rel=\"canonical\" href=\"https:\/\/boto.art.pl\/index.php\/nieformalny-festiwal-piosenki-aktorskiej-w-sopocie\/\" \/>\n<meta property=\"og:locale\" content=\"pl_PL\" \/>\n<meta property=\"og:type\" content=\"article\" \/>\n<meta property=\"og:title\" content=\"Nieformalny Festiwal Piosenki Aktorskiej w Sopocie &#8212; Teatr Boto\" \/>\n<meta property=\"og:description\" content=\"Przegl\u0105d ma charakter konkursowy. Grand Prix Nieformalnego Festiwalu Piosenki Aktorskiej w Sopocie zdob\u0119dzie \u2013 jak co roku \u2013 Sylwia G\u00f3ra Weber. Pozostali laureaci r\u00f3wnie\u017c zostali ju\u017c wybrani.\" \/>\n<meta property=\"og:url\" content=\"https:\/\/boto.art.pl\/index.php\/nieformalny-festiwal-piosenki-aktorskiej-w-sopocie\/\" \/>\n<meta property=\"og:site_name\" content=\"Teatr Boto\" \/>\n<meta property=\"article:publisher\" content=\"https:\/\/www.facebook.com\/teatrboto\" \/>\n<meta property=\"article:modified_time\" content=\"2021-02-22T21:58:40+00:00\" \/>\n<meta name=\"twitter:card\" content=\"summary_large_image\" \/>\n<meta name=\"twitter:label1\" content=\"Szacowany czas czytania\" \/>\n\t<meta name=\"twitter:data1\" content=\"4 minuty\" \/>\n<script type=\"application\/ld+json\" class=\"yoast-schema-graph\">{\"@context\":\"https:\\\/\\\/schema.org\",\"@graph\":[{\"@type\":\"WebPage\",\"@id\":\"https:\\\/\\\/boto.art.pl\\\/index.php\\\/nieformalny-festiwal-piosenki-aktorskiej-w-sopocie\\\/\",\"url\":\"https:\\\/\\\/boto.art.pl\\\/index.php\\\/nieformalny-festiwal-piosenki-aktorskiej-w-sopocie\\\/\",\"name\":\"Nieformalny Festiwal Piosenki Aktorskiej w Sopocie &#8212; Teatr Boto\",\"isPartOf\":{\"@id\":\"https:\\\/\\\/boto.art.pl\\\/#website\"},\"datePublished\":\"2021-01-15T23:42:47+00:00\",\"dateModified\":\"2021-02-22T21:58:40+00:00\",\"description\":\"Przegl\u0105d ma charakter konkursowy. Grand Prix Nieformalnego Festiwalu Piosenki Aktorskiej w Sopocie zdob\u0119dzie \u2013 jak co roku \u2013 Sylwia G\u00f3ra Weber. Pozostali laureaci r\u00f3wnie\u017c zostali ju\u017c wybrani.\",\"breadcrumb\":{\"@id\":\"https:\\\/\\\/boto.art.pl\\\/index.php\\\/nieformalny-festiwal-piosenki-aktorskiej-w-sopocie\\\/#breadcrumb\"},\"inLanguage\":\"pl-PL\",\"potentialAction\":[{\"@type\":\"ReadAction\",\"target\":[\"https:\\\/\\\/boto.art.pl\\\/index.php\\\/nieformalny-festiwal-piosenki-aktorskiej-w-sopocie\\\/\"]}]},{\"@type\":\"BreadcrumbList\",\"@id\":\"https:\\\/\\\/boto.art.pl\\\/index.php\\\/nieformalny-festiwal-piosenki-aktorskiej-w-sopocie\\\/#breadcrumb\",\"itemListElement\":[{\"@type\":\"ListItem\",\"position\":1,\"name\":\"Strona g\u0142\u00f3wna\",\"item\":\"https:\\\/\\\/boto.art.pl\\\/\"},{\"@type\":\"ListItem\",\"position\":2,\"name\":\"Nieformalny Festiwal Piosenki Aktorskiej w Sopocie\"}]},{\"@type\":\"WebSite\",\"@id\":\"https:\\\/\\\/boto.art.pl\\\/#website\",\"url\":\"https:\\\/\\\/boto.art.pl\\\/\",\"name\":\"Teatr Boto\",\"description\":\"\",\"publisher\":{\"@id\":\"https:\\\/\\\/boto.art.pl\\\/#organization\"},\"potentialAction\":[{\"@type\":\"SearchAction\",\"target\":{\"@type\":\"EntryPoint\",\"urlTemplate\":\"https:\\\/\\\/boto.art.pl\\\/?s={search_term_string}\"},\"query-input\":{\"@type\":\"PropertyValueSpecification\",\"valueRequired\":true,\"valueName\":\"search_term_string\"}}],\"inLanguage\":\"pl-PL\"},{\"@type\":\"Organization\",\"@id\":\"https:\\\/\\\/boto.art.pl\\\/#organization\",\"name\":\"Teatr Boto\",\"url\":\"https:\\\/\\\/boto.art.pl\\\/\",\"logo\":{\"@type\":\"ImageObject\",\"inLanguage\":\"pl-PL\",\"@id\":\"https:\\\/\\\/boto.art.pl\\\/#\\\/schema\\\/logo\\\/image\\\/\",\"url\":\"https:\\\/\\\/boto.art.pl\\\/wp-content\\\/uploads\\\/2018\\\/03\\\/logotyp.svg\",\"contentUrl\":\"https:\\\/\\\/boto.art.pl\\\/wp-content\\\/uploads\\\/2018\\\/03\\\/logotyp.svg\",\"width\":1,\"height\":1,\"caption\":\"Teatr Boto\"},\"image\":{\"@id\":\"https:\\\/\\\/boto.art.pl\\\/#\\\/schema\\\/logo\\\/image\\\/\"},\"sameAs\":[\"https:\\\/\\\/www.facebook.com\\\/teatrboto\",\"https:\\\/\\\/www.instagram.com\\\/teatr_boto\\\/\"]}]}<\/script>\n<!-- \/ Yoast SEO plugin. -->","yoast_head_json":{"title":"Nieformalny Festiwal Piosenki Aktorskiej w Sopocie &#8212; Teatr Boto","description":"Przegl\u0105d ma charakter konkursowy. Grand Prix Nieformalnego Festiwalu Piosenki Aktorskiej w Sopocie zdob\u0119dzie \u2013 jak co roku \u2013 Sylwia G\u00f3ra Weber. Pozostali laureaci r\u00f3wnie\u017c zostali ju\u017c wybrani.","robots":{"index":"index","follow":"follow","max-snippet":"max-snippet:-1","max-image-preview":"max-image-preview:large","max-video-preview":"max-video-preview:-1"},"canonical":"https:\/\/boto.art.pl\/index.php\/nieformalny-festiwal-piosenki-aktorskiej-w-sopocie\/","og_locale":"pl_PL","og_type":"article","og_title":"Nieformalny Festiwal Piosenki Aktorskiej w Sopocie &#8212; Teatr Boto","og_description":"Przegl\u0105d ma charakter konkursowy. Grand Prix Nieformalnego Festiwalu Piosenki Aktorskiej w Sopocie zdob\u0119dzie \u2013 jak co roku \u2013 Sylwia G\u00f3ra Weber. Pozostali laureaci r\u00f3wnie\u017c zostali ju\u017c wybrani.","og_url":"https:\/\/boto.art.pl\/index.php\/nieformalny-festiwal-piosenki-aktorskiej-w-sopocie\/","og_site_name":"Teatr Boto","article_publisher":"https:\/\/www.facebook.com\/teatrboto","article_modified_time":"2021-02-22T21:58:40+00:00","twitter_card":"summary_large_image","twitter_misc":{"Szacowany czas czytania":"4 minuty"},"schema":{"@context":"https:\/\/schema.org","@graph":[{"@type":"WebPage","@id":"https:\/\/boto.art.pl\/index.php\/nieformalny-festiwal-piosenki-aktorskiej-w-sopocie\/","url":"https:\/\/boto.art.pl\/index.php\/nieformalny-festiwal-piosenki-aktorskiej-w-sopocie\/","name":"Nieformalny Festiwal Piosenki Aktorskiej w Sopocie &#8212; Teatr Boto","isPartOf":{"@id":"https:\/\/boto.art.pl\/#website"},"datePublished":"2021-01-15T23:42:47+00:00","dateModified":"2021-02-22T21:58:40+00:00","description":"Przegl\u0105d ma charakter konkursowy. Grand Prix Nieformalnego Festiwalu Piosenki Aktorskiej w Sopocie zdob\u0119dzie \u2013 jak co roku \u2013 Sylwia G\u00f3ra Weber. Pozostali laureaci r\u00f3wnie\u017c zostali ju\u017c wybrani.","breadcrumb":{"@id":"https:\/\/boto.art.pl\/index.php\/nieformalny-festiwal-piosenki-aktorskiej-w-sopocie\/#breadcrumb"},"inLanguage":"pl-PL","potentialAction":[{"@type":"ReadAction","target":["https:\/\/boto.art.pl\/index.php\/nieformalny-festiwal-piosenki-aktorskiej-w-sopocie\/"]}]},{"@type":"BreadcrumbList","@id":"https:\/\/boto.art.pl\/index.php\/nieformalny-festiwal-piosenki-aktorskiej-w-sopocie\/#breadcrumb","itemListElement":[{"@type":"ListItem","position":1,"name":"Strona g\u0142\u00f3wna","item":"https:\/\/boto.art.pl\/"},{"@type":"ListItem","position":2,"name":"Nieformalny Festiwal Piosenki Aktorskiej w Sopocie"}]},{"@type":"WebSite","@id":"https:\/\/boto.art.pl\/#website","url":"https:\/\/boto.art.pl\/","name":"Teatr Boto","description":"","publisher":{"@id":"https:\/\/boto.art.pl\/#organization"},"potentialAction":[{"@type":"SearchAction","target":{"@type":"EntryPoint","urlTemplate":"https:\/\/boto.art.pl\/?s={search_term_string}"},"query-input":{"@type":"PropertyValueSpecification","valueRequired":true,"valueName":"search_term_string"}}],"inLanguage":"pl-PL"},{"@type":"Organization","@id":"https:\/\/boto.art.pl\/#organization","name":"Teatr Boto","url":"https:\/\/boto.art.pl\/","logo":{"@type":"ImageObject","inLanguage":"pl-PL","@id":"https:\/\/boto.art.pl\/#\/schema\/logo\/image\/","url":"https:\/\/boto.art.pl\/wp-content\/uploads\/2018\/03\/logotyp.svg","contentUrl":"https:\/\/boto.art.pl\/wp-content\/uploads\/2018\/03\/logotyp.svg","width":1,"height":1,"caption":"Teatr Boto"},"image":{"@id":"https:\/\/boto.art.pl\/#\/schema\/logo\/image\/"},"sameAs":["https:\/\/www.facebook.com\/teatrboto","https:\/\/www.instagram.com\/teatr_boto\/"]}]}},"_links":{"self":[{"href":"https:\/\/boto.art.pl\/index.php\/wp-json\/wp\/v2\/pages\/58116","targetHints":{"allow":["GET"]}}],"collection":[{"href":"https:\/\/boto.art.pl\/index.php\/wp-json\/wp\/v2\/pages"}],"about":[{"href":"https:\/\/boto.art.pl\/index.php\/wp-json\/wp\/v2\/types\/page"}],"author":[{"embeddable":true,"href":"https:\/\/boto.art.pl\/index.php\/wp-json\/wp\/v2\/users\/2"}],"replies":[{"embeddable":true,"href":"https:\/\/boto.art.pl\/index.php\/wp-json\/wp\/v2\/comments?post=58116"}],"version-history":[{"count":24,"href":"https:\/\/boto.art.pl\/index.php\/wp-json\/wp\/v2\/pages\/58116\/revisions"}],"predecessor-version":[{"id":58324,"href":"https:\/\/boto.art.pl\/index.php\/wp-json\/wp\/v2\/pages\/58116\/revisions\/58324"}],"wp:attachment":[{"href":"https:\/\/boto.art.pl\/index.php\/wp-json\/wp\/v2\/media?parent=58116"}],"curies":[{"name":"wp","href":"https:\/\/api.w.org\/{rel}","templated":true}]}}