{"id":58146,"date":"2021-01-16T02:40:30","date_gmt":"2021-01-16T01:40:30","guid":{"rendered":"http:\/\/boto.art.pl\/?page_id=58146"},"modified":"2021-01-16T02:40:30","modified_gmt":"2021-01-16T01:40:30","slug":"warszawa-doc","status":"publish","type":"page","link":"https:\/\/boto.art.pl\/index.php\/warszawa-doc\/","title":{"rendered":"Warszawa.doc"},"content":{"rendered":"<p>[et_pb_section bb_built=&#8221;1&#8243;][et_pb_row][et_pb_column type=&#8221;4_4&#8243;][et_pb_text _builder_version=&#8221;3.20.2&#8243; text_font_size=&#8221;18px&#8221;]<\/p>\n<p><strong>Warszawa.doc<\/strong> to wsp\u00f3lne przedsi\u0119wzi\u0119cie Fundacji Teatru BOTO oraz Bemowskiego Centrum Kultury. Jego celem jest wspieranie rozwoju i propagowanie teatru dokumentalnego, jednego z najciekawszych zjawisk wsp\u00f3\u0142czesnej kultury, \u0142\u0105cz\u0105cego sztuki performatywne, literatur\u0119 faktu i media. W ramach wsp\u00f3\u0142pracy obu podmiot\u00f3w re\u017cyserzy, dramatopisarze i aktorzy z Warszawy b\u0119d\u0105 mogli rozwija\u0107 i prezentowa\u0107 swoje spektakle dokumentalne warszawskiej publiczno\u015bci. Przedstawienia, zwi\u0105zane tematycznie ze wsp\u00f3\u0142czesno\u015bci\u0105 i histori\u0105 Warszawy b\u0119d\u0105 prezentowane tak\u017ce podczas festiwalu <a href=\"http:\/\/boto.art.pl\/index.php\/sopot-non-fiction\/\">Sopot Non-Fiction<\/a>, jedynego w Polsce przegl\u0105du teatru dokumentalnego.<\/p>\n<p style=\"text-align: center;\">W ramach Warszawa.doc wyprodukowano nast\u0119puj\u0105ce spektakle:<\/p>\n<p>[\/et_pb_text][\/et_pb_column][\/et_pb_row][et_pb_row][et_pb_column type=&#8221;1_2&#8243;][et_pb_image _builder_version=&#8221;3.20.2&#8243; src=&#8221;http:\/\/boto.art.pl\/wp-content\/uploads\/2021\/01\/11899939_1705024319729091_4258378259605412180_n.jpg&#8221; \/][et_pb_text _builder_version=&#8221;3.20.2&#8243; text_font_size=&#8221;20px&#8221;]<\/p>\n<h1 style=\"text-align: center;\"><strong>Po co psu\u0107 i tak ju\u017c z\u0142\u0105 atmosfer\u0119<\/strong><\/h1>\n<p>[\/et_pb_text][et_pb_text _builder_version=&#8221;3.20.2&#8243;]<\/p>\n<p style=\"text-align: center;\">Projekt narodzi\u0142 si\u0119 podczas Festiwalu i Rezydencji Artystycznej Sopot Non Fiction 2014 r. Nosi\u0142 wtedy tytu\u0142 \u201ePozna\u0144: miasto otwarte\u201d i by\u0142 pr\u00f3b\u0105 stworzenia portretu Poznania, jego politycznych, biznesowych i kulturalnych elit. Na podstawie materia\u0142\u00f3w dokumentalnych autorzy pr\u00f3bowali przedstawi\u0107 ch\u00f3r elit i mieszczan poklepuj\u0105cych si\u0119 wzajemnie po plecach, kt\u00f3ry wytwarza j\u0119zyk i spos\u00f3b dyskusji betonuj\u0105cy miasto i jego spo\u0142eczno\u015b\u0107.<\/p>\n<p>[\/et_pb_text][et_pb_button _builder_version=&#8221;3.20.2&#8243; button_text=&#8221;wi\u0119cej o spektaklu&#8221; button_url=&#8221;http:\/\/boto.art.pl\/index.php\/po-co-psuc-i-tak-juz-zla-atmosfere\/&#8221; button_alignment=&#8221;center&#8221; custom_button=&#8221;on&#8221; button_text_color=&#8221;#000000&#8243; \/][\/et_pb_column][et_pb_column type=&#8221;1_2&#8243;][et_pb_image _builder_version=&#8221;3.20.2&#8243; src=&#8221;http:\/\/boto.art.pl\/wp-content\/uploads\/2018\/03\/Warsaw-Calling-plakatGrzegorz-Laszuk.jpg&#8221; \/][et_pb_text _builder_version=&#8221;3.20.2&#8243; text_font_size=&#8221;20px&#8221;]<\/p>\n<h1 style=\"text-align: center;\"><strong>Warsaw Calling<\/strong><\/h1>\n<p>[\/et_pb_text][et_pb_text _builder_version=&#8221;3.20.2&#8243;]<\/p>\n<p style=\"text-align: center;\">Warszawa daje wszystko, by przetrwa\u0107 \u2013 prac\u0119 i to, co si\u0119 po tej pracy robi. Jest jak matka, kt\u00f3ra karmi, dba, troszczy si\u0119, czasami g\u0142ucha na skargi swoich dzieci, bo wie, czego im tak naprawd\u0119 trzeba. W tym mie\u015bcie mo\u017cna \u017cy\u0107 a\u017c do \u015bmierci. Swojego czasu panowa\u0142a moda w\u015br\u00f3d warszawskich klubowicz\u00f3w na \u201eje\u017cd\u017cenie za granic\u0119\u201d. Standardy wysokojako\u015bciowej rozrywki spe\u0142ni\u0107 mog\u0142y jedynie inne (zazwyczaj zachodnioeuropejskie) stolice.\u00a0<\/p>\n<p>[\/et_pb_text][et_pb_button _builder_version=&#8221;3.20.2&#8243; button_text=&#8221;wi\u0119cej o spektaklu&#8221; button_url=&#8221;http:\/\/boto.art.pl\/index.php\/warsaw-calling\/&#8221; button_alignment=&#8221;center&#8221; custom_button=&#8221;on&#8221; button_text_color=&#8221;#000000&#8243; \/][\/et_pb_column][\/et_pb_row][et_pb_row][et_pb_column type=&#8221;1_2&#8243;][et_pb_image _builder_version=&#8221;3.20.2&#8243; src=&#8221;http:\/\/boto.art.pl\/wp-content\/uploads\/2021\/01\/13995601_990554861063615_8321448797412773520_o.jpg&#8221; \/][et_pb_text _builder_version=&#8221;3.20.2&#8243; text_font_size=&#8221;20px&#8221;]<\/p>\n<h1 style=\"text-align: center;\"><strong>Pi\u0142karze<\/strong><\/h1>\n<p>[\/et_pb_text][et_pb_text _builder_version=&#8221;3.20.2&#8243;]<\/p>\n<p style=\"text-align: center;\">\u201ePi\u0142karze\u201d to po\u0142\u0105czenie teatru dokumentalnego, treningu sportowego i performansu. Cia\u0142o pi\u0142karza jest ca\u0142kowicie zdyscyplinowane przez zasady na boisku oraz na treningach. Cia\u0142o pi\u0142karza ma by\u0107 piel\u0119gnowane oraz d\u0105\u017cy\u0107 do maksymalnej wydajno\u015bci.<\/p>\n<p>[\/et_pb_text][et_pb_button _builder_version=&#8221;3.20.2&#8243; button_text=&#8221;wi\u0119cej o spektaklu&#8221; button_url=&#8221;http:\/\/boto.art.pl\/index.php\/project\/pilkarze\/&#8221; button_alignment=&#8221;center&#8221; custom_button=&#8221;on&#8221; button_text_color=&#8221;#000000&#8243; \/][\/et_pb_column][et_pb_column type=&#8221;1_2&#8243;][et_pb_image _builder_version=&#8221;3.20.2&#8243; src=&#8221;http:\/\/boto.art.pl\/wp-content\/uploads\/2021\/01\/16177831_1942277302670457_5101789004689235106_o.jpg&#8221; \/][et_pb_text _builder_version=&#8221;3.20.2&#8243; text_font_size=&#8221;20px&#8221;]<\/p>\n<h1 style=\"text-align: center;\"><strong>KIM<\/strong><\/h1>\n<p>[\/et_pb_text][et_pb_text _builder_version=&#8221;3.20.2&#8243;]<\/p>\n<p style=\"text-align: center;\">KIM to pierwszy w Polsce drag-up, czyli po\u0142\u0105czenie wyst\u0119pu drag queen ze stand-upem. KIM to sztuka lu\u017ano oparta o \u017cyciow\u0105 histori\u0119 i posta\u0107 Kim Lee \u2013 drag queen pochodz\u0105cej z Wietnamu. Kim Lee to wcielenie Andy\u2019ego \u2013 m\u0119\u017cczyzny, kt\u00f3ry przyjecha\u0142 do Warszawy, by studiowa\u0107 fizyk\u0119 plazmow\u0105.<\/p>\n<p>[\/et_pb_text][et_pb_button _builder_version=&#8221;3.20.2&#8243; button_text=&#8221;wi\u0119cej o spektaklu&#8221; button_url=&#8221;http:\/\/boto.art.pl\/index.php\/project\/kim\/&#8221; button_alignment=&#8221;center&#8221; custom_button=&#8221;on&#8221; button_text_color=&#8221;#000000&#8243; \/][\/et_pb_column][\/et_pb_row][\/et_pb_section]<\/p>\n","protected":false},"excerpt":{"rendered":"<p><div class=\"et_pb_row et_pb_row_0 et_pb_row_empty\">\n\t\t\t\t\n\t\t\t\t\n\t\t\t\t\n\t\t\t\t\n\t\t\t\t\n\t\t\t<\/div> Warszawa.doc to wsp\u00f3lne przedsi\u0119wzi\u0119cie Fundacji Teatru BOTO oraz Bemowskiego Centrum Kultury. Jego celem jest wspieranie rozwoju i propagowanie teatru dokumentalnego, jednego z najciekawszych zjawisk wsp\u00f3\u0142czesnej kultury, \u0142\u0105cz\u0105cego sztuki performatywne, literatur\u0119 faktu i media. W ramach wsp\u00f3\u0142pracy obu podmiot\u00f3w re\u017cyserzy, dramatopisarze i aktorzy z Warszawy b\u0119d\u0105 mogli rozwija\u0107 i prezentowa\u0107 swoje spektakle dokumentalne warszawskiej publiczno\u015bci. [&hellip;]<\/p>\n","protected":false},"author":2,"featured_media":0,"parent":0,"menu_order":0,"comment_status":"closed","ping_status":"closed","template":"","meta":{"_et_pb_use_builder":"on","_et_pb_old_content":"","_et_gb_content_width":"","inline_featured_image":false,"footnotes":""},"class_list":["post-58146","page","type-page","status-publish","hentry"],"yoast_head":"<!-- This site is optimized with the Yoast SEO plugin v27.4 - https:\/\/yoast.com\/product\/yoast-seo-wordpress\/ -->\n<title>Warszawa.doc &#8212; Teatr Boto<\/title>\n<meta name=\"robots\" content=\"index, follow, max-snippet:-1, max-image-preview:large, max-video-preview:-1\" \/>\n<link rel=\"canonical\" href=\"https:\/\/boto.art.pl\/index.php\/warszawa-doc\/\" \/>\n<meta property=\"og:locale\" content=\"pl_PL\" \/>\n<meta property=\"og:type\" content=\"article\" \/>\n<meta property=\"og:title\" content=\"Warszawa.doc &#8212; Teatr Boto\" \/>\n<meta property=\"og:description\" content=\"Warszawa.doc to wsp\u00f3lne przedsi\u0119wzi\u0119cie Fundacji Teatru BOTO oraz Bemowskiego Centrum Kultury. Jego celem jest wspieranie rozwoju i propagowanie teatru dokumentalnego, jednego z najciekawszych zjawisk wsp\u00f3\u0142czesnej kultury, \u0142\u0105cz\u0105cego sztuki performatywne, literatur\u0119 faktu i media. W ramach wsp\u00f3\u0142pracy obu podmiot\u00f3w re\u017cyserzy, dramatopisarze i aktorzy z Warszawy b\u0119d\u0105 mogli rozwija\u0107 i prezentowa\u0107 swoje spektakle dokumentalne warszawskiej publiczno\u015bci. [&hellip;]\" \/>\n<meta property=\"og:url\" content=\"https:\/\/boto.art.pl\/index.php\/warszawa-doc\/\" \/>\n<meta property=\"og:site_name\" content=\"Teatr Boto\" \/>\n<meta property=\"article:publisher\" content=\"https:\/\/www.facebook.com\/teatrboto\" \/>\n<meta name=\"twitter:card\" content=\"summary_large_image\" \/>\n<meta name=\"twitter:label1\" content=\"Szacowany czas czytania\" \/>\n\t<meta name=\"twitter:data1\" content=\"3 minuty\" \/>\n<script type=\"application\/ld+json\" class=\"yoast-schema-graph\">{\"@context\":\"https:\\\/\\\/schema.org\",\"@graph\":[{\"@type\":\"WebPage\",\"@id\":\"https:\\\/\\\/boto.art.pl\\\/index.php\\\/warszawa-doc\\\/\",\"url\":\"https:\\\/\\\/boto.art.pl\\\/index.php\\\/warszawa-doc\\\/\",\"name\":\"Warszawa.doc &#8212; Teatr Boto\",\"isPartOf\":{\"@id\":\"https:\\\/\\\/boto.art.pl\\\/#website\"},\"datePublished\":\"2021-01-16T01:40:30+00:00\",\"breadcrumb\":{\"@id\":\"https:\\\/\\\/boto.art.pl\\\/index.php\\\/warszawa-doc\\\/#breadcrumb\"},\"inLanguage\":\"pl-PL\",\"potentialAction\":[{\"@type\":\"ReadAction\",\"target\":[\"https:\\\/\\\/boto.art.pl\\\/index.php\\\/warszawa-doc\\\/\"]}]},{\"@type\":\"BreadcrumbList\",\"@id\":\"https:\\\/\\\/boto.art.pl\\\/index.php\\\/warszawa-doc\\\/#breadcrumb\",\"itemListElement\":[{\"@type\":\"ListItem\",\"position\":1,\"name\":\"Strona g\u0142\u00f3wna\",\"item\":\"https:\\\/\\\/boto.art.pl\\\/\"},{\"@type\":\"ListItem\",\"position\":2,\"name\":\"Warszawa.doc\"}]},{\"@type\":\"WebSite\",\"@id\":\"https:\\\/\\\/boto.art.pl\\\/#website\",\"url\":\"https:\\\/\\\/boto.art.pl\\\/\",\"name\":\"Teatr Boto\",\"description\":\"\",\"publisher\":{\"@id\":\"https:\\\/\\\/boto.art.pl\\\/#organization\"},\"potentialAction\":[{\"@type\":\"SearchAction\",\"target\":{\"@type\":\"EntryPoint\",\"urlTemplate\":\"https:\\\/\\\/boto.art.pl\\\/?s={search_term_string}\"},\"query-input\":{\"@type\":\"PropertyValueSpecification\",\"valueRequired\":true,\"valueName\":\"search_term_string\"}}],\"inLanguage\":\"pl-PL\"},{\"@type\":\"Organization\",\"@id\":\"https:\\\/\\\/boto.art.pl\\\/#organization\",\"name\":\"Teatr Boto\",\"url\":\"https:\\\/\\\/boto.art.pl\\\/\",\"logo\":{\"@type\":\"ImageObject\",\"inLanguage\":\"pl-PL\",\"@id\":\"https:\\\/\\\/boto.art.pl\\\/#\\\/schema\\\/logo\\\/image\\\/\",\"url\":\"https:\\\/\\\/boto.art.pl\\\/wp-content\\\/uploads\\\/2018\\\/03\\\/logotyp.svg\",\"contentUrl\":\"https:\\\/\\\/boto.art.pl\\\/wp-content\\\/uploads\\\/2018\\\/03\\\/logotyp.svg\",\"width\":1,\"height\":1,\"caption\":\"Teatr Boto\"},\"image\":{\"@id\":\"https:\\\/\\\/boto.art.pl\\\/#\\\/schema\\\/logo\\\/image\\\/\"},\"sameAs\":[\"https:\\\/\\\/www.facebook.com\\\/teatrboto\",\"https:\\\/\\\/www.instagram.com\\\/teatr_boto\\\/\"]}]}<\/script>\n<!-- \/ Yoast SEO plugin. -->","yoast_head_json":{"title":"Warszawa.doc &#8212; Teatr Boto","robots":{"index":"index","follow":"follow","max-snippet":"max-snippet:-1","max-image-preview":"max-image-preview:large","max-video-preview":"max-video-preview:-1"},"canonical":"https:\/\/boto.art.pl\/index.php\/warszawa-doc\/","og_locale":"pl_PL","og_type":"article","og_title":"Warszawa.doc &#8212; Teatr Boto","og_description":"Warszawa.doc to wsp\u00f3lne przedsi\u0119wzi\u0119cie Fundacji Teatru BOTO oraz Bemowskiego Centrum Kultury. Jego celem jest wspieranie rozwoju i propagowanie teatru dokumentalnego, jednego z najciekawszych zjawisk wsp\u00f3\u0142czesnej kultury, \u0142\u0105cz\u0105cego sztuki performatywne, literatur\u0119 faktu i media. W ramach wsp\u00f3\u0142pracy obu podmiot\u00f3w re\u017cyserzy, dramatopisarze i aktorzy z Warszawy b\u0119d\u0105 mogli rozwija\u0107 i prezentowa\u0107 swoje spektakle dokumentalne warszawskiej publiczno\u015bci. [&hellip;]","og_url":"https:\/\/boto.art.pl\/index.php\/warszawa-doc\/","og_site_name":"Teatr Boto","article_publisher":"https:\/\/www.facebook.com\/teatrboto","twitter_card":"summary_large_image","twitter_misc":{"Szacowany czas czytania":"3 minuty"},"schema":{"@context":"https:\/\/schema.org","@graph":[{"@type":"WebPage","@id":"https:\/\/boto.art.pl\/index.php\/warszawa-doc\/","url":"https:\/\/boto.art.pl\/index.php\/warszawa-doc\/","name":"Warszawa.doc &#8212; Teatr Boto","isPartOf":{"@id":"https:\/\/boto.art.pl\/#website"},"datePublished":"2021-01-16T01:40:30+00:00","breadcrumb":{"@id":"https:\/\/boto.art.pl\/index.php\/warszawa-doc\/#breadcrumb"},"inLanguage":"pl-PL","potentialAction":[{"@type":"ReadAction","target":["https:\/\/boto.art.pl\/index.php\/warszawa-doc\/"]}]},{"@type":"BreadcrumbList","@id":"https:\/\/boto.art.pl\/index.php\/warszawa-doc\/#breadcrumb","itemListElement":[{"@type":"ListItem","position":1,"name":"Strona g\u0142\u00f3wna","item":"https:\/\/boto.art.pl\/"},{"@type":"ListItem","position":2,"name":"Warszawa.doc"}]},{"@type":"WebSite","@id":"https:\/\/boto.art.pl\/#website","url":"https:\/\/boto.art.pl\/","name":"Teatr Boto","description":"","publisher":{"@id":"https:\/\/boto.art.pl\/#organization"},"potentialAction":[{"@type":"SearchAction","target":{"@type":"EntryPoint","urlTemplate":"https:\/\/boto.art.pl\/?s={search_term_string}"},"query-input":{"@type":"PropertyValueSpecification","valueRequired":true,"valueName":"search_term_string"}}],"inLanguage":"pl-PL"},{"@type":"Organization","@id":"https:\/\/boto.art.pl\/#organization","name":"Teatr Boto","url":"https:\/\/boto.art.pl\/","logo":{"@type":"ImageObject","inLanguage":"pl-PL","@id":"https:\/\/boto.art.pl\/#\/schema\/logo\/image\/","url":"https:\/\/boto.art.pl\/wp-content\/uploads\/2018\/03\/logotyp.svg","contentUrl":"https:\/\/boto.art.pl\/wp-content\/uploads\/2018\/03\/logotyp.svg","width":1,"height":1,"caption":"Teatr Boto"},"image":{"@id":"https:\/\/boto.art.pl\/#\/schema\/logo\/image\/"},"sameAs":["https:\/\/www.facebook.com\/teatrboto","https:\/\/www.instagram.com\/teatr_boto\/"]}]}},"_links":{"self":[{"href":"https:\/\/boto.art.pl\/index.php\/wp-json\/wp\/v2\/pages\/58146","targetHints":{"allow":["GET"]}}],"collection":[{"href":"https:\/\/boto.art.pl\/index.php\/wp-json\/wp\/v2\/pages"}],"about":[{"href":"https:\/\/boto.art.pl\/index.php\/wp-json\/wp\/v2\/types\/page"}],"author":[{"embeddable":true,"href":"https:\/\/boto.art.pl\/index.php\/wp-json\/wp\/v2\/users\/2"}],"replies":[{"embeddable":true,"href":"https:\/\/boto.art.pl\/index.php\/wp-json\/wp\/v2\/comments?post=58146"}],"version-history":[{"count":12,"href":"https:\/\/boto.art.pl\/index.php\/wp-json\/wp\/v2\/pages\/58146\/revisions"}],"predecessor-version":[{"id":58220,"href":"https:\/\/boto.art.pl\/index.php\/wp-json\/wp\/v2\/pages\/58146\/revisions\/58220"}],"wp:attachment":[{"href":"https:\/\/boto.art.pl\/index.php\/wp-json\/wp\/v2\/media?parent=58146"}],"curies":[{"name":"wp","href":"https:\/\/api.w.org\/{rel}","templated":true}]}}