{"id":58221,"date":"2021-01-16T02:50:34","date_gmt":"2021-01-16T01:50:34","guid":{"rendered":"http:\/\/boto.art.pl\/?page_id=58221"},"modified":"2021-01-16T02:50:34","modified_gmt":"2021-01-16T01:50:34","slug":"boto-dla-mlodych","status":"publish","type":"page","link":"https:\/\/boto.art.pl\/index.php\/boto-dla-mlodych\/","title":{"rendered":"BOTO dla M\u0142odych"},"content":{"rendered":"<p>[et_pb_section bb_built=&#8221;1&#8243;][et_pb_row][et_pb_column type=&#8221;4_4&#8243;][et_pb_text _builder_version=&#8221;3.20.2&#8243;]<\/p>\n<p class=\"lead\">&#8222;BOTO dla M\u0142odych&#8221; to projekt Fundacji Teatru BOTO wsp\u00f3\u0142finansowany przez Urz\u0105d Miasta w Sopocie, obejmuj\u0105cy 3 cykle warsztat\u00f3w teatralnych dla m\u0142odzie\u017cy (wrzesie\u0144 &#8211; grudzie\u0144 2016 r.), w ramach kt\u00f3rych odb\u0119d\u0105 si\u0119:<br \/>\u2022 pokazy spektakli produkcji Teatru BOTO zako\u0144czone rozmow\u0105 z tw\u00f3rcami,<br \/>\u2022 zaj\u0119cia teatralne z zakresu dramatopisarstwa, aktorstwa i re\u017cyserii, zako\u0144czone pokazem mini spektakli\/ etiud\/ scen\/ monolog\u00f3w\/ improwizacji.<\/p>\n<div data-content-crop=\"\">\u00a0<\/div>\n<div class=\"text-contents \" data-content-crop=\"\"><strong>Terminy I cyklu:<\/strong><br \/>Ka\u017cdy cykl obejmowa\u0142 zaj\u0119cia w 4 poniedzia\u0142ki w godz. 17:00-20:00 (19 i 26 IX, 3 i 10 X) oraz 2 wtorki (20 IX i 11 X) w godz. 17:00-20:00.<\/p>\n<p><strong>Zaj\u0119cia poprowadz\u0105:<\/strong><br \/>Aktorzy, re\u017cyserzy i dramaturdzy zwi\u0105zani zawodowo m.in. z Teatrem Wybrze\u017ce w Gda\u0144sku oraz Teatrem Muzycznym w Gdyni. Kuratorami projektu s\u0105 aktorka Sylwia G\u00f3ra Weber i re\u017cyser Adam Nalepa.<\/div>\n<p>[\/et_pb_text][\/et_pb_column][\/et_pb_row][\/et_pb_section]<\/p>\n","protected":false},"excerpt":{"rendered":"<p><div class=\"et_pb_row et_pb_row_0 et_pb_row_empty\">\n\t\t\t\t\n\t\t\t\t\n\t\t\t\t\n\t\t\t\t\n\t\t\t\t\n\t\t\t<\/div> &#8222;BOTO dla M\u0142odych&#8221; to projekt Fundacji Teatru BOTO wsp\u00f3\u0142finansowany przez Urz\u0105d Miasta w Sopocie, obejmuj\u0105cy 3 cykle warsztat\u00f3w teatralnych dla m\u0142odzie\u017cy (wrzesie\u0144 &#8211; grudzie\u0144 2016 r.), w ramach kt\u00f3rych odb\u0119d\u0105 si\u0119:\u2022 pokazy spektakli produkcji Teatru BOTO zako\u0144czone rozmow\u0105 z tw\u00f3rcami,\u2022 zaj\u0119cia teatralne z zakresu dramatopisarstwa, aktorstwa i re\u017cyserii, zako\u0144czone pokazem mini spektakli\/ etiud\/ scen\/ [&hellip;]<\/p>\n","protected":false},"author":2,"featured_media":0,"parent":0,"menu_order":0,"comment_status":"closed","ping_status":"closed","template":"","meta":{"_et_pb_use_builder":"on","_et_pb_old_content":"","_et_gb_content_width":"","inline_featured_image":false,"footnotes":""},"class_list":["post-58221","page","type-page","status-publish","hentry"],"yoast_head":"<!-- This site is optimized with the Yoast SEO plugin v27.4 - https:\/\/yoast.com\/product\/yoast-seo-wordpress\/ -->\n<title>BOTO dla M\u0142odych &#8212; Teatr Boto<\/title>\n<meta name=\"robots\" content=\"index, follow, max-snippet:-1, max-image-preview:large, max-video-preview:-1\" \/>\n<link rel=\"canonical\" href=\"https:\/\/boto.art.pl\/index.php\/boto-dla-mlodych\/\" \/>\n<meta property=\"og:locale\" content=\"pl_PL\" \/>\n<meta property=\"og:type\" content=\"article\" \/>\n<meta property=\"og:title\" content=\"BOTO dla M\u0142odych &#8212; Teatr Boto\" \/>\n<meta property=\"og:description\" content=\"&quot;BOTO dla M\u0142odych&quot; to projekt Fundacji Teatru BOTO wsp\u00f3\u0142finansowany przez Urz\u0105d Miasta w Sopocie, obejmuj\u0105cy 3 cykle warsztat\u00f3w teatralnych dla m\u0142odzie\u017cy (wrzesie\u0144 - grudzie\u0144 2016 r.), w ramach kt\u00f3rych odb\u0119d\u0105 si\u0119:\u2022 pokazy spektakli produkcji Teatru BOTO zako\u0144czone rozmow\u0105 z tw\u00f3rcami,\u2022 zaj\u0119cia teatralne z zakresu dramatopisarstwa, aktorstwa i re\u017cyserii, zako\u0144czone pokazem mini spektakli\/ etiud\/ scen\/ [&hellip;]\" \/>\n<meta property=\"og:url\" content=\"https:\/\/boto.art.pl\/index.php\/boto-dla-mlodych\/\" \/>\n<meta property=\"og:site_name\" content=\"Teatr Boto\" \/>\n<meta property=\"article:publisher\" content=\"https:\/\/www.facebook.com\/teatrboto\" \/>\n<meta name=\"twitter:card\" content=\"summary_large_image\" \/>\n<meta name=\"twitter:label1\" content=\"Szacowany czas czytania\" \/>\n\t<meta name=\"twitter:data1\" content=\"1 minuta\" \/>\n<script type=\"application\/ld+json\" class=\"yoast-schema-graph\">{\"@context\":\"https:\\\/\\\/schema.org\",\"@graph\":[{\"@type\":\"WebPage\",\"@id\":\"https:\\\/\\\/boto.art.pl\\\/index.php\\\/boto-dla-mlodych\\\/\",\"url\":\"https:\\\/\\\/boto.art.pl\\\/index.php\\\/boto-dla-mlodych\\\/\",\"name\":\"BOTO dla M\u0142odych &#8212; Teatr Boto\",\"isPartOf\":{\"@id\":\"https:\\\/\\\/boto.art.pl\\\/#website\"},\"datePublished\":\"2021-01-16T01:50:34+00:00\",\"breadcrumb\":{\"@id\":\"https:\\\/\\\/boto.art.pl\\\/index.php\\\/boto-dla-mlodych\\\/#breadcrumb\"},\"inLanguage\":\"pl-PL\",\"potentialAction\":[{\"@type\":\"ReadAction\",\"target\":[\"https:\\\/\\\/boto.art.pl\\\/index.php\\\/boto-dla-mlodych\\\/\"]}]},{\"@type\":\"BreadcrumbList\",\"@id\":\"https:\\\/\\\/boto.art.pl\\\/index.php\\\/boto-dla-mlodych\\\/#breadcrumb\",\"itemListElement\":[{\"@type\":\"ListItem\",\"position\":1,\"name\":\"Strona g\u0142\u00f3wna\",\"item\":\"https:\\\/\\\/boto.art.pl\\\/\"},{\"@type\":\"ListItem\",\"position\":2,\"name\":\"BOTO dla M\u0142odych\"}]},{\"@type\":\"WebSite\",\"@id\":\"https:\\\/\\\/boto.art.pl\\\/#website\",\"url\":\"https:\\\/\\\/boto.art.pl\\\/\",\"name\":\"Teatr Boto\",\"description\":\"\",\"publisher\":{\"@id\":\"https:\\\/\\\/boto.art.pl\\\/#organization\"},\"potentialAction\":[{\"@type\":\"SearchAction\",\"target\":{\"@type\":\"EntryPoint\",\"urlTemplate\":\"https:\\\/\\\/boto.art.pl\\\/?s={search_term_string}\"},\"query-input\":{\"@type\":\"PropertyValueSpecification\",\"valueRequired\":true,\"valueName\":\"search_term_string\"}}],\"inLanguage\":\"pl-PL\"},{\"@type\":\"Organization\",\"@id\":\"https:\\\/\\\/boto.art.pl\\\/#organization\",\"name\":\"Teatr Boto\",\"url\":\"https:\\\/\\\/boto.art.pl\\\/\",\"logo\":{\"@type\":\"ImageObject\",\"inLanguage\":\"pl-PL\",\"@id\":\"https:\\\/\\\/boto.art.pl\\\/#\\\/schema\\\/logo\\\/image\\\/\",\"url\":\"https:\\\/\\\/boto.art.pl\\\/wp-content\\\/uploads\\\/2018\\\/03\\\/logotyp.svg\",\"contentUrl\":\"https:\\\/\\\/boto.art.pl\\\/wp-content\\\/uploads\\\/2018\\\/03\\\/logotyp.svg\",\"width\":1,\"height\":1,\"caption\":\"Teatr Boto\"},\"image\":{\"@id\":\"https:\\\/\\\/boto.art.pl\\\/#\\\/schema\\\/logo\\\/image\\\/\"},\"sameAs\":[\"https:\\\/\\\/www.facebook.com\\\/teatrboto\",\"https:\\\/\\\/www.instagram.com\\\/teatr_boto\\\/\"]}]}<\/script>\n<!-- \/ Yoast SEO plugin. -->","yoast_head_json":{"title":"BOTO dla M\u0142odych &#8212; Teatr Boto","robots":{"index":"index","follow":"follow","max-snippet":"max-snippet:-1","max-image-preview":"max-image-preview:large","max-video-preview":"max-video-preview:-1"},"canonical":"https:\/\/boto.art.pl\/index.php\/boto-dla-mlodych\/","og_locale":"pl_PL","og_type":"article","og_title":"BOTO dla M\u0142odych &#8212; Teatr Boto","og_description":"\"BOTO dla M\u0142odych\" to projekt Fundacji Teatru BOTO wsp\u00f3\u0142finansowany przez Urz\u0105d Miasta w Sopocie, obejmuj\u0105cy 3 cykle warsztat\u00f3w teatralnych dla m\u0142odzie\u017cy (wrzesie\u0144 - grudzie\u0144 2016 r.), w ramach kt\u00f3rych odb\u0119d\u0105 si\u0119:\u2022 pokazy spektakli produkcji Teatru BOTO zako\u0144czone rozmow\u0105 z tw\u00f3rcami,\u2022 zaj\u0119cia teatralne z zakresu dramatopisarstwa, aktorstwa i re\u017cyserii, zako\u0144czone pokazem mini spektakli\/ etiud\/ scen\/ [&hellip;]","og_url":"https:\/\/boto.art.pl\/index.php\/boto-dla-mlodych\/","og_site_name":"Teatr Boto","article_publisher":"https:\/\/www.facebook.com\/teatrboto","twitter_card":"summary_large_image","twitter_misc":{"Szacowany czas czytania":"1 minuta"},"schema":{"@context":"https:\/\/schema.org","@graph":[{"@type":"WebPage","@id":"https:\/\/boto.art.pl\/index.php\/boto-dla-mlodych\/","url":"https:\/\/boto.art.pl\/index.php\/boto-dla-mlodych\/","name":"BOTO dla M\u0142odych &#8212; Teatr Boto","isPartOf":{"@id":"https:\/\/boto.art.pl\/#website"},"datePublished":"2021-01-16T01:50:34+00:00","breadcrumb":{"@id":"https:\/\/boto.art.pl\/index.php\/boto-dla-mlodych\/#breadcrumb"},"inLanguage":"pl-PL","potentialAction":[{"@type":"ReadAction","target":["https:\/\/boto.art.pl\/index.php\/boto-dla-mlodych\/"]}]},{"@type":"BreadcrumbList","@id":"https:\/\/boto.art.pl\/index.php\/boto-dla-mlodych\/#breadcrumb","itemListElement":[{"@type":"ListItem","position":1,"name":"Strona g\u0142\u00f3wna","item":"https:\/\/boto.art.pl\/"},{"@type":"ListItem","position":2,"name":"BOTO dla M\u0142odych"}]},{"@type":"WebSite","@id":"https:\/\/boto.art.pl\/#website","url":"https:\/\/boto.art.pl\/","name":"Teatr Boto","description":"","publisher":{"@id":"https:\/\/boto.art.pl\/#organization"},"potentialAction":[{"@type":"SearchAction","target":{"@type":"EntryPoint","urlTemplate":"https:\/\/boto.art.pl\/?s={search_term_string}"},"query-input":{"@type":"PropertyValueSpecification","valueRequired":true,"valueName":"search_term_string"}}],"inLanguage":"pl-PL"},{"@type":"Organization","@id":"https:\/\/boto.art.pl\/#organization","name":"Teatr Boto","url":"https:\/\/boto.art.pl\/","logo":{"@type":"ImageObject","inLanguage":"pl-PL","@id":"https:\/\/boto.art.pl\/#\/schema\/logo\/image\/","url":"https:\/\/boto.art.pl\/wp-content\/uploads\/2018\/03\/logotyp.svg","contentUrl":"https:\/\/boto.art.pl\/wp-content\/uploads\/2018\/03\/logotyp.svg","width":1,"height":1,"caption":"Teatr Boto"},"image":{"@id":"https:\/\/boto.art.pl\/#\/schema\/logo\/image\/"},"sameAs":["https:\/\/www.facebook.com\/teatrboto","https:\/\/www.instagram.com\/teatr_boto\/"]}]}},"_links":{"self":[{"href":"https:\/\/boto.art.pl\/index.php\/wp-json\/wp\/v2\/pages\/58221","targetHints":{"allow":["GET"]}}],"collection":[{"href":"https:\/\/boto.art.pl\/index.php\/wp-json\/wp\/v2\/pages"}],"about":[{"href":"https:\/\/boto.art.pl\/index.php\/wp-json\/wp\/v2\/types\/page"}],"author":[{"embeddable":true,"href":"https:\/\/boto.art.pl\/index.php\/wp-json\/wp\/v2\/users\/2"}],"replies":[{"embeddable":true,"href":"https:\/\/boto.art.pl\/index.php\/wp-json\/wp\/v2\/comments?post=58221"}],"version-history":[{"count":1,"href":"https:\/\/boto.art.pl\/index.php\/wp-json\/wp\/v2\/pages\/58221\/revisions"}],"predecessor-version":[{"id":58222,"href":"https:\/\/boto.art.pl\/index.php\/wp-json\/wp\/v2\/pages\/58221\/revisions\/58222"}],"wp:attachment":[{"href":"https:\/\/boto.art.pl\/index.php\/wp-json\/wp\/v2\/media?parent=58221"}],"curies":[{"name":"wp","href":"https:\/\/api.w.org\/{rel}","templated":true}]}}