{"id":58292,"date":"2021-01-27T22:35:10","date_gmt":"2021-01-27T21:35:10","guid":{"rendered":"http:\/\/boto.art.pl\/?page_id=58292"},"modified":"2021-01-27T22:35:10","modified_gmt":"2021-01-27T21:35:10","slug":"piosenki-portowe","status":"publish","type":"page","link":"https:\/\/boto.art.pl\/index.php\/piosenki-portowe\/","title":{"rendered":"PIOSENKI PORTOWE"},"content":{"rendered":"<p>[et_pb_section bb_built=&#8221;1&#8243; _builder_version=&#8221;3.20.2&#8243; background_image=&#8221;http:\/\/boto.art.pl\/wp-content\/uploads\/2020\/11\/127182059_1564893437054391_2946163546461156775_o.jpg&#8221; parallax=&#8221;on&#8221; custom_padding=&#8221;150px|0px|30px|0px&#8221; next_background_color=&#8221;#ffffff&#8221;][et_pb_row custom_padding=&#8221;3px|0px|27px|0px&#8221; _builder_version=&#8221;3.0.47&#8243; background_size=&#8221;initial&#8221; background_position=&#8221;top_left&#8221; background_repeat=&#8221;repeat&#8221;][et_pb_column type=&#8221;2_3&#8243;][et_pb_text background_layout=&#8221;dark&#8221; _builder_version=&#8221;3.20.2&#8243; text_font=&#8221;|700||on|||||&#8221; text_font_size=&#8221;33px&#8221; text_text_shadow_style=&#8221;preset5&#8243; text_text_shadow_color=&#8221;rgba(0,0,0,0.79)&#8221;]<\/p>\n<p>PIOSENKI PORTOWE<\/p>\n<p>[\/et_pb_text][et_pb_text _builder_version=&#8221;3.20.2&#8243; text_text_shadow_horizontal_length=&#8221;0.07em&#8221; text_text_shadow_color=&#8221;rgba(0,0,0,0.83)&#8221; text_text_color=&#8221;#000000&#8243; text_text_shadow_vertical_length=&#8221;0.08em&#8221;]<\/p>\n<div class=\"o9v6fnle cxmmr5t8 oygrvhab hcukyx3x c1et5uql\">Scenariusz i wokal: <strong>Ola Lis<\/strong><br \/>Aran\u017cacje i instrumenty klawiszowe: <strong>Ignacy Jan Wi\u015bniewski<\/strong><br \/>Scenografia, projekcje: <strong>Maria Szachnowska<\/strong><br \/>Wsp\u00f3\u0142praca re\u017cyserska: <strong>Tomasz Valldal Czarnecki<\/strong><br \/><em>Projekt zrealizowano dzi\u0119ki Stypendiom Artystycznym Marsza\u0142ka Wojew\u00f3dztwa Pomorskiego oraz Miasta Gda\u0144ska.<br \/><\/em>Premiera: 5 grudnia 2020, godz. 19:00<\/div>\n<p>[\/et_pb_text][\/et_pb_column][et_pb_column type=&#8221;1_3&#8243;][\/et_pb_column][\/et_pb_row][\/et_pb_section][et_pb_section bb_built=&#8221;1&#8243; _builder_version=&#8221;3.0.47&#8243; prev_background_color=&#8221;#000000&#8243;][et_pb_row _builder_version=&#8221;3.0.47&#8243; background_size=&#8221;initial&#8221; background_position=&#8221;top_left&#8221; background_repeat=&#8221;repeat&#8221;][et_pb_column type=&#8221;2_3&#8243;][et_pb_text _builder_version=&#8221;3.20.2&#8243;]<\/p>\n<p>Aktorka oraz jej pianista ratuj\u0105 si\u0119 z ton\u0105cego okr\u0119tu. Podczas oczekiwania na pomoc pr\u00f3buj\u0105 ukoi\u0107 rozszala\u0142e jak morze wok\u00f3\u0142 nerwy za pomoc\u0105 znanych i lubianych piosenek (a w reperturze maj\u0105 m.in. przeboje Agnieszki Osieckiej, Wojciecha M\u0142ynarskiego, Seweryna Krajewskiego, Grzegorza Turnau czy Kurta Weilla). Czy piosenki zagrane na wszystkim co uda\u0142o im si\u0119 ocali\u0107, mog\u0105 by\u0107 lekiem na niezno\u015bny stan zawieszenia? Czy arty\u015bci dadz\u0105 rad\u0119 za pomoc\u0105 muzyki przetrwa\u0107 katastroficzne okoliczno\u015bci? I czy powr\u00f3t do starej, bezpiecznej przystani jest w og\u00f3le mo\u017cliwy?<\/p>\n<p>\u00a0<\/p>\n<p><strong><a href=\"http:\/\/boto.art.pl\/index.php\/2020\/10\/05\/urodziny-fundacja-teatru-boto-10-lat-akt-i\/\">Premiera odby\u0142a si\u0119 online 5 grudnia w ramach 10tych urodzin Fundacji Teatru BOTO<\/a><\/strong><\/p>\n<p>[\/et_pb_text][\/et_pb_column][et_pb_column type=&#8221;1_3&#8243;][\/et_pb_column][\/et_pb_row][\/et_pb_section]<\/p>\n","protected":false},"excerpt":{"rendered":"<p>PIOSENKI PORTOWE Scenariusz i wokal: Ola LisAran\u017cacje i instrumenty klawiszowe: Ignacy Jan Wi\u015bniewskiScenografia, projekcje: Maria SzachnowskaWsp\u00f3\u0142praca re\u017cyserska: Tomasz Valldal CzarneckiProjekt zrealizowano dzi\u0119ki Stypendiom Artystycznym Marsza\u0142ka Wojew\u00f3dztwa Pomorskiego oraz Miasta Gda\u0144ska.Premiera: 5 grudnia 2020, godz. 19:00 Aktorka oraz jej pianista ratuj\u0105 si\u0119 z ton\u0105cego okr\u0119tu. Podczas oczekiwania na pomoc pr\u00f3buj\u0105 ukoi\u0107 rozszala\u0142e jak morze wok\u00f3\u0142 nerwy [&hellip;]<\/p>\n","protected":false},"author":2,"featured_media":0,"parent":0,"menu_order":0,"comment_status":"closed","ping_status":"closed","template":"","meta":{"_et_pb_use_builder":"on","_et_pb_old_content":"","_et_gb_content_width":"","inline_featured_image":false,"footnotes":""},"class_list":["post-58292","page","type-page","status-publish","hentry"],"yoast_head":"<!-- This site is optimized with the Yoast SEO plugin v27.5 - https:\/\/yoast.com\/product\/yoast-seo-wordpress\/ -->\n<title>PIOSENKI PORTOWE &#8212; Teatr Boto<\/title>\n<meta name=\"robots\" content=\"index, follow, max-snippet:-1, max-image-preview:large, max-video-preview:-1\" \/>\n<link rel=\"canonical\" href=\"https:\/\/boto.art.pl\/index.php\/piosenki-portowe\/\" \/>\n<meta property=\"og:locale\" content=\"pl_PL\" \/>\n<meta property=\"og:type\" content=\"article\" \/>\n<meta property=\"og:title\" content=\"PIOSENKI PORTOWE &#8212; Teatr Boto\" \/>\n<meta property=\"og:description\" content=\"PIOSENKI PORTOWE Scenariusz i wokal: Ola LisAran\u017cacje i instrumenty klawiszowe: Ignacy Jan Wi\u015bniewskiScenografia, projekcje: Maria SzachnowskaWsp\u00f3\u0142praca re\u017cyserska: Tomasz Valldal CzarneckiProjekt zrealizowano dzi\u0119ki Stypendiom Artystycznym Marsza\u0142ka Wojew\u00f3dztwa Pomorskiego oraz Miasta Gda\u0144ska.Premiera: 5 grudnia 2020, godz. 19:00 Aktorka oraz jej pianista ratuj\u0105 si\u0119 z ton\u0105cego okr\u0119tu. Podczas oczekiwania na pomoc pr\u00f3buj\u0105 ukoi\u0107 rozszala\u0142e jak morze wok\u00f3\u0142 nerwy [&hellip;]\" \/>\n<meta property=\"og:url\" content=\"https:\/\/boto.art.pl\/index.php\/piosenki-portowe\/\" \/>\n<meta property=\"og:site_name\" content=\"Teatr Boto\" \/>\n<meta property=\"article:publisher\" content=\"https:\/\/www.facebook.com\/teatrboto\" \/>\n<meta name=\"twitter:card\" content=\"summary_large_image\" \/>\n<meta name=\"twitter:label1\" content=\"Szacowany czas czytania\" \/>\n\t<meta name=\"twitter:data1\" content=\"2 minuty\" \/>\n<script type=\"application\/ld+json\" class=\"yoast-schema-graph\">{\"@context\":\"https:\\\/\\\/schema.org\",\"@graph\":[{\"@type\":\"WebPage\",\"@id\":\"https:\\\/\\\/boto.art.pl\\\/index.php\\\/piosenki-portowe\\\/\",\"url\":\"https:\\\/\\\/boto.art.pl\\\/index.php\\\/piosenki-portowe\\\/\",\"name\":\"PIOSENKI PORTOWE &#8212; Teatr Boto\",\"isPartOf\":{\"@id\":\"https:\\\/\\\/boto.art.pl\\\/#website\"},\"datePublished\":\"2021-01-27T21:35:10+00:00\",\"breadcrumb\":{\"@id\":\"https:\\\/\\\/boto.art.pl\\\/index.php\\\/piosenki-portowe\\\/#breadcrumb\"},\"inLanguage\":\"pl-PL\",\"potentialAction\":[{\"@type\":\"ReadAction\",\"target\":[\"https:\\\/\\\/boto.art.pl\\\/index.php\\\/piosenki-portowe\\\/\"]}]},{\"@type\":\"BreadcrumbList\",\"@id\":\"https:\\\/\\\/boto.art.pl\\\/index.php\\\/piosenki-portowe\\\/#breadcrumb\",\"itemListElement\":[{\"@type\":\"ListItem\",\"position\":1,\"name\":\"Strona g\u0142\u00f3wna\",\"item\":\"https:\\\/\\\/boto.art.pl\\\/\"},{\"@type\":\"ListItem\",\"position\":2,\"name\":\"PIOSENKI PORTOWE\"}]},{\"@type\":\"WebSite\",\"@id\":\"https:\\\/\\\/boto.art.pl\\\/#website\",\"url\":\"https:\\\/\\\/boto.art.pl\\\/\",\"name\":\"Teatr Boto\",\"description\":\"\",\"publisher\":{\"@id\":\"https:\\\/\\\/boto.art.pl\\\/#organization\"},\"potentialAction\":[{\"@type\":\"SearchAction\",\"target\":{\"@type\":\"EntryPoint\",\"urlTemplate\":\"https:\\\/\\\/boto.art.pl\\\/?s={search_term_string}\"},\"query-input\":{\"@type\":\"PropertyValueSpecification\",\"valueRequired\":true,\"valueName\":\"search_term_string\"}}],\"inLanguage\":\"pl-PL\"},{\"@type\":\"Organization\",\"@id\":\"https:\\\/\\\/boto.art.pl\\\/#organization\",\"name\":\"Teatr Boto\",\"url\":\"https:\\\/\\\/boto.art.pl\\\/\",\"logo\":{\"@type\":\"ImageObject\",\"inLanguage\":\"pl-PL\",\"@id\":\"https:\\\/\\\/boto.art.pl\\\/#\\\/schema\\\/logo\\\/image\\\/\",\"url\":\"https:\\\/\\\/boto.art.pl\\\/wp-content\\\/uploads\\\/2018\\\/03\\\/logotyp.svg\",\"contentUrl\":\"https:\\\/\\\/boto.art.pl\\\/wp-content\\\/uploads\\\/2018\\\/03\\\/logotyp.svg\",\"width\":1,\"height\":1,\"caption\":\"Teatr Boto\"},\"image\":{\"@id\":\"https:\\\/\\\/boto.art.pl\\\/#\\\/schema\\\/logo\\\/image\\\/\"},\"sameAs\":[\"https:\\\/\\\/www.facebook.com\\\/teatrboto\",\"https:\\\/\\\/www.instagram.com\\\/teatr_boto\\\/\"]}]}<\/script>\n<!-- \/ Yoast SEO plugin. -->","yoast_head_json":{"title":"PIOSENKI PORTOWE &#8212; Teatr Boto","robots":{"index":"index","follow":"follow","max-snippet":"max-snippet:-1","max-image-preview":"max-image-preview:large","max-video-preview":"max-video-preview:-1"},"canonical":"https:\/\/boto.art.pl\/index.php\/piosenki-portowe\/","og_locale":"pl_PL","og_type":"article","og_title":"PIOSENKI PORTOWE &#8212; Teatr Boto","og_description":"PIOSENKI PORTOWE Scenariusz i wokal: Ola LisAran\u017cacje i instrumenty klawiszowe: Ignacy Jan Wi\u015bniewskiScenografia, projekcje: Maria SzachnowskaWsp\u00f3\u0142praca re\u017cyserska: Tomasz Valldal CzarneckiProjekt zrealizowano dzi\u0119ki Stypendiom Artystycznym Marsza\u0142ka Wojew\u00f3dztwa Pomorskiego oraz Miasta Gda\u0144ska.Premiera: 5 grudnia 2020, godz. 19:00 Aktorka oraz jej pianista ratuj\u0105 si\u0119 z ton\u0105cego okr\u0119tu. Podczas oczekiwania na pomoc pr\u00f3buj\u0105 ukoi\u0107 rozszala\u0142e jak morze wok\u00f3\u0142 nerwy [&hellip;]","og_url":"https:\/\/boto.art.pl\/index.php\/piosenki-portowe\/","og_site_name":"Teatr Boto","article_publisher":"https:\/\/www.facebook.com\/teatrboto","twitter_card":"summary_large_image","twitter_misc":{"Szacowany czas czytania":"2 minuty"},"schema":{"@context":"https:\/\/schema.org","@graph":[{"@type":"WebPage","@id":"https:\/\/boto.art.pl\/index.php\/piosenki-portowe\/","url":"https:\/\/boto.art.pl\/index.php\/piosenki-portowe\/","name":"PIOSENKI PORTOWE &#8212; Teatr Boto","isPartOf":{"@id":"https:\/\/boto.art.pl\/#website"},"datePublished":"2021-01-27T21:35:10+00:00","breadcrumb":{"@id":"https:\/\/boto.art.pl\/index.php\/piosenki-portowe\/#breadcrumb"},"inLanguage":"pl-PL","potentialAction":[{"@type":"ReadAction","target":["https:\/\/boto.art.pl\/index.php\/piosenki-portowe\/"]}]},{"@type":"BreadcrumbList","@id":"https:\/\/boto.art.pl\/index.php\/piosenki-portowe\/#breadcrumb","itemListElement":[{"@type":"ListItem","position":1,"name":"Strona g\u0142\u00f3wna","item":"https:\/\/boto.art.pl\/"},{"@type":"ListItem","position":2,"name":"PIOSENKI PORTOWE"}]},{"@type":"WebSite","@id":"https:\/\/boto.art.pl\/#website","url":"https:\/\/boto.art.pl\/","name":"Teatr Boto","description":"","publisher":{"@id":"https:\/\/boto.art.pl\/#organization"},"potentialAction":[{"@type":"SearchAction","target":{"@type":"EntryPoint","urlTemplate":"https:\/\/boto.art.pl\/?s={search_term_string}"},"query-input":{"@type":"PropertyValueSpecification","valueRequired":true,"valueName":"search_term_string"}}],"inLanguage":"pl-PL"},{"@type":"Organization","@id":"https:\/\/boto.art.pl\/#organization","name":"Teatr Boto","url":"https:\/\/boto.art.pl\/","logo":{"@type":"ImageObject","inLanguage":"pl-PL","@id":"https:\/\/boto.art.pl\/#\/schema\/logo\/image\/","url":"https:\/\/boto.art.pl\/wp-content\/uploads\/2018\/03\/logotyp.svg","contentUrl":"https:\/\/boto.art.pl\/wp-content\/uploads\/2018\/03\/logotyp.svg","width":1,"height":1,"caption":"Teatr Boto"},"image":{"@id":"https:\/\/boto.art.pl\/#\/schema\/logo\/image\/"},"sameAs":["https:\/\/www.facebook.com\/teatrboto","https:\/\/www.instagram.com\/teatr_boto\/"]}]}},"_links":{"self":[{"href":"https:\/\/boto.art.pl\/index.php\/wp-json\/wp\/v2\/pages\/58292","targetHints":{"allow":["GET"]}}],"collection":[{"href":"https:\/\/boto.art.pl\/index.php\/wp-json\/wp\/v2\/pages"}],"about":[{"href":"https:\/\/boto.art.pl\/index.php\/wp-json\/wp\/v2\/types\/page"}],"author":[{"embeddable":true,"href":"https:\/\/boto.art.pl\/index.php\/wp-json\/wp\/v2\/users\/2"}],"replies":[{"embeddable":true,"href":"https:\/\/boto.art.pl\/index.php\/wp-json\/wp\/v2\/comments?post=58292"}],"version-history":[{"count":6,"href":"https:\/\/boto.art.pl\/index.php\/wp-json\/wp\/v2\/pages\/58292\/revisions"}],"predecessor-version":[{"id":58298,"href":"https:\/\/boto.art.pl\/index.php\/wp-json\/wp\/v2\/pages\/58292\/revisions\/58298"}],"wp:attachment":[{"href":"https:\/\/boto.art.pl\/index.php\/wp-json\/wp\/v2\/media?parent=58292"}],"curies":[{"name":"wp","href":"https:\/\/api.w.org\/{rel}","templated":true}]}}