{"id":64191,"date":"2023-03-27T14:29:46","date_gmt":"2023-03-27T12:29:46","guid":{"rendered":"https:\/\/boto.art.pl\/?page_id=64191"},"modified":"2023-08-22T14:27:39","modified_gmt":"2023-08-22T12:27:39","slug":"sopot-non-fiction-2023-info","status":"publish","type":"page","link":"https:\/\/boto.art.pl\/index.php\/sopot-non-fiction-2023-info\/","title":{"rendered":"Sopot non-fiction 2023 info"},"content":{"rendered":"<p>[et_pb_section fb_built=&#8221;1&#8243; fullwidth=&#8221;on&#8221; _builder_version=&#8221;4.16&#8243; custom_padding=&#8221;0px|0px|0|0px&#8221; global_colors_info=&#8221;{}&#8221;][et_pb_fullwidth_menu menu_id=&#8221;25&#8243; submenu_direction=&#8221;downwards&#8221; fullwidth_menu=&#8221;off&#8221; _builder_version=&#8221;4.21.0&#8243; menu_font=&#8221;|600||on|||||&#8221; menu_font_size=&#8221;17px&#8221; background_color=&#8221;#29a9dd&#8221; background_layout=&#8221;dark&#8221; global_colors_info=&#8221;{}&#8221;][\/et_pb_fullwidth_menu][\/et_pb_section][et_pb_section fb_built=&#8221;1&#8243; _builder_version=&#8221;4.20.2&#8243; background_enable_image=&#8221;off&#8221; custom_padding=&#8221;35px|0px|0|0px&#8221; global_colors_info=&#8221;{}&#8221;][et_pb_row column_structure=&#8221;1_2,1_2&#8243; _builder_version=&#8221;4.16&#8243; background_size=&#8221;initial&#8221; background_position=&#8221;top_left&#8221; background_repeat=&#8221;repeat&#8221; custom_padding=&#8221;3px|0px|97px|0px&#8221; global_colors_info=&#8221;{}&#8221;][et_pb_column type=&#8221;1_2&#8243; _builder_version=&#8221;4.16&#8243; custom_padding=&#8221;|||&#8221; global_colors_info=&#8221;{}&#8221; custom_padding__hover=&#8221;|||&#8221;][et_pb_text _builder_version=&#8221;4.21.0&#8243; text_font=&#8221;|700||on|||||&#8221; text_font_size=&#8221;33px&#8221; text_line_height=&#8221;1em&#8221; global_colors_info=&#8221;{}&#8221;]<\/p>\n<p>SOPOT NON-FICTION 2023<\/p>\n<p>&nbsp;<\/p>\n<p>[\/et_pb_text][et_pb_text _builder_version=&#8221;4.22.0&#8243; global_colors_info=&#8221;{}&#8221;]<\/p>\n<p><em><strong>12\u00a0 edycja odb\u0119dzie si\u0119 w terminie od 26 sierpnia do 2 wrze\u015bnia 2023 roku.<\/strong><\/em><\/p>\n<p>Organizator:\u00a0<strong>Fundacja Teatru BOTO<\/strong><br \/>Wsp\u00f3\u0142organizator:\u00a0<strong>Teatr Wybrze\u017ce<\/strong><br \/>Kuratorzy:\u00a0<strong>Adam Nalepa, Roman Paw\u0142owski, Adam Orzechowski<\/strong><br \/>Partnerzy:\u00a0<strong><a href=\"https:\/\/www.victus-sopot.pl\/\">Victus Apartamenty<\/a>,\u00a0<a href=\"https:\/\/www.ckusopot.pl\/\">Centrum Kszta\u0142cenia Ustawicznego w Sopocie,\u00a0<\/a><a href=\"http:\/\/wolontariat.sopot.pl\/\">\u00a0Wolontariat Aktywni w Sopocie<\/a><\/strong><br \/>Patroni medialni:\u00a0<strong><a href=\"https:\/\/teatralny.pl\/\">teatralny.pl<\/a>,<a href=\"https:\/\/e-teatr.pl\/\">\u00a0e-teatr.pl<\/a>,\u00a0<a href=\"https:\/\/kultura.trojmiasto.pl\/10-Festiwal-Teatru-Dokumentalnego-i-Rezydencji-Artystycznej-Sopot-Non-Fiction-2021-imp506228.html\">Trojmiasto.pl<\/a>,\u00a0<a href=\"https:\/\/dziennikbaltycki.pl\/\">Dziennik Ba\u0142tycki<\/a>,\u00a0<a href=\"http:\/\/prestiztrojmiasto.pl\/\">Presti\u017c Magazyn Tr\u00f3jmiejski<\/a><\/strong><\/p>\n<p><strong><em>Projekt zrealizowany ze \u015brodk\u00f3w Miasta Sopot<\/em><\/strong><\/p>\n<p>[\/et_pb_text][\/et_pb_column][et_pb_column type=&#8221;1_2&#8243; _builder_version=&#8221;4.16&#8243; custom_padding=&#8221;|||&#8221; global_colors_info=&#8221;{}&#8221; custom_padding__hover=&#8221;|||&#8221;][et_pb_image src=&#8221;https:\/\/boto.art.pl\/wp-content\/uploads\/2023\/03\/ghg.png&#8221; title_text=&#8221;ghg&#8221; _builder_version=&#8221;4.21.0&#8243; _module_preset=&#8221;default&#8221; global_colors_info=&#8221;{}&#8221;][\/et_pb_image][\/et_pb_column][\/et_pb_row][\/et_pb_section][et_pb_section fb_built=&#8221;1&#8243; _builder_version=&#8221;4.16&#8243; custom_padding=&#8221;30px|0px|54px|0px&#8221; global_colors_info=&#8221;{}&#8221;][et_pb_row column_structure=&#8221;2_3,1_3&#8243; _builder_version=&#8221;4.16&#8243; background_size=&#8221;initial&#8221; background_position=&#8221;top_left&#8221; background_repeat=&#8221;repeat&#8221; custom_padding=&#8221;0|0px|27px|0px&#8221; global_colors_info=&#8221;{}&#8221;][et_pb_column type=&#8221;2_3&#8243; _builder_version=&#8221;4.16&#8243; custom_padding=&#8221;|||&#8221; global_colors_info=&#8221;{}&#8221; custom_padding__hover=&#8221;|||&#8221;][et_pb_divider _builder_version=&#8221;4.20.2&#8243; _module_preset=&#8221;default&#8221; global_colors_info=&#8221;{}&#8221;][\/et_pb_divider][et_pb_text _builder_version=&#8221;4.22.0&#8243; hover_enabled=&#8221;0&#8243; global_colors_info=&#8221;{}&#8221; sticky_enabled=&#8221;0&#8243;]<\/p>\n<div class=\"x11i5rnm xat24cr x1mh8g0r x1vvkbs xtlvy1s x126k92a\">\n<blockquote>\n<h4 dir=\"auto\"><strong>Nasi kuratorzy zakwalifikowali do udzia\u0142u nast\u0119puj\u0105ce grupy oraz projekty:<\/strong><\/h4>\n<\/blockquote>\n<\/div>\n<div class=\"x11i5rnm xat24cr x1mh8g0r x1vvkbs xtlvy1s x126k92a\">\n<div dir=\"auto\">1) <strong>CIA\u0141O<\/strong>, re\u017c. Wera Makowskx \/ choreo. Magdalena Kawecka, AST, Krak\u00f3w<\/div>\n<\/div>\n<div class=\"x11i5rnm xat24cr x1mh8g0r x1vvkbs xtlvy1s x126k92a\">\n<div dir=\"auto\">2) <strong>OSOBY KUREWSKIE<\/strong>, re\u017c. Szymon Adamczak, Wojtek Rodak, Aleksandra Kluczyk<\/div>\n<div dir=\"auto\">3) <strong>RODZICE ODCHODZ\u0104<\/strong>, re\u017c. Bart\u0142omiej Kalinowski \/ dram. Zuzanna Bojda<\/div>\n<div dir=\"auto\">4) <strong>NIKT NIE JEST NIELEGALNY<\/strong>, re\u017c. \/ dram. Ma\u0142gorzata Oracz, Tomasz Czarnecki<\/div>\n<div dir=\"auto\">5) A<strong>USCHWITZ TOUR<\/strong>, re\u017c. \/ dram. El\u017cbieta Depta<\/div>\n<\/div>\n<div class=\"x11i5rnm xat24cr x1mh8g0r x1vvkbs xtlvy1s x126k92a\">\n<div dir=\"auto\">6) <strong>FALL,<\/strong> re\u017c. Maksym Shyshko \/ dram. Vital Karaban, Rezydencja Artystyczna Bia\u0142oru\u015b &#8211; Ukraina \/ Instytut Teatralny \/ TR Warszawa<\/div>\n<div dir=\"auto\">\u00a0<\/div>\n<div dir=\"auto\">\u00a0<\/div>\n<div dir=\"auto\"><a href=\"https:\/\/boto.art.pl\/index.php\/sopot-non-fiction-2023-rezydencje\/\"><em>Szczeg\u00f3\u0142owe opisy projekt\u00f3w\u00a0<\/em><\/a><\/div>\n<\/div>\n<div dir=\"auto\">\u00a0<\/div>\n<div dir=\"auto\">\u00a0<\/div>\n<div dir=\"auto\">\u00a0<\/div>\n<blockquote>\n<p>Festiwal Teatru Dokumentalnego i Rezydencja Artystyczna Sopot Non-Fiction to pierwszy w Polsce przegl\u0105d po\u015bwi\u0119cony teatrowi faktu. Jego formu\u0142a to zestawienie festiwalu z warsztatami tw\u00f3rczymi dla m\u0142odych re\u017cyser\u00f3w\/re\u017cyserek, dramatopisarzy\/dramatopisarek i aktor\u00f3w\/aktorek, kt\u00f3rzy podczas tygodniowej rezydencji artystycznej pracuj\u0105 nad swoimi projektami dokumentalnych sztuk i spektakli, na koniec prezentuj\u0105c efekty w postaci &#8222;pracy w rozwoju&#8221; podczas otwartego Maratonu Non-Fiction. Publiczno\u015b\u0107 uczestniczy w procesie tw\u00f3rczym: bierze udzia\u0142 w prezentacjach i dyskusjach z tw\u00f3rcami oraz zaproszonymi ekspertami. Na pokazy Maratonu Non-Fiction zapraszani s\u0105 r\u00f3wnie\u017c kuratorzy i przedstawiciele teatr\u00f3w. Ma to na celu umo\u017cliwienie dalszej realizacji spektakli, zapocz\u0105tkowanych podczas pracy warsztatowej oraz ich prezentacj\u0119 podczas kolejnych edycji Festiwalu.<\/p>\n<\/blockquote>\n<p>[\/et_pb_text][\/et_pb_column][et_pb_column type=&#8221;1_3&#8243; _builder_version=&#8221;4.16&#8243; custom_padding=&#8221;|||&#8221; global_colors_info=&#8221;{}&#8221; custom_padding__hover=&#8221;|||&#8221;][et_pb_image src=&#8221;https:\/\/boto.art.pl\/wp-content\/uploads\/2015\/04\/Plakat_SNF23_1200x1680_www-e1691221064126.jpg&#8221; title_text=&#8221;Plakat_SNF23_1200x1680_www&#8221; _builder_version=&#8221;4.21.0&#8243; _module_preset=&#8221;default&#8221; global_colors_info=&#8221;{}&#8221;][\/et_pb_image][\/et_pb_column][\/et_pb_row][et_pb_row column_structure=&#8221;1_2,1_2&#8243; _builder_version=&#8221;4.21.0&#8243; _module_preset=&#8221;default&#8221; global_colors_info=&#8221;{}&#8221;][et_pb_column type=&#8221;1_2&#8243; _builder_version=&#8221;4.21.0&#8243; _module_preset=&#8221;default&#8221; global_colors_info=&#8221;{}&#8221;][et_pb_image src=&#8221;https:\/\/boto.art.pl\/wp-content\/uploads\/2023\/08\/Plakat_SNF23_1200x1680_www.jpg&#8221; title_text=&#8221;Plakat_SNF23_1200x1680_www&#8221; _builder_version=&#8221;4.21.0&#8243; _module_preset=&#8221;default&#8221; global_colors_info=&#8221;{}&#8221;][\/et_pb_image][\/et_pb_column][et_pb_column type=&#8221;1_2&#8243; _builder_version=&#8221;4.21.0&#8243; _module_preset=&#8221;default&#8221; global_colors_info=&#8221;{}&#8221;][et_pb_image src=&#8221;https:\/\/boto.art.pl\/wp-content\/uploads\/2023\/08\/ulotka-najnowsza_page-0002.jpg&#8221; title_text=&#8221;ulotka-najnowsza_page-0002&#8243; _builder_version=&#8221;4.21.0&#8243; _module_preset=&#8221;default&#8221; global_colors_info=&#8221;{}&#8221;][\/et_pb_image][\/et_pb_column][\/et_pb_row][et_pb_row _builder_version=&#8221;4.21.0&#8243; _module_preset=&#8221;default&#8221; global_colors_info=&#8221;{}&#8221;][et_pb_column type=&#8221;4_4&#8243; _builder_version=&#8221;4.21.0&#8243; _module_preset=&#8221;default&#8221; global_colors_info=&#8221;{}&#8221;][et_pb_text _builder_version=&#8221;4.22.0&#8243; _module_preset=&#8221;default&#8221; hover_enabled=&#8221;0&#8243; global_colors_info=&#8221;{}&#8221; sticky_enabled=&#8221;0&#8243;]<\/p>\n<p><em>Wi\u0119cej informacji na temat spektakli:\u00a0<\/em><\/p>\n<p><a href=\"https:\/\/boto.art.pl\/index.php\/2023\/06\/27\/festiwal-sopot-non-fiction-osmy-trzeci\/\">\u00d3smy. Trzeci re\u017c. Kuba Zubrzycki<\/a><\/p>\n<p><a href=\"https:\/\/boto.art.pl\/index.php\/2023\/06\/28\/festiwal-sopot-non-fiction-how-are-you\/\">How Are You re\u017c. Andrei Novik<\/a><\/p>\n<p><a href=\"https:\/\/boto.art.pl\/index.php\/2023\/06\/29\/festiwal-sopot-non-fiction-stella-walsh-najszybsza-osoba-swiata\/\">Stella Walsh. Najszybsza osoba \u015bwiata re\u017c. Jan Jeli\u0144ski<\/a><\/p>\n<p><a href=\"https:\/\/boto.art.pl\/index.php\/2023\/06\/30\/festiwal-sopot-non-fiction-diafilm-live-bialoruskie-bajki-na-tasmach\/\">Diafilm Live\u00a0<\/a><\/p>\n<p><a href=\"https:\/\/boto.art.pl\/index.php\/2023\/06\/30\/festiwal-sopot-non-fiction-manifest-2083\/\">Manifest re\u017c. Adam Nalepa<\/a><\/p>\n<p>[\/et_pb_text][\/et_pb_column][\/et_pb_row][\/et_pb_section]<\/p>\n","protected":false},"excerpt":{"rendered":"<p>SOPOT NON-FICTION 2023 &nbsp;12\u00a0 edycja odb\u0119dzie si\u0119 w terminie od 26 sierpnia do 2 wrze\u015bnia 2023 roku. Organizator:\u00a0Fundacja Teatru BOTOWsp\u00f3\u0142organizator:\u00a0Teatr Wybrze\u017ceKuratorzy:\u00a0Adam Nalepa, Roman Paw\u0142owski, Adam OrzechowskiPartnerzy:\u00a0Victus Apartamenty,\u00a0Centrum Kszta\u0142cenia Ustawicznego w Sopocie,\u00a0\u00a0Wolontariat Aktywni w SopociePatroni medialni:\u00a0teatralny.pl,\u00a0e-teatr.pl,\u00a0Trojmiasto.pl,\u00a0Dziennik Ba\u0142tycki,\u00a0Presti\u017c Magazyn Tr\u00f3jmiejski Projekt zrealizowany ze \u015brodk\u00f3w Miasta Sopot Nasi kuratorzy zakwalifikowali do udzia\u0142u nast\u0119puj\u0105ce grupy oraz projekty: 1) CIA\u0141O, [&hellip;]<\/p>\n","protected":false},"author":2,"featured_media":64204,"parent":0,"menu_order":0,"comment_status":"closed","ping_status":"closed","template":"","meta":{"_et_pb_use_builder":"on","_et_pb_old_content":"","_et_gb_content_width":"","inline_featured_image":false,"footnotes":""},"class_list":["post-64191","page","type-page","status-publish","has-post-thumbnail","hentry"],"yoast_head":"<!-- This site is optimized with the Yoast SEO plugin v27.4 - https:\/\/yoast.com\/product\/yoast-seo-wordpress\/ -->\n<title>Sopot non-fiction 2023 info &#8212; Teatr Boto<\/title>\n<meta name=\"robots\" content=\"index, follow, max-snippet:-1, max-image-preview:large, max-video-preview:-1\" \/>\n<link rel=\"canonical\" href=\"https:\/\/boto.art.pl\/index.php\/sopot-non-fiction-2023-info\/\" \/>\n<meta property=\"og:locale\" content=\"pl_PL\" \/>\n<meta property=\"og:type\" content=\"article\" \/>\n<meta property=\"og:title\" content=\"Sopot non-fiction 2023 info &#8212; Teatr Boto\" \/>\n<meta property=\"og:description\" content=\"SOPOT NON-FICTION 2023 &nbsp;12\u00a0 edycja odb\u0119dzie si\u0119 w terminie od 26 sierpnia do 2 wrze\u015bnia 2023 roku. Organizator:\u00a0Fundacja Teatru BOTOWsp\u00f3\u0142organizator:\u00a0Teatr Wybrze\u017ceKuratorzy:\u00a0Adam Nalepa, Roman Paw\u0142owski, Adam OrzechowskiPartnerzy:\u00a0Victus Apartamenty,\u00a0Centrum Kszta\u0142cenia Ustawicznego w Sopocie,\u00a0\u00a0Wolontariat Aktywni w SopociePatroni medialni:\u00a0teatralny.pl,\u00a0e-teatr.pl,\u00a0Trojmiasto.pl,\u00a0Dziennik Ba\u0142tycki,\u00a0Presti\u017c Magazyn Tr\u00f3jmiejski Projekt zrealizowany ze \u015brodk\u00f3w Miasta Sopot Nasi kuratorzy zakwalifikowali do udzia\u0142u nast\u0119puj\u0105ce grupy oraz projekty: 1) CIA\u0141O, [&hellip;]\" \/>\n<meta property=\"og:url\" content=\"https:\/\/boto.art.pl\/index.php\/sopot-non-fiction-2023-info\/\" \/>\n<meta property=\"og:site_name\" content=\"Teatr Boto\" \/>\n<meta property=\"article:publisher\" content=\"https:\/\/www.facebook.com\/teatrboto\" \/>\n<meta property=\"article:modified_time\" content=\"2023-08-22T12:27:39+00:00\" \/>\n<meta property=\"og:image\" content=\"https:\/\/boto.art.pl\/wp-content\/uploads\/2023\/03\/ghg.png\" \/>\n\t<meta property=\"og:image:width\" content=\"919\" \/>\n\t<meta property=\"og:image:height\" content=\"361\" \/>\n\t<meta property=\"og:image:type\" content=\"image\/png\" \/>\n<meta name=\"twitter:card\" content=\"summary_large_image\" \/>\n<meta name=\"twitter:label1\" content=\"Szacowany czas czytania\" \/>\n\t<meta name=\"twitter:data1\" content=\"2 minuty\" \/>\n<script type=\"application\/ld+json\" class=\"yoast-schema-graph\">{\"@context\":\"https:\\\/\\\/schema.org\",\"@graph\":[{\"@type\":\"WebPage\",\"@id\":\"https:\\\/\\\/boto.art.pl\\\/index.php\\\/sopot-non-fiction-2023-info\\\/\",\"url\":\"https:\\\/\\\/boto.art.pl\\\/index.php\\\/sopot-non-fiction-2023-info\\\/\",\"name\":\"Sopot non-fiction 2023 info &#8212; Teatr Boto\",\"isPartOf\":{\"@id\":\"https:\\\/\\\/boto.art.pl\\\/#website\"},\"primaryImageOfPage\":{\"@id\":\"https:\\\/\\\/boto.art.pl\\\/index.php\\\/sopot-non-fiction-2023-info\\\/#primaryimage\"},\"image\":{\"@id\":\"https:\\\/\\\/boto.art.pl\\\/index.php\\\/sopot-non-fiction-2023-info\\\/#primaryimage\"},\"thumbnailUrl\":\"https:\\\/\\\/boto.art.pl\\\/wp-content\\\/uploads\\\/2023\\\/03\\\/ghg.png\",\"datePublished\":\"2023-03-27T12:29:46+00:00\",\"dateModified\":\"2023-08-22T12:27:39+00:00\",\"breadcrumb\":{\"@id\":\"https:\\\/\\\/boto.art.pl\\\/index.php\\\/sopot-non-fiction-2023-info\\\/#breadcrumb\"},\"inLanguage\":\"pl-PL\",\"potentialAction\":[{\"@type\":\"ReadAction\",\"target\":[\"https:\\\/\\\/boto.art.pl\\\/index.php\\\/sopot-non-fiction-2023-info\\\/\"]}]},{\"@type\":\"ImageObject\",\"inLanguage\":\"pl-PL\",\"@id\":\"https:\\\/\\\/boto.art.pl\\\/index.php\\\/sopot-non-fiction-2023-info\\\/#primaryimage\",\"url\":\"https:\\\/\\\/boto.art.pl\\\/wp-content\\\/uploads\\\/2023\\\/03\\\/ghg.png\",\"contentUrl\":\"https:\\\/\\\/boto.art.pl\\\/wp-content\\\/uploads\\\/2023\\\/03\\\/ghg.png\",\"width\":919,\"height\":361},{\"@type\":\"BreadcrumbList\",\"@id\":\"https:\\\/\\\/boto.art.pl\\\/index.php\\\/sopot-non-fiction-2023-info\\\/#breadcrumb\",\"itemListElement\":[{\"@type\":\"ListItem\",\"position\":1,\"name\":\"Strona g\u0142\u00f3wna\",\"item\":\"https:\\\/\\\/boto.art.pl\\\/\"},{\"@type\":\"ListItem\",\"position\":2,\"name\":\"Sopot non-fiction 2023 info\"}]},{\"@type\":\"WebSite\",\"@id\":\"https:\\\/\\\/boto.art.pl\\\/#website\",\"url\":\"https:\\\/\\\/boto.art.pl\\\/\",\"name\":\"Teatr Boto\",\"description\":\"\",\"publisher\":{\"@id\":\"https:\\\/\\\/boto.art.pl\\\/#organization\"},\"potentialAction\":[{\"@type\":\"SearchAction\",\"target\":{\"@type\":\"EntryPoint\",\"urlTemplate\":\"https:\\\/\\\/boto.art.pl\\\/?s={search_term_string}\"},\"query-input\":{\"@type\":\"PropertyValueSpecification\",\"valueRequired\":true,\"valueName\":\"search_term_string\"}}],\"inLanguage\":\"pl-PL\"},{\"@type\":\"Organization\",\"@id\":\"https:\\\/\\\/boto.art.pl\\\/#organization\",\"name\":\"Teatr Boto\",\"url\":\"https:\\\/\\\/boto.art.pl\\\/\",\"logo\":{\"@type\":\"ImageObject\",\"inLanguage\":\"pl-PL\",\"@id\":\"https:\\\/\\\/boto.art.pl\\\/#\\\/schema\\\/logo\\\/image\\\/\",\"url\":\"https:\\\/\\\/boto.art.pl\\\/wp-content\\\/uploads\\\/2018\\\/03\\\/logotyp.svg\",\"contentUrl\":\"https:\\\/\\\/boto.art.pl\\\/wp-content\\\/uploads\\\/2018\\\/03\\\/logotyp.svg\",\"width\":1,\"height\":1,\"caption\":\"Teatr Boto\"},\"image\":{\"@id\":\"https:\\\/\\\/boto.art.pl\\\/#\\\/schema\\\/logo\\\/image\\\/\"},\"sameAs\":[\"https:\\\/\\\/www.facebook.com\\\/teatrboto\",\"https:\\\/\\\/www.instagram.com\\\/teatr_boto\\\/\"]}]}<\/script>\n<!-- \/ Yoast SEO plugin. -->","yoast_head_json":{"title":"Sopot non-fiction 2023 info &#8212; Teatr Boto","robots":{"index":"index","follow":"follow","max-snippet":"max-snippet:-1","max-image-preview":"max-image-preview:large","max-video-preview":"max-video-preview:-1"},"canonical":"https:\/\/boto.art.pl\/index.php\/sopot-non-fiction-2023-info\/","og_locale":"pl_PL","og_type":"article","og_title":"Sopot non-fiction 2023 info &#8212; Teatr Boto","og_description":"SOPOT NON-FICTION 2023 &nbsp;12\u00a0 edycja odb\u0119dzie si\u0119 w terminie od 26 sierpnia do 2 wrze\u015bnia 2023 roku. Organizator:\u00a0Fundacja Teatru BOTOWsp\u00f3\u0142organizator:\u00a0Teatr Wybrze\u017ceKuratorzy:\u00a0Adam Nalepa, Roman Paw\u0142owski, Adam OrzechowskiPartnerzy:\u00a0Victus Apartamenty,\u00a0Centrum Kszta\u0142cenia Ustawicznego w Sopocie,\u00a0\u00a0Wolontariat Aktywni w SopociePatroni medialni:\u00a0teatralny.pl,\u00a0e-teatr.pl,\u00a0Trojmiasto.pl,\u00a0Dziennik Ba\u0142tycki,\u00a0Presti\u017c Magazyn Tr\u00f3jmiejski Projekt zrealizowany ze \u015brodk\u00f3w Miasta Sopot Nasi kuratorzy zakwalifikowali do udzia\u0142u nast\u0119puj\u0105ce grupy oraz projekty: 1) CIA\u0141O, [&hellip;]","og_url":"https:\/\/boto.art.pl\/index.php\/sopot-non-fiction-2023-info\/","og_site_name":"Teatr Boto","article_publisher":"https:\/\/www.facebook.com\/teatrboto","article_modified_time":"2023-08-22T12:27:39+00:00","og_image":[{"width":919,"height":361,"url":"https:\/\/boto.art.pl\/wp-content\/uploads\/2023\/03\/ghg.png","type":"image\/png"}],"twitter_card":"summary_large_image","twitter_misc":{"Szacowany czas czytania":"2 minuty"},"schema":{"@context":"https:\/\/schema.org","@graph":[{"@type":"WebPage","@id":"https:\/\/boto.art.pl\/index.php\/sopot-non-fiction-2023-info\/","url":"https:\/\/boto.art.pl\/index.php\/sopot-non-fiction-2023-info\/","name":"Sopot non-fiction 2023 info &#8212; Teatr Boto","isPartOf":{"@id":"https:\/\/boto.art.pl\/#website"},"primaryImageOfPage":{"@id":"https:\/\/boto.art.pl\/index.php\/sopot-non-fiction-2023-info\/#primaryimage"},"image":{"@id":"https:\/\/boto.art.pl\/index.php\/sopot-non-fiction-2023-info\/#primaryimage"},"thumbnailUrl":"https:\/\/boto.art.pl\/wp-content\/uploads\/2023\/03\/ghg.png","datePublished":"2023-03-27T12:29:46+00:00","dateModified":"2023-08-22T12:27:39+00:00","breadcrumb":{"@id":"https:\/\/boto.art.pl\/index.php\/sopot-non-fiction-2023-info\/#breadcrumb"},"inLanguage":"pl-PL","potentialAction":[{"@type":"ReadAction","target":["https:\/\/boto.art.pl\/index.php\/sopot-non-fiction-2023-info\/"]}]},{"@type":"ImageObject","inLanguage":"pl-PL","@id":"https:\/\/boto.art.pl\/index.php\/sopot-non-fiction-2023-info\/#primaryimage","url":"https:\/\/boto.art.pl\/wp-content\/uploads\/2023\/03\/ghg.png","contentUrl":"https:\/\/boto.art.pl\/wp-content\/uploads\/2023\/03\/ghg.png","width":919,"height":361},{"@type":"BreadcrumbList","@id":"https:\/\/boto.art.pl\/index.php\/sopot-non-fiction-2023-info\/#breadcrumb","itemListElement":[{"@type":"ListItem","position":1,"name":"Strona g\u0142\u00f3wna","item":"https:\/\/boto.art.pl\/"},{"@type":"ListItem","position":2,"name":"Sopot non-fiction 2023 info"}]},{"@type":"WebSite","@id":"https:\/\/boto.art.pl\/#website","url":"https:\/\/boto.art.pl\/","name":"Teatr Boto","description":"","publisher":{"@id":"https:\/\/boto.art.pl\/#organization"},"potentialAction":[{"@type":"SearchAction","target":{"@type":"EntryPoint","urlTemplate":"https:\/\/boto.art.pl\/?s={search_term_string}"},"query-input":{"@type":"PropertyValueSpecification","valueRequired":true,"valueName":"search_term_string"}}],"inLanguage":"pl-PL"},{"@type":"Organization","@id":"https:\/\/boto.art.pl\/#organization","name":"Teatr Boto","url":"https:\/\/boto.art.pl\/","logo":{"@type":"ImageObject","inLanguage":"pl-PL","@id":"https:\/\/boto.art.pl\/#\/schema\/logo\/image\/","url":"https:\/\/boto.art.pl\/wp-content\/uploads\/2018\/03\/logotyp.svg","contentUrl":"https:\/\/boto.art.pl\/wp-content\/uploads\/2018\/03\/logotyp.svg","width":1,"height":1,"caption":"Teatr Boto"},"image":{"@id":"https:\/\/boto.art.pl\/#\/schema\/logo\/image\/"},"sameAs":["https:\/\/www.facebook.com\/teatrboto","https:\/\/www.instagram.com\/teatr_boto\/"]}]}},"_links":{"self":[{"href":"https:\/\/boto.art.pl\/index.php\/wp-json\/wp\/v2\/pages\/64191","targetHints":{"allow":["GET"]}}],"collection":[{"href":"https:\/\/boto.art.pl\/index.php\/wp-json\/wp\/v2\/pages"}],"about":[{"href":"https:\/\/boto.art.pl\/index.php\/wp-json\/wp\/v2\/types\/page"}],"author":[{"embeddable":true,"href":"https:\/\/boto.art.pl\/index.php\/wp-json\/wp\/v2\/users\/2"}],"replies":[{"embeddable":true,"href":"https:\/\/boto.art.pl\/index.php\/wp-json\/wp\/v2\/comments?post=64191"}],"version-history":[{"count":16,"href":"https:\/\/boto.art.pl\/index.php\/wp-json\/wp\/v2\/pages\/64191\/revisions"}],"predecessor-version":[{"id":65168,"href":"https:\/\/boto.art.pl\/index.php\/wp-json\/wp\/v2\/pages\/64191\/revisions\/65168"}],"wp:featuredmedia":[{"embeddable":true,"href":"https:\/\/boto.art.pl\/index.php\/wp-json\/wp\/v2\/media\/64204"}],"wp:attachment":[{"href":"https:\/\/boto.art.pl\/index.php\/wp-json\/wp\/v2\/media?parent=64191"}],"curies":[{"name":"wp","href":"https:\/\/api.w.org\/{rel}","templated":true}]}}