{"id":68003,"date":"2024-09-16T15:03:56","date_gmt":"2024-09-16T13:03:56","guid":{"rendered":"https:\/\/boto.art.pl\/?page_id=68003"},"modified":"2025-09-19T14:02:46","modified_gmt":"2025-09-19T12:02:46","slug":"sopockie-konsekwencje-2024","status":"publish","type":"page","link":"https:\/\/boto.art.pl\/index.php\/sopockie-konsekwencje-2024\/","title":{"rendered":"SOPOCKIE KONSEKWENCJE TEATRALNE 2024"},"content":{"rendered":"<p>[et_pb_section fb_built=&#8221;1&#8243; _builder_version=&#8221;4.27.0&#8243; background_image=&#8221;https:\/\/boto.art.pl\/wp-content\/uploads\/2024\/09\/SOPOCKIE-KONSEKWENCJE-poziom-adobe.png&#8221; parallax=&#8221;on&#8221; custom_padding=&#8221;150px|0px|179px|0px&#8221; global_colors_info=&#8221;{}&#8221;][et_pb_row _builder_version=&#8221;4.16&#8243; background_size=&#8221;initial&#8221; background_position=&#8221;top_left&#8221; background_repeat=&#8221;repeat&#8221; custom_padding=&#8221;3px|0px|27px|0px&#8221; global_colors_info=&#8221;{}&#8221;][et_pb_column type=&#8221;4_4&#8243; _builder_version=&#8221;4.16&#8243; custom_padding=&#8221;|||&#8221; global_colors_info=&#8221;{}&#8221; custom_padding__hover=&#8221;|||&#8221;][et_pb_text _builder_version=&#8221;4.27.0&#8243; text_font=&#8221;|700||on|||||&#8221; text_text_color=&#8221;#e59c00&#8243; text_font_size=&#8221;33px&#8221; text_line_height=&#8221;1em&#8221; text_text_shadow_style=&#8221;preset5&#8243; text_text_shadow_color=&#8221;rgba(0,0,0,0.62)&#8221; global_colors_info=&#8221;{}&#8221;]<\/p>\n<p>Sopockie Konsekwencje Teatralne 2024<\/p>\n<p>[\/et_pb_text][et_pb_text _builder_version=&#8221;4.27.0&#8243; text_text_color=&#8221;#e59c00&#8243; text_font_size=&#8221;22px&#8221; background_layout=&#8221;dark&#8221; text_text_shadow_style=&#8221;preset5&#8243; text_text_shadow_horizontal_length=&#8221;0.07em&#8221; global_colors_info=&#8221;{}&#8221;]<\/p>\n<p>6 pa\u017adziernik &#8211; 8 grudzie\u0144<\/p>\n<p>[\/et_pb_text][\/et_pb_column][\/et_pb_row][\/et_pb_section][et_pb_section fb_built=&#8221;1&#8243; specialty=&#8221;on&#8221; _builder_version=&#8221;4.16&#8243; custom_padding=&#8221;20px|0px|54px|0px&#8221; global_colors_info=&#8221;{}&#8221;][et_pb_column type=&#8221;3_4&#8243; specialty_columns=&#8221;3&#8243; _builder_version=&#8221;4.16&#8243; custom_padding=&#8221;|||&#8221; global_colors_info=&#8221;{}&#8221; custom_padding__hover=&#8221;|||&#8221;][et_pb_row_inner admin_label=&#8221;Wiersz&#8221; _builder_version=&#8221;4.16&#8243; custom_padding=&#8221;3px|0px|20px|0px&#8221; global_colors_info=&#8221;{}&#8221;][et_pb_column_inner saved_specialty_column_type=&#8221;3_4&#8243; _builder_version=&#8221;4.16&#8243; custom_padding=&#8221;|||&#8221; global_colors_info=&#8221;{}&#8221; custom_padding__hover=&#8221;|||&#8221;][et_pb_text _builder_version=&#8221;4.27.4&#8243; link_text_color=&#8221;#dd8100&#8243; global_colors_info=&#8221;{}&#8221;]<\/p>\n<p><strong>VIII Sopockie Konsekwencje Teatralne &#8211; najd\u0142u\u017cszy festiwal teatralny w Tr\u00f3jmie\u015bcie wystartowa\u0142 6 pa\u017adziernika!<\/strong><\/p>\n<p><strong>Do udzia\u0142u w \u201eKonsekwencjach\u201d zapraszane s\u0105 zar\u00f3wno sceny zawodowe, jak i teatry nieinstytucjonalne oraz grupy i tw\u00f3rc\u00f3w amatorskich. Idea, kt\u00f3ra przy\u015bwieca przegl\u0105dowi, to zaproszenie najciekawszych spektakli ma\u0142oobsadowych z ca\u0142ej Polski. Ich wsp\u00f3lnym mianownikiem jest minimalna scenografia i maksymalnie tr\u00f3jka aktor\u00f3w. Tematyka, rodzaj i forma s\u0105 dowolne.<\/strong><\/p>\n<p>&nbsp;<\/p>\n<p><strong>Program:<\/strong><\/p>\n<p>6 pa\u017adziernika | 19:00 | <span style=\"font-weight: 400;\">\u201cDZIEWICTWO, osobna kategoria istot zamkni\u0119tych\u201d &#8211; monodram Zuzanny Wiatr \/ Wroc\u0142aw<\/span><\/p>\n<p>13 pa\u017adziernika | 19:00 | <span style=\"font-weight: 400;\">\u201cWariaci\u201d &#8211; re\u017c. Aleksandra Skorupa \/ Teatr Pokrewny, Warszawa<\/span><\/p>\n<p>20 pa\u017adziernika | 19:00 | <span style=\"font-weight: 400;\">&#8222;Matulka\u201d &#8211; monodram re\u017c. Julia Buka\u0142a, Artur Zudzin-Wi\u015bniewski \/ Akademia Teatralna Warszawa<\/span><\/p>\n<p>27 pa\u017adziernika | 19:00 | &#8222;<span style=\"font-weight: 400;\">Kobiety w obl\u0119\u017ceniu\u201d &#8211; re\u017c. Anna Ma\u015bka \/ Teatr Ryba Lataj\u0105ca<\/span><\/p>\n<p>3 listopada | 19:00 |<span style=\"font-weight: 400;\"> \u201cMasara\u201d &#8211; monodram Julity Koper &#8211; re\u017c. Kuba Mielewczyk \/ Akademia Sztuk Teatralnych Wroc\u0142aw<\/span><\/p>\n<p>10 listopada | 19:00 | <span style=\"font-weight: 400;\">\u201cHappy Birthday\u201d &#8211; monodram Olgi Nawrockiej &#8211; re\u017c. \u0141ukasz Chrzuszcz \/ Studio <\/span><span style=\"font-weight: 400;\">Aktorskie STA Pozna\u0144<\/span><\/p>\n<p>17 listopada | 19:00 | <span style=\"font-weight: 400;\">\u201cDrugi pok\u00f3j\u201d &#8211; re\u017c. Sylwester Biraga \/ Teatr Hybrydy Uniwersytet Warszawski<\/span><\/p>\n<p>24 listopada | 19:00 | <span style=\"font-weight: 400;\">\u201cBez nadzienia\u201d &#8211; monodram Eweliny Gronowskiej \/ Teatr im. Stefana \u017beromskiego w Kielcach<\/span><\/p>\n<p>1 grudnia | 19:00 | <span style=\"font-weight: 400;\">\u201cEksperyment\u201d &#8211; re\u017c. Grzegorz Reszka \/ Kompania Teatralna Mamro<\/span><\/p>\n<p>8 grudnia | 19:00 | <span style=\"font-weight: 400;\">Gala fina\u0142owa &#8211; og\u0142oszenie wynik\u00f3w\u00a0 &#8211; koncert \u201cCUJO!\u201d &#8211; \u201ePiosenki o mi\u0142o\u015bci i przemocy&#8221;<\/span><\/p>\n<p><strong>BILETY:<\/strong><br \/>40 z\u0142 &#8211; normalny<br \/>30 z\u0142 &#8211; ulgowy (studenci, emeryci, Karta do Kultury, Karta Sopocka, honorowi Dawcy Krwi)<\/p>\n<p>karnet normalny na wszystkie spektakle &gt;&gt;&gt; 320 z\u0142<br \/>karnet ulgowy na wszystkie spektakle &gt;&gt;&gt; 240 z\u0142<\/p>\n<p>Aby zarezerwowa\u0107 karnety, wystarczy napisa\u0107 na: boto@boto.art.pl.<\/p>\n<p>[\/et_pb_text][et_pb_post_slider posts_number=&#8221;10&#8243; include_categories=&#8221;148&#8243; orderby=&#8221;date_asc&#8221; show_meta=&#8221;off&#8221; use_text_overlay=&#8221;off&#8221; _builder_version=&#8221;4.27.0&#8243; background_color=&#8221;#2ea3f2&#8243; button_bg_color_gradient_stops=&#8221;#2b87da 0%|#29c4a9 100%&#8221; global_colors_info=&#8221;{}&#8221; button_text_size__hover_enabled=&#8221;off&#8221; button_one_text_size__hover_enabled=&#8221;off&#8221; button_two_text_size__hover_enabled=&#8221;off&#8221; button_text_color__hover_enabled=&#8221;off&#8221; button_one_text_color__hover_enabled=&#8221;off&#8221; button_two_text_color__hover_enabled=&#8221;off&#8221; button_border_width__hover_enabled=&#8221;off&#8221; button_one_border_width__hover_enabled=&#8221;off&#8221; button_two_border_width__hover_enabled=&#8221;off&#8221; button_border_color__hover_enabled=&#8221;off&#8221; button_one_border_color__hover_enabled=&#8221;off&#8221; button_two_border_color__hover_enabled=&#8221;off&#8221; button_border_radius__hover_enabled=&#8221;off&#8221; button_one_border_radius__hover_enabled=&#8221;off&#8221; button_two_border_radius__hover_enabled=&#8221;off&#8221; button_letter_spacing__hover_enabled=&#8221;off&#8221; button_one_letter_spacing__hover_enabled=&#8221;off&#8221; button_two_letter_spacing__hover_enabled=&#8221;off&#8221; button_bg_color__hover_enabled=&#8221;off&#8221; button_one_bg_color__hover_enabled=&#8221;off&#8221; button_two_bg_color__hover_enabled=&#8221;off&#8221;][\/et_pb_post_slider][et_pb_text _builder_version=&#8221;4.27.4&#8243; custom_padding=&#8221;0px|||||&#8221; global_colors_info=&#8221;{}&#8221;]<\/p>\n<p><strong>Jurorzy przy pe\u0142nej publiczno\u015bci og\u0142osili sw\u00f3j werdykt <span class=\"html-span xexx8yu xyri2b x18d9i69 x1c1uobl x1hl2dhg x16tdsg8 x1vvkbs x3nfvp2 x1j61x8r x1fcty0u xdj266r xat24cr xm2jcoa x1mpyi22 xxymvpz xlup9mm x1kky2od\"><img loading=\"lazy\" decoding=\"async\" class=\"xz74otr x15mokao x1ga7v0g x16uus16 xbiv7yw\" src=\"https:\/\/static.xx.fbcdn.net\/images\/emoji.php\/v9\/tbe\/1\/16\/1f3c6.png\" alt=\"\ud83c\udfc6\" width=\"16\" height=\"16\" \/><\/span><\/strong><\/p>\n<p>[\/et_pb_text][\/et_pb_column_inner][\/et_pb_row_inner][et_pb_row_inner column_structure=&#8221;1_3,1_3,1_3&#8243; admin_label=&#8221;Wiersz&#8221; _builder_version=&#8221;4.16&#8243; custom_padding=&#8221;0|0px|29.6833px|0px&#8221; global_colors_info=&#8221;{}&#8221;][et_pb_column_inner type=&#8221;1_3&#8243; saved_specialty_column_type=&#8221;3_4&#8243; _builder_version=&#8221;4.16&#8243; custom_padding=&#8221;|||&#8221; global_colors_info=&#8221;{}&#8221; custom_padding__hover=&#8221;|||&#8221;][et_pb_blurb title=&#8221;I miejsce&#8221; image=&#8221;https:\/\/boto.art.pl\/wp-content\/uploads\/2025\/09\/493792858_1286668803462864_1382860558486146487_n.jpg&#8221; _builder_version=&#8221;4.27.4&#8243; header_font_size=&#8221;23px&#8221; use_circle=&#8221;off&#8221; use_circle_border=&#8221;off&#8221; global_colors_info=&#8221;{}&#8221;]<\/p>\n<p><strong>Du\u017ca Konsekwencja trafi\u0142a do &#8222;Dziewictwa&#8221; &#8211; monodramu Zuzanny Wiatr <\/strong><\/p>\n<p><em>za refleksje nad kulturowo-religijnym zagadnieniem dziewictwa, problematyzacja form kulturowych, kt\u00f3re cz\u0142owiek przybiera samodzielnie lub mu je narzucono.<\/em><\/p>\n<p>Nagroda: 5000 z\u0142<\/p>\n<p>[\/et_pb_blurb][\/et_pb_column_inner][et_pb_column_inner type=&#8221;1_3&#8243; saved_specialty_column_type=&#8221;3_4&#8243; _builder_version=&#8221;4.16&#8243; custom_padding=&#8221;|||&#8221; global_colors_info=&#8221;{}&#8221; custom_padding__hover=&#8221;|||&#8221;][et_pb_blurb title=&#8221;II miejsce&#8221; image=&#8221;https:\/\/boto.art.pl\/wp-content\/uploads\/2025\/09\/493958280_1286668536796224_5746988876624985269_n.jpg&#8221; _builder_version=&#8221;4.27.4&#8243; header_font_size=&#8221;23px&#8221; use_circle=&#8221;off&#8221; use_circle_border=&#8221;off&#8221; global_colors_info=&#8221;{}&#8221;]<\/p>\n<p><strong>\u015arednia Konsekwencja wyruszy w drog\u0119 do &#8222;Kobiet w obl\u0119\u017ceniu&#8221; Teatru Ryba Lataj\u0105ca <\/strong><\/p>\n<p><em>za niezwyk\u0142e, lecz r\u00f3\u017cnorodne przedstawienie dramatycznych kobiecych do\u015bwiadcze\u0144 oraz za wyczucie minimalizmu formy.<\/em><\/p>\n<p>Nagroda: 3000z\u0142<\/p>\n<p>[\/et_pb_blurb][\/et_pb_column_inner][et_pb_column_inner type=&#8221;1_3&#8243; saved_specialty_column_type=&#8221;3_4&#8243; _builder_version=&#8221;4.16&#8243; custom_padding=&#8221;|||&#8221; global_colors_info=&#8221;{}&#8221; custom_padding__hover=&#8221;|||&#8221;][et_pb_blurb title=&#8221;III miejsce&#8221; image=&#8221;https:\/\/boto.art.pl\/wp-content\/uploads\/2025\/09\/492496009_1286669626796115_2268117917898011654_n.jpg&#8221; _builder_version=&#8221;4.27.4&#8243; header_font_size=&#8221;23px&#8221; use_circle=&#8221;off&#8221; use_circle_border=&#8221;off&#8221; global_colors_info=&#8221;{}&#8221;]<\/p>\n<p><strong>Ma\u0142a Konsekwencja zosta\u0142a przyznana spektaklowi &#8222;Bez nadzienia&#8221; Eweliny Gronowskiej z Teatru im. Stefana \u017beromskiego w Kielcach <\/strong><\/p>\n<p><em>za inteligentny dowcip, doskona\u0142y j\u0119zyk i charyzmatyczn\u0105 gr\u0119 aktorsk\u0105 oraz sp\u00f3jn\u0105 warstw\u0119 estetyczn\u0105 i wizualn\u0105.<\/em><\/p>\n<p>Nagroda: 2000z\u0142<\/p>\n<p>[\/et_pb_blurb][\/et_pb_column_inner][\/et_pb_row_inner][et_pb_row_inner _builder_version=&#8221;4.16&#8243; global_colors_info=&#8221;{}&#8221;][et_pb_column_inner saved_specialty_column_type=&#8221;3_4&#8243; _builder_version=&#8221;4.16&#8243; custom_padding=&#8221;|||&#8221; global_colors_info=&#8221;{}&#8221; custom_padding__hover=&#8221;|||&#8221;][et_pb_text _builder_version=&#8221;4.27.4&#8243; global_colors_info=&#8221;{}&#8221;]<\/p>\n<div class=\"x14z9mp xat24cr x1lziwak x1vvkbs xtlvy1s x126k92a\">\n<div dir=\"auto\"><strong>dodatkowo ze wzgl\u0119du na wysoki poziom artystyczny tegorocznej edycji jury postanowi\u0142o przyzna\u0107 wyr\u00f3\u017cnienia<\/strong><\/div>\n<\/div>\n<div class=\"x14z9mp xat24cr x1lziwak x1vvkbs xtlvy1s x126k92a\">\n<div dir=\"auto\">\u00a0<\/div>\n<div dir=\"auto\">&#8211; <strong>monodramowi Julity Koper pt. &#8222;Masara&#8221;<\/strong> za niezwyk\u0142\u0105 si\u0142\u0119 narracyjn\u0105 i aktualno\u015b\u0107 spo\u0142eczn\u0105 oraz autentyczno\u015b\u0107 gry i podkre\u015blenie cielesno\u015bci. oraz <strong>monodramowi Olgi Nawrockiej &#8222;Happy Birthday&#8221;<\/strong> za dystopiczne uj\u0119cie kondycji ludzkiej, intertekstualizm oraz futurystyczne akcenty. &#8211; ten spektakl zosta\u0142 nagrodzony r\u00f3wnie\u017c nagrod\u0105 publiczno\u015bci.<\/div>\n<\/div>\n<div class=\"x14z9mp xat24cr x1lziwak x1vvkbs xtlvy1s x126k92a\">\n<div dir=\"auto\">\u00a0<\/div>\n<div dir=\"auto\"><em><strong>Wszystkim uczestnikom gratulujemy i dzi\u0119kujemy, \u017ce byli\u015bcie z nami! SKT 2024 uwa\u017camy za zamkni\u0119te!<\/strong><\/em><\/div>\n<\/div>\n<div dir=\"auto\">\u00a0<\/div>\n<p>Organizator:\u00a0<a href=\"https:\/\/www.facebook.com\/teatrboto\/\" target=\"_blank\" rel=\"noopener\">Teatr BOTO<\/a><br \/>Partner:\u00a0<a href=\"http:\/\/www.victus-sopot.pl\/\" target=\"_blank\" rel=\"noopener\">Victus Apartamenty<\/a><br \/>Patroni medialni:\u00a0<a href=\"https:\/\/www.trojmiasto.pl\/Teatr-BOTO-o39628.html\" target=\"_blank\" rel=\"noopener\">Trojmiasto.pl<\/a>, <a href=\"http:\/\/www.e-teatr.pl\/pl\/index.html\" target=\"_blank\" rel=\"noopener\">e-teatr.pl<\/a> ,\u00a0<a href=\"https:\/\/radiogdansk.pl\/\" target=\"_blank\" rel=\"noopener\">Radio Gda\u0144sk<\/a>,\u00a0<a href=\"https:\/\/www.trojmiasto.pl\/\" target=\"_blank\" rel=\"noopener\">Trojmiasto.pl<\/a><br \/>Projekt wsp\u00f3\u0142finansowany ze \u015brodk\u00f3w Ministra Kultury i Dziedzictwa Narodowego i Miasta Sopotu.<\/p>\n<p>[\/et_pb_text][\/et_pb_column_inner][\/et_pb_row_inner][\/et_pb_column][et_pb_column type=&#8221;1_4&#8243; _builder_version=&#8221;4.16&#8243; custom_padding=&#8221;|||&#8221; global_colors_info=&#8221;{}&#8221; custom_padding__hover=&#8221;|||&#8221;][et_pb_gallery gallery_ids=&#8221;70573,70572,70571,70570,70574,70569&#8243; orientation=&#8221;portrait&#8221; _builder_version=&#8221;4.27.4&#8243; _module_preset=&#8221;default&#8221; global_colors_info=&#8221;{}&#8221;][\/et_pb_gallery][\/et_pb_column][\/et_pb_section][et_pb_section fb_built=&#8221;1&#8243; _builder_version=&#8221;4.27.0&#8243; _module_preset=&#8221;default&#8221; global_colors_info=&#8221;{}&#8221;][et_pb_row column_structure=&#8221;1_3,1_3,1_3&#8243; _builder_version=&#8221;4.27.0&#8243; _module_preset=&#8221;default&#8221; global_colors_info=&#8221;{}&#8221;][et_pb_column type=&#8221;1_3&#8243; _builder_version=&#8221;4.27.0&#8243; _module_preset=&#8221;default&#8221; global_colors_info=&#8221;{}&#8221;][et_pb_image src=&#8221;https:\/\/boto.art.pl\/wp-content\/uploads\/2024\/09\/Logo_MKiDN_PL_kolor_biale_tlo_CMYK.jpg&#8221; title_text=&#8221;Logo_MKiDN_PL_kolor_biale_tlo_CMYK&#8221; _builder_version=&#8221;4.27.0&#8243; _module_preset=&#8221;default&#8221; global_colors_info=&#8221;{}&#8221;][\/et_pb_image][\/et_pb_column][et_pb_column type=&#8221;1_3&#8243; _builder_version=&#8221;4.27.0&#8243; _module_preset=&#8221;default&#8221; global_colors_info=&#8221;{}&#8221;][et_pb_image src=&#8221;https:\/\/boto.art.pl\/wp-content\/uploads\/2024\/09\/soppot-logo.jpg&#8221; title_text=&#8221;soppot logo&#8221; _builder_version=&#8221;4.27.0&#8243; _module_preset=&#8221;default&#8221; global_colors_info=&#8221;{}&#8221;][\/et_pb_image][\/et_pb_column][et_pb_column type=&#8221;1_3&#8243; _builder_version=&#8221;4.27.0&#8243; _module_preset=&#8221;default&#8221; global_colors_info=&#8221;{}&#8221;][\/et_pb_column][\/et_pb_row][\/et_pb_section]<\/p>\n","protected":false},"excerpt":{"rendered":"<p>Sopockie Konsekwencje Teatralne 20246 pa\u017adziernik &#8211; 8 grudzie\u0144VIII Sopockie Konsekwencje Teatralne &#8211; najd\u0142u\u017cszy festiwal teatralny w Tr\u00f3jmie\u015bcie wystartowa\u0142 6 pa\u017adziernika! Do udzia\u0142u w \u201eKonsekwencjach\u201d zapraszane s\u0105 zar\u00f3wno sceny zawodowe, jak i teatry nieinstytucjonalne oraz grupy i tw\u00f3rc\u00f3w amatorskich. Idea, kt\u00f3ra przy\u015bwieca przegl\u0105dowi, to zaproszenie najciekawszych spektakli ma\u0142oobsadowych z ca\u0142ej Polski. Ich wsp\u00f3lnym mianownikiem jest minimalna [&hellip;]<\/p>\n","protected":false},"author":2,"featured_media":67976,"parent":0,"menu_order":0,"comment_status":"closed","ping_status":"closed","template":"","meta":{"_et_pb_use_builder":"on","_et_pb_old_content":"","_et_gb_content_width":"","inline_featured_image":false,"footnotes":""},"class_list":["post-68003","page","type-page","status-publish","has-post-thumbnail","hentry"],"yoast_head":"<!-- This site is optimized with the Yoast SEO plugin v27.6 - https:\/\/yoast.com\/product\/yoast-seo-wordpress\/ -->\n<title>SOPOCKIE KONSEKWENCJE TEATRALNE 2024 &#8212; Teatr Boto<\/title>\n<meta name=\"robots\" content=\"index, follow, max-snippet:-1, max-image-preview:large, max-video-preview:-1\" \/>\n<link rel=\"canonical\" href=\"https:\/\/boto.art.pl\/index.php\/sopockie-konsekwencje-2024\/\" \/>\n<meta property=\"og:locale\" content=\"pl_PL\" \/>\n<meta property=\"og:type\" content=\"article\" \/>\n<meta property=\"og:title\" content=\"SOPOCKIE KONSEKWENCJE TEATRALNE 2024 &#8212; Teatr Boto\" \/>\n<meta property=\"og:description\" content=\"Sopockie Konsekwencje Teatralne 20246 pa\u017adziernik - 8 grudzie\u0144VIII Sopockie Konsekwencje Teatralne - najd\u0142u\u017cszy festiwal teatralny w Tr\u00f3jmie\u015bcie wystartowa\u0142 6 pa\u017adziernika! Do udzia\u0142u w \u201eKonsekwencjach\u201d zapraszane s\u0105 zar\u00f3wno sceny zawodowe, jak i teatry nieinstytucjonalne oraz grupy i tw\u00f3rc\u00f3w amatorskich. Idea, kt\u00f3ra przy\u015bwieca przegl\u0105dowi, to zaproszenie najciekawszych spektakli ma\u0142oobsadowych z ca\u0142ej Polski. Ich wsp\u00f3lnym mianownikiem jest minimalna [&hellip;]\" \/>\n<meta property=\"og:url\" content=\"https:\/\/boto.art.pl\/index.php\/sopockie-konsekwencje-2024\/\" \/>\n<meta property=\"og:site_name\" content=\"Teatr Boto\" \/>\n<meta property=\"article:publisher\" content=\"https:\/\/www.facebook.com\/teatrboto\" \/>\n<meta property=\"article:modified_time\" content=\"2025-09-19T12:02:46+00:00\" \/>\n<meta property=\"og:image\" content=\"https:\/\/boto.art.pl\/wp-content\/uploads\/2024\/09\/POZIOM-4-b.jpg\" \/>\n\t<meta property=\"og:image:width\" content=\"1800\" \/>\n\t<meta property=\"og:image:height\" content=\"661\" \/>\n\t<meta property=\"og:image:type\" content=\"image\/jpeg\" \/>\n<meta name=\"twitter:card\" content=\"summary_large_image\" \/>\n<meta name=\"twitter:label1\" content=\"Szacowany czas czytania\" \/>\n\t<meta name=\"twitter:data1\" content=\"7 minut\" \/>\n<script type=\"application\/ld+json\" class=\"yoast-schema-graph\">{\"@context\":\"https:\\\/\\\/schema.org\",\"@graph\":[{\"@type\":\"WebPage\",\"@id\":\"https:\\\/\\\/boto.art.pl\\\/index.php\\\/sopockie-konsekwencje-2024\\\/\",\"url\":\"https:\\\/\\\/boto.art.pl\\\/index.php\\\/sopockie-konsekwencje-2024\\\/\",\"name\":\"SOPOCKIE KONSEKWENCJE TEATRALNE 2024 &#8212; Teatr Boto\",\"isPartOf\":{\"@id\":\"https:\\\/\\\/boto.art.pl\\\/#website\"},\"primaryImageOfPage\":{\"@id\":\"https:\\\/\\\/boto.art.pl\\\/index.php\\\/sopockie-konsekwencje-2024\\\/#primaryimage\"},\"image\":{\"@id\":\"https:\\\/\\\/boto.art.pl\\\/index.php\\\/sopockie-konsekwencje-2024\\\/#primaryimage\"},\"thumbnailUrl\":\"https:\\\/\\\/boto.art.pl\\\/wp-content\\\/uploads\\\/2024\\\/09\\\/POZIOM-4-b.jpg\",\"datePublished\":\"2024-09-16T13:03:56+00:00\",\"dateModified\":\"2025-09-19T12:02:46+00:00\",\"breadcrumb\":{\"@id\":\"https:\\\/\\\/boto.art.pl\\\/index.php\\\/sopockie-konsekwencje-2024\\\/#breadcrumb\"},\"inLanguage\":\"pl-PL\",\"potentialAction\":[{\"@type\":\"ReadAction\",\"target\":[\"https:\\\/\\\/boto.art.pl\\\/index.php\\\/sopockie-konsekwencje-2024\\\/\"]}]},{\"@type\":\"ImageObject\",\"inLanguage\":\"pl-PL\",\"@id\":\"https:\\\/\\\/boto.art.pl\\\/index.php\\\/sopockie-konsekwencje-2024\\\/#primaryimage\",\"url\":\"https:\\\/\\\/boto.art.pl\\\/wp-content\\\/uploads\\\/2024\\\/09\\\/POZIOM-4-b.jpg\",\"contentUrl\":\"https:\\\/\\\/boto.art.pl\\\/wp-content\\\/uploads\\\/2024\\\/09\\\/POZIOM-4-b.jpg\",\"width\":1800,\"height\":661},{\"@type\":\"BreadcrumbList\",\"@id\":\"https:\\\/\\\/boto.art.pl\\\/index.php\\\/sopockie-konsekwencje-2024\\\/#breadcrumb\",\"itemListElement\":[{\"@type\":\"ListItem\",\"position\":1,\"name\":\"Strona g\u0142\u00f3wna\",\"item\":\"https:\\\/\\\/boto.art.pl\\\/\"},{\"@type\":\"ListItem\",\"position\":2,\"name\":\"SOPOCKIE KONSEKWENCJE TEATRALNE 2024\"}]},{\"@type\":\"WebSite\",\"@id\":\"https:\\\/\\\/boto.art.pl\\\/#website\",\"url\":\"https:\\\/\\\/boto.art.pl\\\/\",\"name\":\"Teatr Boto\",\"description\":\"\",\"publisher\":{\"@id\":\"https:\\\/\\\/boto.art.pl\\\/#organization\"},\"potentialAction\":[{\"@type\":\"SearchAction\",\"target\":{\"@type\":\"EntryPoint\",\"urlTemplate\":\"https:\\\/\\\/boto.art.pl\\\/?s={search_term_string}\"},\"query-input\":{\"@type\":\"PropertyValueSpecification\",\"valueRequired\":true,\"valueName\":\"search_term_string\"}}],\"inLanguage\":\"pl-PL\"},{\"@type\":\"Organization\",\"@id\":\"https:\\\/\\\/boto.art.pl\\\/#organization\",\"name\":\"Teatr Boto\",\"url\":\"https:\\\/\\\/boto.art.pl\\\/\",\"logo\":{\"@type\":\"ImageObject\",\"inLanguage\":\"pl-PL\",\"@id\":\"https:\\\/\\\/boto.art.pl\\\/#\\\/schema\\\/logo\\\/image\\\/\",\"url\":\"https:\\\/\\\/boto.art.pl\\\/wp-content\\\/uploads\\\/2018\\\/03\\\/logotyp.svg\",\"contentUrl\":\"https:\\\/\\\/boto.art.pl\\\/wp-content\\\/uploads\\\/2018\\\/03\\\/logotyp.svg\",\"width\":1,\"height\":1,\"caption\":\"Teatr Boto\"},\"image\":{\"@id\":\"https:\\\/\\\/boto.art.pl\\\/#\\\/schema\\\/logo\\\/image\\\/\"},\"sameAs\":[\"https:\\\/\\\/www.facebook.com\\\/teatrboto\",\"https:\\\/\\\/www.instagram.com\\\/teatr_boto\\\/\"]}]}<\/script>\n<!-- \/ Yoast SEO plugin. -->","yoast_head_json":{"title":"SOPOCKIE KONSEKWENCJE TEATRALNE 2024 &#8212; Teatr Boto","robots":{"index":"index","follow":"follow","max-snippet":"max-snippet:-1","max-image-preview":"max-image-preview:large","max-video-preview":"max-video-preview:-1"},"canonical":"https:\/\/boto.art.pl\/index.php\/sopockie-konsekwencje-2024\/","og_locale":"pl_PL","og_type":"article","og_title":"SOPOCKIE KONSEKWENCJE TEATRALNE 2024 &#8212; Teatr Boto","og_description":"Sopockie Konsekwencje Teatralne 20246 pa\u017adziernik - 8 grudzie\u0144VIII Sopockie Konsekwencje Teatralne - najd\u0142u\u017cszy festiwal teatralny w Tr\u00f3jmie\u015bcie wystartowa\u0142 6 pa\u017adziernika! Do udzia\u0142u w \u201eKonsekwencjach\u201d zapraszane s\u0105 zar\u00f3wno sceny zawodowe, jak i teatry nieinstytucjonalne oraz grupy i tw\u00f3rc\u00f3w amatorskich. Idea, kt\u00f3ra przy\u015bwieca przegl\u0105dowi, to zaproszenie najciekawszych spektakli ma\u0142oobsadowych z ca\u0142ej Polski. Ich wsp\u00f3lnym mianownikiem jest minimalna [&hellip;]","og_url":"https:\/\/boto.art.pl\/index.php\/sopockie-konsekwencje-2024\/","og_site_name":"Teatr Boto","article_publisher":"https:\/\/www.facebook.com\/teatrboto","article_modified_time":"2025-09-19T12:02:46+00:00","og_image":[{"width":1800,"height":661,"url":"https:\/\/boto.art.pl\/wp-content\/uploads\/2024\/09\/POZIOM-4-b.jpg","type":"image\/jpeg"}],"twitter_card":"summary_large_image","twitter_misc":{"Szacowany czas czytania":"7 minut"},"schema":{"@context":"https:\/\/schema.org","@graph":[{"@type":"WebPage","@id":"https:\/\/boto.art.pl\/index.php\/sopockie-konsekwencje-2024\/","url":"https:\/\/boto.art.pl\/index.php\/sopockie-konsekwencje-2024\/","name":"SOPOCKIE KONSEKWENCJE TEATRALNE 2024 &#8212; Teatr Boto","isPartOf":{"@id":"https:\/\/boto.art.pl\/#website"},"primaryImageOfPage":{"@id":"https:\/\/boto.art.pl\/index.php\/sopockie-konsekwencje-2024\/#primaryimage"},"image":{"@id":"https:\/\/boto.art.pl\/index.php\/sopockie-konsekwencje-2024\/#primaryimage"},"thumbnailUrl":"https:\/\/boto.art.pl\/wp-content\/uploads\/2024\/09\/POZIOM-4-b.jpg","datePublished":"2024-09-16T13:03:56+00:00","dateModified":"2025-09-19T12:02:46+00:00","breadcrumb":{"@id":"https:\/\/boto.art.pl\/index.php\/sopockie-konsekwencje-2024\/#breadcrumb"},"inLanguage":"pl-PL","potentialAction":[{"@type":"ReadAction","target":["https:\/\/boto.art.pl\/index.php\/sopockie-konsekwencje-2024\/"]}]},{"@type":"ImageObject","inLanguage":"pl-PL","@id":"https:\/\/boto.art.pl\/index.php\/sopockie-konsekwencje-2024\/#primaryimage","url":"https:\/\/boto.art.pl\/wp-content\/uploads\/2024\/09\/POZIOM-4-b.jpg","contentUrl":"https:\/\/boto.art.pl\/wp-content\/uploads\/2024\/09\/POZIOM-4-b.jpg","width":1800,"height":661},{"@type":"BreadcrumbList","@id":"https:\/\/boto.art.pl\/index.php\/sopockie-konsekwencje-2024\/#breadcrumb","itemListElement":[{"@type":"ListItem","position":1,"name":"Strona g\u0142\u00f3wna","item":"https:\/\/boto.art.pl\/"},{"@type":"ListItem","position":2,"name":"SOPOCKIE KONSEKWENCJE TEATRALNE 2024"}]},{"@type":"WebSite","@id":"https:\/\/boto.art.pl\/#website","url":"https:\/\/boto.art.pl\/","name":"Teatr Boto","description":"","publisher":{"@id":"https:\/\/boto.art.pl\/#organization"},"potentialAction":[{"@type":"SearchAction","target":{"@type":"EntryPoint","urlTemplate":"https:\/\/boto.art.pl\/?s={search_term_string}"},"query-input":{"@type":"PropertyValueSpecification","valueRequired":true,"valueName":"search_term_string"}}],"inLanguage":"pl-PL"},{"@type":"Organization","@id":"https:\/\/boto.art.pl\/#organization","name":"Teatr Boto","url":"https:\/\/boto.art.pl\/","logo":{"@type":"ImageObject","inLanguage":"pl-PL","@id":"https:\/\/boto.art.pl\/#\/schema\/logo\/image\/","url":"https:\/\/boto.art.pl\/wp-content\/uploads\/2018\/03\/logotyp.svg","contentUrl":"https:\/\/boto.art.pl\/wp-content\/uploads\/2018\/03\/logotyp.svg","width":1,"height":1,"caption":"Teatr Boto"},"image":{"@id":"https:\/\/boto.art.pl\/#\/schema\/logo\/image\/"},"sameAs":["https:\/\/www.facebook.com\/teatrboto","https:\/\/www.instagram.com\/teatr_boto\/"]}]}},"_links":{"self":[{"href":"https:\/\/boto.art.pl\/index.php\/wp-json\/wp\/v2\/pages\/68003","targetHints":{"allow":["GET"]}}],"collection":[{"href":"https:\/\/boto.art.pl\/index.php\/wp-json\/wp\/v2\/pages"}],"about":[{"href":"https:\/\/boto.art.pl\/index.php\/wp-json\/wp\/v2\/types\/page"}],"author":[{"embeddable":true,"href":"https:\/\/boto.art.pl\/index.php\/wp-json\/wp\/v2\/users\/2"}],"replies":[{"embeddable":true,"href":"https:\/\/boto.art.pl\/index.php\/wp-json\/wp\/v2\/comments?post=68003"}],"version-history":[{"count":24,"href":"https:\/\/boto.art.pl\/index.php\/wp-json\/wp\/v2\/pages\/68003\/revisions"}],"predecessor-version":[{"id":70585,"href":"https:\/\/boto.art.pl\/index.php\/wp-json\/wp\/v2\/pages\/68003\/revisions\/70585"}],"wp:featuredmedia":[{"embeddable":true,"href":"https:\/\/boto.art.pl\/index.php\/wp-json\/wp\/v2\/media\/67976"}],"wp:attachment":[{"href":"https:\/\/boto.art.pl\/index.php\/wp-json\/wp\/v2\/media?parent=68003"}],"curies":[{"name":"wp","href":"https:\/\/api.w.org\/{rel}","templated":true}]}}