{"id":70029,"date":"2025-08-20T05:09:34","date_gmt":"2025-08-20T03:09:34","guid":{"rendered":"https:\/\/boto.art.pl\/?page_id=70029"},"modified":"2025-08-29T11:18:22","modified_gmt":"2025-08-29T09:18:22","slug":"sopot-non-fiction-2025-2","status":"publish","type":"page","link":"https:\/\/boto.art.pl\/index.php\/sopot-non-fiction-2025-2\/","title":{"rendered":"Sopot Non Fiction 2025"},"content":{"rendered":"<p>[et_pb_section fb_built=&#8221;1&#8243; fullwidth=&#8221;on&#8221; _builder_version=&#8221;4.27.4&#8243; custom_padding=&#8221;0px|0px|0|0px&#8221; global_colors_info=&#8221;{}&#8221;][et_pb_fullwidth_menu menu_id=&#8221;25&#8243; submenu_direction=&#8221;downwards&#8221; fullwidth_menu=&#8221;off&#8221; _builder_version=&#8221;4.16&#8243; menu_font=&#8221;|600||on|||||&#8221; menu_font_size=&#8221;17px&#8221; background_color=&#8221;#29a9dd&#8221; background_layout=&#8221;dark&#8221; global_colors_info=&#8221;{}&#8221;]<\/p>\n<p>[\/et_pb_fullwidth_menu][\/et_pb_section][et_pb_section fb_built=&#8221;1&#8243; _builder_version=&#8221;4.20.2&#8243; custom_padding=&#8221;50px|0px|0|0px&#8221; global_colors_info=&#8221;{}&#8221;][et_pb_row column_structure=&#8221;1_2,1_2&#8243; _builder_version=&#8221;4.20.2&#8243; background_size=&#8221;initial&#8221; background_position=&#8221;top_left&#8221; background_repeat=&#8221;repeat&#8221; custom_padding=&#8221;0|0px|27px|0px&#8221; global_colors_info=&#8221;{}&#8221;][et_pb_column type=&#8221;1_2&#8243; _builder_version=&#8221;4.16&#8243; custom_padding=&#8221;|||&#8221; global_colors_info=&#8221;{}&#8221; custom_padding__hover=&#8221;|||&#8221;][et_pb_text _builder_version=&#8221;4.27.4&#8243; text_font=&#8221;|||on|||||&#8221; text_font_size=&#8221;32px&#8221; text_line_height=&#8221;1em&#8221; global_colors_info=&#8221;{}&#8221;]<\/p>\n<p><strong>SOPOT NON-FICTION 2025<\/strong><\/p>\n<p>&nbsp;<\/p>\n<p>&nbsp;<\/p>\n<p>[\/et_pb_text][et_pb_text _builder_version=&#8221;4.27.4&#8243; custom_margin=&#8221;|0px||&#8221; custom_margin_tablet=&#8221;&#8221; custom_margin_phone=&#8221;&#8221; custom_margin_last_edited=&#8221;on|tablet&#8221; hover_enabled=&#8221;0&#8243; global_colors_info=&#8221;{}&#8221; sticky_enabled=&#8221;0&#8243;]<\/p>\n<p><span style=\"font-weight: 400;\">Festiwal Teatru Dokumentalnego i Rezydencja Artystyczna Sopot Non-Fiction to pierwszy w Polsce przegl\u0105d po\u015bwi\u0119cony teatrowi faktu. Jego formu\u0142a to zestawienie Festiwalu z warsztatami tw\u00f3rczymi dla m\u0142odych re\u017cyser\u00f3w, dramatopisarzy i aktor\u00f3w, kt\u00f3rzy podczas tygodniowej rezydencji artystycznej pracuj\u0105 nad swoimi projektami dokumentalnych sztuk i spektakli. Na koniec prezentuj\u0105 efekty w postaci &#8222;pracy w rozwoju&#8221; podczas otwartego Maratonu Non-Fiction. Publiczno\u015b\u0107 uczestniczy w procesie tw\u00f3rczym: bierze udzia\u0142 w prezentacjach i dyskusjach z tw\u00f3rcami oraz zaproszonymi ekspertami. Na pokazy Maratonu Non-Fiction zapraszani s\u0105 r\u00f3wnie\u017c kuratorzy i przedstawiciele teatr\u00f3w. Ma to na celu umo\u017cliwienie dalszej realizacji spektakli, zapocz\u0105tkowanych podczas pracy warsztatowej oraz ich prezentacj\u0119 podczas kolejnych edycji Festiwalu.<\/span><\/p>\n<p>W tym roku ju\u017c 14 edycja, kt\u00f3ra odb\u0119dzie si\u0119 w dniach 23-30 sierpnia.<\/p>\n<p>Tradycyjnie poza tegorocznymi rezydentami zapraszamy na nasz festiwal dzie\u0142a, kt\u00f3re rozkwit\u0142y podczas poprzednich edycji.<\/p>\n<p>&nbsp;<\/p>\n<p>Dofinansowano ze \u015brodk\u00f3w Miasta Sopotu.<br class=\"html-br\" \/>Dofinansowano ze \u015brodk\u00f3w Ministra Kultury i Dziedzictwa Narodowego pochodz\u0105cych z Funduszu Promocji Kultury.<\/p>\n<p>[\/et_pb_text][\/et_pb_column][et_pb_column type=&#8221;1_2&#8243; _builder_version=&#8221;4.16&#8243; custom_padding=&#8221;|||&#8221; global_colors_info=&#8221;{}&#8221; custom_padding__hover=&#8221;|||&#8221;][et_pb_image src=&#8221;https:\/\/boto.art.pl\/wp-content\/uploads\/2025\/08\/SNF25-tlo4-1.jpg&#8221; title_text=&#8221;SNF25-t\u0142o4&#8243; _builder_version=&#8221;4.27.4&#8243; _module_preset=&#8221;default&#8221; global_colors_info=&#8221;{}&#8221;][\/et_pb_image][et_pb_gallery gallery_ids=&#8221;69966,69965&#8243; fullwidth=&#8221;on&#8221; _builder_version=&#8221;4.27.4&#8243; _module_preset=&#8221;default&#8221; global_colors_info=&#8221;{}&#8221;][\/et_pb_gallery][\/et_pb_column][\/et_pb_row][et_pb_row column_structure=&#8221;1_2,1_2&#8243; _builder_version=&#8221;4.16&#8243; background_size=&#8221;initial&#8221; background_position=&#8221;top_left&#8221; background_repeat=&#8221;repeat&#8221; custom_padding=&#8221;27px|0px|0|0px&#8221; global_colors_info=&#8221;{}&#8221;][et_pb_column type=&#8221;1_2&#8243; _builder_version=&#8221;4.16&#8243; custom_padding=&#8221;|||&#8221; global_colors_info=&#8221;{}&#8221; custom_padding__hover=&#8221;|||&#8221;][et_pb_divider _builder_version=&#8221;4.16.0&#8243; global_colors_info=&#8221;{}&#8221;]<\/p>\n<p>\n&nbsp;<\/p>\n<p>[\/et_pb_divider][et_pb_text _builder_version=&#8221;4.27.4&#8243; _module_preset=&#8221;default&#8221; hover_enabled=&#8221;0&#8243; global_colors_info=&#8221;{}&#8221; sticky_enabled=&#8221;0&#8243;]<\/p>\n<blockquote>\n<p><strong>Program Sopot Non-Fiction 2025:<\/strong><\/p>\n<\/blockquote>\n<p><strong>23.08. godz. 20:00<\/strong><\/p>\n<p>Uroczyste otwarcie Festiwalu w Teatrze BOTO<\/p>\n<p><strong>24.08. godz. 19:00<\/strong><\/p>\n<p><em><strong>Czasami zapominam<\/strong><\/em>, re\u017c. Wiera Wo\u0142\u017ca\u0144ska (scena Teatru BOTO)<\/p>\n<p><strong>25.08. godz. 19:00<\/strong><\/p>\n<p><em><strong>Bie\u017ce\u0144cy 1915<\/strong><\/em>, re\u017c. Andrei Novik, BYteatr (scena Teatru Wybrze\u017ce)<\/p>\n<p><strong>26.08. godz. 19:00<\/strong><\/p>\n<p><em><strong>Zero<\/strong><\/em>, re\u017c. Kuba Zubrzycki, Teatr Studyjny w \u0141odzi (scena Teatru Wybrze\u017ce)<\/p>\n<p><strong>26.08. godz. 18:00<\/strong><\/p>\n<p><em><strong>Bez tytu\u0142u<\/strong> <\/em>\u2013 wernisa\u017c wystawy prac Marii Szachnowskiej w Teatrze BOTO<\/p>\n<p><strong>godz. 20:00<\/strong><\/p>\n<p><em><strong>Piosenki o mi\u0142o\u015bci i przemocy<\/strong> <\/em>\u2013 CUJO! (koncert w BOTOogr\u00f3dku)<\/p>\n<p><strong>28.08. godz. 19:00<\/strong><\/p>\n<p><em><strong>Auschwitz Tour<\/strong><\/em>, re\u017c. El\u017cbieta Depta, Teatr im. Ludwika Solskiego w Tarnowie (scena Teatru Wybrze\u017ce)<\/p>\n<p><strong>godz. 21:00<\/strong><\/p>\n<p><em><strong>Historie d\u017awi\u0119ku i dotyku<\/strong> <\/em>\u2013 jazzowy koncert improwizowany w Teatrze BOTO<\/p>\n<div class=\"x14z9mp xat24cr x1lziwak x1vvkbs xtlvy1s\"><strong>MARATONY NON-FICTION:<\/strong><\/div>\n<div>\u00a0<\/div>\n<div class=\"x14z9mp xat24cr x1lziwak x1vvkbs xtlvy1s\"><strong>29.08.<\/strong><\/div>\n<div class=\"x14z9mp xat24cr x1lziwak x1vvkbs xtlvy1s\"><strong>17:30-18:30<\/strong> Ptaki krzycz\u0105 nieustannie<br class=\"html-br\" \/><strong>18:45-19:45<\/strong> Project Lucy<br class=\"html-br\" \/><strong>20:00-21:00<\/strong> Id\u017a za mn\u0105<\/div>\n<div class=\"x14z9mp xat24cr x1lziwak x1vvkbs xtlvy1s\"><strong>30.08.<\/strong><\/div>\n<div class=\"x14z9mp xat24cr x1lziwak x1vvkbs xtlvy1s\"><strong>12:30-13:30<\/strong> Ch\u0142opcy<br class=\"html-br\" \/><strong>13:45-14:45<\/strong> Metalowa sk\u00f3ra<\/div>\n<div>\u00a0<\/div>\n<div class=\"x14z9mp xat24cr x1lziwak x1vvkbs xtlvy1s\">przerwa<\/div>\n<div>\u00a0<\/div>\n<div class=\"x14z9mp xat24cr x1lziwak x1vvkbs xtlvy1s\"><strong>16:00-17:00<\/strong> Gaza<br class=\"html-br\" \/><strong>17:15-18:15<\/strong> Zgubiona kropka<br class=\"html-br\" \/><strong>18:30-19:30<\/strong> UFO PORNO<\/div>\n<div class=\"x14z9mp xat24cr x1lziwak x1vvkbs xtlvy1s\">\u00a0<\/div>\n<p><strong>godz. 22:00<\/strong><\/p>\n<p>Uroczyste zamkni\u0119cie Festiwalu w Teatrze BOTO i <strong>Silent Disco<\/strong><\/p>\n<p>&nbsp;<\/p>\n<p><strong>A o tegorocznych rezydencjach wi\u0119cej dowiedz\u0105 si\u0119 Pa\u0144stwo tutaj (<a href=\"https:\/\/boto.art.pl\/index.php\/sopot-non-fiction-2025-rezydencje\/\">https:\/\/boto.art.pl\/index.php\/sopot-non-fiction-2025-rezydencje\/<\/a>)<\/strong><\/p>\n<p><strong>i na fb: <a href=\"https:\/\/www.facebook.com\/SopotNonFiction\">Sopot Non-Fiction<\/a><\/strong><\/p>\n<p>[\/et_pb_text][\/et_pb_column][et_pb_column type=&#8221;1_2&#8243; _builder_version=&#8221;4.16&#8243; custom_padding=&#8221;|||&#8221; global_colors_info=&#8221;{}&#8221; custom_padding__hover=&#8221;|||&#8221;][et_pb_text _builder_version=&#8221;4.27.4&#8243; _module_preset=&#8221;default&#8221; global_colors_info=&#8221;{}&#8221;]<\/p>\n<blockquote>\n<p><strong>Program Sopot Non-Fiction 2025:<\/strong><\/p>\n<\/blockquote>\n<p>&nbsp;<\/p>\n<p>[\/et_pb_text][et_pb_post_slider include_categories=&#8221;150&#8243; show_meta=&#8221;off&#8221; _builder_version=&#8221;4.27.4&#8243; _module_preset=&#8221;default&#8221; global_colors_info=&#8221;{}&#8221;][\/et_pb_post_slider][\/et_pb_column][\/et_pb_row][\/et_pb_section]<\/p>\n","protected":false},"excerpt":{"rendered":"<p>SOPOT NON-FICTION 2025 &nbsp; &nbsp;Festiwal Teatru Dokumentalnego i Rezydencja Artystyczna Sopot Non-Fiction to pierwszy w Polsce przegl\u0105d po\u015bwi\u0119cony teatrowi faktu. Jego formu\u0142a to zestawienie Festiwalu z warsztatami tw\u00f3rczymi dla m\u0142odych re\u017cyser\u00f3w, dramatopisarzy i aktor\u00f3w, kt\u00f3rzy podczas tygodniowej rezydencji artystycznej pracuj\u0105 nad swoimi projektami dokumentalnych sztuk i spektakli. Na koniec prezentuj\u0105 efekty w postaci &#8222;pracy w [&hellip;]<\/p>\n","protected":false},"author":2,"featured_media":0,"parent":0,"menu_order":0,"comment_status":"closed","ping_status":"closed","template":"","meta":{"_et_pb_use_builder":"on","_et_pb_old_content":"","_et_gb_content_width":"","inline_featured_image":false,"footnotes":""},"class_list":["post-70029","page","type-page","status-publish","hentry"],"yoast_head":"<!-- This site is optimized with the Yoast SEO plugin v27.5 - https:\/\/yoast.com\/product\/yoast-seo-wordpress\/ -->\n<title>Sopot Non Fiction 2025 &#8212; Teatr Boto<\/title>\n<meta name=\"robots\" content=\"index, follow, max-snippet:-1, max-image-preview:large, max-video-preview:-1\" \/>\n<link rel=\"canonical\" href=\"https:\/\/boto.art.pl\/index.php\/sopot-non-fiction-2025-2\/\" \/>\n<meta property=\"og:locale\" content=\"pl_PL\" \/>\n<meta property=\"og:type\" content=\"article\" \/>\n<meta property=\"og:title\" content=\"Sopot Non Fiction 2025 &#8212; Teatr Boto\" \/>\n<meta property=\"og:description\" content=\"SOPOT NON-FICTION 2025 &nbsp; &nbsp;Festiwal Teatru Dokumentalnego i Rezydencja Artystyczna Sopot Non-Fiction to pierwszy w Polsce przegl\u0105d po\u015bwi\u0119cony teatrowi faktu. Jego formu\u0142a to zestawienie Festiwalu z warsztatami tw\u00f3rczymi dla m\u0142odych re\u017cyser\u00f3w, dramatopisarzy i aktor\u00f3w, kt\u00f3rzy podczas tygodniowej rezydencji artystycznej pracuj\u0105 nad swoimi projektami dokumentalnych sztuk i spektakli. Na koniec prezentuj\u0105 efekty w postaci &quot;pracy w [&hellip;]\" \/>\n<meta property=\"og:url\" content=\"https:\/\/boto.art.pl\/index.php\/sopot-non-fiction-2025-2\/\" \/>\n<meta property=\"og:site_name\" content=\"Teatr Boto\" \/>\n<meta property=\"article:publisher\" content=\"https:\/\/www.facebook.com\/teatrboto\" \/>\n<meta property=\"article:modified_time\" content=\"2025-08-29T09:18:22+00:00\" \/>\n<meta name=\"twitter:card\" content=\"summary_large_image\" \/>\n<meta name=\"twitter:label1\" content=\"Szacowany czas czytania\" \/>\n\t<meta name=\"twitter:data1\" content=\"5 minut\" \/>\n<script type=\"application\/ld+json\" class=\"yoast-schema-graph\">{\"@context\":\"https:\\\/\\\/schema.org\",\"@graph\":[{\"@type\":\"WebPage\",\"@id\":\"https:\\\/\\\/boto.art.pl\\\/index.php\\\/sopot-non-fiction-2025-2\\\/\",\"url\":\"https:\\\/\\\/boto.art.pl\\\/index.php\\\/sopot-non-fiction-2025-2\\\/\",\"name\":\"Sopot Non Fiction 2025 &#8212; Teatr Boto\",\"isPartOf\":{\"@id\":\"https:\\\/\\\/boto.art.pl\\\/#website\"},\"datePublished\":\"2025-08-20T03:09:34+00:00\",\"dateModified\":\"2025-08-29T09:18:22+00:00\",\"breadcrumb\":{\"@id\":\"https:\\\/\\\/boto.art.pl\\\/index.php\\\/sopot-non-fiction-2025-2\\\/#breadcrumb\"},\"inLanguage\":\"pl-PL\",\"potentialAction\":[{\"@type\":\"ReadAction\",\"target\":[\"https:\\\/\\\/boto.art.pl\\\/index.php\\\/sopot-non-fiction-2025-2\\\/\"]}]},{\"@type\":\"BreadcrumbList\",\"@id\":\"https:\\\/\\\/boto.art.pl\\\/index.php\\\/sopot-non-fiction-2025-2\\\/#breadcrumb\",\"itemListElement\":[{\"@type\":\"ListItem\",\"position\":1,\"name\":\"Strona g\u0142\u00f3wna\",\"item\":\"https:\\\/\\\/boto.art.pl\\\/\"},{\"@type\":\"ListItem\",\"position\":2,\"name\":\"Sopot Non Fiction 2025\"}]},{\"@type\":\"WebSite\",\"@id\":\"https:\\\/\\\/boto.art.pl\\\/#website\",\"url\":\"https:\\\/\\\/boto.art.pl\\\/\",\"name\":\"Teatr Boto\",\"description\":\"\",\"publisher\":{\"@id\":\"https:\\\/\\\/boto.art.pl\\\/#organization\"},\"potentialAction\":[{\"@type\":\"SearchAction\",\"target\":{\"@type\":\"EntryPoint\",\"urlTemplate\":\"https:\\\/\\\/boto.art.pl\\\/?s={search_term_string}\"},\"query-input\":{\"@type\":\"PropertyValueSpecification\",\"valueRequired\":true,\"valueName\":\"search_term_string\"}}],\"inLanguage\":\"pl-PL\"},{\"@type\":\"Organization\",\"@id\":\"https:\\\/\\\/boto.art.pl\\\/#organization\",\"name\":\"Teatr Boto\",\"url\":\"https:\\\/\\\/boto.art.pl\\\/\",\"logo\":{\"@type\":\"ImageObject\",\"inLanguage\":\"pl-PL\",\"@id\":\"https:\\\/\\\/boto.art.pl\\\/#\\\/schema\\\/logo\\\/image\\\/\",\"url\":\"https:\\\/\\\/boto.art.pl\\\/wp-content\\\/uploads\\\/2018\\\/03\\\/logotyp.svg\",\"contentUrl\":\"https:\\\/\\\/boto.art.pl\\\/wp-content\\\/uploads\\\/2018\\\/03\\\/logotyp.svg\",\"width\":1,\"height\":1,\"caption\":\"Teatr Boto\"},\"image\":{\"@id\":\"https:\\\/\\\/boto.art.pl\\\/#\\\/schema\\\/logo\\\/image\\\/\"},\"sameAs\":[\"https:\\\/\\\/www.facebook.com\\\/teatrboto\",\"https:\\\/\\\/www.instagram.com\\\/teatr_boto\\\/\"]}]}<\/script>\n<!-- \/ Yoast SEO plugin. -->","yoast_head_json":{"title":"Sopot Non Fiction 2025 &#8212; Teatr Boto","robots":{"index":"index","follow":"follow","max-snippet":"max-snippet:-1","max-image-preview":"max-image-preview:large","max-video-preview":"max-video-preview:-1"},"canonical":"https:\/\/boto.art.pl\/index.php\/sopot-non-fiction-2025-2\/","og_locale":"pl_PL","og_type":"article","og_title":"Sopot Non Fiction 2025 &#8212; Teatr Boto","og_description":"SOPOT NON-FICTION 2025 &nbsp; &nbsp;Festiwal Teatru Dokumentalnego i Rezydencja Artystyczna Sopot Non-Fiction to pierwszy w Polsce przegl\u0105d po\u015bwi\u0119cony teatrowi faktu. Jego formu\u0142a to zestawienie Festiwalu z warsztatami tw\u00f3rczymi dla m\u0142odych re\u017cyser\u00f3w, dramatopisarzy i aktor\u00f3w, kt\u00f3rzy podczas tygodniowej rezydencji artystycznej pracuj\u0105 nad swoimi projektami dokumentalnych sztuk i spektakli. Na koniec prezentuj\u0105 efekty w postaci \"pracy w [&hellip;]","og_url":"https:\/\/boto.art.pl\/index.php\/sopot-non-fiction-2025-2\/","og_site_name":"Teatr Boto","article_publisher":"https:\/\/www.facebook.com\/teatrboto","article_modified_time":"2025-08-29T09:18:22+00:00","twitter_card":"summary_large_image","twitter_misc":{"Szacowany czas czytania":"5 minut"},"schema":{"@context":"https:\/\/schema.org","@graph":[{"@type":"WebPage","@id":"https:\/\/boto.art.pl\/index.php\/sopot-non-fiction-2025-2\/","url":"https:\/\/boto.art.pl\/index.php\/sopot-non-fiction-2025-2\/","name":"Sopot Non Fiction 2025 &#8212; Teatr Boto","isPartOf":{"@id":"https:\/\/boto.art.pl\/#website"},"datePublished":"2025-08-20T03:09:34+00:00","dateModified":"2025-08-29T09:18:22+00:00","breadcrumb":{"@id":"https:\/\/boto.art.pl\/index.php\/sopot-non-fiction-2025-2\/#breadcrumb"},"inLanguage":"pl-PL","potentialAction":[{"@type":"ReadAction","target":["https:\/\/boto.art.pl\/index.php\/sopot-non-fiction-2025-2\/"]}]},{"@type":"BreadcrumbList","@id":"https:\/\/boto.art.pl\/index.php\/sopot-non-fiction-2025-2\/#breadcrumb","itemListElement":[{"@type":"ListItem","position":1,"name":"Strona g\u0142\u00f3wna","item":"https:\/\/boto.art.pl\/"},{"@type":"ListItem","position":2,"name":"Sopot Non Fiction 2025"}]},{"@type":"WebSite","@id":"https:\/\/boto.art.pl\/#website","url":"https:\/\/boto.art.pl\/","name":"Teatr Boto","description":"","publisher":{"@id":"https:\/\/boto.art.pl\/#organization"},"potentialAction":[{"@type":"SearchAction","target":{"@type":"EntryPoint","urlTemplate":"https:\/\/boto.art.pl\/?s={search_term_string}"},"query-input":{"@type":"PropertyValueSpecification","valueRequired":true,"valueName":"search_term_string"}}],"inLanguage":"pl-PL"},{"@type":"Organization","@id":"https:\/\/boto.art.pl\/#organization","name":"Teatr Boto","url":"https:\/\/boto.art.pl\/","logo":{"@type":"ImageObject","inLanguage":"pl-PL","@id":"https:\/\/boto.art.pl\/#\/schema\/logo\/image\/","url":"https:\/\/boto.art.pl\/wp-content\/uploads\/2018\/03\/logotyp.svg","contentUrl":"https:\/\/boto.art.pl\/wp-content\/uploads\/2018\/03\/logotyp.svg","width":1,"height":1,"caption":"Teatr Boto"},"image":{"@id":"https:\/\/boto.art.pl\/#\/schema\/logo\/image\/"},"sameAs":["https:\/\/www.facebook.com\/teatrboto","https:\/\/www.instagram.com\/teatr_boto\/"]}]}},"_links":{"self":[{"href":"https:\/\/boto.art.pl\/index.php\/wp-json\/wp\/v2\/pages\/70029","targetHints":{"allow":["GET"]}}],"collection":[{"href":"https:\/\/boto.art.pl\/index.php\/wp-json\/wp\/v2\/pages"}],"about":[{"href":"https:\/\/boto.art.pl\/index.php\/wp-json\/wp\/v2\/types\/page"}],"author":[{"embeddable":true,"href":"https:\/\/boto.art.pl\/index.php\/wp-json\/wp\/v2\/users\/2"}],"replies":[{"embeddable":true,"href":"https:\/\/boto.art.pl\/index.php\/wp-json\/wp\/v2\/comments?post=70029"}],"version-history":[{"count":6,"href":"https:\/\/boto.art.pl\/index.php\/wp-json\/wp\/v2\/pages\/70029\/revisions"}],"predecessor-version":[{"id":70260,"href":"https:\/\/boto.art.pl\/index.php\/wp-json\/wp\/v2\/pages\/70029\/revisions\/70260"}],"wp:attachment":[{"href":"https:\/\/boto.art.pl\/index.php\/wp-json\/wp\/v2\/media?parent=70029"}],"curies":[{"name":"wp","href":"https:\/\/api.w.org\/{rel}","templated":true}]}}